{"id":3363,"date":"2019-05-27T11:35:13","date_gmt":"2019-05-27T08:35:13","guid":{"rendered":"https:\/\/new.dis212.com.tr\/?page_id=3363"},"modified":"2024-05-03T17:11:58","modified_gmt":"2024-05-03T14:11:58","slug":"contact-for-turkey-full-package-dental-treatment","status":"publish","type":"page","link":"https:\/\/dis212dentalgroup.com\/ru\/contact-for-turkey-full-package-dental-treatment\/","title":{"rendered":"\u041e\u0431\u0440\u0430\u0449\u0430\u0439\u0442\u0435\u0441\u044c \u0437\u0430 \u043f\u043e\u043b\u043d\u044b\u043c \u043f\u0430\u043a\u0435\u0442\u043e\u043c \u0443\u0441\u043b\u0443\u0433 \u043f\u043e \u043b\u0435\u0447\u0435\u043d\u0438\u044e \u0437\u0443\u0431\u043e\u0432 \u0432 \u0422\u0443\u0440\u0446\u0438\u0438"},"content":{"rendered":"<section class=\"section dark\" id=\"section_132121796\">\n\t\t<div class=\"section-bg fill\" >\n\t\t\t<img loading=\"lazy\" decoding=\"async\" width=\"2560\" height=\"1707\" src=\"https:\/\/dis212dentalgroup.com\/wp-content\/uploads\/2022\/01\/contact-us-2-scaled.jpg\" class=\"bg attachment-original size-original\" alt=\"\u041e\u0431\u0440\u0430\u0449\u0430\u0439\u0442\u0435\u0441\u044c \u0437\u0430 \u043f\u043e\u043b\u043d\u044b\u043c \u043f\u0430\u043a\u0435\u0442\u043e\u043c \u0443\u0441\u043b\u0443\u0433 \u043f\u043e \u043b\u0435\u0447\u0435\u043d\u0438\u044e \u0437\u0443\u0431\u043e\u0432 \u0432 \u0422\u0443\u0440\u0446\u0438\u0438\" title=\"\">\t\t\t\t\t\t<div class=\"section-bg-overlay absolute fill\"><\/div>\n\t\t\t\n\n\t\t<\/div>\n\n\t\t\n\n\t\t<div class=\"section-content relative\">\n\t\t\t\n\t<div id=\"gap-468558188\" class=\"gap-element clearfix\" style=\"display:block; height:auto;\">\n\t\t\n<style>\n#gap-468558188 {\n  padding-top: 107px;\n}\n@media (min-width:550px) {\n  #gap-468558188 {\n    padding-top: 150px;\n  }\n}\n<\/style>\n\t<\/div>\n\t\n<div class=\"row\"  id=\"row-192681531\">\n\n\t<div id=\"col-1092140416\" class=\"col medium-5 small-12 large-5\"  >\n\t\t\t\t<div class=\"col-inner\"  >\n\t\t\t\n\t\t\t\n<h2>\u041a\u043e\u043d\u0442\u0430\u043a\u0442\u043d\u0430\u044f \u0444\u043e\u0440\u043c\u0430<\/h2>\n\t<div id=\"gap-559549785\" class=\"gap-element clearfix\" style=\"display:block; height:auto;\">\n\t\t\n<style>\n#gap-559549785 {\n  padding-top: 9px;\n}\n@media (min-width:550px) {\n  #gap-559549785 {\n    padding-top: 30px;\n  }\n}\n<\/style>\n\t<\/div>\n\t\n\n<div class=\"wpcf7 no-js\" id=\"wpcf7-f3277-o1\" lang=\"tr-TR\" dir=\"ltr\" data-wpcf7-id=\"3277\">\n<div class=\"screen-reader-response\"><p role=\"status\" aria-live=\"polite\" aria-atomic=\"true\"><\/p> <ul><\/ul><\/div>\n<form action=\"\/ru\/wp-json\/wp\/v2\/pages\/3363#wpcf7-f3277-o1\" method=\"post\" class=\"wpcf7-form init\" aria-label=\"\u0130leti\u015fim Formu\" novalidate=\"novalidate\" data-status=\"init\" data-trp-original-action=\"\/ru\/wp-json\/wp\/v2\/pages\/3363#wpcf7-f3277-o1\">\n<fieldset class=\"hidden-fields-container\"><input type=\"hidden\" name=\"_wpcf7\" value=\"3277\" \/><input type=\"hidden\" name=\"_wpcf7_version\" value=\"6.1.5\" \/><input type=\"hidden\" name=\"_wpcf7_locale\" value=\"tr_TR\" \/><input type=\"hidden\" name=\"_wpcf7_unit_tag\" value=\"wpcf7-f3277-o1\" \/><input type=\"hidden\" name=\"_wpcf7_container_post\" value=\"0\" \/><input type=\"hidden\" name=\"_wpcf7_posted_data_hash\" value=\"\" \/><input type=\"hidden\" name=\"_cf_logic\" value=\"\" \/><input type=\"hidden\" name=\"_wpcf7_recaptcha_response\" value=\"\" \/>\n<\/fieldset>\n<div class=\"uacf7-form-wrapper-container uacf7-form-3277\"><div class=\"uacf7-row\"><div class=\"uacf7-col-6\">\n<label> \u0412\u0430\u0448\u0435 \u0438\u043c\u044f*\n<span class=\"wpcf7-form-control-wrap\" data-name=\"your-name\"><input size=\"40\" maxlength=\"400\" class=\"wpcf7-form-control wpcf7-text wpcf7-validates-as-required\" aria-required=\"true\" aria-invalid=\"false\" value=\"\" type=\"text\" name=\"your-name\" \/><\/span> <\/label> <\/div><div class=\"uacf7-col-6\"> <label> \u0412\u0430\u0448\u0430 \u0444\u0430\u043c\u0438\u043b\u0438\u044f*\n<span class=\"wpcf7-form-control-wrap\" data-name=\"your-surname\"><input size=\"40\" maxlength=\"400\" class=\"wpcf7-form-control wpcf7-text wpcf7-validates-as-required\" aria-required=\"true\" aria-invalid=\"false\" value=\"\" type=\"text\" name=\"your-surname\" \/><\/span> <\/label><\/div><\/div>\n\n\n<div class=\"uacf7-row\"><div class=\"uacf7-col-6\"> <label> \u0412\u0430\u0448 E-mail*\n<span class=\"wpcf7-form-control-wrap\" data-name=\"your-email\"><input size=\"40\" maxlength=\"400\" class=\"wpcf7-form-control wpcf7-email wpcf7-validates-as-required wpcf7-text wpcf7-validates-as-email\" aria-required=\"true\" aria-invalid=\"false\" value=\"\" type=\"email\" name=\"your-email\" \/><\/span> <\/label> \n\n<\/div><div class=\"uacf7-col-6\"> <label> \u0412\u0430\u0448 \u043d\u043e\u043c\u0435\u0440 \u0442\u0435\u043b\u0435\u0444\u043e\u043d\u0430*\n <span class=\"wpcf7-form-control-wrap your-phone\"><input type=\"hidden\" value=\"false\" class=\"check_validate\" name=\"your-phone_check\" \/><input class=\"wpcf7-form-control wpcf7-tel wpcf7-validates-as-required wpcf7-validates-as-tel light\" aria-required=\"true\" aria-invalid=\"false\" value=\"\" type=\"tel\" name=\"your-phone_hide\" data-name=\"your-phone\"  data-pre=\"\" data-excludecountries=\"af\" data-onlyct=\"\" data-defcountry=\"\" data-auto=\"1\" data-validation=\"1\" \/><\/span><\/label><\/div><\/div>\n<label> \u0412\u0430\u0448\u0435 \u0441\u043e\u043e\u0431\u0449\u0435\u043d\u0438\u0435\n    <span class=\"wpcf7-form-control-wrap\" data-name=\"your-message\"><textarea cols=\"40\" rows=\"10\" maxlength=\"2000\" class=\"wpcf7-form-control wpcf7-textarea\" aria-invalid=\"false\" name=\"your-message\"><\/textarea><\/span> <\/label>\n\n<input class=\"wpcf7-form-control wpcf7-submit has-spinner\" type=\"submit\" value=\"\u041e\u0422\u041f\u0420\u0410\u0412\u0418\u0422\u042c\" \/><\/div><div class=\"wpcf7-response-output\" aria-hidden=\"true\"><\/div><input type=\"hidden\" value=\"0\" class=\"cf7-droptype\" >\n<input type=\"hidden\" name=\"trp-form-language\" value=\"ru\"\/><\/form>\n<\/div>\n\n\t\t<\/div>\n\t\t\t\t\t<\/div>\n\n\t\n\n\t<div id=\"col-1828000044\" class=\"col medium-7 small-12 large-7\"  >\n\t\t\t\t<div class=\"col-inner\"  >\n\t\t\t\n\t\t\t\n<h2>\u041d\u0430\u0448\u0430 \u043a\u043b\u0438\u043d\u0438\u043a\u0430<\/h2>\n\n\t\t<div class=\"icon-box featured-box icon-box-left text-left\"  >\n\t\t\t\t\t<div class=\"icon-box-img\" style=\"width: 40px\">\n\t\t\t\t<div class=\"icon\">\n\t\t\t\t\t<div class=\"icon-inner\" >\n\t\t\t\t\t\t<?xml version=\"1.0\" encoding=\"iso-8859-1\"?>\r\n<!-- Generator: Adobe Illustrator 16.0.0, SVG Export Plug-In . SVG Version: 6.00 Build 0)  -->\r\n<!DOCTYPE svg PUBLIC \"-\/\/W3C\/\/DTD SVG 1.1\/\/EN\" \"http:\/\/www.w3.org\/Graphics\/SVG\/1.1\/DTD\/svg11.dtd\">\r\n<svg version=\"1.1\" id=\"Capa_1\" xmlns=\"http:\/\/www.w3.org\/2000\/svg\" xmlns:xlink=\"http:\/\/www.w3.org\/1999\/xlink\" x=\"0px\" y=\"0px\"\r\n\t width=\"491.582px\" height=\"491.582px\" viewbox=\"0 0 491.582 491.582\" style=\"enable-background:new 0 0 491.582 491.582;\"\r\n\t xml:space=\"preserve\">\r\n<g>\r\n\t<g>\r\n\t\t<path d=\"M245.791,0C153.799,0,78.957,74.841,78.957,166.833c0,36.967,21.764,93.187,68.493,176.926\t\t\tc31.887,57.138,63.627,105.4,64.966,107.433l22.941,34.773c2.313,3.507,6.232,5.617,10.434,5.617s8.121-2.11,10.434-5.617\t\t\tl22.94-34.771c1.326-2.01,32.835-49.855,64.967-107.435c46.729-83.735,68.493-139.955,68.493-176.926\t\t\tC412.625,74.841,337.783,0,245.791,0z M322.302,331.576c-31.685,56.775-62.696,103.869-64.003,105.848l-12.508,18.959\t\t\tl-12.504-18.954c-1.314-1.995-32.563-49.511-64.007-105.853c-43.345-77.676-65.323-133.104-65.323-164.743\t\t\tC103.957,88.626,167.583,25,245.791,25s141.834,63.626,141.834,141.833C387.625,198.476,365.647,253.902,322.302,331.576z\"\/>\r\n\t\t<path d=\"M245.791,73.291c-51.005,0-92.5,41.496-92.5,92.5s41.495,92.5,92.5,92.5s92.5-41.496,92.5-92.5\t\t\tS296.796,73.291,245.791,73.291z M245.791,233.291c-37.22,0-67.5-30.28-67.5-67.5s30.28-67.5,67.5-67.5\t\t\tc37.221,0,67.5,30.28,67.5,67.5S283.012,233.291,245.791,233.291z\"\/>\r\n\t<\/g>\r\n<\/g>\r\n<g>\r\n<\/g>\r\n<g>\r\n<\/g>\r\n<g>\r\n<\/g>\r\n<g>\r\n<\/g>\r\n<g>\r\n<\/g>\r\n<g>\r\n<\/g>\r\n<g>\r\n<\/g>\r\n<g>\r\n<\/g>\r\n<g>\r\n<\/g>\r\n<g>\r\n<\/g>\r\n<g>\r\n<\/g>\r\n<g>\r\n<\/g>\r\n<g>\r\n<\/g>\r\n<g>\r\n<\/g>\r\n<g>\r\n<\/g>\r\n<\/svg>\r\n\t\t\t\t\t<\/div>\n\t\t\t\t<\/div>\n\t\t\t<\/div>\n\t\t\t\t<div class=\"icon-box-text last-reset\">\n\t\t\t\t\t\t\t\t\t\n\n<p>Yenido\u011fan Mahallesi Abdi \u0130pek\u00e7i Caddesi NO:55\/A BAYRAMPA\u015eA \u0130STANBUL<\/p>\n\n\n\t\t<\/div>\n\t<\/div>\n\t\n\t\n\t<div id=\"text-1188744009\" class=\"text hidden\">\n\t\t\n<p><iframe loading=\"lazy\" src=\"https:\/\/www.google.com\/maps\/embed?pb=!1m18!1m12!1m3!1d57251.851397223814!2d28.81146850582644!3d41.048664486984705!2m3!1f0!2f0!3f0!3m2!1i1024!2i768!4f13.1!3m3!1m2!1s0x0%3A0x611f5880f08f7c83!2zRGnFnyAyMTIgQcSfxLF6IHZlIERpxZ8gU2HEn2zEscSfxLEgUG9saWtsaW5pxJ9pIC0gQmF5cmFtcGHFn2E!5e0!3m2!1str!2str!4v1557817448166!5m2!1str!2str\" width=\"600\" height=\"250\" frameborder=\"0\" style=\"border:0\" allowfullscreen><\/iframe><\/p>\n<h2>\u0410\u0442\u0430\u043a\u0435\u043d\u0442\u0441\u043a\u0438\u0439 \u0444\u0438\u043b\u0438\u0430\u043b<\/h2>\n\t\t\t<\/div>\n\t\n\t<div id=\"gap-669323512\" class=\"gap-element clearfix\" style=\"display:block; height:auto;\">\n\t\t\n<style>\n#gap-669323512 {\n  padding-top: 30px;\n}\n<\/style>\n\t<\/div>\n\t\n\t<div id=\"text-1640334263\" class=\"text hidden\">\n\t\t\n<p><iframe loading=\"lazy\" src=\"https:\/\/www.google.com\/maps\/embed?pb=!1m18!1m12!1m3!1d48144.47161062867!2d28.813774158688766!3d41.04648449989361!2m3!1f0!2f0!3f0!3m2!1i1024!2i768!4f13.1!3m3!1m2!1s0x0%3A0x2c37bd1cb8bb357d!2zRGnFnyAyMTIgQcSfxLF6IHZlIERpxZ8gU2HEn2zEscSfxLEgUG9saWtsaW5pxJ9pIEF0YWtlbnQgLSBIYWxrYWzEsQ!5e0!3m2!1str!2str!4v1557817330754!5m2!1str!2str\" width=\"600\" height=\"250\" frameborder=\"0\" style=\"border:0\" allowfullscreen><\/iframe><\/p>\n\t\t\t<\/div>\n\t\n<a href=\"https:\/\/wa.me\/+908508885212\" class=\"button success is-shade box-shadow-3 box-shadow-5-hover\" style=\"border-radius:5px;\" rel=\"nofollow noopener\" target=\"_blank\">\n\t<i class=\"icon-phone\" aria-hidden=\"true\" ><\/i>\t<span>\u0417\u0432\u043e\u043d\u0438\u0442\u0435 \u0441\u0435\u0439\u0447\u0430\u0441<\/span>\n\t<\/a>\n\n\t\t<\/div>\n\t\t\t\t\t<\/div>\n\n\t\n<\/div>\n\t\t<\/div>\n\n\t\t\n<style>\n#section_132121796 {\n  padding-top: 30px;\n  padding-bottom: 30px;\n  min-height: 900px;\n}\n#section_132121796 .section-bg-overlay {\n  background-color: rgba(0, 118, 177, 0.494);\n}\n#section_132121796 .section-bg img {\n  object-position: 0% 21%;\n}\n@media (min-width:850px) {\n  #section_132121796 .section-bg-overlay {\n    background-color: rgba(0, 118, 177, 0.494);\n  }\n}\n<\/style>\n\t<\/section>","protected":false},"excerpt":{"rendered":"","protected":false},"author":1,"featured_media":348,"parent":0,"menu_order":0,"comment_status":"closed","ping_status":"closed","template":"page-transparent-header-light.php","meta":{"footnotes":""},"class_list":["post-3363","page","type-page","status-publish","has-post-thumbnail","hentry"],"_links":{"self":[{"href":"https:\/\/dis212dentalgroup.com\/ru\/wp-json\/wp\/v2\/pages\/3363","targetHints":{"allow":["GET"]}}],"collection":[{"href":"https:\/\/dis212dentalgroup.com\/ru\/wp-json\/wp\/v2\/pages"}],"about":[{"href":"https:\/\/dis212dentalgroup.com\/ru\/wp-json\/wp\/v2\/types\/page"}],"author":[{"embeddable":true,"href":"https:\/\/dis212dentalgroup.com\/ru\/wp-json\/wp\/v2\/users\/1"}],"replies":[{"embeddable":true,"href":"https:\/\/dis212dentalgroup.com\/ru\/wp-json\/wp\/v2\/comments?post=3363"}],"version-history":[{"count":0,"href":"https:\/\/dis212dentalgroup.com\/ru\/wp-json\/wp\/v2\/pages\/3363\/revisions"}],"wp:featuredmedia":[{"embeddable":true,"href":"https:\/\/dis212dentalgroup.com\/ru\/wp-json\/wp\/v2\/media\/348"}],"wp:attachment":[{"href":"https:\/\/dis212dentalgroup.com\/ru\/wp-json\/wp\/v2\/media?parent=3363"}],"curies":[{"name":"wp","href":"https:\/\/api.w.org\/{rel}","templated":true}]}}