{"id":4740,"date":"2024-03-19T13:23:50","date_gmt":"2024-03-19T10:23:50","guid":{"rendered":"https:\/\/dis212dentalgroup.com\/?post_type=product&#038;p=4740"},"modified":"2024-10-04T09:36:26","modified_gmt":"2024-10-04T06:36:26","slug":"megagen-implant","status":"publish","type":"product","link":"https:\/\/dis212dentalgroup.com\/fr\/produit\/megagen-implant\/","title":{"rendered":"Implant Megagen"},"content":{"rendered":"<p>Megagen, un nom \u00e9minent dans le domaine des implants dentaires, a \u00e9t\u00e9 cr\u00e9\u00e9 en 2002 par un groupe de chirurgiens dentistes exp\u00e9riment\u00e9s \u00e0 la recherche de solutions implantaires de qualit\u00e9 sup\u00e9rieure. Leur volont\u00e9 incessante d'am\u00e9lioration et d'innovation les a conduits \u00e0 introduire des solutions r\u00e9volutionnaires pour des situations chirurgicales complexes. Megagen a notamment eu un impact significatif sur le march\u00e9 avec le lancement des implants Rescue Short &amp; Wide, d\u00e9montrant l'efficacit\u00e9 des implants courts, un concept aujourd'hui largement adopt\u00e9 par l'ensemble du secteur. En outre, Megagen a fait \u0153uvre de pionnier en d\u00e9veloppant sa technique et son kit de greffe de sinus interne, ce qui t\u00e9moigne de son leadership en mati\u00e8re d'innovation dans le domaine des implants dentaires.<\/p>\n<p>Les syst\u00e8mes implantaires AnyRidge\u2122 et AnyOne\u2122 de MegaGen se distinguent par leurs caract\u00e9ristiques uniques, notamment une connexion conique adapt\u00e9e aux restaurations multi-unit\u00e9s, la compatibilit\u00e9 avec les technologies CAD\/CAM et un traitement de surface XPEED\u00ae brevet\u00e9. Ce traitement incorpore de mani\u00e8re hydrothermique des ions calcium \u00e0 la surface de l'implant, ce qui am\u00e9liore l'ost\u00e9oint\u00e9gration et active les ost\u00e9oblastes. En outre, le syst\u00e8me de filetage KnifeThread\u00ae, con\u00e7u pour des densit\u00e9s osseuses variables, souligne l'engagement de MegaGen \u00e0 offrir une stabilit\u00e9 et une flexibilit\u00e9 sup\u00e9rieures aux implants.<\/p>\n<p>La soci\u00e9t\u00e9 est \u00e9galement fi\u00e8re de la couleur bleue distinctive de ses implants, qui r\u00e9sulte de son processus de fabrication unique. Cette teinte bleue n'est pas seulement esth\u00e9tique, mais signifie que la surface de l'implant est propre et exempte de r\u00e9sidus acides, ce qui promet une int\u00e9gration s\u00fbre, rapide et durable dans l'os naturel. Le d\u00e9vouement de MegaGen \u00e0 la qualit\u00e9 et \u00e0 la s\u00e9curit\u00e9 a \u00e9t\u00e9 reconnu par le Trusted Quality Award de la Clean Implant Foundation de 2017 \u00e0 2021.<\/p>\n<p>Pour en savoir plus sur l'approche innovante de MegaGen en mati\u00e8re d'implants dentaires, sur son engagement en faveur de la qualit\u00e9 et sur ses technologies d'avant-garde, vous pouvez consulter son site officiel et les ressources connexes.<\/p>","protected":false},"excerpt":{"rendered":"<p>Megagen, a prominent name in dental implants, was established in 2002 by a group of experienced dental surgeons in pursuit of superior implant solutions. Their relentless drive for improvement and innovation has led them to introduce groundbreaking solutions for complex surgical situations. Notably, Megagen made a significant impact on the market with the launch of [&#8230;]\n","protected":false},"featured_media":4785,"comment_status":"open","ping_status":"closed","template":"","meta":[],"product_brand":[],"product_cat":[438],"product_tag":[],"class_list":{"0":"post-4740","1":"product","2":"type-product","3":"status-publish","4":"has-post-thumbnail","6":"product_cat-dental-implants","8":"first","9":"instock","10":"shipping-taxable","11":"product-type-simple"},"_links":{"self":[{"href":"https:\/\/dis212dentalgroup.com\/fr\/wp-json\/wp\/v2\/product\/4740","targetHints":{"allow":["GET"]}}],"collection":[{"href":"https:\/\/dis212dentalgroup.com\/fr\/wp-json\/wp\/v2\/product"}],"about":[{"href":"https:\/\/dis212dentalgroup.com\/fr\/wp-json\/wp\/v2\/types\/product"}],"replies":[{"embeddable":true,"href":"https:\/\/dis212dentalgroup.com\/fr\/wp-json\/wp\/v2\/comments?post=4740"}],"wp:featuredmedia":[{"embeddable":true,"href":"https:\/\/dis212dentalgroup.com\/fr\/wp-json\/wp\/v2\/media\/4785"}],"wp:attachment":[{"href":"https:\/\/dis212dentalgroup.com\/fr\/wp-json\/wp\/v2\/media?parent=4740"}],"wp:term":[{"taxonomy":"product_brand","embeddable":true,"href":"https:\/\/dis212dentalgroup.com\/fr\/wp-json\/wp\/v2\/product_brand?post=4740"},{"taxonomy":"product_cat","embeddable":true,"href":"https:\/\/dis212dentalgroup.com\/fr\/wp-json\/wp\/v2\/product_cat?post=4740"},{"taxonomy":"product_tag","embeddable":true,"href":"https:\/\/dis212dentalgroup.com\/fr\/wp-json\/wp\/v2\/product_tag?post=4740"}],"curies":[{"name":"wp","href":"https:\/\/api.w.org\/{rel}","templated":true}]}}