{"id":4510,"date":"2023-07-31T23:51:35","date_gmt":"2023-07-31T20:51:35","guid":{"rendered":"https:\/\/dis212dentalgroup.com\/?page_id=4510"},"modified":"2023-08-01T00:08:57","modified_gmt":"2023-07-31T21:08:57","slug":"turkey-full-mouth-dental-implant-package-deals","status":"publish","type":"page","link":"https:\/\/dis212dentalgroup.com\/fr\/turkey-full-mouth-dental-implant-package-deals\/","title":{"rendered":"Offres de forfaits d'implants dentaires pour la bouche compl\u00e8te en Turquie"},"content":{"rendered":"<div class=\"banner has-hover\" id=\"banner-1644644897\">\n          <div class=\"banner-inner fill\">\n        <div class=\"banner-bg fill\" >\n            <img loading=\"lazy\" decoding=\"async\" width=\"1020\" height=\"675\" src=\"https:\/\/dis212dentalgroup.com\/wp-content\/uploads\/2023\/07\/Turkey-Full-Mouth-Dental-Implant-Package-Deals-1024x678.jpg\" class=\"bg attachment-large size-large\" alt=\"Offres de forfaits d&#039;implants dentaires pour la bouche compl\u00e8te en Turquie\" title=\"\">                                    \n                    <\/div>\n\t\t\n        <div class=\"banner-layers container\">\n            <div class=\"fill banner-link\"><\/div>            \n   <div id=\"text-box-1376824072\" class=\"text-box banner-layer x10 md-x10 lg-x10 y50 md-y50 lg-y50 res-text\">\n                                <div class=\"text-box-content text dark\">\n              \n              <div class=\"text-inner text-center\">\n                  \n\t<div id=\"text-4042174045\" class=\"text\">\n\t\t\n<h1 class=\"uppercase\">Offres de forfaits d'implants dentaires pour la bouche compl\u00e8te en Turquie<\/h1>\n\t\t\n<style>\n#text-4042174045 {\n  text-align: left;\n}\n<\/style>\n\t<\/div>\n\t\n              <\/div>\n           <\/div>\n                            \n<style>\n#text-box-1376824072 {\n  width: 54%;\n}\n#text-box-1376824072 .text-box-content {\n  font-size: 100%;\n}\n<\/style>\n    <\/div>\n \n        <\/div>\n      <\/div>\n\n            \n<style>\n#banner-1644644897 {\n  padding-top: 600px;\n}\n<\/style>\n  <\/div>\n\n\n<div class=\"row\"  id=\"row-53418948\">\n\n\t<div id=\"col-1997905316\" class=\"col small-12 large-12\"  >\n\t\t\t\t<div class=\"col-inner\"  >\n\t\t\t\n\t\t\t\n<p class=\"lead\">La Turquie est l'une des destinations les plus populaires au monde pour le traitement par implants dentaires. Cela s'explique par la grande qualit\u00e9 des traitements et les prix abordables propos\u00e9s par la Turquie. Le prix moyen d'un traitement par implants dentaires pour une bouche compl\u00e8te en Turquie se situe entre $3 000 et $5 000. Ce prix peut varier en fonction du nombre d'implants, du type d'implant utilis\u00e9 et de la clinique o\u00f9 le traitement est effectu\u00e9.<\/p>\n<p>Il existe de nombreuses options de forfaits pour les traitements par implants dentaires en Turquie. Ces forfaits combinent diff\u00e9rents services afin de r\u00e9duire le co\u00fbt du traitement. Les forfaits comprennent g\u00e9n\u00e9ralement la pose des implants, la fixation des piliers et la fabrication des proth\u00e8ses. Certains forfaits comprennent \u00e9galement l'anesth\u00e9sie, les soins postop\u00e9ratoires et le nettoyage des dents.<\/p>\n<p>Lors du choix d'un forfait pour un traitement d'implant dentaire en Turquie, plusieurs facteurs doivent \u00eatre pris en compte. Ces facteurs comprennent l'\u00e9tendue du traitement, le type d'implant utilis\u00e9, la clinique o\u00f9 le traitement est effectu\u00e9 et le prix du forfait. Pour choisir la meilleure formule de traitement par implants dentaires, vous devez consulter votre dentiste ou un sp\u00e9cialiste des implants.<\/p>\n<p>Le traitement par implants dentaires en Turquie offre un traitement de haute qualit\u00e9 \u00e0 des prix abordables. Si vous envisagez un traitement d'implant dentaire en Turquie, vous pouvez en r\u00e9duire le co\u00fbt en choisissant un forfait.<\/p>\n<h2>Traitement par implants dentaires \u00e0 Istanbul<\/h2>\n<p>Istanbul est la plus grande ville de Turquie et l'une des destinations les plus populaires pour le traitement par implants dentaires. Il existe de nombreuses cliniques dentaires \u00e0 Istanbul et il est possible d'en trouver une qui corresponde \u00e0 tous les budgets. Le prix moyen d'un traitement par implant dentaire \u00e0 Istanbul se situe entre $3 000 et $5 000. Ce prix peut varier en fonction du nombre d'implants, du type d'implant utilis\u00e9 et de la clinique o\u00f9 le traitement est effectu\u00e9.<\/p>\n<p>Il existe de nombreuses options de forfaits pour les traitements par implants dentaires \u00e0 Istanbul. Ces forfaits combinent diff\u00e9rents services afin de r\u00e9duire le co\u00fbt du traitement. Les forfaits comprennent g\u00e9n\u00e9ralement la pose des implants, la fixation des piliers et la fabrication des proth\u00e8ses. Certains forfaits comprennent \u00e9galement l'anesth\u00e9sie, les soins postop\u00e9ratoires et le nettoyage des dents.<\/p>\n<p>Lors du choix d'un forfait pour un traitement d'implant dentaire \u00e0 Istanbul, plusieurs facteurs doivent \u00eatre pris en compte. Ces facteurs comprennent l'\u00e9tendue du traitement, le type d'implant utilis\u00e9, la clinique o\u00f9 le traitement est effectu\u00e9 et le prix du forfait. Pour choisir la meilleure formule de traitement par implants dentaires, vous devez consulter votre dentiste ou un sp\u00e9cialiste des implants.<\/p>\n<p>Le traitement par implants dentaires \u00e0 Istanbul offre un traitement de haute qualit\u00e9 \u00e0 des prix abordables. Si vous envisagez un traitement par implant dentaire \u00e0 Istanbul, vous pouvez en r\u00e9duire le co\u00fbt en choisissant un forfait.<\/p>\n<h3>Avantages du traitement par implants dentaires<\/h3>\n<h4>Le traitement par implant dentaire pr\u00e9sente de nombreux avantages. Ces avantages sont les suivants<\/h4>\n<p>Aspect esth\u00e9tique similaire aux dents naturelles<br \/>Mastication confortable<br \/>Discours facile<br \/>Une bonne hygi\u00e8ne bucco-dentaire<br \/>Pr\u00e9vention de la perte de dents<br \/>Pr\u00e9vention des maladies des gencives<br \/>R\u00e9duction des effets psychologiques de la perte de dents<br \/>Les implants dentaires offrent un traitement de haute qualit\u00e9 \u00e0 des prix abordables. Si vous envisagez un traitement par implants dentaires, vous pouvez en r\u00e9duire le co\u00fbt en choisissant un forfait.<\/p>\n<p>Le traitement par implant dentaire est une proc\u00e9dure chirurgicale qui remplace les dents manquantes par des racines et des couronnes artificielles. Les implants sont en titane, un mat\u00e9riau solide et durable qui s'int\u00e8gre \u00e0 l'os. Cela permet aux implants de fonctionner comme des dents naturelles et d'\u00eatre utilis\u00e9s pendant toute une vie.<\/p>\n<p>Le traitement par implant dentaire est un choix populaire pour les personnes qui ont perdu des dents \u00e0 la suite d'une carie, d'une maladie des gencives ou d'une blessure. C'est \u00e9galement une bonne option pour les personnes qui souhaitent am\u00e9liorer leur sourire ou leur occlusion.<\/p>\n<p>Le co\u00fbt du traitement par implant dentaire varie en fonction du nombre d'implants n\u00e9cessaires, du type d'implant utilis\u00e9 et de la clinique o\u00f9 le traitement est effectu\u00e9. Toutefois, il est g\u00e9n\u00e9ralement plus abordable que d'autres options de remplacement des dents, telles que les proth\u00e8ses ou les bridges.<\/p>\n<p>Outre les \u00e9conomies r\u00e9alis\u00e9es, le traitement par implants dentaires pr\u00e9sente plusieurs autres avantages par rapport aux autres options de remplacement des dents. Par exemple, les implants sont plus stables et plus durables que les proth\u00e8ses ou les bridges. Ils ont \u00e9galement un aspect et une sensation plus naturels et peuvent contribuer \u00e0 am\u00e9liorer la sant\u00e9 g\u00e9n\u00e9rale de vos dents et de vos gencives.<\/p>\n<p>Si vous envisagez de vous faire poser un implant dentaire, vous devez tenir compte de certains \u00e9l\u00e9ments. Tout d'abord, il est important de choisir un dentiste qualifi\u00e9 ou un sp\u00e9cialiste des implants qui a de l'exp\u00e9rience dans ce type de proc\u00e9dure. Ensuite, vous devez vous assurer que la clinique que vous choisissez jouit d'une bonne r\u00e9putation et qu'elle utilise des implants de haute qualit\u00e9. Enfin, vous devez \u00eatre pr\u00eat \u00e0 suivre les instructions de votre dentiste ou de votre sp\u00e9cialiste des implants apr\u00e8s l'intervention.<\/p>\n<p>Le traitement par implant dentaire est un moyen s\u00fbr et efficace de remplacer les dents manquantes. Il offre de nombreux avantages par rapport aux autres options de remplacement des dents et peut vous aider \u00e0 am\u00e9liorer votre sourire et votre sant\u00e9 bucco-dentaire en g\u00e9n\u00e9ral.<\/p>\n<h5>Voici quelques avantages suppl\u00e9mentaires du traitement par implant dentaire :<\/h5>\n<p>Ils peuvent contribuer \u00e0 am\u00e9liorer la confiance en soi et l'estime de soi.<br \/>Ils peuvent faciliter l'alimentation et l'\u00e9locution.<br \/>Ils peuvent aider \u00e0 pr\u00e9venir la perte d'autres dents.<br \/>Ils peuvent am\u00e9liorer votre sant\u00e9 bucco-dentaire globale.<br \/>Si vous envisagez un traitement par implant dentaire, je vous encourage \u00e0 consulter votre dentiste ou un sp\u00e9cialiste des implants. Ils pourront vous aider \u00e0 d\u00e9terminer s'il s'agit de la bonne option pour vous et r\u00e9pondre \u00e0 toutes vos questions.<\/p>\n\t\t<\/div>\n\t\t\t\t\t<\/div>\n\n\t\n<\/div>\n\t<div id=\"gap-317882516\" class=\"gap-element clearfix\" style=\"display:block; height:auto;\">\n\t\t\n<style>\n#gap-317882516 {\n  padding-top: 30px;\n}\n<\/style>\n\t<\/div>","protected":false},"excerpt":{"rendered":"","protected":false},"author":1,"featured_media":4513,"parent":0,"menu_order":0,"comment_status":"closed","ping_status":"closed","template":"page-transparent-header-light.php","meta":{"footnotes":""},"class_list":["post-4510","page","type-page","status-publish","has-post-thumbnail","hentry"],"_links":{"self":[{"href":"https:\/\/dis212dentalgroup.com\/fr\/wp-json\/wp\/v2\/pages\/4510","targetHints":{"allow":["GET"]}}],"collection":[{"href":"https:\/\/dis212dentalgroup.com\/fr\/wp-json\/wp\/v2\/pages"}],"about":[{"href":"https:\/\/dis212dentalgroup.com\/fr\/wp-json\/wp\/v2\/types\/page"}],"author":[{"embeddable":true,"href":"https:\/\/dis212dentalgroup.com\/fr\/wp-json\/wp\/v2\/users\/1"}],"replies":[{"embeddable":true,"href":"https:\/\/dis212dentalgroup.com\/fr\/wp-json\/wp\/v2\/comments?post=4510"}],"version-history":[{"count":0,"href":"https:\/\/dis212dentalgroup.com\/fr\/wp-json\/wp\/v2\/pages\/4510\/revisions"}],"wp:featuredmedia":[{"embeddable":true,"href":"https:\/\/dis212dentalgroup.com\/fr\/wp-json\/wp\/v2\/media\/4513"}],"wp:attachment":[{"href":"https:\/\/dis212dentalgroup.com\/fr\/wp-json\/wp\/v2\/media?parent=4510"}],"curies":[{"name":"wp","href":"https:\/\/api.w.org\/{rel}","templated":true}]}}