{"id":4340,"date":"2022-07-06T23:01:08","date_gmt":"2022-07-06T20:01:08","guid":{"rendered":"https:\/\/dis212dentalgroup.com\/?page_id=4340"},"modified":"2022-07-06T23:06:15","modified_gmt":"2022-07-06T20:06:15","slug":"dental-treatments-before-and-after","status":"publish","type":"page","link":"https:\/\/dis212dentalgroup.com\/fr\/dental-treatments-before-and-after\/","title":{"rendered":"Traitements dentaires avant et apr\u00e8s"},"content":{"rendered":"<div id=\"gap-690990845\" class=\"gap-element clearfix\" style=\"display:block; height:auto;\">\n\t\t\n<style>\n#gap-690990845 {\n  padding-top: 30px;\n}\n<\/style>\n\t<\/div>\n\t\n<div class=\"row\"  id=\"row-608224748\">\n\n\t<div id=\"col-394125898\" class=\"col medium-8 small-12 large-8\"  >\n\t\t\t\t<div class=\"col-inner\"  >\n\t\t\t\n\t\t\t\n<h2>Les traitements dentaires sont jusqu'\u00e0 70% moins chers en Turquie qu'au Royaume-Uni et en Europe !<\/h2>\n<p>Vous souhaitez \u00e9galement avoir des dents belles et saines, mais vous ne voulez pas payer trop cher pour cela ? Vous pouvez toujours nous contacter dans notre cabinet certifi\u00e9 ISO 9001 \u00e0 Istanbul en Turquie. Vous serez alors assur\u00e9 de b\u00e9n\u00e9ficier de la m\u00e9thode de r\u00e9novation dentaire la plus innovante et la plus avanc\u00e9e, \u00e0 des prix tr\u00e8s comp\u00e9titifs. Et ce, dans un environnement tr\u00e8s agr\u00e9able o\u00f9 vous effectuerez votre r\u00e9novation dentaire en toute s\u00e9r\u00e9nit\u00e9.<\/p>\n<p>Contactez-nous pour plus de r\u00e9f\u00e9rences et d'informations en <a href=\"https:\/\/dis212dentalgroup.com\/fr\/dental-implants-in-turkey\/\">Traitements dentaires<\/a>.<\/p>\n<h3>Traitement dentaire - Avant et apr\u00e8s<\/h3>\n<div class=\"video video-fit mb\" style=\"padding-top:56.25%;\"><p><iframe loading=\"lazy\" title=\"TRAITEMENT DENTAIRE SANTELINA\" width=\"1020\" height=\"574\" src=\"https:\/\/www.youtube.com\/embed\/XEJkeaGi2a4?feature=oembed\" frameborder=\"0\" allow=\"accelerometer; autoplay; clipboard-write; encrypted-media; gyroscope; picture-in-picture\" allowfullscreen><\/iframe><\/p>\n<\/div>\n<p><strong>Dentiste en Turquie FAQ<\/strong><br \/>Vous trouverez ci-dessous un aper\u00e7u des questions les plus fr\u00e9quemment pos\u00e9es au sujet d'un dentiste en Turquie. Votre question ne figure pas dans la liste ou vous avez une autre question ? N'h\u00e9sitez pas \u00e0 nous contacter, nous serons heureux de vous aider.<br \/>\u00a0<br \/><strong>Les dentistes en Turquie sont-ils bons ?<\/strong><br \/>Les dentistes de Santelina \u00e0 Istanbul sont des professionnels exp\u00e9riment\u00e9s qui travaillent avec des \u00e9quipements dentaires de pointe et utilisent les derni\u00e8res techniques de traitement.<br \/>\u00a0<br \/><strong>Un dentiste en Turquie est-il bon march\u00e9 ?<\/strong><br \/>Oui, en moyenne, il y a des diff\u00e9rences de 60% \u00e0 70% entre les prix des traitements dentaires au Royaume-Uni, en Europe et en Turquie. Cette diff\u00e9rence importante s'explique principalement par le fait que les co\u00fbts totaux du cabinet, y compris les co\u00fbts du laboratoire, des dentistes et du personnel du cabinet, sont inf\u00e9rieurs \u00e0 ceux du Royaume-Uni et de l'Europe.<br \/>\u00a0<br \/><strong>Comment puis-je me rendre en Turquie ?<\/strong><br \/>Vous pouvez d\u00e9cider d'organiser vous-m\u00eame votre voyage et votre s\u00e9jour. Vous pouvez \u00e9galement organiser votre voyage en concertation avec l'un des consultants de Santelina. Vous indiquez vous-m\u00eame l'a\u00e9roport de d\u00e9part et la compagnie a\u00e9rienne.<br \/>\u00a0<br \/><strong>O\u00f9 s\u00e9journer en Turquie ?<\/strong><br \/>Vous avez la possibilit\u00e9 de choisir parmi une large gamme d'h\u00e9bergements. H\u00f4tels de 3 \u00e0 5 \u00e9toiles. Les logements sont situ\u00e9s \u00e0 proximit\u00e9 imm\u00e9diate du cabinet dentaire.<br \/>\u00a0<br \/><strong>Quelle est la dur\u00e9e de vie de mes nouvelles dents ou de mes dents r\u00e9par\u00e9es ?<\/strong><br \/>Dans le cas des proth\u00e8ses partielles ou compl\u00e8tes, on suppose trop rapidement que les r\u00e9sultats dureront toute la vie. Tout comme les dents naturelles, les couronnes, les bridges et les proth\u00e8ses dentaires peuvent \u00eatre endommag\u00e9s et\/ou se d\u00e9chausser, ce qui peut entra\u00eener des probl\u00e8mes de plaque dentaire et de gencives. C'est pourquoi il convient de faire contr\u00f4ler et soigner ses dents p\u00e9riodiquement par un dentiste. En outre, optez pour une hygi\u00e8ne bucco-dentaire optimale en vous brossant les dents et en utilisant du fil dentaire tous les jours.<br \/>\u00a0<br \/><strong>Quelle est la diff\u00e9rence entre un bridge et une proth\u00e8se partielle ?<\/strong><br \/>Les bridges et les proth\u00e8ses partielles remplacent les dents et\/ou les molaires manquantes. Un bridge est fix\u00e9 de mani\u00e8re permanente \u00e0 la base de la dent naturelle ou \u00e0 l'implant. Une proth\u00e8se partielle est fix\u00e9e aux dents \u00e0 l'aide de pinces et peut \u00eatre facilement retir\u00e9e par l'utilisateur. En g\u00e9n\u00e9ral, les gens sont plus satisfaits d'un bridge que d'une proth\u00e8se partielle.<br \/>\u00a0<br \/><strong>Dois-je subir un traitement de canal avant la pose d'une couronne ?<\/strong><br \/>Nouveau. Si la plupart des dents ayant subi un traitement de canal n\u00e9cessitent une couronne pour \u00eatre renforc\u00e9es, toutes les dents couronn\u00e9es n'ont pas forc\u00e9ment besoin d'un traitement de canal. Le dentiste peut l'\u00e9valuer avec pr\u00e9cision et le r\u00e9sumer dans un plan de traitement personnalis\u00e9.<br \/>\u00a0<br \/><strong>Quels sont les avantages et les inconv\u00e9nients des implants ?<\/strong><br \/>En effet, les implants sont des racines artificielles qui permettent la mise en place d'une structure dentaire fixe. Vos nouvelles dents sont tr\u00e8s naturelles, ce qui signifie que le confort d'utilisation est plus \u00e9lev\u00e9 que si vous optez pour une proth\u00e8se dentaire s\u00e9par\u00e9e. En outre, l'os de la m\u00e2choire ne r\u00e9tr\u00e9cit pas et votre bouche ne s'affaisse pas. Les implants sont durables et insensibles aux caries. Les inconv\u00e9nients \u00e9ventuels sont qu'il faut se rendre plusieurs fois au cabinet en Turquie et que le processus de traitement est plus long que pour les proth\u00e8ses dentaires.<br \/>\u00a0<br \/><strong>Comment puis-je payer le dentiste en Turquie ?<\/strong><br \/>Les modalit\u00e9s de paiement sont fix\u00e9es au moment o\u00f9 vous d\u00e9cidez de suivre un traitement dentaire en Turquie. Le paiement en esp\u00e8ces est possible en euros, en livres sterling et en dollars am\u00e9ricains. Vous pouvez \u00e9galement payer par carte de d\u00e9bit au cabinet.<br \/>\u00a0<br \/><strong>Dois-je m'attendre \u00e0 des probl\u00e8mes de communication ?<\/strong><br \/>Non, vous n'avez pas \u00e0 vous en pr\u00e9occuper. Pendant votre s\u00e9jour en Turquie, des conseils en anglais, en fran\u00e7ais, en arabe et en russe vous seront fournis. En plus du turc, les dentistes parlent souvent aussi l'anglais.<br \/>\u00a0<br \/><strong>Combien de temps dois-je rester en Turquie ?<\/strong><br \/>La dur\u00e9e exacte du s\u00e9jour d\u00e9pend du traitement dentaire appliqu\u00e9. Si vous pouvez pr\u00e9senter une radiographie de vos dents \u00e0 l'avance, il est possible de faire une estimation assez pr\u00e9cise de la dur\u00e9e du s\u00e9jour. En moyenne, les s\u00e9jours en Turquie durent de 4 \u00e0 8 jours.<br \/>\u00a0<br \/><strong>J'ai peur du dentiste. Que dois-je faire ?<\/strong><br \/>Vous n'\u00eates pas le seul \u00e0 avoir peur des dents. Les dentistes exp\u00e9riment\u00e9s de Santelina en sont conscients et vous aideront \u00e0 surmonter cette peur. En travaillant en \u00e9troite collaboration avec vous et en vous permettant de suivre le traitement \u00e0 l'aide d'un syst\u00e8me de cam\u00e9ra avanc\u00e9, votre traitement dentaire se d\u00e9roulera sans probl\u00e8me. Vous serez impliqu\u00e9 professionnellement dans votre r\u00e9novation dentaire. Le dentiste suivra vos indications et prendra le temps de vous mettre \u00e0 l'aise au pr\u00e9alable. Le maintien ou la restauration de vos dents et d'un sourire \u00e9clatant sont primordiaux.<\/p>\n\t\t<\/div>\n\t\t\t\t\n<style>\n#col-394125898 > .col-inner {\n  padding: 0 0px 0px 0px;\n}\n<\/style>\n\t<\/div>\n\n\t\n\n\t<div id=\"col-1083926428\" class=\"col medium-4 small-12 large-4\"  >\n\t\t\t\t<div class=\"col-inner\"  >\n\t\t\t\n\t\t\t\n\n  \n    <div class=\"row large-columns-1 medium-columns- small-columns-\" >\n  <div class=\"gallery-col col\" >\n          <div class=\"col-inner\">\n            <a class=\"image-lightbox lightbox-gallery\" href=\"https:\/\/dis212dentalgroup.com\/wp-content\/uploads\/2022\/07\/240486183_1210130586065713_8278196975008663950_n-1024x1024.jpg\" title=\"\">            <div class=\"box has-hover gallery-box box-overlay dark\">\n              <div class=\"box-image\" >\n                <img loading=\"lazy\" decoding=\"async\" width=\"300\" height=\"300\" src=\"https:\/\/dis212dentalgroup.com\/wp-content\/uploads\/2022\/07\/240486183_1210130586065713_8278196975008663950_n-300x300.jpg\" class=\"attachment-medium size-medium\" alt=\"Implant dentaire en Turquie\" ids=\"4344,4346,4348,4347,4345\" columns=\"1\" srcset=\"https:\/\/dis212dentalgroup.com\/wp-content\/uploads\/2022\/07\/240486183_1210130586065713_8278196975008663950_n-300x300.jpg 300w, https:\/\/dis212dentalgroup.com\/wp-content\/uploads\/2022\/07\/240486183_1210130586065713_8278196975008663950_n-100x100.jpg 100w, https:\/\/dis212dentalgroup.com\/wp-content\/uploads\/2022\/07\/240486183_1210130586065713_8278196975008663950_n-600x600.jpg 600w, https:\/\/dis212dentalgroup.com\/wp-content\/uploads\/2022\/07\/240486183_1210130586065713_8278196975008663950_n-1024x1024.jpg 1024w, https:\/\/dis212dentalgroup.com\/wp-content\/uploads\/2022\/07\/240486183_1210130586065713_8278196975008663950_n-150x150.jpg 150w, https:\/\/dis212dentalgroup.com\/wp-content\/uploads\/2022\/07\/240486183_1210130586065713_8278196975008663950_n-768x768.jpg 768w, https:\/\/dis212dentalgroup.com\/wp-content\/uploads\/2022\/07\/240486183_1210130586065713_8278196975008663950_n.jpg 1080w\" sizes=\"auto, (max-width: 300px) 100vw, 300px\" title=\"\">                                  <div class=\"overlay fill\"\n                      style=\"background-color: rgba(0,0,0,.15)\">\n                  <\/div>\n                                                              <\/div>\n              <div class=\"box-text text-left\" >\n                 <p><\/p>\n              <\/div>\n            <\/div>\n            <\/a>          <\/div>\n         <\/div><div class=\"gallery-col col\" >\n          <div class=\"col-inner\">\n            <a class=\"image-lightbox lightbox-gallery\" href=\"https:\/\/dis212dentalgroup.com\/wp-content\/uploads\/2022\/07\/273961951_521413699291749_8929110048524018217_n-1024x1024.jpg\" title=\"\">            <div class=\"box has-hover gallery-box box-overlay dark\">\n              <div class=\"box-image\" >\n                <img loading=\"lazy\" decoding=\"async\" width=\"300\" height=\"300\" src=\"https:\/\/dis212dentalgroup.com\/wp-content\/uploads\/2022\/07\/273961951_521413699291749_8929110048524018217_n-300x300.jpg\" class=\"attachment-medium size-medium\" alt=\"Implant dentaire en Turquie\" ids=\"4344,4346,4348,4347,4345\" columns=\"1\" srcset=\"https:\/\/dis212dentalgroup.com\/wp-content\/uploads\/2022\/07\/273961951_521413699291749_8929110048524018217_n-300x300.jpg 300w, https:\/\/dis212dentalgroup.com\/wp-content\/uploads\/2022\/07\/273961951_521413699291749_8929110048524018217_n-100x100.jpg 100w, https:\/\/dis212dentalgroup.com\/wp-content\/uploads\/2022\/07\/273961951_521413699291749_8929110048524018217_n-600x600.jpg 600w, https:\/\/dis212dentalgroup.com\/wp-content\/uploads\/2022\/07\/273961951_521413699291749_8929110048524018217_n-1024x1024.jpg 1024w, https:\/\/dis212dentalgroup.com\/wp-content\/uploads\/2022\/07\/273961951_521413699291749_8929110048524018217_n-150x150.jpg 150w, https:\/\/dis212dentalgroup.com\/wp-content\/uploads\/2022\/07\/273961951_521413699291749_8929110048524018217_n-768x768.jpg 768w, https:\/\/dis212dentalgroup.com\/wp-content\/uploads\/2022\/07\/273961951_521413699291749_8929110048524018217_n.jpg 1080w\" sizes=\"auto, (max-width: 300px) 100vw, 300px\" title=\"\">                                  <div class=\"overlay fill\"\n                      style=\"background-color: rgba(0,0,0,.15)\">\n                  <\/div>\n                                                              <\/div>\n              <div class=\"box-text text-left\" >\n                 <p><\/p>\n              <\/div>\n            <\/div>\n            <\/a>          <\/div>\n         <\/div><div class=\"gallery-col col\" >\n          <div class=\"col-inner\">\n            <a class=\"image-lightbox lightbox-gallery\" href=\"https:\/\/dis212dentalgroup.com\/wp-content\/uploads\/2022\/07\/288172434_3152922444919684_5468914976643704588_n-1024x1024.jpg\" title=\"\">            <div class=\"box has-hover gallery-box box-overlay dark\">\n              <div class=\"box-image\" >\n                <img loading=\"lazy\" decoding=\"async\" width=\"300\" height=\"300\" src=\"https:\/\/dis212dentalgroup.com\/wp-content\/uploads\/2022\/07\/288172434_3152922444919684_5468914976643704588_n-300x300.jpg\" class=\"attachment-medium size-medium\" alt=\"Implant dentaire en Turquie\" ids=\"4344,4346,4348,4347,4345\" columns=\"1\" srcset=\"https:\/\/dis212dentalgroup.com\/wp-content\/uploads\/2022\/07\/288172434_3152922444919684_5468914976643704588_n-300x300.jpg 300w, https:\/\/dis212dentalgroup.com\/wp-content\/uploads\/2022\/07\/288172434_3152922444919684_5468914976643704588_n-100x100.jpg 100w, https:\/\/dis212dentalgroup.com\/wp-content\/uploads\/2022\/07\/288172434_3152922444919684_5468914976643704588_n-600x600.jpg 600w, https:\/\/dis212dentalgroup.com\/wp-content\/uploads\/2022\/07\/288172434_3152922444919684_5468914976643704588_n-1024x1024.jpg 1024w, https:\/\/dis212dentalgroup.com\/wp-content\/uploads\/2022\/07\/288172434_3152922444919684_5468914976643704588_n-150x150.jpg 150w, https:\/\/dis212dentalgroup.com\/wp-content\/uploads\/2022\/07\/288172434_3152922444919684_5468914976643704588_n-768x768.jpg 768w, https:\/\/dis212dentalgroup.com\/wp-content\/uploads\/2022\/07\/288172434_3152922444919684_5468914976643704588_n.jpg 1080w\" sizes=\"auto, (max-width: 300px) 100vw, 300px\" title=\"\">                                  <div class=\"overlay fill\"\n                      style=\"background-color: rgba(0,0,0,.15)\">\n                  <\/div>\n                                                              <\/div>\n              <div class=\"box-text text-left\" >\n                 <p><\/p>\n              <\/div>\n            <\/div>\n            <\/a>          <\/div>\n         <\/div><div class=\"gallery-col col\" >\n          <div class=\"col-inner\">\n            <a class=\"image-lightbox lightbox-gallery\" href=\"https:\/\/dis212dentalgroup.com\/wp-content\/uploads\/2022\/07\/277953303_659007448688018_6802790505005211726_n-1024x1024.jpg\" title=\"\">            <div class=\"box has-hover gallery-box box-overlay dark\">\n              <div class=\"box-image\" >\n                <img loading=\"lazy\" decoding=\"async\" width=\"300\" height=\"300\" src=\"https:\/\/dis212dentalgroup.com\/wp-content\/uploads\/2022\/07\/277953303_659007448688018_6802790505005211726_n-300x300.jpg\" class=\"attachment-medium size-medium\" alt=\"Implant dentaire en Turquie\" ids=\"4344,4346,4348,4347,4345\" columns=\"1\" srcset=\"https:\/\/dis212dentalgroup.com\/wp-content\/uploads\/2022\/07\/277953303_659007448688018_6802790505005211726_n-300x300.jpg 300w, https:\/\/dis212dentalgroup.com\/wp-content\/uploads\/2022\/07\/277953303_659007448688018_6802790505005211726_n-100x100.jpg 100w, https:\/\/dis212dentalgroup.com\/wp-content\/uploads\/2022\/07\/277953303_659007448688018_6802790505005211726_n-600x600.jpg 600w, https:\/\/dis212dentalgroup.com\/wp-content\/uploads\/2022\/07\/277953303_659007448688018_6802790505005211726_n-1024x1024.jpg 1024w, https:\/\/dis212dentalgroup.com\/wp-content\/uploads\/2022\/07\/277953303_659007448688018_6802790505005211726_n-150x150.jpg 150w, https:\/\/dis212dentalgroup.com\/wp-content\/uploads\/2022\/07\/277953303_659007448688018_6802790505005211726_n-768x768.jpg 768w, https:\/\/dis212dentalgroup.com\/wp-content\/uploads\/2022\/07\/277953303_659007448688018_6802790505005211726_n.jpg 1080w\" sizes=\"auto, (max-width: 300px) 100vw, 300px\" title=\"\">                                  <div class=\"overlay fill\"\n                      style=\"background-color: rgba(0,0,0,.15)\">\n                  <\/div>\n                                                              <\/div>\n              <div class=\"box-text text-left\" >\n                 <p><\/p>\n              <\/div>\n            <\/div>\n            <\/a>          <\/div>\n         <\/div><div class=\"gallery-col col\" >\n          <div class=\"col-inner\">\n            <a class=\"image-lightbox lightbox-gallery\" href=\"https:\/\/dis212dentalgroup.com\/wp-content\/uploads\/2022\/07\/241314060_4465609693501678_4857275712291325171_n-1024x1024.jpg\" title=\"\">            <div class=\"box has-hover gallery-box box-overlay dark\">\n              <div class=\"box-image\" >\n                <img loading=\"lazy\" decoding=\"async\" width=\"300\" height=\"300\" src=\"https:\/\/dis212dentalgroup.com\/wp-content\/uploads\/2022\/07\/241314060_4465609693501678_4857275712291325171_n-300x300.jpg\" class=\"attachment-medium size-medium\" alt=\"Implant dentaire en Turquie\" ids=\"4344,4346,4348,4347,4345\" columns=\"1\" srcset=\"https:\/\/dis212dentalgroup.com\/wp-content\/uploads\/2022\/07\/241314060_4465609693501678_4857275712291325171_n-300x300.jpg 300w, https:\/\/dis212dentalgroup.com\/wp-content\/uploads\/2022\/07\/241314060_4465609693501678_4857275712291325171_n-100x100.jpg 100w, https:\/\/dis212dentalgroup.com\/wp-content\/uploads\/2022\/07\/241314060_4465609693501678_4857275712291325171_n-600x600.jpg 600w, https:\/\/dis212dentalgroup.com\/wp-content\/uploads\/2022\/07\/241314060_4465609693501678_4857275712291325171_n-1024x1024.jpg 1024w, https:\/\/dis212dentalgroup.com\/wp-content\/uploads\/2022\/07\/241314060_4465609693501678_4857275712291325171_n-150x150.jpg 150w, https:\/\/dis212dentalgroup.com\/wp-content\/uploads\/2022\/07\/241314060_4465609693501678_4857275712291325171_n-768x768.jpg 768w, https:\/\/dis212dentalgroup.com\/wp-content\/uploads\/2022\/07\/241314060_4465609693501678_4857275712291325171_n.jpg 1080w\" sizes=\"auto, (max-width: 300px) 100vw, 300px\" title=\"\">                                  <div class=\"overlay fill\"\n                      style=\"background-color: rgba(0,0,0,.15)\">\n                  <\/div>\n                                                              <\/div>\n              <div class=\"box-text text-left\" >\n                 <p><\/p>\n              <\/div>\n            <\/div>\n            <\/a>          <\/div>\n         <\/div><\/div>\n\t\t<\/div>\n\t\t\t\t\t<\/div>\n\n\t\n<\/div>\n<div class=\"message-box relative dark\" style=\"padding-top:15px;padding-bottom:15px;\"><div class=\"message-box-bg-image bg-fill fill\" ><\/div><div class=\"message-box-bg-overlay bg-fill fill\" ><\/div><div class=\"container relative\"><div class=\"inner last-reset\">\n<div class=\"row align-middle align-center\"  id=\"row-86859611\">\n\n\t<div id=\"col-2118188061\" class=\"col medium-6 small-12 large-6\"  >\n\t\t\t\t<div class=\"col-inner\"  >\n\t\t\t\n\t\t\t\n\t<div id=\"text-3157765195\" class=\"text\">\n\t\t\n<p style=\"margin-bottom: 0;\">Vous pouvez poser des questions imm\u00e9diatement<\/p>\n\t\t\n<style>\n#text-3157765195 {\n  font-size: 1.5rem;\n  line-height: 1;\n}\n@media (min-width:550px) {\n  #text-3157765195 {\n    font-size: 1.5rem;\n  }\n}\n@media (min-width:850px) {\n  #text-3157765195 {\n    font-size: 2rem;\n  }\n}\n<\/style>\n\t<\/div>\n\t\n\t<div id=\"gap-841328150\" class=\"gap-element clearfix show-for-small\" style=\"display:block; height:auto;\">\n\t\t\n<style>\n#gap-841328150 {\n  padding-top: 20px;\n}\n@media (min-width:550px) {\n  #gap-841328150 {\n    padding-top: 30px;\n  }\n}\n<\/style>\n\t<\/div>\n\t\n\t\t<\/div>\n\t\t\t\t\t<\/div>\n\n\t\n\n\t<div id=\"col-1295087341\" class=\"col medium-3 small-12 large-3\"  >\n\t\t\t\t<div class=\"col-inner text-center\"  >\n\t\t\t\n\t\t\t\n<a href=\"#get-a-free-quote\" class=\"button primary expand\"  >\n\t\t<span>Formulaire de contact<\/span>\n\t<i class=\"icon-angle-right\" aria-hidden=\"true\" ><\/i><\/a>\n\n\t\t<\/div>\n\t\t\t\t\t<\/div>\n\n\t\n\n\t<div id=\"col-1925549969\" class=\"col medium-3 small-12 large-3\"  >\n\t\t\t\t<div class=\"col-inner text-center\"  >\n\t\t\t\n\t\t\t\n<a href=\"https:\/\/api.whatsapp.com\/send\/?phone=%2B908508886212&#038;text&#038;app_absent=0\" class=\"button success expand\" rel=\"nofollow noopener\" target=\"_blank\">\n\t\t<span>WHATSAPP<\/span>\n\t<i class=\"icon-angle-right\" aria-hidden=\"true\" ><\/i><\/a>\n\n\t\t<\/div>\n\t\t\t\t\t<\/div>\n\n\t\n<\/div>\n<\/div><\/div><\/div>\n\t<div id=\"gap-1558260630\" class=\"gap-element clearfix\" style=\"display:block; height:auto;\">\n\t\t\n<style>\n#gap-1558260630 {\n  padding-top: 30px;\n}\n<\/style>\n\t<\/div>","protected":false},"excerpt":{"rendered":"","protected":false},"author":1,"featured_media":3772,"parent":0,"menu_order":0,"comment_status":"closed","ping_status":"closed","template":"","meta":{"footnotes":""},"class_list":["post-4340","page","type-page","status-publish","has-post-thumbnail","hentry"],"_links":{"self":[{"href":"https:\/\/dis212dentalgroup.com\/fr\/wp-json\/wp\/v2\/pages\/4340","targetHints":{"allow":["GET"]}}],"collection":[{"href":"https:\/\/dis212dentalgroup.com\/fr\/wp-json\/wp\/v2\/pages"}],"about":[{"href":"https:\/\/dis212dentalgroup.com\/fr\/wp-json\/wp\/v2\/types\/page"}],"author":[{"embeddable":true,"href":"https:\/\/dis212dentalgroup.com\/fr\/wp-json\/wp\/v2\/users\/1"}],"replies":[{"embeddable":true,"href":"https:\/\/dis212dentalgroup.com\/fr\/wp-json\/wp\/v2\/comments?post=4340"}],"version-history":[{"count":0,"href":"https:\/\/dis212dentalgroup.com\/fr\/wp-json\/wp\/v2\/pages\/4340\/revisions"}],"wp:featuredmedia":[{"embeddable":true,"href":"https:\/\/dis212dentalgroup.com\/fr\/wp-json\/wp\/v2\/media\/3772"}],"wp:attachment":[{"href":"https:\/\/dis212dentalgroup.com\/fr\/wp-json\/wp\/v2\/media?parent=4340"}],"curies":[{"name":"wp","href":"https:\/\/api.w.org\/{rel}","templated":true}]}}