{"id":3943,"date":"2021-11-09T17:58:42","date_gmt":"2021-11-09T14:58:42","guid":{"rendered":"https:\/\/dis212dentalgroup.com\/?page_id=3943"},"modified":"2022-07-06T18:12:56","modified_gmt":"2022-07-06T15:12:56","slug":"dt-emre-camlioz","status":"publish","type":"page","link":"https:\/\/dis212dentalgroup.com\/fr\/dt-emre-camlioz\/","title":{"rendered":"Dt. Emre \u00c7aml\u0131\u00f6z"},"content":{"rendered":"<div class=\"row align-middle\"  id=\"row-145928335\">\n\n\t<div id=\"col-1648955103\" class=\"col medium-6 small-12 large-6\"  >\n\t\t\t\t<div class=\"col-inner\"  >\n\t\t\t\n\t\t\t\n\t<div class=\"img has-hover x md-x lg-x y md-y lg-y\" id=\"image_1301633262\">\n\t\t\t\t\t\t\t\t<div class=\"img-inner dark\" >\n\t\t\t<img loading=\"lazy\" decoding=\"async\" width=\"600\" height=\"710\" src=\"https:\/\/dis212dentalgroup.com\/wp-content\/uploads\/2021\/08\/dis212-dentist1.jpg\" class=\"attachment-large size-large\" alt=\"Dt. Emre \u00c7aml\u0131\u00f6z\" srcset=\"https:\/\/dis212dentalgroup.com\/wp-content\/uploads\/2021\/08\/dis212-dentist1.jpg 600w, https:\/\/dis212dentalgroup.com\/wp-content\/uploads\/2021\/08\/dis212-dentist1-254x300.jpg 254w\" sizes=\"auto, (max-width: 600px) 100vw, 600px\" title=\"\">\t\t\t\t\t\t\n\t\t\t\t\t<\/div>\n\t\t\t\t\t\t\t\t\n<style>\n#image_1301633262 {\n  width: 100%;\n}\n<\/style>\n\t<\/div>\n\t\n\t\t<\/div>\n\t\t\t\t\t<\/div>\n\n\t\n\n\t<div id=\"col-841543739\" class=\"col medium-6 small-12 large-6\"  >\n\t\t\t\t<div class=\"col-inner\"  >\n\t\t\t\n\t\t\t\n<div class=\"container section-title-container\" ><h3 class=\"section-title section-title-normal\"><b><\/b><span class=\"section-title-main\" >DT. EMRE \u00c7AMLI\u00d6Z<\/span><b><\/b><\/h3><\/div>\n<p>Il est au service des patients, en particulier dans les domaines de l'endodontie et de la chirurgie dentaire. <a href=\"https:\/\/dis212dentalgroup.com\/fr\/aesthetic-dentistry\/\">Dentisterie esth\u00e9tique<\/a>Les syst\u00e8mes de blanchiment, les traitements dentaires en un jour (CAD-CAM), les maladies et la sant\u00e9 gingivales, ainsi que le \"Smile Design\".<br \/>\n<div class=\"row\"  id=\"row-152434658\">\n\n\t<div id=\"col-1354126048\" class=\"col small-12 large-12\"  >\n\t\t\t\t<div class=\"col-inner text-center\"  >\n\t\t\t\n\t\t\t\n<p>&nbsp;<\/p>\n<a data-animate=\"fadeInUp\" href=\"https:\/\/web.whatsapp.com\/send?phone=908508885212\" class=\"button primary is-large lowercase expand\" rel=\"nofollow noopener\" target=\"_blank\">\n\t\t<span>Pour un rendez-vous et une consultation<\/span>\n\t<i class=\"icon-angle-right\" aria-hidden=\"true\" ><\/i><\/a>\n\n\t\t<\/div>\n\t\t\t\t\t<\/div>\n\n\t\n<\/div>\n\t\t<\/div>\n\t\t\t\t\t<\/div>\n\n\t\n<\/div>","protected":false},"excerpt":{"rendered":"","protected":false},"author":6,"featured_media":3857,"parent":0,"menu_order":0,"comment_status":"closed","ping_status":"closed","template":"","meta":{"footnotes":""},"class_list":["post-3943","page","type-page","status-publish","has-post-thumbnail","hentry"],"_links":{"self":[{"href":"https:\/\/dis212dentalgroup.com\/fr\/wp-json\/wp\/v2\/pages\/3943","targetHints":{"allow":["GET"]}}],"collection":[{"href":"https:\/\/dis212dentalgroup.com\/fr\/wp-json\/wp\/v2\/pages"}],"about":[{"href":"https:\/\/dis212dentalgroup.com\/fr\/wp-json\/wp\/v2\/types\/page"}],"author":[{"embeddable":true,"href":"https:\/\/dis212dentalgroup.com\/fr\/wp-json\/wp\/v2\/users\/6"}],"replies":[{"embeddable":true,"href":"https:\/\/dis212dentalgroup.com\/fr\/wp-json\/wp\/v2\/comments?post=3943"}],"version-history":[{"count":0,"href":"https:\/\/dis212dentalgroup.com\/fr\/wp-json\/wp\/v2\/pages\/3943\/revisions"}],"wp:featuredmedia":[{"embeddable":true,"href":"https:\/\/dis212dentalgroup.com\/fr\/wp-json\/wp\/v2\/media\/3857"}],"wp:attachment":[{"href":"https:\/\/dis212dentalgroup.com\/fr\/wp-json\/wp\/v2\/media?parent=3943"}],"curies":[{"name":"wp","href":"https:\/\/api.w.org\/{rel}","templated":true}]}}