{"id":3893,"date":"2021-08-17T02:11:16","date_gmt":"2021-08-16T23:11:16","guid":{"rendered":"https:\/\/dis212dentalgroup.com\/?page_id=3893"},"modified":"2024-01-09T03:39:13","modified_gmt":"2024-01-09T00:39:13","slug":"dt-nalan-vardar-kosun","status":"publish","type":"page","link":"https:\/\/dis212dentalgroup.com\/fr\/dt-nalan-vardar-kosun\/","title":{"rendered":"Dt. Nalan Vardar KO\u015eUN"},"content":{"rendered":"<div class=\"row align-middle\"  id=\"row-363353477\">\n\n\t<div id=\"col-356758493\" class=\"col medium-6 small-12 large-6\"  >\n\t\t\t\t<div class=\"col-inner\"  >\n\t\t\t\n\t\t\t\n\t<div class=\"img has-hover x md-x lg-x y md-y lg-y\" id=\"image_670480736\">\n\t\t\t\t\t\t\t\t<div class=\"img-inner dark\" >\n\t\t\t<img loading=\"lazy\" decoding=\"async\" width=\"600\" height=\"710\" src=\"https:\/\/dis212dentalgroup.com\/wp-content\/uploads\/2024\/01\/dt-nalan-kosun-2-1.jpg\" class=\"attachment-original size-original\" alt=\"Implant dentaire en Turquie\" srcset=\"https:\/\/dis212dentalgroup.com\/wp-content\/uploads\/2024\/01\/dt-nalan-kosun-2-1.jpg 600w, https:\/\/dis212dentalgroup.com\/wp-content\/uploads\/2024\/01\/dt-nalan-kosun-2-1-254x300.jpg 254w\" sizes=\"auto, (max-width: 600px) 100vw, 600px\" title=\"\">\t\t\t\t\t\t\n\t\t\t\t\t<\/div>\n\t\t\t\t\t\t\t\t\n<style>\n#image_670480736 {\n  width: 100%;\n}\n<\/style>\n\t<\/div>\n\t\n\t\t<\/div>\n\t\t\t\t\t<\/div>\n\n\t\n\n\t<div id=\"col-1416333095\" class=\"col medium-6 small-12 large-6\"  >\n\t\t\t\t<div class=\"col-inner\"  >\n\t\t\t\n\t\t\t\n<div class=\"container section-title-container\" ><h3 class=\"section-title section-title-normal\"><b><\/b><span class=\"section-title-main\" >Dt. Nalan Vardar KO\u015eUN<\/span><b><\/b><\/h3><\/div>\n<p>Nalan Vardar, n\u00e9e \u00e0 Merzifon en 1984, a termin\u00e9 ses \u00e9tudes de dentiste \u00e0 l'universit\u00e9 Atat\u00fcrk, \u00e0 la facult\u00e9 de dentisterie. Poursuivant ses \u00e9tudes \u00e0 la clinique dentaire 212, Vardar s'est concentr\u00e9e sur la dentisterie esth\u00e9tique et pr\u00e9ventive. En outre, M. Kosun partage son exp\u00e9rience dans diverses unit\u00e9s universitaires en tant qu'assistant de recherche en prosthodontie.<br \/>\nIl est membre de l'Association des dentistes turcs (tdb), <a href=\"https:\/\/dis212dentalgroup.com\/fr\/aesthetic-dentistry\/\">Dentisterie esth\u00e9tique<\/a> Academy Association (edad), Atelier de dentisterie Kalkedon.<\/p>\n<div class=\"row\"  id=\"row-1251111955\">\n\n\t<div id=\"col-497123880\" class=\"col small-12 large-12\"  >\n\t\t\t\t<div class=\"col-inner text-center\"  >\n\t\t\t\n\t\t\t\n<a data-animate=\"fadeInUp\" href=\"https:\/\/web.whatsapp.com\/send?phone=908508885212\" class=\"button primary is-large lowercase expand\" rel=\"nofollow noopener\" target=\"_blank\">\n\t\t<span>Pour un rendez-vous et une consultation<\/span>\n\t<i class=\"icon-angle-right\" aria-hidden=\"true\" ><\/i><\/a>\n\n\t\t<\/div>\n\t\t\t\t\t<\/div>\n\n\t\n<\/div>\n\t\t<\/div>\n\t\t\t\t\t<\/div>\n\n\t\n<\/div>","protected":false},"excerpt":{"rendered":"","protected":false},"author":1,"featured_media":450,"parent":0,"menu_order":0,"comment_status":"closed","ping_status":"closed","template":"","meta":{"footnotes":""},"class_list":["post-3893","page","type-page","status-publish","has-post-thumbnail","hentry"],"_links":{"self":[{"href":"https:\/\/dis212dentalgroup.com\/fr\/wp-json\/wp\/v2\/pages\/3893","targetHints":{"allow":["GET"]}}],"collection":[{"href":"https:\/\/dis212dentalgroup.com\/fr\/wp-json\/wp\/v2\/pages"}],"about":[{"href":"https:\/\/dis212dentalgroup.com\/fr\/wp-json\/wp\/v2\/types\/page"}],"author":[{"embeddable":true,"href":"https:\/\/dis212dentalgroup.com\/fr\/wp-json\/wp\/v2\/users\/1"}],"replies":[{"embeddable":true,"href":"https:\/\/dis212dentalgroup.com\/fr\/wp-json\/wp\/v2\/comments?post=3893"}],"version-history":[{"count":0,"href":"https:\/\/dis212dentalgroup.com\/fr\/wp-json\/wp\/v2\/pages\/3893\/revisions"}],"wp:featuredmedia":[{"embeddable":true,"href":"https:\/\/dis212dentalgroup.com\/fr\/wp-json\/wp\/v2\/media\/450"}],"wp:attachment":[{"href":"https:\/\/dis212dentalgroup.com\/fr\/wp-json\/wp\/v2\/media?parent=3893"}],"curies":[{"name":"wp","href":"https:\/\/api.w.org\/{rel}","templated":true}]}}