{"id":3628,"date":"2020-10-17T23:48:59","date_gmt":"2020-10-17T20:48:59","guid":{"rendered":"https:\/\/dis212dentalgroup.com\/?page_id=3628"},"modified":"2024-06-14T20:38:50","modified_gmt":"2024-06-14T17:38:50","slug":"dds-phd-dr-abidin-acar","status":"publish","type":"page","link":"https:\/\/dis212dentalgroup.com\/fr\/dds-phd-dr-abidin-acar\/","title":{"rendered":"Dds. Phd. Abidin Acar"},"content":{"rendered":"<div class=\"row align-middle\"  id=\"row-1833445452\">\n\n\t<div id=\"col-1523921681\" class=\"col medium-6 small-12 large-6\"  >\n\t\t\t\t<div class=\"col-inner\"  >\n\t\t\t\n\t\t\t\n\t<div class=\"img has-hover x md-x lg-x y md-y lg-y\" id=\"image_864400318\">\n\t\t\t\t\t\t\t\t<div class=\"img-inner dark\" >\n\t\t\t<img loading=\"lazy\" decoding=\"async\" width=\"600\" height=\"710\" src=\"https:\/\/dis212dentalgroup.com\/wp-content\/uploads\/2024\/06\/Abiddin-Hoca.jpg\" class=\"attachment-original size-original\" alt=\"Implant dentaire en Turquie\" srcset=\"https:\/\/dis212dentalgroup.com\/wp-content\/uploads\/2024\/06\/Abiddin-Hoca.jpg 600w, https:\/\/dis212dentalgroup.com\/wp-content\/uploads\/2024\/06\/Abiddin-Hoca-254x300.jpg 254w, https:\/\/dis212dentalgroup.com\/wp-content\/uploads\/2024\/06\/Abiddin-Hoca-10x12.jpg 10w\" sizes=\"auto, (max-width: 600px) 100vw, 600px\" title=\"\">\t\t\t\t\t\t\n\t\t\t\t\t<\/div>\n\t\t\t\t\t\t\t\t\n<style>\n#image_864400318 {\n  width: 100%;\n}\n<\/style>\n\t<\/div>\n\t\n\t\t<\/div>\n\t\t\t\t\t<\/div>\n\n\t\n\n\t<div id=\"col-2011623152\" class=\"col medium-6 small-12 large-6\"  >\n\t\t\t\t<div class=\"col-inner\"  >\n\t\t\t\n\t\t\t\n<h3><span style=\"font-size: 10px;\">ORTHODONTISTE EXPERT<\/span><br \/>Dds. Phd. Abidin Acar<\/h3>\n<p>Abidin Acar est n\u00e9 \u00e0 Siirt en 1985. Apr\u00e8s avoir termin\u00e9 ses \u00e9tudes primaires et secondaires \u00e0 l'\u00e9cole primaire de Nesli\u015fah, il a obtenu son dipl\u00f4me au lyc\u00e9e de \u015eehremini en 2003, a rejoint la facult\u00e9 de m\u00e9decine dentaire de l'universit\u00e9 de Yeditepe la m\u00eame ann\u00e9e et a obtenu son dipl\u00f4me en 2009. Il a commenc\u00e9 ses \u00e9tudes de doctorat \u00e0 la facult\u00e9 dentaire de l'universit\u00e9 Yeditepe, au d\u00e9partement d'orthodontie, sans interruption, et a \u00e9t\u00e9 autoris\u00e9 \u00e0 devenir orthodontiste apr\u00e8s avoir pr\u00e9sent\u00e9 avec succ\u00e8s sa th\u00e8se de doctorat intitul\u00e9e \"EFFECT OF MINI-IMPLANT RING APPARATUS ON MINIVIDA STABILITY IN BONES OF DIFFERENT DENSITY\" (Effet de l'anneau mini-implantaire sur la stabilit\u00e9 des dents dans des os de densit\u00e9 diff\u00e9rente).<\/p>\n<p>L'un des partenaires de D\u0130\u015e 212, le Dr Abiddin ACAR travaille comme orthodontiste dans la famille D\u0130\u015e 212 depuis 2011. Abiddin ACAR, membre de la Soci\u00e9t\u00e9 europ\u00e9enne d'orthodontie (EOS), de la Soci\u00e9t\u00e9 turque d'orthodontie (TOD) et de l'Association dentaire turque (TDB), parle un anglais et un arabe avanc\u00e9s.<\/p>\n<p class=\"lead\" style=\"color: #00aeef; font-weight: 900;\">Abidin Acar propose des traitements d'orthodontie invisalign depuis 2013. Il reste le fournisseur Diamant de INVISALIGN.<\/p>\n<a data-animate=\"fadeInUp\" href=\"https:\/\/web.whatsapp.com\/send?phone=908508885212\" class=\"button primary is-large lowercase expand\" rel=\"nofollow noopener\" target=\"_blank\">\n\t\t<span>Pour un rendez-vous et une consultation<\/span>\n\t<i class=\"icon-angle-right\" aria-hidden=\"true\" ><\/i><\/a>\n\n\t\t<\/div>\n\t\t\t\t\t<\/div>\n\n\t\n<\/div>\n<div class=\"video video-fit mb\" style=\"padding-top:56.25%;\"><p><iframe loading=\"lazy\" title=\"Les produits d&#039;orthodontie doivent \u00eatre utilis\u00e9s dans des conditions normales d&#039;utilisation.\" width=\"1020\" height=\"574\" src=\"https:\/\/www.youtube.com\/embed\/TERk_FB-9og?feature=oembed\" frameborder=\"0\" allow=\"accelerometer; autoplay; clipboard-write; encrypted-media; gyroscope; picture-in-picture\" allowfullscreen><\/iframe><\/p>\n<\/div>","protected":false},"excerpt":{"rendered":"","protected":false},"author":1,"featured_media":3906,"parent":0,"menu_order":0,"comment_status":"closed","ping_status":"closed","template":"","meta":{"footnotes":""},"class_list":["post-3628","page","type-page","status-publish","has-post-thumbnail","hentry"],"_links":{"self":[{"href":"https:\/\/dis212dentalgroup.com\/fr\/wp-json\/wp\/v2\/pages\/3628","targetHints":{"allow":["GET"]}}],"collection":[{"href":"https:\/\/dis212dentalgroup.com\/fr\/wp-json\/wp\/v2\/pages"}],"about":[{"href":"https:\/\/dis212dentalgroup.com\/fr\/wp-json\/wp\/v2\/types\/page"}],"author":[{"embeddable":true,"href":"https:\/\/dis212dentalgroup.com\/fr\/wp-json\/wp\/v2\/users\/1"}],"replies":[{"embeddable":true,"href":"https:\/\/dis212dentalgroup.com\/fr\/wp-json\/wp\/v2\/comments?post=3628"}],"version-history":[{"count":0,"href":"https:\/\/dis212dentalgroup.com\/fr\/wp-json\/wp\/v2\/pages\/3628\/revisions"}],"wp:featuredmedia":[{"embeddable":true,"href":"https:\/\/dis212dentalgroup.com\/fr\/wp-json\/wp\/v2\/media\/3906"}],"wp:attachment":[{"href":"https:\/\/dis212dentalgroup.com\/fr\/wp-json\/wp\/v2\/media?parent=3628"}],"curies":[{"name":"wp","href":"https:\/\/api.w.org\/{rel}","templated":true}]}}