{"id":3462,"date":"2019-07-25T01:42:32","date_gmt":"2019-07-24T22:42:32","guid":{"rendered":"https:\/\/dis212dentalgroup.com\/?page_id=3462"},"modified":"2022-07-06T18:45:34","modified_gmt":"2022-07-06T15:45:34","slug":"privacy-policy","status":"publish","type":"page","link":"https:\/\/dis212dentalgroup.com\/fr\/privacy-policy\/","title":{"rendered":"Politique de confidentialit\u00e9"},"content":{"rendered":"<h2 class=\"lead\" style=\"text-align: center;\"><strong>Conditions g\u00e9n\u00e9rales et politique de confidentialit\u00e9<\/strong><\/h2>\n<h3>1. Conditions d'utilisation<\/h3>\n<p>En acc\u00e9dant \u00e0 ce site web, vous acceptez d'\u00eatre li\u00e9 par les pr\u00e9sentes conditions d'utilisation du site web, les lois et r\u00e8glements applicables et leur respect. Si vous n'\u00eates pas d'accord avec l'une des conditions \u00e9nonc\u00e9es, il vous est interdit d'utiliser ce site ou d'y acc\u00e9der. Le mat\u00e9riel contenu dans ce site est prot\u00e9g\u00e9 par la l\u00e9gislation sur les droits d'auteur et les marques commerciales.<\/p>\n<h3>2. Utiliser la licence<\/h3>\n<ol type=\"a\">\n<li>Il est permis de t\u00e9l\u00e9charger temporairement une copie du mat\u00e9riel (donn\u00e9es ou programmation) sur le site de D\u0130\u015e 212 Di\u015f Sa\u011fl\u0131\u011f\u0131 H\u0130zmetleri Sanayi ve Ticaret Limited \u015eirketi pour un usage individuel et non commercial uniquement. Il s'agit d'un simple permis de licence et non d'un \u00e9change de titre, et en vertu de ce permis, vous ne pouvez pas :\n<ol type=\"i\">\n<li>modifier ou copier le mat\u00e9riel ;<\/li>\n<li>d'utiliser le mat\u00e9riel \u00e0 des fins commerciales ou pour une pr\u00e9sentation publique (professionnelle ou non) ;<\/li>\n<li>tenter de d\u00e9compiler ou de reconstruire tout produit ou mat\u00e9riel contenu sur le site de D\u0130\u015e 212 Di\u015f Sa\u011fl\u0131\u011f\u0131 H\u0130zmetleri Sanayi ve Ticaret Limited \u015eirketi ;<\/li>\n<li>supprimer tout droit d'auteur ou autre document restrictif du mat\u00e9riel ; ou<\/li>\n<li>transf\u00e9rer le mat\u00e9riel \u00e0 quelqu'un d'autre ou m\u00eame \"refl\u00e9ter\" le mat\u00e9riel sur un autre serveur.<\/li>\n<\/ol>\n<\/li>\n<li>Ce permis peut donc \u00eatre r\u00e9sili\u00e9 si vous ne respectez pas l'une de ces conditions et peut \u00eatre annul\u00e9 par D\u0130\u015e 212 Di\u015f Sa\u011fl\u0131\u011f\u0131 H\u0130zmetleri Sanayi ve Ticaret Limited \u015eirketi \u00e0 chaque fois que cela est jug\u00e9 n\u00e9cessaire. Apr\u00e8s l'expiration du permis ou lorsque votre permis de visualisation est r\u00e9sili\u00e9, vous devez d\u00e9truire tout mat\u00e9riel t\u00e9l\u00e9charg\u00e9 en votre possession, que ce soit sous forme \u00e9lectronique ou imprim\u00e9e.<\/li>\n<\/ol>\n<h3>3. Clause de non-responsabilit\u00e9<\/h3>\n<ol type=\"a\">\n<li>Les \u00e9l\u00e9ments du site de D\u0130\u015e 212 Di\u015f Sa\u011fl\u0131\u011f\u0131 H\u0130zmetleri Sanayi ve Ticaret Limited \u015eirketi sont fournis \"en l'\u00e9tat\". D\u0130\u015e 212 Di\u015f Sa\u011fl\u0131\u011f\u0131 H\u0130zmetleri Sanayi ve Ticaret Limited \u015eirketi ne donne aucune garantie, communiqu\u00e9e ou sugg\u00e9r\u00e9e, et renonce donc \u00e0 toute autre garantie, y compris, mais sans s'y limiter, les garanties ou \u00e9tats d\u00e9duits de la qualit\u00e9 marchande, de l'ad\u00e9quation \u00e0 une raison sp\u00e9cifique, ou de la non-violation de la propri\u00e9t\u00e9 sous licence ou d'autres violations des droits. En outre, D\u0130\u015e 212 Di\u015f Sa\u011fl\u0131\u011f\u0131 H\u0130zmetleri Sanayi ve Ticaret Limited \u015eirketi ne garantit pas et ne fait aucune d\u00e9claration concernant la pr\u00e9cision, les r\u00e9sultats probables ou la qualit\u00e9 in\u00e9branlable de l'utilisation des documents sur son site Internet ou l'identification g\u00e9n\u00e9rale de ces documents ou de toutes les destinations connect\u00e9es \u00e0 ce site Internet.<\/li>\n<\/ol>\n<h3>4. Les contraintes<\/h3>\n<p>En aucun cas D\u0130\u015e 212 Di\u015f Sa\u011fl\u0131\u011f\u0131 H\u0130zmetleri Sanayi ve Ticaret Limited \u015eirketi ou ses fournisseurs ne sauraient \u00eatre tenus responsables de tout pr\u00e9judice (y compris, sans s'y limiter, les pr\u00e9judices li\u00e9s \u00e0 la perte d'informations ou de b\u00e9n\u00e9fices, ou pour cause d'interf\u00e9rence commerciale) r\u00e9sultant de l'utilisation ou de l'impossibilit\u00e9 d'utiliser le mat\u00e9riel sur la page Internet de D\u0130\u015e 212 Di\u015f Sa\u011fl\u0131\u011f\u0131 H\u0130zmetleri Sanayi ve Ticaret Limited \u015eirketi, ind\u00e9pendamment du fait que D\u0130\u015e 212 Di\u015f Sa\u011fl\u0131\u011f\u0131 H\u0130zmetleri Sanayi ve Ticaret Limited \u015eirketi ou un agent agr\u00e9\u00e9 par D\u0130\u015e 212 Di\u015f Sa\u011fl\u0131\u011f\u0131 H\u0130zmetleri Sanayi ve Ticaret Limited \u015eirketi ait \u00e9t\u00e9 inform\u00e9 oralement ou par \u00e9crit de la probabilit\u00e9 d'un tel dommage. \u00c9tant donn\u00e9 que certaines l\u00e9gislations ne permettent pas de limiter les garanties d\u00e9duites ou d'exclure l'obligation de r\u00e9parer les pr\u00e9judices graves ou fortuits, il se peut que ces limitations ne vous concernent pas.<\/p>\n<h3>5. Modifications et errata<\/h3>\n<p>Les documents figurant sur le site de D\u0130\u015e 212 Di\u015f Sa\u011fl\u0131\u011f\u0131 H\u0130zmetleri Sanayi ve Ticaret Limited \u015eirketi peuvent contenir des erreurs typographiques ou photographiques. D\u0130\u015e 212 Di\u015f Sa\u011fl\u0131\u011f\u0131 H\u0130zmetleri Sanayi ve Ticaret Limited \u015eirketi ne garantit pas que les \u00e9l\u00e9ments de son site sont exacts, finis ou \u00e0 jour. D\u0130\u015e 212 Di\u015f Sa\u011fl\u0131\u011f\u0131 H\u0130zmetleri Sanayi ve Ticaret Limited \u015eirketi peut apporter des am\u00e9liorations aux documents contenus sur son site \u00e0 tout moment sans notification. D\u0130\u015e 212 Di\u015f Sa\u011fl\u0131\u011f\u0131 H\u0130zmetleri Sanayi ve Ticaret Limited \u015eirketi ne s'engage pas \u00e0 mettre \u00e0 jour les informations.<\/p>\n<h3>6. Liens<\/h3>\n<p>D\u0130\u015e 212 Di\u015f Sa\u011fl\u0131\u011f\u0131 H\u0130zmetleri Sanayi ve Ticaret Limited \u015eirketi n'a pas v\u00e9rifi\u00e9 la majorit\u00e9 des sites web ou des liens connect\u00e9s \u00e0 son site web et n'est pas responsable du contenu de ces pages web connect\u00e9es. L'incorporation d'un lien ne signifie pas que D\u0130\u015e 212 Di\u015f Sa\u011fl\u0131\u011f\u0131 H\u0130zmetleri Sanayi ve Ticaret Limited \u015eirketi approuve le site. L'utilisation d'un tel site connect\u00e9 se fait aux risques et p\u00e9rils de l'utilisateur.<\/p>\n<h3>7. Modifications des conditions d'utilisation du site<\/h3>\n<p>D\u0130\u015e 212 Di\u015f Sa\u011fl\u0131\u011f\u0131 H\u0130zmetleri Sanayi ve Ticaret Limited \u015eirketi peut mettre \u00e0 jour les pr\u00e9sentes conditions d'utilisation de son site Internet \u00e0 tout moment et sans pr\u00e9avis. En utilisant ce site, vous acceptez d'\u00eatre li\u00e9 par la forme actuelle de ces conditions d'utilisation.<\/p>\n<h3>8. Droit applicable<\/h3>\n<p>Toute affaire concernant le site de D\u0130\u015e 212 Di\u015f Sa\u011fl\u0131\u011f\u0131 H\u0130zmetleri Sanayi ve Ticaret Limited \u015eirketi doit \u00eatre r\u00e9gie par les lois du pays de Turquie D\u0130\u015e 212 Di\u015f Sa\u011fl\u0131\u011f\u0131 H\u0130zmetleri Sanayi ve Ticaret Limited \u015eirketi State, sans tenir compte de ses dispositions en mati\u00e8re de conflit de lois.<\/p>\n<p>Conditions g\u00e9n\u00e9rales applicables \u00e0 l'utilisation d'un site web.<\/p>\n<h2>Politique de confidentialit\u00e9<\/h2>\n<p>Votre vie priv\u00e9e est essentielle pour nous. De m\u00eame, nous avons \u00e9labor\u00e9 cette politique dans le but de vous montrer comment nous recueillons, utilisons, transmettons, r\u00e9v\u00e9lons et utilisons les donn\u00e9es individuelles. Voici les grandes lignes de notre politique en mati\u00e8re de protection de la vie priv\u00e9e.<\/p>\n<ul>\n<li>Avant ou au moment de la collecte d'informations personnelles, nous identifierons les raisons pour lesquelles les informations sont collect\u00e9es.<\/li>\n<li>Nous collecterons et utiliserons les donn\u00e9es individuelles uniquement dans le but de satisfaire aux raisons que nous avons indiqu\u00e9es et \u00e0 d'autres fins utiles, \u00e0 moins que nous n'obtenions le consentement de la personne concern\u00e9e ou que la loi ne l'exige.<\/li>\n<li>Nous ne conserverons les donn\u00e9es individuelles que le temps n\u00e9cessaire \u00e0 la satisfaction de ces raisons.<\/li>\n<li>Nous collectons les donn\u00e9es individuelles par des moyens l\u00e9gaux et raisonnables et, le cas \u00e9ch\u00e9ant, avec l'information ou l'assentiment de la personne concern\u00e9e.<\/li>\n<li>Les informations personnelles doivent \u00eatre importantes pour les raisons pour lesquelles elles doivent \u00eatre utilis\u00e9es et, dans la mesure o\u00f9 cela est essentiel pour ces raisons, elles doivent \u00eatre exactes, compl\u00e8tes et mises \u00e0 jour.<\/li>\n<li>Nous prot\u00e9gerons les donn\u00e9es individuelles par des boucliers de s\u00e9curit\u00e9 contre la malveillance ou le cambriolage, ainsi que contre l'acc\u00e8s, la divulgation, la duplication, l'utilisation ou l'alt\u00e9ration non approuv\u00e9s.<\/li>\n<li>Nous fournirons rapidement aux clients l'acc\u00e8s \u00e0 nos politiques et proc\u00e9dures pour l'administration des donn\u00e9es individuelles.<\/li>\n<\/ul>\n<p>Nous nous effor\u00e7ons de mener nos activit\u00e9s conform\u00e9ment \u00e0 ces normes, avec pour objectif sp\u00e9cifique de garantir la s\u00e9curit\u00e9 et le respect de la confidentialit\u00e9 des donn\u00e9es individuelles.<\/p>","protected":false},"excerpt":{"rendered":"<p>Terms and Conditions &amp; Privacy Policy 1. Terms By accessing this web site, you are agreeing to be bound by these web site Terms and Conditions of Use, applicable laws and regulations and their compliance. If you disagree with any of the stated terms and conditions, you are prohibited from using or accessing this site. [&#8230;]\n","protected":false},"author":1,"featured_media":0,"parent":0,"menu_order":0,"comment_status":"closed","ping_status":"closed","template":"","meta":{"footnotes":""},"class_list":["post-3462","page","type-page","status-publish","hentry"],"_links":{"self":[{"href":"https:\/\/dis212dentalgroup.com\/fr\/wp-json\/wp\/v2\/pages\/3462","targetHints":{"allow":["GET"]}}],"collection":[{"href":"https:\/\/dis212dentalgroup.com\/fr\/wp-json\/wp\/v2\/pages"}],"about":[{"href":"https:\/\/dis212dentalgroup.com\/fr\/wp-json\/wp\/v2\/types\/page"}],"author":[{"embeddable":true,"href":"https:\/\/dis212dentalgroup.com\/fr\/wp-json\/wp\/v2\/users\/1"}],"replies":[{"embeddable":true,"href":"https:\/\/dis212dentalgroup.com\/fr\/wp-json\/wp\/v2\/comments?post=3462"}],"version-history":[{"count":0,"href":"https:\/\/dis212dentalgroup.com\/fr\/wp-json\/wp\/v2\/pages\/3462\/revisions"}],"wp:attachment":[{"href":"https:\/\/dis212dentalgroup.com\/fr\/wp-json\/wp\/v2\/media?parent=3462"}],"curies":[{"name":"wp","href":"https:\/\/api.w.org\/{rel}","templated":true}]}}