{"id":3358,"date":"2019-05-27T11:21:40","date_gmt":"2019-05-27T08:21:40","guid":{"rendered":"https:\/\/new.dis212.com.tr\/?page_id=3358"},"modified":"2022-01-14T03:12:40","modified_gmt":"2022-01-14T00:12:40","slug":"pedodontics-infant-dentistry","status":"publish","type":"page","link":"https:\/\/dis212dentalgroup.com\/fr\/pedodontics-infant-dentistry\/","title":{"rendered":"P\u00c9DODONTIE DENTISTERIE INFANTILE"},"content":{"rendered":"<div class=\"banner has-hover\" id=\"banner-979388003\">\n          <div class=\"banner-inner fill\">\n        <div class=\"banner-bg fill\" >\n            <img loading=\"lazy\" decoding=\"async\" width=\"1020\" height=\"361\" src=\"https:\/\/dis212dentalgroup.com\/wp-content\/uploads\/2019\/05\/page-header-1024x362.jpg\" class=\"bg attachment-large size-large\" alt=\"Implant dentaire en Turquie\" title=\"\">                        <div class=\"overlay\"><\/div>            \n                    <\/div>\n\t\t\n        <div class=\"banner-layers container\">\n            <div class=\"fill banner-link\"><\/div>            \n   <div id=\"text-box-1467463766\" class=\"text-box banner-layer x50 md-x50 lg-x50 y50 md-y50 lg-y50 res-text\">\n                                <div class=\"text-box-content text dark\">\n              \n              <div class=\"text-inner text-center\">\n                  \n<h1 class=\"uppercase\"><strong>P\u00c9DODONTIE DENTISTERIE INFANTILE<\/strong><\/h1>\n              <\/div>\n           <\/div>\n                            \n<style>\n#text-box-1467463766 {\n  width: 60%;\n}\n#text-box-1467463766 .text-box-content {\n  font-size: 100%;\n}\n<\/style>\n    <\/div>\n \n        <\/div>\n      <\/div>\n\n            \n<style>\n#banner-979388003 {\n  padding-top: 700px;\n}\n#banner-979388003 .overlay {\n  background-color: rgba(100, 202, 217, 0.5);\n}\n<\/style>\n  <\/div>\n\n\n<div class=\"row\"  id=\"row-408897059\">\n\n\t<div id=\"col-220824515\" class=\"col medium-6 small-12 large-6\"  >\n\t\t\t\t<div class=\"col-inner\"  >\n\t\t\t\n\t\t\t\n<h3><strong>P\u00e9dodontie (0-13 ans)<\/strong><\/h3>\n<h3><strong>Eruption dentaire et probl\u00e8mes<\/strong><\/h3>\n<h3><strong>L'\u00e9ruption tardive chez les b\u00e9b\u00e9s est-elle pr\u00e9occupante ?<\/strong><\/h3>\n<p>L'\u00e9ruption des premi\u00e8res dents commence g\u00e9n\u00e9ralement \u00e0 6 mois, mais certains facteurs peuvent entra\u00eener des retards.  Les retards jusqu'\u00e0 l'\u00e2ge d'un an sont acceptables.  Si aucune dent n'est apparue \u00e0 l'\u00e2ge d'un an, il faut emmener le b\u00e9b\u00e9 chez le dentiste pour qu'il soit examin\u00e9.<\/p>\n<h3><strong>Quels sont les sympt\u00f4mes visibles sur les gencives pendant l'\u00e9ruption ?<\/strong><\/h3>\n<p>Un jour ou deux avant l'\u00e9ruption, l'animal peut pr\u00e9senter un \u00e9tat de malaise, un manque d'app\u00e9tit, des d\u00e9mangeaisons des gencives et une augmentation de la salive.  Les gencives \u00e0 l'endroit o\u00f9 la dent est sur le point de sortir peuvent \u00eatre gonfl\u00e9es.  Toutes ces plaintes cesseront une fois que les dents auront fait \u00e9ruption, et il n'existe pas de m\u00e9dicament pour rem\u00e9dier \u00e0 toutes les plaintes.  Des cr\u00e8mes vendues en pharmacie peuvent \u00eatre utilis\u00e9es avant la t\u00e9t\u00e9e pour r\u00e9conforter l'enfant.<\/p>\n\t\t<\/div>\n\t\t\t\t\t<\/div>\n\n\t\n\n\t<div id=\"col-1831922057\" class=\"col medium-6 small-12 large-6\"  >\n\t\t\t\t<div class=\"col-inner\"  >\n\t\t\t\n\t\t\t\n\t<div class=\"img has-hover x md-x lg-x y md-y lg-y\" id=\"image_257281702\">\n\t\t\t\t\t\t\t\t<div class=\"img-inner dark\" >\n\t\t\t<img loading=\"lazy\" decoding=\"async\" width=\"800\" height=\"800\" src=\"https:\/\/dis212dentalgroup.com\/wp-content\/uploads\/2019\/05\/dis212-estetik-dis-hekimligi.jpg\" class=\"attachment-large size-large\" alt=\"tous sur quatre\" srcset=\"https:\/\/dis212dentalgroup.com\/wp-content\/uploads\/2019\/05\/dis212-estetik-dis-hekimligi.jpg 800w, https:\/\/dis212dentalgroup.com\/wp-content\/uploads\/2019\/05\/dis212-estetik-dis-hekimligi-300x300.jpg 300w, https:\/\/dis212dentalgroup.com\/wp-content\/uploads\/2019\/05\/dis212-estetik-dis-hekimligi-100x100.jpg 100w, https:\/\/dis212dentalgroup.com\/wp-content\/uploads\/2019\/05\/dis212-estetik-dis-hekimligi-600x600.jpg 600w, https:\/\/dis212dentalgroup.com\/wp-content\/uploads\/2019\/05\/dis212-estetik-dis-hekimligi-150x150.jpg 150w, https:\/\/dis212dentalgroup.com\/wp-content\/uploads\/2019\/05\/dis212-estetik-dis-hekimligi-768x768.jpg 768w\" sizes=\"auto, (max-width: 800px) 100vw, 800px\" title=\"\">\t\t\t\t\t\t\n\t\t\t\t\t<\/div>\n\t\t\t\t\t\t\t\t\n<style>\n#image_257281702 {\n  width: 100%;\n}\n<\/style>\n\t<\/div>\n\t\n\t\t<\/div>\n\t\t\t\t\t<\/div>\n\n\t\n\n\t<div id=\"col-1610558059\" class=\"col small-12 large-12\"  >\n\t\t\t\t<div class=\"col-inner\"  >\n\t\t\t\n\t\t\t\n<h3><strong>L'\u00e9tat g\u00e9n\u00e9ral de l'enfant change-t-il pendant l'\u00e9ruption ?<\/strong><\/h3>\n<p>Auparavant, tous les probl\u00e8mes qu'un enfant rencontrait lorsqu'il atteignait l'\u00e2ge de l'\u00e9ruption \u00e9taient li\u00e9s \u00e0 l'\u00e9ruption dentaire.  Si l'\u00e9ruption peut avoir certains effets sur l'enfant, des affections telles que les convulsions, la diarrh\u00e9e et la bronchite ne sont plus li\u00e9es \u00e0 l'\u00e9ruption.  Pour pouvoir \u00e9tablir un lien entre les irr\u00e9gularit\u00e9s de l'\u00e9tat g\u00e9n\u00e9ral de l'enfant et l'\u00e9ruption, il faut analyser toutes les autres raisons.  Il est donc important de consulter un p\u00e9dodontiste si l'on est confront\u00e9 \u00e0 un tel probl\u00e8me.<\/p>\n<h3><strong>Quand l'\u00e9ruption sera-t-elle termin\u00e9e ?<\/strong><\/h3>\n<p>L'\u00e9ruption des dents de lait s'ach\u00e8ve entre l'\u00e2ge de 24 et 30 mois.  Les dents de lait compl\u00e8tement sorties chez l'enfant comprennent 20 dents au total ; 10 sur la m\u00e2choire sup\u00e9rieure et 10 sur la m\u00e2choire inf\u00e9rieure.<\/p>\n<h3><strong>Quand les dents d\u00e9finitives font-elles leur apparition ?<\/strong><\/h3>\n<p>\u00c0 l'\u00e2ge de six ans, les dents permanentes commencent \u00e0 faire \u00e9ruption derri\u00e8re les dents de lait.  Elles se pr\u00e9sentent sous la forme de deux dents sur la m\u00e2choire sup\u00e9rieure et inf\u00e9rieure, \u00e0 gauche et \u00e0 droite, soit quatre au total.  Comme elles sont souvent confondues avec les dents de lait, elles sont souvent extraites au lieu d'\u00eatre soign\u00e9es lorsqu'elles sont cari\u00e9es.  Cependant, l'extraction de ces dents, qui sont tr\u00e8s importantes dans la denture, entra\u00eene des malformations dont le traitement est tr\u00e8s difficile.<\/p>\n<p>Entre 7 et 11 ans, les dents de lait commencent \u00e0 se d\u00e9placer et les dents d\u00e9finitives sortent par le bas pour les remplacer.<\/p>\n<p>\u00c0 l'\u00e2ge de 12 ans, la deuxi\u00e8me s\u00e9rie de dents d\u00e9finitives appara\u00eet.  Elles ne remplacent pas non plus les dents de lait.<\/p>\n<h3><strong>Que se passe-t-il lorsqu'un enfant na\u00eet avec des dents ?<\/strong><\/h3>\n<p>Il arrive que les b\u00e9b\u00e9s naissent avec des dents ou que leurs dents fassent \u00e9ruption imm\u00e9diatement apr\u00e8s la naissance.  L'extraction de ces dents branlantes peut s'av\u00e9rer n\u00e9cessaire car le b\u00e9b\u00e9 risque de les avaler ou de s'\u00e9touffer.  Elles peuvent \u00e9galement irriter les mamelons de la m\u00e8re pendant l'allaitement.  Dans de tels cas, l'intervention d'un dentiste peut s'av\u00e9rer n\u00e9cessaire.<\/p>\n<h3><strong>Brossage<\/strong><\/h3>\n<h3><strong>Quand le brossage des dents de lait doit-il commencer ?<\/strong><\/h3>\n<p>D\u00e8s que les premi\u00e8res dents apparaissent dans la bouche, il faut commencer \u00e0 les nettoyer.  \u00c0 l'aide d'un chiffon ou d'une gaze propre, les dents doivent \u00eatre nettoy\u00e9es en les essuyant apr\u00e8s le petit-d\u00e9jeuner et avant d'aller dormir.  L'utilisation d'une brosse \u00e0 dents doit commencer apr\u00e8s l'apparition des premi\u00e8res dents post\u00e9rieures.<\/p>\n<h3><strong>Quelle est la meilleure m\u00e9thode de brossage ?<\/strong><\/h3>\n<p>Il est tr\u00e8s difficile de sugg\u00e9rer et d'imposer une m\u00e9thode de brossage aux enfants d'\u00e2ge pr\u00e9scolaire.  L'important est de faire en sorte que le brossage devienne une habitude pour eux.  Lors du brossage, les enfants brossent g\u00e9n\u00e9ralement les surfaces des dents visibles ou facilement accessibles.  Or, les germes s'accumulent plus facilement entre les dents et sur les surfaces de mastication.  C'est pourquoi la surveillance des parents est essentielle avant le brossage.  Chez les enfants d'\u00e2ge scolaire, la brosse \u00e0 dents doit \u00eatre plac\u00e9e \u00e0 l'endroit o\u00f9 les dents et les gencives se rencontrent, \u00e0 un angle de 45\u00ba, puis les surfaces de mastication des dents doivent \u00eatre bross\u00e9es par des mouvements de va-et-vient.<\/p>\n<h3><strong>Quelle brosse \u00e0 dents faut-il privil\u00e9gier pour les enfants ?<\/strong><\/h3>\n<p>En fonction de la taille de la bouche de l'enfant, il convient d'utiliser des brosses \u00e0 dents souples et \u00e0 poils en nylon.  Les brosses dures sont d\u00e9conseill\u00e9es car elles risquent d'\u00e9roder les dents.  Tout comme un balai us\u00e9 ne peut pas nettoyer correctement les sols, une vieille brosse \u00e0 dents ne peut pas nettoyer les dents.  D\u00e8s que les poils d'une brosse \u00e0 dents commencent \u00e0 s'user (en moyenne tous les 3 mois), il faut imp\u00e9rativement les changer.<\/p>\n<h3><strong>Quel dentifrice doit \u00eatre utilis\u00e9 avec les enfants, et en quelle quantit\u00e9 ?<\/strong><\/h3>\n<p>Le dentifrice n'est pas recommand\u00e9 pour les b\u00e9b\u00e9s en bas \u00e2ge et les enfants jusqu'\u00e0 l'\u00e2ge de trois ans. L'utilisation du dentifrice devrait commencer apr\u00e8s l'\u00e2ge de trois ans.  Toutefois, contrairement \u00e0 ce qui est indiqu\u00e9 dans les publicit\u00e9s, la quantit\u00e9 appliqu\u00e9e sur la brosse \u00e0 dents doit \u00eatre de la taille d'un petit pois, et non de la longueur d'un demi-doigt.  Pour ce qui est du dentifrice, n'importe lequel des dentifrices fluor\u00e9s disponibles sur le march\u00e9 est pr\u00e9f\u00e9rable.  Il est imp\u00e9ratif de se rappeler qu'un brossage efficace est plus important que le choix du dentifrice.<\/p>\n<h3><strong>Combien de fois par jour un enfant doit-il se brosser les dents ?<\/strong><\/h3>\n<p>Une s\u00e9ance de brossage de trois minutes, une fois avant le petit-d\u00e9jeuner et une fois avant d'aller se coucher, est suffisante.  Comme beaucoup de bonnes habitudes de l'enfance, l'habitude de se brosser les dents s'acquiert aussi pendant l'enfance.<\/p>\n<h3><strong>Faut-il traiter les dents de lait ?<\/strong><\/h3>\n<ul>\n<li>Les dents de lait, tout comme les dents d\u00e9finitives, doivent \u00eatre soign\u00e9es.  Les faire extraire sous pr\u00e9texte qu'elles seront de toute fa\u00e7on remplac\u00e9es est une id\u00e9e qui peut entra\u00eener un certain nombre de probl\u00e8mes.  L'importance des dents de lait peut \u00eatre soulign\u00e9e comme suit :<\/li>\n<li>Les dents de lait jouent un r\u00f4le important dans la croissance.  Les enfants qui ont des maux de dents ne peuvent pas manger correctement.  De m\u00eame, les enfants dont les dents ont \u00e9t\u00e9 extraites ne peuvent pas manger et ne peuvent donc pas grandir et se d\u00e9velopper.<\/li>\n<li>Outre le d\u00e9veloppement g\u00e9n\u00e9ral du corps, les dents de lait sont \u00e9galement n\u00e9cessaires au d\u00e9veloppement des m\u00e2choires.  Les enfants dont les dents ont \u00e9t\u00e9 extraites en raison de caries ou de probl\u00e8mes de gencives peuvent voir leur m\u00e2choire s'affaisser et para\u00eetre plus \u00e2g\u00e9s.<\/li>\n<li>Les dents sont n\u00e9cessaires pour parler.  En particulier pendant la phase o\u00f9 les enfants apprennent \u00e0 parler, l'absence de dents de lait sur le devant peut entra\u00eener une mauvaise prononciation des lettres F, V, S, Z et T, ce qui peut devenir une habitude \u00e0 vie.<\/li>\n<li>Tous les enfants aiment sourire.  Des dents saines sont n\u00e9cessaires pour un beau sourire.<\/li>\n<li>Avoir l'air s\u00e9duisant est un besoin naturel chez les personnes de tous \u00e2ges.  Les enfants qui ont des dents cari\u00e9es ou manquantes peuvent penser qu'ils sont laids, ce qui peut entra\u00eener une g\u00eane psychologique.<\/li>\n<li>Une autre fonction des dents de lait est de pr\u00e9server la place des dents permanentes qui \u00e9mergent par le bas.  Imaginez 10 enfants assis les uns \u00e0 c\u00f4t\u00e9 des autres sur un canap\u00e9.  Lorsque l'un d'entre eux se l\u00e8ve et s'en va, les autres se d\u00e9placent et occupent sa place pour \u00eatre plus \u00e0 l'aise.  Si un autre enfant arrive et essaie de s'asseoir parmi eux, ils devront se serrer l'un contre l'autre.  De m\u00eame, si une dent de lait est extraite avant l'heure, les dents voisines se d\u00e9placent vers l'espace libre.  Cela ne laisse pas de place pour la dent qui \u00e9merge du fond.  Cette dent comprime les autres, ce qui provoque des dents de travers.<\/li>\n<\/ul>\n<h3><strong>La premi\u00e8re visite d'un enfant chez le dentiste<\/strong><\/h3>\n<h3><strong>Quand faut-il emmener un enfant chez le dentiste pour la premi\u00e8re fois ?<\/strong><\/h3>\n<p>Le moment id\u00e9al pour cela est le semestre qui suit l'apparition des premi\u00e8res dents.  Les probl\u00e8mes dentaires d'un enfant peuvent appara\u00eetre d\u00e8s son plus jeune \u00e2ge.  L'obtention d'informations sur les habitudes de l'enfant en mati\u00e8re d'alimentation, de soins dentaires et de succion peut permettre de pr\u00e9venir les probl\u00e8mes avant qu'ils ne surviennent.<\/p>\n<h3><strong>Comment l'enfant et ses parents doivent-ils se pr\u00e9parer au premier examen ?<\/strong><\/h3>\n<p>La meilleure solution consiste \u00e0 obtenir des informations sur la proc\u00e9dure avant d'emmener l'enfant chez le dentiste.  Contacter un dentiste avant que de tr\u00e8s grosses cavit\u00e9s ne se forment et que de violentes douleurs ne commencent \u00e0 se manifester garantira que le traitement se d\u00e9roulera beaucoup plus facilement, tant pour l'enfant que pour le dentiste.  Cependant, un enfant amen\u00e9 chez le dentiste avec l'id\u00e9e pr\u00e9con\u00e7ue qu'il n'y aura pas d'injection perdra toute confiance dans ses parents et dans le m\u00e9decin si une anesth\u00e9sie s'av\u00e8re n\u00e9cessaire.  Il est donc important d'informer correctement l'enfant sur le traitement afin de combattre ses craintes et de r\u00e9tablir sa confiance.<\/p>\n<h3><strong>Pourquoi les enfants ont-ils peur du dentiste et quelles sont les mesures \u00e0 prendre ?<\/strong><\/h3>\n<p>Si les parents expliquent \u00e0 l'enfant qu'il n'y a rien \u00e0 craindre des soins dentaires, il peut facilement \u00eatre emmen\u00e9 chez le dentiste.  Cependant, certains parents effraient les enfants en leur faisant croire que les dentistes sont une source de peur, en leur disant par exemple : \"Si tu n'es pas sage, je t'emm\u00e8ne chez le dentiste et il t'arrachera une dent !<\/p>\n<p>C'est pourquoi ;<\/p>\n<ul>\n<li>La visite chez le dentiste ne doit pas \u00eatre synonyme de punition.  Au contraire, il faut cr\u00e9er une atmosph\u00e8re dans laquelle l'enfant aime aller chez le dentiste.<\/li>\n<li>Autre point de vigilance : il ne faut pas \u00e9tablir de corr\u00e9lation entre le fait d'aller chez le dentiste et la douleur \u00e0 laquelle l'enfant va \u00eatre soumis.  Cependant, tromper l'enfant en lui disant \"Ta dent ne te fera pas mal du tout\" ne fera que rendre le traitement futur plus difficile.<\/li>\n<li>Un bon dialogue entre le dentiste et l'enfant aidera ce dernier \u00e0 combattre ses peurs.  Pour cela, il est important que le parent permette \u00e0 l'enfant de r\u00e9pondre aux questions du dentiste.<\/li>\n<\/ul>\n<p><strong><em>N'h\u00e9sitez pas \u00e0 nous contacter via le formulaire de la section droite afin d'obtenir des informations optimales.<\/em><\/strong><\/p>\n\t\t<\/div>\n\t\t\t\t\t<\/div>\n\n\t\n<\/div>","protected":false},"excerpt":{"rendered":"","protected":false},"author":1,"featured_media":3151,"parent":0,"menu_order":0,"comment_status":"closed","ping_status":"closed","template":"page-transparent-header-light.php","meta":{"footnotes":""},"class_list":["post-3358","page","type-page","status-publish","has-post-thumbnail","hentry"],"_links":{"self":[{"href":"https:\/\/dis212dentalgroup.com\/fr\/wp-json\/wp\/v2\/pages\/3358","targetHints":{"allow":["GET"]}}],"collection":[{"href":"https:\/\/dis212dentalgroup.com\/fr\/wp-json\/wp\/v2\/pages"}],"about":[{"href":"https:\/\/dis212dentalgroup.com\/fr\/wp-json\/wp\/v2\/types\/page"}],"author":[{"embeddable":true,"href":"https:\/\/dis212dentalgroup.com\/fr\/wp-json\/wp\/v2\/users\/1"}],"replies":[{"embeddable":true,"href":"https:\/\/dis212dentalgroup.com\/fr\/wp-json\/wp\/v2\/comments?post=3358"}],"version-history":[{"count":0,"href":"https:\/\/dis212dentalgroup.com\/fr\/wp-json\/wp\/v2\/pages\/3358\/revisions"}],"wp:featuredmedia":[{"embeddable":true,"href":"https:\/\/dis212dentalgroup.com\/fr\/wp-json\/wp\/v2\/media\/3151"}],"wp:attachment":[{"href":"https:\/\/dis212dentalgroup.com\/fr\/wp-json\/wp\/v2\/media?parent=3358"}],"curies":[{"name":"wp","href":"https:\/\/api.w.org\/{rel}","templated":true}]}}