{"id":3357,"date":"2019-05-27T11:18:46","date_gmt":"2019-05-27T08:18:46","guid":{"rendered":"https:\/\/new.dis212.com.tr\/?page_id=3357"},"modified":"2022-07-06T22:40:52","modified_gmt":"2022-07-06T19:40:52","slug":"root-canal-treatment","status":"publish","type":"page","link":"https:\/\/dis212dentalgroup.com\/fr\/root-canal-treatment\/","title":{"rendered":"TRAITEMENT DU CANAL RADICULAIRE"},"content":{"rendered":"<div class=\"banner has-hover\" id=\"banner-1073842990\">\n          <div class=\"banner-inner fill\">\n        <div class=\"banner-bg fill\" >\n            <img loading=\"lazy\" decoding=\"async\" width=\"1020\" height=\"361\" src=\"https:\/\/dis212dentalgroup.com\/wp-content\/uploads\/2019\/05\/page-header-1024x362.jpg\" class=\"bg attachment-large size-large\" alt=\"Implant dentaire en Turquie\" title=\"\">                        <div class=\"overlay\"><\/div>            \n                    <\/div>\n\t\t\n        <div class=\"banner-layers container\">\n            <div class=\"fill banner-link\"><\/div>            \n   <div id=\"text-box-227861287\" class=\"text-box banner-layer x50 md-x50 lg-x50 y50 md-y50 lg-y50 res-text\">\n                                <div class=\"text-box-content text dark\">\n              \n              <div class=\"text-inner text-center\">\n                  \n<h1>TRAITEMENT DU CANAL RADICULAIRE<\/h1>\n<p>Traitement du canal radiculaire en Turquie<\/p>\n<a href=\"#get-a-free-quote\" class=\"button success is-shade is-large box-shadow-3 box-shadow-5-hover\"  style=\"border-radius:5px;\">\n\t<i class=\"icon-expand\" aria-hidden=\"true\" ><\/i>\t<span>OBTENIR UN DEVIS GRATUIT<\/span>\n\t<\/a>\n\n              <\/div>\n           <\/div>\n                            \n<style>\n#text-box-227861287 {\n  width: 85%;\n}\n#text-box-227861287 .text-box-content {\n  font-size: 100%;\n}\n<\/style>\n    <\/div>\n \n        <\/div>\n      <\/div>\n\n            \n<style>\n#banner-1073842990 {\n  padding-top: 500px;\n}\n#banner-1073842990 .overlay {\n  background-color: rgba(64, 123, 205, 0.3);\n}\n@media (min-width:550px) {\n  #banner-1073842990 {\n    padding-top: 700px;\n  }\n}\n<\/style>\n  <\/div>\n\n\n<div class=\"row\"  id=\"row-1158243540\">\n\n\t<div id=\"col-1195912777\" class=\"col medium-6 small-12 large-6\"  >\n\t\t\t\t<div class=\"col-inner\"  >\n\t\t\t\n\t\t\t\n<p><strong>Traitement du canal radiculaire<\/strong>\u00a0(\u00e9galement appel\u00e9\u00a0<strong>Endodontie<\/strong>) est in\u00e9vitable lorsque le nerf ou la circulation sanguine de la dent est infect\u00e9 \u00e0 la suite d'une carie ou d'une blessure. L'infection peut se propager dans le syst\u00e8me canalaire de la dent, ce qui peut \u00e9ventuellement conduire \u00e0 un abc\u00e8s.\u00a0<\/p>\n<p><strong>Traitement du canal radiculaire\u00a0<\/strong>n\u00e9cessite un dentiste qualifi\u00e9 et c'est \u00e9galement une proc\u00e9dure qui prend du temps et qui peut n\u00e9cessiter plusieurs rendez-vous.<\/p>\n<ul>\n<li>La pulpe infect\u00e9e est retir\u00e9e lors du premier rendez-vous.<\/li>\n<li>Tout abc\u00e8s \u00e9ventuel doit \u00eatre drain\u00e9 \u00e0 ce moment-l\u00e0.<\/li>\n<li>Le canal radiculaire est ensuite nettoy\u00e9 et mis en forme pour l'obturation.<\/li>\n<li>Une obturation provisoire est mise en place.<\/li>\n<li>La dent est laiss\u00e9e \u00e0 l'abandon.<\/li>\n<li>La dent est contr\u00f4l\u00e9e lors d'une visite ult\u00e9rieure.<\/li>\n<li>Lorsque l'infection a disparu, la dent est d\u00e9finitivement obtur\u00e9e ou couronn\u00e9e.<\/li>\n<\/ul>\n\t\t<\/div>\n\t\t\t\t\t<\/div>\n\n\t\n\n\t<div id=\"col-306176868\" class=\"col medium-6 small-12 large-6\"  >\n\t\t\t\t<div class=\"col-inner\"  >\n\t\t\t\n\t\t\t\n\t<div class=\"img has-hover x md-x lg-x y md-y lg-y\" id=\"image_1810679281\">\n\t\t\t\t\t\t\t\t<div class=\"img-inner dark\" >\n\t\t\t<img loading=\"lazy\" decoding=\"async\" width=\"800\" height=\"800\" src=\"https:\/\/dis212dentalgroup.com\/wp-content\/uploads\/2019\/05\/dis212-estetik-dis-hekimligi.jpg\" class=\"attachment-large size-large\" alt=\"tous sur quatre\" srcset=\"https:\/\/dis212dentalgroup.com\/wp-content\/uploads\/2019\/05\/dis212-estetik-dis-hekimligi.jpg 800w, https:\/\/dis212dentalgroup.com\/wp-content\/uploads\/2019\/05\/dis212-estetik-dis-hekimligi-300x300.jpg 300w, https:\/\/dis212dentalgroup.com\/wp-content\/uploads\/2019\/05\/dis212-estetik-dis-hekimligi-100x100.jpg 100w, https:\/\/dis212dentalgroup.com\/wp-content\/uploads\/2019\/05\/dis212-estetik-dis-hekimligi-600x600.jpg 600w, https:\/\/dis212dentalgroup.com\/wp-content\/uploads\/2019\/05\/dis212-estetik-dis-hekimligi-150x150.jpg 150w, https:\/\/dis212dentalgroup.com\/wp-content\/uploads\/2019\/05\/dis212-estetik-dis-hekimligi-768x768.jpg 768w\" sizes=\"auto, (max-width: 800px) 100vw, 800px\" title=\"\">\t\t\t\t\t\t\n\t\t\t\t\t<\/div>\n\t\t\t\t\t\t\t\t\n<style>\n#image_1810679281 {\n  width: 100%;\n}\n<\/style>\n\t<\/div>\n\t\n\t\t<\/div>\n\t\t\t\t\t<\/div>\n\n\t\n\n\t<div id=\"col-1475342294\" class=\"col small-12 large-12\"  >\n\t\t\t\t<div class=\"col-inner\"  >\n\t\t\t\n\t\t\t\n<p><strong>Traitement du canal radiculaire<\/strong>\u00a0(\u00e9galement appel\u00e9\u00a0<strong>Endodontie<\/strong>) est in\u00e9vitable lorsque le nerf ou la circulation sanguine de la dent est infect\u00e9 \u00e0 la suite d'une carie ou d'une blessure. L'infection peut se propager dans le syst\u00e8me canalaire de la dent, ce qui peut \u00e9ventuellement conduire \u00e0 un abc\u00e8s.\u00a0<\/p>\n<p><strong>Traitement du canal radiculaire\u00a0<\/strong>n\u00e9cessite un dentiste qualifi\u00e9 et c'est \u00e9galement une proc\u00e9dure qui prend du temps et qui peut n\u00e9cessiter plusieurs rendez-vous.<\/p>\n<ul>\n<li>La pulpe infect\u00e9e est retir\u00e9e lors du premier rendez-vous.<\/li>\n<li>Tout abc\u00e8s \u00e9ventuel doit \u00eatre drain\u00e9 \u00e0 ce moment-l\u00e0.<\/li>\n<li>Le canal radiculaire est ensuite nettoy\u00e9 et mis en forme pour l'obturation.<\/li>\n<li>Une obturation provisoire est mise en place.<\/li>\n<li>La dent est laiss\u00e9e \u00e0 l'abandon.<\/li>\n<li>La dent est contr\u00f4l\u00e9e lors d'une visite ult\u00e9rieure.<\/li>\n<li>Lorsque l'infection a disparu, la dent est d\u00e9finitivement obtur\u00e9e ou couronn\u00e9e.<\/li>\n<\/ul>\n\t\t<\/div>\n\t\t\t\t\t<\/div>\n\n\t\n<\/div>","protected":false},"excerpt":{"rendered":"","protected":false},"author":1,"featured_media":3321,"parent":0,"menu_order":0,"comment_status":"closed","ping_status":"closed","template":"page-transparent-header-light.php","meta":{"footnotes":""},"class_list":["post-3357","page","type-page","status-publish","has-post-thumbnail","hentry"],"_links":{"self":[{"href":"https:\/\/dis212dentalgroup.com\/fr\/wp-json\/wp\/v2\/pages\/3357","targetHints":{"allow":["GET"]}}],"collection":[{"href":"https:\/\/dis212dentalgroup.com\/fr\/wp-json\/wp\/v2\/pages"}],"about":[{"href":"https:\/\/dis212dentalgroup.com\/fr\/wp-json\/wp\/v2\/types\/page"}],"author":[{"embeddable":true,"href":"https:\/\/dis212dentalgroup.com\/fr\/wp-json\/wp\/v2\/users\/1"}],"replies":[{"embeddable":true,"href":"https:\/\/dis212dentalgroup.com\/fr\/wp-json\/wp\/v2\/comments?post=3357"}],"version-history":[{"count":0,"href":"https:\/\/dis212dentalgroup.com\/fr\/wp-json\/wp\/v2\/pages\/3357\/revisions"}],"wp:featuredmedia":[{"embeddable":true,"href":"https:\/\/dis212dentalgroup.com\/fr\/wp-json\/wp\/v2\/media\/3321"}],"wp:attachment":[{"href":"https:\/\/dis212dentalgroup.com\/fr\/wp-json\/wp\/v2\/media?parent=3357"}],"curies":[{"name":"wp","href":"https:\/\/api.w.org\/{rel}","templated":true}]}}