{"id":3356,"date":"2019-05-27T11:16:30","date_gmt":"2019-05-27T08:16:30","guid":{"rendered":"https:\/\/new.dis212.com.tr\/?page_id=3356"},"modified":"2022-07-06T22:40:10","modified_gmt":"2022-07-06T19:40:10","slug":"zoom-whitening-laser-dentistry","status":"publish","type":"page","link":"https:\/\/dis212dentalgroup.com\/fr\/zoom-whitening-laser-dentistry\/","title":{"rendered":"BLANCHIMENT ZOOM DENTISTERIE LASER"},"content":{"rendered":"<div class=\"banner has-hover\" id=\"banner-1595113718\">\n          <div class=\"banner-inner fill\">\n        <div class=\"banner-bg fill\" >\n            <img loading=\"lazy\" decoding=\"async\" width=\"1020\" height=\"361\" src=\"https:\/\/dis212dentalgroup.com\/wp-content\/uploads\/2019\/05\/page-header-1024x362.jpg\" class=\"bg attachment-large size-large\" alt=\"Implant dentaire en Turquie\" title=\"\">                        <div class=\"overlay\"><\/div>            \n                    <\/div>\n\t\t\n        <div class=\"banner-layers container\">\n            <div class=\"fill banner-link\"><\/div>            \n   <div id=\"text-box-425787690\" class=\"text-box banner-layer x50 md-x50 lg-x50 y50 md-y50 lg-y50 res-text\">\n                                <div class=\"text-box-content text dark\">\n              \n              <div class=\"text-inner text-center\">\n                  \n<h1>ZOOM WHITENING <br \/> DENTISTERIE AU LASER<\/h1>\n<p>Zoom Whitening Laser Dentistry en Turquie<\/p>\n<a href=\"#get-a-free-quote\" class=\"button success is-shade is-large box-shadow-3 box-shadow-5-hover\"  style=\"border-radius:5px;\">\n\t<i class=\"icon-expand\" aria-hidden=\"true\" ><\/i>\t<span>OBTENIR UN DEVIS GRATUIT<\/span>\n\t<\/a>\n\n              <\/div>\n           <\/div>\n                            \n<style>\n#text-box-425787690 {\n  width: 92%;\n}\n#text-box-425787690 .text-box-content {\n  font-size: 100%;\n}\n@media (min-width:550px) {\n  #text-box-425787690 {\n    width: 60%;\n  }\n}\n<\/style>\n    <\/div>\n \n        <\/div>\n      <\/div>\n\n            \n<style>\n#banner-1595113718 {\n  padding-top: 500px;\n}\n#banner-1595113718 .overlay {\n  background-color: rgba(64, 123, 205, 0.3);\n}\n@media (min-width:550px) {\n  #banner-1595113718 {\n    padding-top: 700px;\n  }\n}\n<\/style>\n  <\/div>\n\n\n<div class=\"row\"  id=\"row-1820376153\">\n\n\t<div id=\"col-239232218\" class=\"col medium-6 small-12 large-6\"  >\n\t\t\t\t<div class=\"col-inner\"  >\n\t\t\t\n\t\t\t\n<h3><strong>Zoom Whitening : Laser Tech. Blanchiment<\/strong><\/h3>\n<p>Zoom est un proc\u00e9d\u00e9 de blanchiment largement utilis\u00e9 dans tout le pays et dans le monde entier pour \u00e9claircir la d\u00e9coloration de l'\u00e9mail et de la dentine. La d\u00e9coloration des dents peut r\u00e9sulter de la consommation de caf\u00e9, de th\u00e9, de cola et de vin rouge, ou du tabagisme. Le processus de vieillissement peut \u00e9galement tacher et assombrir les dents. La proc\u00e9dure de blanchiment des dents Zoom en cabinet utilise la lampe Zoom Advanced Power Chairside Lamp - dont on dit qu'elle acc\u00e9l\u00e8re le processus de blanchiment - pour activer le blanchiment au peroxyde d'hydrog\u00e8ne \u00e0 25 %. Lorsque le peroxyde d'hydrog\u00e8ne est d\u00e9compos\u00e9, l'oxyg\u00e8ne p\u00e9n\u00e8tre dans l'\u00e9mail et la dentine pour blanchir les substances tach\u00e9es, tout en laissant la structure de la dent inchang\u00e9e.<\/p>\n<h3><strong>Consultation et planification du traitement<\/strong><\/h3>\n<p>Avant de d\u00e9cider si le blanchiment des dents Zoom en cabinet est adapt\u00e9 \u00e0 votre cas, votre dentiste proc\u00e9dera \u00e0 un examen complet de vos dents et de vos gencives pour s'assurer qu'elles sont en bonne sant\u00e9, et s'entretiendra avec vous de votre hygi\u00e8ne bucco-dentaire et de vos habitudes de vie afin de d\u00e9terminer si vous pouvez b\u00e9n\u00e9ficier d'un blanchiment. Cela vous aidera \u00e0 vous mettre d'accord avec votre dentiste sur le produit ou la technique de blanchiment qui vous convient le mieux.<\/p>\n<p>Votre dentiste peut \u00e9galement vous demander de subir un blanchiment si vous envisagez d'autres interventions dentaires esth\u00e9tiques, telles que des facettes ou un collage au composite, afin d'assurer une meilleure correspondance entre la restauration et votre dentition naturelle, ou apr\u00e8s le retrait d'un appareil orthodontique. En fonction de l'\u00e9tat de vos dents et des objectifs que vous vous \u00eates fix\u00e9s pour changer l'apparence de votre sourire, le blanchiment n'est peut-\u00eatre pas la meilleure solution.<\/p>\n<p>Lors de la consultation et de l'\u00e9valuation, votre dentiste notera \u00e9galement les travaux dentaires existants, tels que les couronnes et les facettes, qui ne r\u00e9pondront pas aux agents de blanchiment conventionnels.<\/p>\n<h3><strong>La proc\u00e9dure de zoom<\/strong><\/h3>\n<p>La proc\u00e9dure compl\u00e8te prend moins d'une heure, mais il est recommand\u00e9 de proc\u00e9der \u00e0 un nettoyage r\u00e9gulier des dents avant la s\u00e9ance de blanchiment Zoom. La proc\u00e9dure commence par une courte pr\u00e9paration des l\u00e8vres et des gencives, laissant les dents expos\u00e9es. Le dentiste ou l'assistant dentaire applique ensuite le gel blanchissant Zoom au peroxyde d'hydrog\u00e8ne, qui, associ\u00e9 \u00e0 la lumi\u00e8re Zoom, p\u00e9n\u00e8tre dans les dents et \u00e9limine les taches et les d\u00e9colorations. Le gel reste en place pendant 15 minutes tandis que la lumi\u00e8re est activ\u00e9e. Pendant ce temps, vous pouvez vous d\u00e9tendre, regarder la t\u00e9l\u00e9vision ou \u00e9couter de la musique.<\/p>\n<p>Le gel est appliqu\u00e9 pendant trois s\u00e9ances de 15 minutes d'activation de la lumi\u00e8re, pour une dur\u00e9e totale de traitement de 45 minutes. Les personnes souffrant d'un fort r\u00e9flexe naus\u00e9eux ou d'anxi\u00e9t\u00e9 peuvent \u00e9prouver des difficult\u00e9s \u00e0 subir l'ensemble de la proc\u00e9dure. Imm\u00e9diatement apr\u00e8s, un gel fluor\u00e9 r\u00e9duisant la sensibilit\u00e9 est appliqu\u00e9 sur les dents.<\/p>\n<h3><strong>Soins ult\u00e9rieurs : Maintenir les effets du blanchiment<\/strong><\/h3>\n<p>On vous remettra un kit de retouche Zoom \u00e0 utiliser \u00e0 la maison qui comprend des goutti\u00e8res de blanchiment personnalis\u00e9es. Suivez les instructions de votre dentiste pour savoir quand et comment utiliser ce kit de retouche.<\/p>\n<p>Pour aider \u00e0 maintenir les effets blanchissants de votre traitement, votre dentiste peut vous conseiller d'\u00e9viter certains aliments et boissons, ou de les consommer avec mod\u00e9ration pour \u00e9viter de tacher vos dents. Il s'agit notamment du th\u00e9, du caf\u00e9, du vin rouge, du cola, etc.<\/p>\n<p>En outre, les produits du tabac tachent les dents, m\u00eame apr\u00e8s un traitement de blanchiment. C'est pourquoi votre dentiste vous sugg\u00e9rera d'arr\u00eater de les utiliser. Maintenez une hygi\u00e8ne bucco-dentaire appropri\u00e9e (brossage et fil dentaire) pour emp\u00eacher les taches de se reformer, et consultez r\u00e9guli\u00e8rement votre dentiste et votre hygi\u00e9niste pour des nettoyages dentaires programm\u00e9s.<\/p>\n<p>Des dentifrices contenant des agents blanchissants peuvent \u00e9galement \u00eatre sugg\u00e9r\u00e9s par votre dentiste pour maintenir les r\u00e9sultats de la proc\u00e9dure.<\/p>\n<h3><strong>Consid\u00e9rations<\/strong><\/h3>\n<p>Certaines personnes peuvent ressentir une sensibilit\u00e9 pendant le traitement. La lumi\u00e8re Zoom produit une chaleur minime, qui est g\u00e9n\u00e9ralement \u00e0 l'origine de l'inconfort. Dans de rares cas, des picotements mineurs sont ressentis imm\u00e9diatement apr\u00e8s la proc\u00e9dure, mais ils disparaissent toujours. Demandez \u00e0 votre dentiste de vous prescrire un dentifrice anti-sensibilit\u00e9 avant le traitement afin d'att\u00e9nuer la sensibilit\u00e9.<\/p>\n<p>Comme pour les autres produits de blanchiment, Zoom n'est pas recommand\u00e9 aux enfants de moins de 13 ans, ni aux femmes enceintes ou allaitantes. De plus, il est important de se rappeler que le traitement de blanchiment peut ne pas \u00eatre aussi efficace pour certaines personnes que pour d'autres. Seul votre dentiste peut d\u00e9terminer si le blanchiment des dents vous convient, apr\u00e8s avoir effectu\u00e9 un examen bucco-dentaire approfondi comprenant une \u00e9valuation de la teinte.<\/p>\n<p><strong><em>N'h\u00e9sitez pas \u00e0 nous contacter via le formulaire de la section droite afin d'obtenir des informations optimales.<\/em><\/strong><\/p>\n\t\t<\/div>\n\t\t\t\t\t<\/div>\n\n\t\n\n\t<div id=\"col-1793868309\" class=\"col medium-6 small-12 large-6\"  >\n\t\t\t\t<div class=\"col-inner\"  >\n\t\t\t\n\t\t\t\n\t<div class=\"img has-hover x md-x lg-x y md-y lg-y\" id=\"image_1447383428\">\n\t\t\t\t\t\t\t\t<div class=\"img-inner dark\" >\n\t\t\t<img loading=\"lazy\" decoding=\"async\" width=\"800\" height=\"800\" src=\"https:\/\/dis212dentalgroup.com\/wp-content\/uploads\/2019\/05\/dis212-estetik-dis-hekimligi.jpg\" class=\"attachment-large size-large\" alt=\"tous sur quatre\" srcset=\"https:\/\/dis212dentalgroup.com\/wp-content\/uploads\/2019\/05\/dis212-estetik-dis-hekimligi.jpg 800w, https:\/\/dis212dentalgroup.com\/wp-content\/uploads\/2019\/05\/dis212-estetik-dis-hekimligi-300x300.jpg 300w, https:\/\/dis212dentalgroup.com\/wp-content\/uploads\/2019\/05\/dis212-estetik-dis-hekimligi-100x100.jpg 100w, https:\/\/dis212dentalgroup.com\/wp-content\/uploads\/2019\/05\/dis212-estetik-dis-hekimligi-600x600.jpg 600w, https:\/\/dis212dentalgroup.com\/wp-content\/uploads\/2019\/05\/dis212-estetik-dis-hekimligi-150x150.jpg 150w, https:\/\/dis212dentalgroup.com\/wp-content\/uploads\/2019\/05\/dis212-estetik-dis-hekimligi-768x768.jpg 768w\" sizes=\"auto, (max-width: 800px) 100vw, 800px\" title=\"\">\t\t\t\t\t\t\n\t\t\t\t\t<\/div>\n\t\t\t\t\t\t\t\t\n<style>\n#image_1447383428 {\n  width: 100%;\n}\n<\/style>\n\t<\/div>\n\t\n\t\t<\/div>\n\t\t\t\t\t<\/div>\n\n\t\n<\/div>","protected":false},"excerpt":{"rendered":"","protected":false},"author":1,"featured_media":0,"parent":0,"menu_order":0,"comment_status":"closed","ping_status":"closed","template":"page-transparent-header-light.php","meta":{"footnotes":""},"class_list":["post-3356","page","type-page","status-publish","hentry"],"_links":{"self":[{"href":"https:\/\/dis212dentalgroup.com\/fr\/wp-json\/wp\/v2\/pages\/3356","targetHints":{"allow":["GET"]}}],"collection":[{"href":"https:\/\/dis212dentalgroup.com\/fr\/wp-json\/wp\/v2\/pages"}],"about":[{"href":"https:\/\/dis212dentalgroup.com\/fr\/wp-json\/wp\/v2\/types\/page"}],"author":[{"embeddable":true,"href":"https:\/\/dis212dentalgroup.com\/fr\/wp-json\/wp\/v2\/users\/1"}],"replies":[{"embeddable":true,"href":"https:\/\/dis212dentalgroup.com\/fr\/wp-json\/wp\/v2\/comments?post=3356"}],"version-history":[{"count":0,"href":"https:\/\/dis212dentalgroup.com\/fr\/wp-json\/wp\/v2\/pages\/3356\/revisions"}],"wp:attachment":[{"href":"https:\/\/dis212dentalgroup.com\/fr\/wp-json\/wp\/v2\/media?parent=3356"}],"curies":[{"name":"wp","href":"https:\/\/api.w.org\/{rel}","templated":true}]}}