{"id":3355,"date":"2019-05-27T11:13:43","date_gmt":"2019-05-27T08:13:43","guid":{"rendered":"https:\/\/new.dis212.com.tr\/?page_id=3355"},"modified":"2022-07-06T22:43:40","modified_gmt":"2022-07-06T19:43:40","slug":"aesthetic-dentistry","status":"publish","type":"page","link":"https:\/\/dis212dentalgroup.com\/fr\/aesthetic-dentistry\/","title":{"rendered":"DENTISTERIE ESTH\u00c9TIQUE"},"content":{"rendered":"<div class=\"banner has-hover\" id=\"banner-88022739\">\n          <div class=\"banner-inner fill\">\n        <div class=\"banner-bg fill\" >\n            <img loading=\"lazy\" decoding=\"async\" width=\"1920\" height=\"1271\" src=\"https:\/\/dis212dentalgroup.com\/wp-content\/uploads\/2022\/01\/santelina-dentistry-bg.jpg\" class=\"bg attachment-original size-original\" alt=\"Implant dentaire en Turquie\" title=\"\">                        <div class=\"overlay\"><\/div>            \n                    <\/div>\n\t\t\n        <div class=\"banner-layers container\">\n            <div class=\"fill banner-link\"><\/div>            \n   <div id=\"text-box-151993107\" class=\"text-box banner-layer x50 md-x50 lg-x50 y50 md-y50 lg-y50 res-text\">\n                                <div class=\"text-box-content text dark\">\n              \n              <div class=\"text-inner text-center\">\n                  \n<h1 class=\"uppercase\"><strong>DENTISTERIE ESTH\u00c9TIQUE<\/strong><\/h1>\n<p>Dentisterie esth\u00e9tique en Turquie<\/p>\n<a href=\"#get-a-free-quote\" class=\"button success is-shade is-large box-shadow-3 box-shadow-5-hover\"  style=\"border-radius:5px;\">\n\t<i class=\"icon-expand\" aria-hidden=\"true\" ><\/i>\t<span>OBTENIR UN DEVIS GRATUIT<\/span>\n\t<\/a>\n\n              <\/div>\n           <\/div>\n                            \n<style>\n#text-box-151993107 {\n  width: 90%;\n}\n#text-box-151993107 .text-box-content {\n  font-size: 100%;\n}\n<\/style>\n    <\/div>\n \n        <\/div>\n      <\/div>\n\n            \n<style>\n#banner-88022739 {\n  padding-top: 500px;\n}\n#banner-88022739 .overlay {\n  background-color: rgba(64, 123, 205, 0.3);\n}\n@media (min-width:550px) {\n  #banner-88022739 {\n    padding-top: 700px;\n  }\n}\n<\/style>\n  <\/div>\n\n\n<div class=\"row\"  id=\"row-402898164\">\n\n\t<div id=\"col-510987184\" class=\"col medium-6 small-12 large-6\"  >\n\t\t\t\t<div class=\"col-inner\"  >\n\t\t\t\n\t\t\t\n<p>Alors que la dentisterie traditionnelle se concentre sur l'hygi\u00e8ne bucco-dentaire et la pr\u00e9vention, le diagnostic et le traitement des maladies bucco-dentaires, la dentisterie esth\u00e9tique se concentre sur l'am\u00e9lioration de l'apparence des dents, de la bouche et du sourire. En d'autres termes, la dentisterie restauratrice, g\u00e9n\u00e9rale et\/ou familiale s'attaque aux probl\u00e8mes dentaires qui n\u00e9cessitent un traitement, tandis que la dentisterie esth\u00e9tique propose des traitements ou des services facultatifs - ou souhait\u00e9s.<\/p>\n<p>Les traitements esth\u00e9tiques peuvent \u00e9galement avoir des vertus r\u00e9paratrices. Par exemple, les obturations dentaires sont une proc\u00e9dure couramment utilis\u00e9e pour traiter les dents cari\u00e9es. Auparavant, la plupart des obturations dentaires \u00e9taient compos\u00e9es principalement d'or, d'amalgame et d'autres mat\u00e9riaux qui laissaient des taches sombres visibles sur les dents.<\/p>\n<p>Les obturations dentaires d'aujourd'hui peuvent \u00eatre consid\u00e9r\u00e9es comme cosm\u00e9tiques dans une certaine mesure, car vous pouvez choisir des obturations en porcelaine ou en mat\u00e9riaux composites qui s'harmonisent parfaitement avec la couleur de vos dents, pr\u00e9servant ainsi l'aspect naturel de vos dents et de votre sourire. De nombreuses personnes peuvent choisir de remplacer leurs vieilles obturations par des obturations plus r\u00e9centes, de la couleur des dents, afin d'am\u00e9liorer leur apparence bucco-dentaire.<\/p>\n<h3><strong>Tendances en mati\u00e8re de dentisterie esth\u00e9tique<\/strong><\/h3>\n<p>Les avanc\u00e9es technologiques dans le domaine des mat\u00e9riaux dentaires color\u00e9s d'aspect naturel rendent les soins esth\u00e9tiques d'aujourd'hui plus faciles \u00e0 mettre en \u0153uvre. <a href=\"https:\/\/dis212dentalgroup.com\/fr\/dental-implants-in-turkey\/\">traitements dentaires<\/a> plus durables et plus pr\u00e9visibles que par le pass\u00e9. En outre, les dentistes utilisent d\u00e9sormais des techniques plus conservatrices pour pr\u00e9server autant que possible la structure naturelle des dents, en fonction de votre situation clinique sp\u00e9cifique.<\/p>\n<p>Les dentistes peuvent \u00e9galement utiliser des technologies telles que les lasers afin d'effectuer certaines proc\u00e9dures n\u00e9cessaires aux traitements esth\u00e9tiques dans leur propre cabinet, sans avoir \u00e0 faire appel \u00e0 des sp\u00e9cialistes. Cela rend les proc\u00e9dures telles que le changement de sourire plus confortables et plus pratiques pour les patients, et contribue \u00e0 r\u00e9duire le temps de r\u00e9cup\u00e9ration.<\/p>\n<p><strong><em>N'h\u00e9sitez pas \u00e0 nous contacter via le formulaire de la section droite afin d'obtenir des informations optimales.<\/em><\/strong><\/p>\n\t\t<\/div>\n\t\t\t\t\t<\/div>\n\n\t\n\n\t<div id=\"col-740495360\" class=\"col medium-6 small-12 large-6\"  >\n\t\t\t\t<div class=\"col-inner\"  >\n\t\t\t\n\t\t\t\n\t<div class=\"img has-hover x md-x lg-x y md-y lg-y\" id=\"image_2053600795\">\n\t\t\t\t\t\t\t\t<div class=\"img-inner dark\" >\n\t\t\t<img loading=\"lazy\" decoding=\"async\" width=\"749\" height=\"1000\" src=\"https:\/\/dis212dentalgroup.com\/wp-content\/uploads\/2022\/01\/AESTHETIC-DENTISTRY.jpg\" class=\"attachment-large size-large\" alt=\"Implant dentaire en Turquie\" srcset=\"https:\/\/dis212dentalgroup.com\/wp-content\/uploads\/2022\/01\/AESTHETIC-DENTISTRY.jpg 749w, https:\/\/dis212dentalgroup.com\/wp-content\/uploads\/2022\/01\/AESTHETIC-DENTISTRY-600x801.jpg 600w, https:\/\/dis212dentalgroup.com\/wp-content\/uploads\/2022\/01\/AESTHETIC-DENTISTRY-225x300.jpg 225w\" sizes=\"auto, (max-width: 749px) 100vw, 749px\" title=\"\">\t\t\t\t\t\t\n\t\t\t\t\t<\/div>\n\t\t\t\t\t\t\t\t\n<style>\n#image_2053600795 {\n  width: 100%;\n}\n<\/style>\n\t<\/div>\n\t\n\t\t<\/div>\n\t\t\t\t\t<\/div>\n\n\t\n<\/div>\n<div class=\"row\"  id=\"row-916066254\">\n\n\t<div id=\"col-1739605494\" class=\"col small-12 large-12\"  >\n\t\t\t\t<div class=\"col-inner\"  >\n\t\t\t\n\t\t\t\n<p>De belles dents, des gencives saines et une harmonie fonctionnelle<br \/>\nLa dentisterie esth\u00e9tique est le domaine de la dentisterie qui s'occupe de l'apparence et de l'esth\u00e9tique des dents.<\/p>\n<p>L'esth\u00e9tique dentaire ne comprend pas seulement de belles dents blanches, mais aussi des gencives saines et l'harmonie fonctionnelle des rang\u00e9es de dents de la m\u00e2choire sup\u00e9rieure et de la m\u00e2choire inf\u00e9rieure.<\/p>\n<p>Les dents ont un impact majeur sur l'apparence d'une personne. De belles dents blanches sont un signe de sant\u00e9, de jeunesse et de confiance en soi. En revanche, les dents manquantes, meul\u00e9es, d\u00e9color\u00e9es ou d\u00e9fectueuses affectent l'apparence, le bien-\u00eatre et la qualit\u00e9 de vie.<\/p>\n<p>Esth\u00e9tique des dents rouges et blanches<\/p>\n<p>L'harmonie entre l'esth\u00e9tique des dents rouges et celle des dents blanches est une condition essentielle \u00e0 la beaut\u00e9 et \u00e0 l'esth\u00e9tique des dents : les dents blanches, orient\u00e9es vers la nature, sont entour\u00e9es de gencives roses-rouges saines.<br \/>\nIl est particuli\u00e8rement important de restaurer l'esth\u00e9tique rouge des dents de devant de la m\u00e2choire sup\u00e9rieure, car c'est l\u00e0 qu'elles sont clairement visibles lorsque l'on parle et que l'on rit. En cas de perte d'une dent, il existe \u00e9galement des d\u00e9fauts au niveau des gencives qui ne peuvent \u00eatre parfaitement reconstruits qu'avec un traitement pr\u00e9alable complexe. Dans ces cas, le dentiste sp\u00e9cialis\u00e9 peut utiliser une proth\u00e8se temporaire \u00e0 long terme pour fa\u00e7onner des lambeaux de tissu mou en pseudo-papilles, qui restaurent le tissu gingival naturel entre les dents de devant.<\/p>\n<p>Le traitement des maladies parodontales est un autre domaine d'application de l'esth\u00e9tique rouge. La parodontite, inflammation bact\u00e9rienne chronique des gencives et des structures de soutien osseux, entra\u00eene un recul des gencives et des m\u00e2choires. Le sp\u00e9cialiste de l'esth\u00e9tique dentaire dispose d'options chirurgicales pour reconstruire les os et le tissu conjonctif. Auparavant, les gencives enflamm\u00e9es (gingivite) et les poches gingivales, ainsi que les dents endommag\u00e9es, doivent \u00eatre r\u00e9habilit\u00e9es \u00e0 l'aide de mesures sp\u00e9ciales.<\/p>\n<p>Le patient dispose de nombreuses options pour restaurer l'esth\u00e9tique blanche.<br \/>\nEn cas de simple d\u00e9coloration, les dents peuvent \u00eatre \u00e9claircies au moyen d'un blanchiment. Les amalgames inesth\u00e9tiques et malsains peuvent \u00eatre remplac\u00e9s par des inlays en c\u00e9ramique de la couleur des dents. Les couronnes enti\u00e8rement en c\u00e9ramique ou en zirconium permettent d'obtenir une esth\u00e9tique dentaire parfaite et naturelle tout en grin\u00e7ant peu les dents.<br \/>\n\u00c0 l'aide de fines coquilles de c\u00e9ramique, appel\u00e9es facettes, qui sont coll\u00e9es sur les dents, le dentiste peut corriger des colorations tenaces ou raccourcir des dents qui paraissent plus longues en raison du recul des gencives.<br \/>\nLes piliers en plastique ou en composite peuvent \u00e9galement compenser esth\u00e9tiquement une perte de substance dentaire, en particulier dans la r\u00e9gion ant\u00e9rieure.<\/p>\n<p>Esth\u00e9tique et fonction sont indissociables<\/p>\n<p>Le plus grand d\u00e9fi auquel sont confront\u00e9s les sp\u00e9cialistes de l'esth\u00e9tique dentaire est de restaurer l'esth\u00e9tique et la fonction des dents. Les solutions purement cosm\u00e9tiques ne servent pas le patient. Il a plut\u00f4t besoin de solutions qui permettent de restaurer une fonction intacte, c'est-\u00e0-dire une occlusion harmonieuse des dents de la m\u00e2choire sup\u00e9rieure et de la m\u00e2choire inf\u00e9rieure. L'esth\u00e9tique et la fonction sont inextricablement li\u00e9es.<\/p>\n<p>En cas d'occlusion perturb\u00e9e, dite \"fausse occlusion\", un diagnostic fonctionnel (analyse fonctionnelle) est effectu\u00e9 au cabinet dentaire afin de d\u00e9terminer les relations de contact entre les dents de la m\u00e2choire sup\u00e9rieure et inf\u00e9rieure et la position de l'articulation temporo-mandibulaire et de d\u00e9clencher les sympt\u00f4mes des troubles musculo-squelettiques (CMD).<br \/>\nL'objectif de la th\u00e9rapie de la DMC est de restaurer l'empathie, l'unit\u00e9 fonctionnelle et morphologique des dents, les structures de soutien des dents, les articulations temporo-mandibulaires et les muscles masticateurs.<\/p>\n<p>Le lien entre l'esth\u00e9tique et la fonction devient particuli\u00e8rement \u00e9vident lorsque les patients perdent plusieurs millim\u00e8tres de substance dentaire en raison du bruxisme ou du grincement des dents. Les rang\u00e9es de dents perdent leur forme, leur longueur et leur fonction naturelles. Une occlusion abrasive avec des dents raccourcies, un abaissement de la hauteur de l'occlusion et un sch\u00e9ma de mastication horizontal se d\u00e9veloppe. Afin de r\u00e9habiliter avec succ\u00e8s ces patients, une Reconstruction Fonctionnelle Compl\u00e8te (CFR) doit \u00eatre r\u00e9alis\u00e9e.<\/p>\n<p>Avant de r\u00e9aliser une KFR, une th\u00e9rapie diagnostique par attelle est effectu\u00e9e afin d'obtenir une occlusion physiologique avec une position correcte et stable de l'articulation temporo-mandibulaire. \u00c0 partir de cette position stable de l'articulation, le guidage ant\u00e9rieur de la canine et le soutien post\u00e9rieur n\u00e9cessaires peuvent \u00eatre r\u00e9tablis.<\/p>\n<p>Collaboration de dentistes sp\u00e9cialis\u00e9s pour de bons r\u00e9sultats esth\u00e9tiques.<\/p>\n<p>De plus en plus de patients viennent au cabinet dentaire avec des maux de dents, des probl\u00e8mes dentaires fonctionnels et une esth\u00e9tique dentaire m\u00e9diocre, ce qui repr\u00e9sente un d\u00e9fi particulier pour le praticien.<\/p>\n<p>Afin d'obtenir de bons r\u00e9sultats esth\u00e9tiques, diff\u00e9rents dentistes sp\u00e9cialis\u00e9s travaillent ensemble dans le cadre de la dentisterie esth\u00e9tique.<\/p>\n\t\t<\/div>\n\t\t\t\t\t<\/div>\n\n\t\n<\/div>","protected":false},"excerpt":{"rendered":"","protected":false},"author":1,"featured_media":489,"parent":0,"menu_order":0,"comment_status":"closed","ping_status":"closed","template":"page-transparent-header-light.php","meta":{"footnotes":""},"class_list":["post-3355","page","type-page","status-publish","has-post-thumbnail","hentry"],"_links":{"self":[{"href":"https:\/\/dis212dentalgroup.com\/fr\/wp-json\/wp\/v2\/pages\/3355","targetHints":{"allow":["GET"]}}],"collection":[{"href":"https:\/\/dis212dentalgroup.com\/fr\/wp-json\/wp\/v2\/pages"}],"about":[{"href":"https:\/\/dis212dentalgroup.com\/fr\/wp-json\/wp\/v2\/types\/page"}],"author":[{"embeddable":true,"href":"https:\/\/dis212dentalgroup.com\/fr\/wp-json\/wp\/v2\/users\/1"}],"replies":[{"embeddable":true,"href":"https:\/\/dis212dentalgroup.com\/fr\/wp-json\/wp\/v2\/comments?post=3355"}],"version-history":[{"count":0,"href":"https:\/\/dis212dentalgroup.com\/fr\/wp-json\/wp\/v2\/pages\/3355\/revisions"}],"wp:featuredmedia":[{"embeddable":true,"href":"https:\/\/dis212dentalgroup.com\/fr\/wp-json\/wp\/v2\/media\/489"}],"wp:attachment":[{"href":"https:\/\/dis212dentalgroup.com\/fr\/wp-json\/wp\/v2\/media?parent=3355"}],"curies":[{"name":"wp","href":"https:\/\/api.w.org\/{rel}","templated":true}]}}