{"id":3354,"date":"2019-05-27T11:08:01","date_gmt":"2019-05-27T08:08:01","guid":{"rendered":"https:\/\/new.dis212.com.tr\/?page_id=3354"},"modified":"2022-07-06T22:46:40","modified_gmt":"2022-07-06T19:46:40","slug":"zirconium-porcelain-veneers","status":"publish","type":"page","link":"https:\/\/dis212dentalgroup.com\/fr\/zirconium-porcelain-veneers\/","title":{"rendered":"FACETTES EN PORCELAINE DE ZIRCONIUM"},"content":{"rendered":"<div class=\"banner has-hover\" id=\"banner-452396960\">\n          <div class=\"banner-inner fill\">\n        <div class=\"banner-bg fill\" >\n            <img loading=\"lazy\" decoding=\"async\" width=\"2560\" height=\"1176\" src=\"https:\/\/dis212dentalgroup.com\/wp-content\/uploads\/2022\/01\/ZIRCONIUM-PORCELAIN-VENEERS.jpg\" class=\"bg attachment-original size-original\" alt=\"Implant dentaire en Turquie\" title=\"\">                        <div class=\"overlay\"><\/div>            \n                    <\/div>\n\t\t\n        <div class=\"banner-layers container\">\n            <div class=\"fill banner-link\"><\/div>            \n   <div id=\"text-box-1907924454\" class=\"text-box banner-layer x50 md-x50 lg-x50 y50 md-y50 lg-y50 res-text\">\n                                <div class=\"text-box-content text dark\">\n              \n              <div class=\"text-inner text-center\">\n                  \n<h1 class=\"uppercase\"><strong>FACETTES EN ZIRCONIUM<\/strong><\/h1>\n<p>Facettes en zirconium en Turquie<\/p>\n<a href=\"#get-a-free-quote\" class=\"button success is-shade is-large box-shadow-3 box-shadow-5-hover\"  style=\"border-radius:5px;\">\n\t<i class=\"icon-expand\" aria-hidden=\"true\" ><\/i>\t<span>OBTENIR UN DEVIS GRATUIT<\/span>\n\t<\/a>\n\n              <\/div>\n           <\/div>\n                            \n<style>\n#text-box-1907924454 {\n  width: 90%;\n}\n#text-box-1907924454 .text-box-content {\n  font-size: 140%;\n}\n@media (min-width:550px) {\n  #text-box-1907924454 .text-box-content {\n    font-size: 100%;\n  }\n}\n<\/style>\n    <\/div>\n \n        <\/div>\n      <\/div>\n\n            \n<style>\n#banner-452396960 {\n  padding-top: 500px;\n}\n#banner-452396960 .overlay {\n  background-color: rgba(64, 123, 205, 0.5);\n}\n#banner-452396960 .banner-bg img {\n  object-position: 20% 44%;\n}\n@media (min-width:550px) {\n  #banner-452396960 {\n    padding-top: 700px;\n  }\n}\n<\/style>\n  <\/div>\n\n\n\t<div id=\"gap-1386553161\" class=\"gap-element clearfix\" style=\"display:block; height:auto;\">\n\t\t\n<style>\n#gap-1386553161 {\n  padding-top: 30px;\n}\n<\/style>\n\t<\/div>\n\t\n<div class=\"row\"  id=\"row-1661808905\">\n\n\t<div id=\"col-133596511\" class=\"col small-12 large-12\"  >\n\t\t\t\t<div class=\"col-inner\"  >\n\t\t\t\n\t\t\t\n<h3><strong>Couronnes en zircone<\/strong><\/h3>\n<h3><strong>Avantages de la couronne en zirconium<\/strong><\/h3>\n<p>Le zirconium est en train de devenir l'un des mat\u00e9riaux les plus choisis pour les couronnes dentaires. Ses nombreux avantages sont les suivants<\/p>\n<ul>\n<li>Extraordinairement difficile<\/li>\n<li>Peut r\u00e9sister \u00e0 l'usure<\/li>\n<li>Suffisamment translucide pour ressembler aux dents naturelles<\/li>\n<li>Moins d'extraction de dents<\/li>\n<li>Non Fusible m\u00e9tallique<\/li>\n<li>Taille, forme et couleur modifiables<\/li>\n<li>Biocompatible<\/li>\n<\/ul>\n<p>Les effets esth\u00e9tiques d'une couronne en zircone devraient \u00eatre le plus grand avantage qu'elle puisse offrir. Il est important que les couronnes dentaires aient un aspect naturel, surtout si elles sont plac\u00e9es sur les dents de devant et qu'elles sont visibles \u00e0 c\u00f4t\u00e9 des dents naturelles.<\/p>\n<p>La capacit\u00e9 de la zircone \u00e0 \u00eatre modifi\u00e9e en fonction de l'ensemble des dents qu'elle c\u00f4toie est tr\u00e8s importante. La couronne en zirconium ne remplace pas seulement une dent, mais elle peut \u00eatre fa\u00e7onn\u00e9e de mani\u00e8re \u00e0 ce qu'elle soit plus belle que celle qu'elle remplace. C'est pourquoi vous pouvez arborer un sourire parfait et naturel \u00e0 tout moment.<\/p>\n<p>Les fabricants de zircone produisent et con\u00e7oivent d\u00e9sormais des couronnes dentaires fabriqu\u00e9es sur mesure \u00e0 partir de blocs massifs de ce mat\u00e9riau et cuites \u00e0 tr\u00e8s haute temp\u00e9rature pour garantir que les couronnes finies sont pratiquement indestructibles.<\/p>\n<p>Le fait que ce mat\u00e9riau soit biocompatible signifie qu'il peut rester dans la bouche pendant une longue p\u00e9riode. Il n'y a pas lieu de s'inqui\u00e9ter d'\u00e9ventuelles r\u00e9actions ind\u00e9sirables de la part de l'organisme, car il n'est pas rejet\u00e9 par le corps humain.<\/p>\n<h3><strong>Avantages des couronnes en zirconium par rapport aux couronnes en or et aux couronnes en porcelaine<\/strong><\/h3>\n<p>C'est un fait que les couronnes en or sont utilis\u00e9es par de nombreuses personnes depuis de nombreuses ann\u00e9es et qu'elles sont bien tol\u00e9r\u00e9es par l'organisme. Mais il est toujours pr\u00e9f\u00e9rable de pouvoir montrer cet effet naturel lorsque l'on sourit. De plus, l'or est un m\u00e9tal et certaines personnes n'aiment pas avoir des m\u00e9taux dans leurs parties internes.<\/p>\n<p>Les couronnes en zirconium sont nettement plus robustes que les couronnes en porcelaine. Elles durent \u00e9galement plus longtemps que les couronnes en porcelaine qui s'\u00e9caillent et se cassent.<br \/>\n  Les couronnes en porcelaine doivent \u00e9galement \u00eatre fusionn\u00e9es \u00e0 une base m\u00e9tallique et le m\u00e9tal constitue cette ligne noire disgracieuse au-dessus des gencives des personnes portant des couronnes en porcelaine.<\/p>\n<p>Les couronnes en zirconium \u00e9tant fabriqu\u00e9es \u00e0 partir d'un morceau de cristal, elles sont garanties au moins 5 fois plus r\u00e9sistantes que la porcelaine et que le m\u00e9tal qui la fusionne. Les couronnes en zirconium sont \u00e9galement plus r\u00e9sistantes sans avoir l'aspect encombrant de la porcelaine.<\/p>\n<h2><strong>Couronnes similaires<\/strong><\/h2>\n<p>Vous souhaiterez peut-\u00eatre en savoir plus sur les couronnes Lava et Emax, qui sont toutes deux des couronnes tout-c\u00e9ramique extr\u00eamement durables. Tout comme les couronnes en zirconium, elles s'harmonisent presque parfaitement avec l'aspect naturel de vos dents, la majeure partie de la structure dentaire pouvant \u00eatre pr\u00e9serv\u00e9e lors de la pose de ces types de couronnes. Malheureusement, leur prix est \u00e9galement plus \u00e9lev\u00e9 que celui des couronnes PFM, par exemple.<\/p>\n<p><strong><em>N'h\u00e9sitez pas \u00e0 nous contacter via le formulaire de la section droite afin d'obtenir des informations optimales.<\/em><\/strong><\/p>\n\t\t<\/div>\n\t\t\t\t\t<\/div>\n\n\t\n<\/div>","protected":false},"excerpt":{"rendered":"","protected":false},"author":1,"featured_media":340,"parent":0,"menu_order":0,"comment_status":"closed","ping_status":"closed","template":"page-transparent-header-light.php","meta":{"footnotes":""},"class_list":["post-3354","page","type-page","status-publish","has-post-thumbnail","hentry"],"_links":{"self":[{"href":"https:\/\/dis212dentalgroup.com\/fr\/wp-json\/wp\/v2\/pages\/3354","targetHints":{"allow":["GET"]}}],"collection":[{"href":"https:\/\/dis212dentalgroup.com\/fr\/wp-json\/wp\/v2\/pages"}],"about":[{"href":"https:\/\/dis212dentalgroup.com\/fr\/wp-json\/wp\/v2\/types\/page"}],"author":[{"embeddable":true,"href":"https:\/\/dis212dentalgroup.com\/fr\/wp-json\/wp\/v2\/users\/1"}],"replies":[{"embeddable":true,"href":"https:\/\/dis212dentalgroup.com\/fr\/wp-json\/wp\/v2\/comments?post=3354"}],"version-history":[{"count":0,"href":"https:\/\/dis212dentalgroup.com\/fr\/wp-json\/wp\/v2\/pages\/3354\/revisions"}],"wp:featuredmedia":[{"embeddable":true,"href":"https:\/\/dis212dentalgroup.com\/fr\/wp-json\/wp\/v2\/media\/340"}],"wp:attachment":[{"href":"https:\/\/dis212dentalgroup.com\/fr\/wp-json\/wp\/v2\/media?parent=3354"}],"curies":[{"name":"wp","href":"https:\/\/api.w.org\/{rel}","templated":true}]}}