{"id":3352,"date":"2019-05-27T10:58:19","date_gmt":"2019-05-27T07:58:19","guid":{"rendered":"https:\/\/new.dis212.com.tr\/?page_id=3352"},"modified":"2022-07-06T22:05:06","modified_gmt":"2022-07-06T19:05:06","slug":"porcelain-thinner-laminate-veneer-empress","status":"publish","type":"page","link":"https:\/\/dis212dentalgroup.com\/fr\/porcelain-thinner-laminate-veneer-empress\/","title":{"rendered":"Facettes en porcelaine"},"content":{"rendered":"<div class=\"banner has-hover\" id=\"banner-463105339\">\n          <div class=\"banner-inner fill\">\n        <div class=\"banner-bg fill\" >\n            <img loading=\"lazy\" decoding=\"async\" width=\"1920\" height=\"1271\" src=\"https:\/\/dis212dentalgroup.com\/wp-content\/uploads\/2022\/07\/veneer1.jpg\" class=\"bg attachment-original size-original\" alt=\"Implant dentaire en Turquie\" title=\"\">                        <div class=\"overlay\"><\/div>            \n                    <\/div>\n\t\t\n        <div class=\"banner-layers container\">\n            <div class=\"fill banner-link\"><\/div>            \n   <div id=\"text-box-1297841705\" class=\"text-box banner-layer x50 md-x50 lg-x50 y50 md-y50 lg-y50 res-text\">\n                                <div class=\"text-box-content text dark\">\n              \n              <div class=\"text-inner text-center\">\n                  \n<h1 class=\"uppercase\"><strong>Facettes en porcelaine<\/strong><\/h1>\n<p>Facettes en porcelaine en Turquie<\/p>\n<a href=\"#get-a-free-quote\" class=\"button success is-shade is-large box-shadow-3 box-shadow-5-hover\"  style=\"border-radius:5px;\">\n\t<i class=\"icon-expand\" aria-hidden=\"true\" ><\/i>\t<span>OBTENIR UN DEVIS GRATUIT<\/span>\n\t<\/a>\n\n              <\/div>\n           <\/div>\n                            \n<style>\n#text-box-1297841705 {\n  width: 90%;\n}\n#text-box-1297841705 .text-box-content {\n  font-size: 140%;\n}\n@media (min-width:550px) {\n  #text-box-1297841705 .text-box-content {\n    font-size: 100%;\n  }\n}\n<\/style>\n    <\/div>\n \n        <\/div>\n      <\/div>\n\n            \n<style>\n#banner-463105339 {\n  padding-top: 500px;\n}\n#banner-463105339 .overlay {\n  background-color: rgba(64, 123, 205, 0.5);\n}\n#banner-463105339 .banner-bg img {\n  object-position: 84% 25%;\n}\n@media (min-width:550px) {\n  #banner-463105339 {\n    padding-top: 700px;\n  }\n}\n<\/style>\n  <\/div>\n\n\n<div class=\"row\"  id=\"row-1939762084\">\n\n\t<div id=\"col-2033644377\" class=\"col small-12 large-12\"  >\n\t\t\t\t<div class=\"col-inner\"  >\n\t\t\t\n\t\t\t\n<h3><strong>Facettes en porcelaine<\/strong><\/h3>\n<p>Les facettes en porcelaine sont de fines pi\u00e8ces de porcelaine utilis\u00e9es pour recr\u00e9er l'aspect naturel des dents, tout en offrant une r\u00e9sistance et une r\u00e9silience comparables \u00e0 celles de l'\u00e9mail naturel. C'est souvent le mat\u00e9riau de choix pour ceux qui souhaitent modifier l\u00e9g\u00e8rement la position des dents ou en changer la forme, la taille et\/ou la couleur.<\/p>\n<h3><strong>Le comment et le pourquoi des facettes en porcelaine<\/strong><\/h3>\n<p>Les facettes en porcelaine stratifi\u00e9e sont compos\u00e9es de plusieurs fines couches de c\u00e9ramique qui remplacent l'\u00e9mail original de la dent, et d'une couche adh\u00e9sive. Pour poser une facette, il faut enlever une tr\u00e8s petite partie de l'\u00e9mail de la dent d'origine, g\u00e9n\u00e9ralement moins d'un millim\u00e8tre. Cette op\u00e9ration est essentielle car elle permet \u00e0 la facette en porcelaine de s'adapter \u00e0 la bouche et de restaurer le plus pr\u00e9cis\u00e9ment possible la fonction naturelle de la dent tout en lui donnant un aspect encore meilleur que celui de la dent d'origine.<\/p>\n<p>La liaison entre la dent d'origine et la facette en porcelaine est essentielle, car elle permet non seulement d'obtenir la perfection esth\u00e9tique souhait\u00e9e, mais aussi une liaison solide, indispensable au bon fonctionnement de la facette. Une r\u00e9sine photosensible est plac\u00e9e entre la dent originale et la facette, puis durcie \u00e0 l'aide d'une lampe \u00e0 polym\u00e9riser sp\u00e9ciale.<\/p>\n<p>Les facettes en porcelaine sont une option tr\u00e8s efficace dans de nombreuses situations o\u00f9 la dent d'origine a perdu sa couleur, sa forme et ses contours. C'est \u00e9galement un bon choix pour les dents fractur\u00e9es, les espaces entre les dents et dans certaines situations o\u00f9 la position de la dent est compromise et o\u00f9 il y a des probl\u00e8mes mineurs li\u00e9s \u00e0 la morsure. Pour certaines personnes, les taches superficielles ne r\u00e9pondent pas bien au blanchiment des dents ou \u00e0 la d\u00e9coloration. Dans ce cas, une facette en porcelaine peut \u00eatre la meilleure option.<\/p>\n<h3><strong>Les avantages des facettes<\/strong><\/h3>\n<p>Les facettes \u00e9tant sculpt\u00e9es individuellement pour chaque patient, il est pratiquement impossible de faire la diff\u00e9rence entre une facette et une dent naturelle. Contrairement aux dents naturelles, les facettes sur mesure r\u00e9sistent aux taches de caf\u00e9 et de th\u00e9, ainsi qu'\u00e0 la fum\u00e9e de cigarette, car elles sont fabriqu\u00e9es \u00e0 partir de mat\u00e9riaux de haute technologie.<\/p>\n<p>Avec les facettes, contrairement aux couronnes, les dents naturelles restent en grande partie intactes et ne subissent qu'une modification minime pour s'adapter \u00e0 la facette.<\/p>\n<p>Pour les dents qui r\u00e9sistent au blanchiment, les facettes peuvent faire appara\u00eetre les dents les plus fonc\u00e9es d'un blanc \u00e9clatant.<\/p>\n<p>Les dentistes peuvent \u00e9galement recommander des facettes pour corriger rapidement des torsions mineures, des chevauchements et de petites lacunes.<\/p>\n<h3><strong>Entretien d'une facette en porcelaine<\/strong><\/h3>\n<p>L'entretien des facettes en porcelaine est en fait assez simple : Traitez-les comme vous le feriez pour vos dents d'origine, en les brossant r\u00e9guli\u00e8rement et en utilisant du fil dentaire. L'utilisation d'un dentifrice au fluor non abrasif est g\u00e9n\u00e9ralement sugg\u00e9r\u00e9e par votre professionnel des soins dentaires.<\/p>\n<p>Une semaine apr\u00e8s la pose des facettes, vous devrez revenir au cabinet pour une visite de suivi et d'\u00e9valuation afin que le dentiste puisse voir comment votre bouche r\u00e9agit aux facettes. M\u00eame si vous estimez que les facettes sont un succ\u00e8s, ce rendez-vous est vital pour votre sant\u00e9 bucco-dentaire future.<\/p>\n<p>Si vous avez l'habitude de grincer ou de serrer les dents, votre dentiste peut vous \u00e9quiper d'un prot\u00e8ge-dents pour la nuit afin de ne pas endommager vos facettes.<\/p>\n<p>Vous devez \u00e9galement retourner chez votre dentiste pour un entretien professionnel r\u00e9gulier, car les facettes en porcelaine doivent \u00eatre polies avec une p\u00e2te non abrasive sp\u00e9cialement formul\u00e9e, et parce que votre dentiste doit inspecter votre dentisterie pour d\u00e9tecter tout signe de d\u00e9faillance potentielle.<\/p>\n<p><strong><em>N'h\u00e9sitez pas \u00e0 nous contacter via le formulaire de la section droite afin d'obtenir des informations optimales.<\/em><\/strong><\/p>\n\t\t<\/div>\n\t\t\t\t\t<\/div>\n\n\t\n<\/div>","protected":false},"excerpt":{"rendered":"","protected":false},"author":1,"featured_media":186,"parent":0,"menu_order":0,"comment_status":"closed","ping_status":"closed","template":"page-transparent-header-light.php","meta":{"footnotes":""},"class_list":["post-3352","page","type-page","status-publish","has-post-thumbnail","hentry"],"_links":{"self":[{"href":"https:\/\/dis212dentalgroup.com\/fr\/wp-json\/wp\/v2\/pages\/3352","targetHints":{"allow":["GET"]}}],"collection":[{"href":"https:\/\/dis212dentalgroup.com\/fr\/wp-json\/wp\/v2\/pages"}],"about":[{"href":"https:\/\/dis212dentalgroup.com\/fr\/wp-json\/wp\/v2\/types\/page"}],"author":[{"embeddable":true,"href":"https:\/\/dis212dentalgroup.com\/fr\/wp-json\/wp\/v2\/users\/1"}],"replies":[{"embeddable":true,"href":"https:\/\/dis212dentalgroup.com\/fr\/wp-json\/wp\/v2\/comments?post=3352"}],"version-history":[{"count":0,"href":"https:\/\/dis212dentalgroup.com\/fr\/wp-json\/wp\/v2\/pages\/3352\/revisions"}],"wp:featuredmedia":[{"embeddable":true,"href":"https:\/\/dis212dentalgroup.com\/fr\/wp-json\/wp\/v2\/media\/186"}],"wp:attachment":[{"href":"https:\/\/dis212dentalgroup.com\/fr\/wp-json\/wp\/v2\/media?parent=3352"}],"curies":[{"name":"wp","href":"https:\/\/api.w.org\/{rel}","templated":true}]}}