{"id":3350,"date":"2019-05-27T10:51:53","date_gmt":"2019-05-27T07:51:53","guid":{"rendered":"https:\/\/new.dis212.com.tr\/?page_id=3350"},"modified":"2023-05-11T17:50:14","modified_gmt":"2023-05-11T14:50:14","slug":"invisalign","status":"publish","type":"page","link":"https:\/\/dis212dentalgroup.com\/fr\/invisalign\/","title":{"rendered":"INADAPTATION"},"content":{"rendered":"<section class=\"section dark\" id=\"section_864513943\">\n\t\t<div class=\"section-bg fill\" >\n\t\t\t\t\t\t\t<div class=\"video-overlay no-click fill visible\"><\/div>\n\t<video class=\"video-bg fill visible\" preload playsinline autoplay muted loop>\n\t\t<source src=\"https:\/\/dis212dentalgroup.com\/wp-content\/uploads\/2022\/01\/invisalign-opt.mp4\" type=\"video\/mp4\">\t<\/video>\n\t\t\t<div class=\"section-bg-overlay absolute fill\"><\/div>\n\t\t\t\n\n\t\t<\/div>\n\n\t\t\n\n\t\t<div class=\"section-content relative\">\n\t\t\t\n<div class=\"row\" style=\"max-width:1020px\" id=\"row-1955401851\">\n\n\t<div id=\"col-525649174\" class=\"col small-12 large-12\"  >\n\t\t\t\t<div class=\"col-inner text-center\"  >\n\t\t\t\n\t\t\t\n\t<div id=\"gap-135846037\" class=\"gap-element clearfix\" style=\"display:block; height:auto;\">\n\t\t\n<style>\n#gap-135846037 {\n  padding-top: 30px;\n}\n<\/style>\n\t<\/div>\n\t\n\t<div class=\"img has-hover max-width250 x md-x lg-x y md-y lg-y\" id=\"image_308674273\">\n\t\t\t\t\t\t\t\t<div class=\"img-inner dark\" >\n\t\t\t\t\t\t\t\t\t\n\t\t\t\t\t<\/div>\n\t\t\t\t\t\t\t\t\n<style>\n#image_308674273 {\n  width: 100%;\n}\n<\/style>\n\t<\/div>\n\t\n\t<div id=\"gap-2036525200\" class=\"gap-element clearfix\" style=\"display:block; height:auto;\">\n\t\t\n<style>\n#gap-2036525200 {\n  padding-top: 30px;\n}\n<\/style>\n\t<\/div>\n\t\n<h1>D\u00e9couvrez le pouvoir d'un sourire Invisalign.<\/h1>\n<p class=\"lead\">Les goutti\u00e8res transparentes Invisalign redressent les dents de mani\u00e8re plus pr\u00e9visible et plus confortable que les autres goutti\u00e8res et appareils orthodontiques.<\/p>\n<p class=\"lead\">Invisalign Doctors g\u00e9rera votre traitement \u00e0 chaque \u00e9tape.<\/p>\n<p>Invisalign Doctors g\u00e9rera votre traitement \u00e0 chaque \u00e9tape.<\/p>\n<h2 style=\"line-height: 20px; font-size: 300%; margin-top:5px;\">\u20ac2750<\/h2>\n<p style=\"line-height: 1px;\">Paquet complet<\/p>\n<p>Nous sommes fiers d'\u00eatre le premier fournisseur d'Invisalign en Turquie. Ensemble, notre \u00e9quipe de sp\u00e9cialistes a redress\u00e9 plus de 7 000 sourires.<\/p>\n\t\t<\/div>\n\t\t\t\t\t<\/div>\n\n\t\n\n<style>\n#row-1955401851 > .col > .col-inner {\n  padding: 69px 0px 0px 0px;\n}\n<\/style>\n<\/div>\n\t\t<\/div>\n\n\t\t\n<style>\n#section_864513943 {\n  padding-top: 20px;\n  padding-bottom: 20px;\n  min-height: 700px;\n  background-color: rgba(238, 152, 45, 0.297);\n}\n#section_864513943 .section-bg-overlay {\n  background-color: rgba(0, 0, 0, 0.645);\n}\n<\/style>\n\t<\/section>\n\t\n\t<div id=\"gap-811589047\" class=\"gap-element clearfix\" style=\"display:block; height:auto;\">\n\t\t\n<style>\n#gap-811589047 {\n  padding-top: 50px;\n}\n<\/style>\n\t<\/div>\n\t\n<div class=\"row\"  id=\"row-741715842\">\n\n\t<div id=\"col-2126493942\" class=\"col medium-6 small-12 large-6\"  >\n\t\t\t\t<div class=\"col-inner\"  >\n\t\t\t\n\t\t\t\n<div class=\"video video-fit mb\" style=\"padding-top:56.25%;\"><p><iframe loading=\"lazy\" title=\"Comment \u00e7a marche - FR\" width=\"1020\" height=\"574\" src=\"https:\/\/www.youtube.com\/embed\/-KizNvn8G0g?feature=oembed\" frameborder=\"0\" allow=\"accelerometer; autoplay; clipboard-write; encrypted-media; gyroscope; picture-in-picture\" allowfullscreen><\/iframe><\/p>\n<\/div>\n\t\t<\/div>\n\t\t\t\t\t<\/div>\n\n\t\n\n\t<div id=\"col-1304149452\" class=\"col medium-6 small-12 large-6\"  >\n\t\t\t\t<div class=\"col-inner\"  >\n\t\t\t\n\t\t\t\n<h3>Comment fonctionne Invisalign ?<\/h3>\n<p>Invisalign transforme votre sourire \u00e0 l'aide d'une s\u00e9rie d'aligneurs sur mesure. Vous devrez porter chaque goutti\u00e8re pendant 1 \u00e0 2 semaines avant de passer \u00e0 la s\u00e9rie suivante de la s\u00e9quence. En cours de route, nous surveillerons de pr\u00e8s vos progr\u00e8s, en faisant de petits ajustements pour obtenir un r\u00e9sultat incroyable.<\/p>\n<h3>Retirez vos goutti\u00e8res pour manger, boire et brosser<\/h3>\n<p>Vous devrez porter vos goutti\u00e8res entre 20 et 22 heures par jour. Vous pouvez les sortir pour manger, boire, vous brosser les dents et passer la soie dentaire. Cela signifie que vous pouvez profiter de tous vos aliments pr\u00e9f\u00e9r\u00e9s tout au long de votre traitement - et garder vos dents propres et saines pour un r\u00e9sultat exceptionnel.<\/p>\n\t\t<\/div>\n\t\t\t\t\t<\/div>\n\n\t\n<\/div>\n<div class=\"row\"  id=\"row-1209895644\">\n\n\t<div id=\"col-1771014352\" class=\"col small-12 large-12\"  >\n\t\t\t\t<div class=\"col-inner\"  >\n\t\t\t\n\t\t\t\n\t<div id=\"gap-1115482493\" class=\"gap-element clearfix\" style=\"display:block; height:auto;\">\n\t\t\n<style>\n#gap-1115482493 {\n  padding-top: 30px;\n}\n<\/style>\n\t<\/div>\n\t\n<h3><strong>Pourquoi un traitement Invisalign ?<\/strong><\/h3>\n<p>Choisissez le syst\u00e8me clear aligner engag\u00e9 dans l'innovation continue, avec 20 ans de recherche clinique et plus de 700 brevets. Aucun autre clear aligner n'est soutenu par les donn\u00e9es et l'exp\u00e9rience de 4 millions de cas.<\/p>\n<h3><strong>Jusqu'\u00e0 50% de temps de traitement en plus<\/strong><\/h3>\n<p>En changeant de goutti\u00e8re chaque semaine, vous obtiendrez plus rapidement le sourire que vous souhaitez.<\/p>\n<h3><strong>Des r\u00e9sultats probants<\/strong><\/h3>\n<p>Le mat\u00e9riau SmartTrack\u00ae et les caract\u00e9ristiques SmartForce\u00ae sont cliniquement prouv\u00e9s pour obtenir 75% un mouvement dentaire plus pr\u00e9visible.**<\/p>\n<h3><strong>Meilleur ajustement, meilleur confort<\/strong><\/h3>\n<p>Les aligneurs fabriqu\u00e9s \u00e0 partir du mat\u00e9riau SmartTrack sont plus confortables, mieux adapt\u00e9s et plus faciles \u00e0 mettre et \u00e0 enlever***.<\/p>\n<h3><strong>Efficace pour une grande vari\u00e9t\u00e9 de cas<\/strong><\/h3>\n<p>Les caract\u00e9ristiques exclusives SmartForce et le mat\u00e9riau SmartTrack rendent le traitement Invisalign efficace pour les cas complexes. Gr\u00e2ce \u00e0 ces innovations, votre m\u00e9decin peut d\u00e9placer vos dents avec plus de pr\u00e9cision.<\/p>\n<h3><strong>Fonctionnalit\u00e9 unique pour les adolescents<\/strong><\/h3>\n<p>Les goutti\u00e8res transparentes Invisalign pour adolescents contiennent des indicateurs de conformit\u00e9 qui passent du bleu au transparent pour aider \u00e0 \u00e9valuer le temps de port.<\/p>\n<h3><strong>Comment fonctionne le traitement Invisalign ?<\/strong><\/h3>\n<p>Les goutti\u00e8res transparentes Invisalign\u00ae sont fabriqu\u00e9es sur mesure pour vous. Les goutti\u00e8res sont pratiquement invisibles et s'adaptent parfaitement \u00e0 vos dents.<\/p>\n<p>Chaque goutti\u00e8re d\u00e9cale l\u00e9g\u00e8rement vos dents, les d\u00e9pla\u00e7ant horizontalement et verticalement et les faisant m\u00eame pivoter si n\u00e9cessaire. Vos goutti\u00e8res sont con\u00e7ues pour utiliser la bonne quantit\u00e9 de force au bon endroit et au bon moment.<\/p>\n<p>Lorsque vous passez au jeu de goutti\u00e8res suivant (g\u00e9n\u00e9ralement toutes les semaines), vos dents se mettent progressivement en place, en suivant un plan de traitement personnalis\u00e9 \u00e9tabli par votre m\u00e9decin.<\/p>\n<p>Seules les goutti\u00e8res transparentes Invisalign sont fabriqu\u00e9es \u00e0 partir d'un mat\u00e9riau SmartTrack\u00ae multicouche exclusif qui permet de mettre les dents en place en douceur.<\/p>\n<h3><strong>Confort et commodit\u00e9\u00a0<\/strong><\/h3>\n<p>Il est beaucoup plus facile de prendre la d\u00e9cision de redresser ses dents quand on sait que le traitement Invisalign\u00ae vous permet de vivre votre vie comme vous l'entendez. Avec les goutti\u00e8res Invisalign, vous n'avez pas \u00e0 vous soucier de l'irritation des gencives et de la bouche que d'autres m\u00e9thodes de redressement des dents peuvent provoquer.<\/p>\n<p>Les goutti\u00e8res Invisalign sont non seulement douces et confortables \u00e0 porter, mais elles sont \u00e9galement amovibles. Cela signifie que vous pouvez continuer \u00e0 faire tout ce que vous faites normalement, que ce soit vous brosser les dents, utiliser du fil dentaire ou manger ce que vous voulez. Avec d'autres appareils, se brosser les dents et utiliser du fil dentaire correctement peut souvent prendre jusqu'\u00e0 30 minutes !<\/p>\n<p>Une occasion sp\u00e9ciale se profile \u00e0 l'horizon ? Pas de probl\u00e8me - il vous suffit de retirer vos goutti\u00e8res pour cette occasion et de les remettre en place lorsque vous \u00eates pr\u00eat. Bien s\u00fbr, m\u00eame lorsque vous les portez, la plupart des gens ne sauront m\u00eame pas que vous suivez un traitement, car ils sont pratiquement invisibles !<\/p>\n<p>Le traitement Invisalign est \u00e9galement id\u00e9al pour votre emploi du temps charg\u00e9, car il n\u00e9cessite moins de visites chez le m\u00e9decin (toutes les six semaines environ).<\/p>\n<h3><strong>Sant\u00e9 g\u00e9n\u00e9rale<\/strong><\/h3>\n<p>Pensez \u00e0 vos dents comme \u00e0 une fen\u00eatre sur la sant\u00e9 de votre corps. Vos dents et vos gencives - et l'impression qu'elles donnent aux autres lorsque vous souriez - en disent long sur votre \u00e9tat de sant\u00e9 g\u00e9n\u00e9ral. Si vous prenez bien soin de vos dents et de vos gencives, vous prenez probablement bien soin du reste de votre corps.<\/p>\n<p>Les caries et les maladies des gencives sont caus\u00e9es par des bact\u00e9ries. En l'absence de traitement, elles peuvent provoquer des plaies buccales, des gencives sensibles ou qui saignent, une mauvaise haleine et, \u00e9ventuellement, la perte de dents. Des \u00e9tudes men\u00e9es par l'American Dental Association ont montr\u00e9 que les infections bucco-dentaires peuvent \u00e9galement conduire \u00e0 d'autres affections plus graves telles que les maladies cardiaques2, les accidents vasculaires c\u00e9r\u00e9braux3, la pneumonie4 et le diab\u00e8te.5 Les goutti\u00e8res Invisalign facilitent l'hygi\u00e8ne bucco-dentaire quotidienne, r\u00e9duisant ainsi le risque de probl\u00e8mes \u00e9ventuels. Des dents correctement align\u00e9es peuvent \u00e9galement att\u00e9nuer les probl\u00e8mes caus\u00e9s par une mauvaise occlusion, les difficult\u00e9s d'\u00e9locution ou de mastication, les probl\u00e8mes de m\u00e2choire et l'usure accrue de l'\u00e9mail des dents. Invisalign r\u00e9sout efficacement tous ces probl\u00e8mes orthodontiques, de sorte que vous aurez l'assurance d'un beau sourire et que vous aurez plus de chances d'am\u00e9liorer votre sant\u00e9 bucco-dentaire.<\/p>\n<h3><strong>Les avantages des dents droites pour la sant\u00e9\u00a0<\/strong><\/h3>\n<p>Vous serez peut-\u00eatre surpris d'apprendre que les avantages d'un bon alignement des dents vont bien au-del\u00e0 d'un sourire confiant. Selon l'American Dental Association, le fait de redresser vos dents peut en fait avoir un effet significatif sur votre sant\u00e9 dentaire globale.1 Pensez-y - un sourire peut difficilement \u00eatre parfait s'il n'est pas sain. Heureusement, avec Invisalign\u00ae, avoir un sourire confiant et r\u00e9duire le risque de caries et de maladies des gencives vont de pair.<\/p>\n<h3><strong>Des dents et des gencives plus saines<\/strong><\/h3>\n<p>Des gencives rouges et gonfl\u00e9es peuvent souvent \u00eatre le r\u00e9sultat de dents encombr\u00e9es ou trop espac\u00e9es. Malheureusement, ce sont aussi des signes de maladie parodontale. Lorsque les dents sont correctement align\u00e9es, les gencives s'adaptent mieux aux dents, ce qui constitue la d\u00e9fense la plus forte et la plus saine contre les probl\u00e8mes parodontaux potentiels. C'est l\u00e0 qu'intervient Invisalign. Les goutti\u00e8res confortables et transparentes commencent doucement et progressivement \u00e0 d\u00e9placer vos dents dans la bonne position - sans brackets ni fils disgracieux.<\/p>\n<h3><strong>Un nettoyage plus facile<\/strong><\/h3>\n<p>L'une des plus grandes difficult\u00e9s li\u00e9es \u00e0 l'utilisation d'un appareil dentaire est d'\u00e9liminer tous les aliments qui restent coinc\u00e9s dans les brackets et les fils. Cela peut souvent conduire \u00e0 l'accumulation de plaque et finalement \u00e0 la carie dentaire. Avec Invisalign, les goutti\u00e8res sont amovibles, il est donc facile de continuer \u00e0 se brosser les dents et \u00e0 utiliser du fil dentaire comme d'habitude.<\/p>\n<p><strong><em>N'h\u00e9sitez pas \u00e0 nous contacter via le formulaire de la section droite afin d'obtenir des informations optimales.<\/em><\/strong><\/p>\n\t\t<\/div>\n\t\t\t\t\t<\/div>\n\n\t\n<\/div>","protected":false},"excerpt":{"rendered":"","protected":false},"author":1,"featured_media":181,"parent":0,"menu_order":0,"comment_status":"closed","ping_status":"closed","template":"page-transparent-header-light.php","meta":{"footnotes":""},"class_list":["post-3350","page","type-page","status-publish","has-post-thumbnail","hentry"],"_links":{"self":[{"href":"https:\/\/dis212dentalgroup.com\/fr\/wp-json\/wp\/v2\/pages\/3350","targetHints":{"allow":["GET"]}}],"collection":[{"href":"https:\/\/dis212dentalgroup.com\/fr\/wp-json\/wp\/v2\/pages"}],"about":[{"href":"https:\/\/dis212dentalgroup.com\/fr\/wp-json\/wp\/v2\/types\/page"}],"author":[{"embeddable":true,"href":"https:\/\/dis212dentalgroup.com\/fr\/wp-json\/wp\/v2\/users\/1"}],"replies":[{"embeddable":true,"href":"https:\/\/dis212dentalgroup.com\/fr\/wp-json\/wp\/v2\/comments?post=3350"}],"version-history":[{"count":0,"href":"https:\/\/dis212dentalgroup.com\/fr\/wp-json\/wp\/v2\/pages\/3350\/revisions"}],"wp:featuredmedia":[{"embeddable":true,"href":"https:\/\/dis212dentalgroup.com\/fr\/wp-json\/wp\/v2\/media\/181"}],"wp:attachment":[{"href":"https:\/\/dis212dentalgroup.com\/fr\/wp-json\/wp\/v2\/media?parent=3350"}],"curies":[{"name":"wp","href":"https:\/\/api.w.org\/{rel}","templated":true}]}}