{"id":3349,"date":"2019-05-24T15:17:59","date_gmt":"2019-05-24T12:17:59","guid":{"rendered":"https:\/\/new.dis212.com.tr\/?page_id=3349"},"modified":"2025-07-21T16:00:18","modified_gmt":"2025-07-21T13:00:18","slug":"all-on-four","status":"publish","type":"page","link":"https:\/\/dis212dentalgroup.com\/fr\/all-on-four\/","title":{"rendered":"TOUT SUR QUATRE"},"content":{"rendered":"<div class=\"banner has-hover\" id=\"banner-1030110574\">\n          <div class=\"banner-inner fill\">\n        <div class=\"banner-bg fill\" >\n            <img loading=\"lazy\" decoding=\"async\" width=\"1920\" height=\"909\" src=\"https:\/\/dis212dentalgroup.com\/wp-content\/uploads\/2022\/01\/DENTAL-IMPLANTS.jpg\" class=\"bg attachment-original size-original\" alt=\"Implant dentaire en Turquie\" title=\"\">                                    \n                    <\/div>\n\t\t\n        <div class=\"banner-layers container\">\n            <div class=\"fill banner-link\"><\/div>            \n   <div id=\"text-box-1443456524\" class=\"text-box banner-layer x50 md-x50 lg-x50 y50 md-y50 lg-y50 res-text\">\n                                <div class=\"text-box-content text dark\">\n              \n              <div class=\"text-inner text-center\">\n                  \n<h1 class=\"uppercase\">\nFast &#038; Aesthetic\u00ae<br \/>\n<\/h1>\n<p><strong>Tous sur quatre<\/strong><\/p>\n<p>Tous \u00e0 quatre en Turquie<\/p>\n<a href=\"#get-a-free-quote\" class=\"button success is-shade is-large box-shadow-3 box-shadow-5-hover\"  style=\"border-radius:5px;\">\n\t<i class=\"icon-expand\" aria-hidden=\"true\" ><\/i>\t<span>OBTENIR UN DEVIS GRATUIT<\/span>\n\t<\/a>\n\n              <\/div>\n           <\/div>\n                            \n<style>\n#text-box-1443456524 {\n  width: 80%;\n}\n#text-box-1443456524 .text-box-content {\n  font-size: 120%;\n}\n@media (min-width:550px) {\n  #text-box-1443456524 {\n    width: 60%;\n  }\n  #text-box-1443456524 .text-box-content {\n    font-size: 100%;\n  }\n}\n<\/style>\n    <\/div>\n \n        <\/div>\n      <\/div>\n\n            \n<style>\n#banner-1030110574 {\n  padding-top: 500px;\n}\n@media (min-width:550px) {\n  #banner-1030110574 {\n    padding-top: 700px;\n  }\n}\n<\/style>\n  <\/div>\n\n\n<div class=\"row\"  id=\"row-755947648\">\n\n\t<div id=\"col-612798110\" class=\"col small-12 large-12\"  >\n\t\t\t\t<div class=\"col-inner\"  >\n\t\t\t\n\t\t\t\n<div>Dans le cas d'une m\u00e2choire \u00e9dent\u00e9e, la pose d'une nouvelle dentition est souvent un traitement particuli\u00e8rement long, mais aussi douloureux. La m\u00e9thode moderne all-on-4 promet une proth\u00e8se dentaire enti\u00e8rement nouvelle en un seul jour. Lorsque l'on pense aux m\u00e9thodes conventionnelles de traitement des proth\u00e8ses dentaires, on se demande automatiquement si c'est possible.<\/div>\n<div>\u00a0<\/div>\n<div>Dans notre guide d\u00e9taill\u00e9, vous d\u00e9couvrirez en quoi consiste cette m\u00e9thode et quels sont les co\u00fbts \u00e0 prendre en compte. En outre, nous vous informons sur le traitement exact ainsi que sur les avantages et les inconv\u00e9nients de la m\u00e9thode All-on-4.<\/div>\n\t\t<\/div>\n\t\t\t\t\t<\/div>\n\n\t\n<\/div>\n<div class=\"row\"  id=\"row-698101101\">\n\n\t<div id=\"col-1960408871\" class=\"col medium-6 small-12 large-6\"  >\n\t\t\t\t<div class=\"col-inner\"  >\n\t\t\t\n\t\t\t\n<p><strong>Concept de traitement All-on Four<\/strong><\/p>\n<p>Une solution peu invasive avec une restauration fixe de l'arcade compl\u00e8te pour une grande satisfaction du patient.<\/p>\n<p><strong>Qu'est-ce que le concept de traitement All-on 4 ?<\/strong><\/p>\n<p>Le concept de traitement All-on Four est une solution rentable, sans greffe, qui fournit aux patients une proth\u00e8se fixe \u00e0 arcade compl\u00e8te le jour de l'op\u00e9ration.<\/p>\n<p><strong>Les caract\u00e9ristiques sont les suivantes<\/strong><\/p>\n<p>R\u00e9habilitation de l'arcade compl\u00e8te avec seulement quatre implants<\/p>\n<p>Deux implants ant\u00e9rieurs droits et deux implants post\u00e9rieurs inclin\u00e9s \u00e0 45\u00ba.<\/p>\n<p>Fonction imm\u00e9diate (bridge provisoire fixe)<\/p>\n<p>Pour les patients r\u00e9pondant aux crit\u00e8res de mise en charge imm\u00e9diate des implants<\/p>\n<p>Proc\u00e9dure sans greffe<\/p>\n<p>La greffe osseuse est \u00e9vit\u00e9e en inclinant les implants post\u00e9rieurs, ce qui permet d'utiliser l'os disponible.<\/p>\n<p><strong>Tous sur quatre :<\/strong> Une arcade dentaire compl\u00e8te<\/p>\n<p>Pour bien comprendre cette technique remarquable de remplacement des dents, il faut d'abord savoir ce qu'est un implant dentaire. Un implant est une petite vis en titane qui s'ins\u00e8re dans l'os de la m\u00e2choire et remplace la racine d'une dent manquante. Une intervention chirurgicale mineure est n\u00e9cessaire pour mettre en place les implants. Une fois l'implant en place, une couronne est fix\u00e9e pour vous donner une dent proth\u00e9tique fonctionnelle et d'aspect tr\u00e8s r\u00e9aliste.<\/p>\n<p>C'est ici que les choses deviennent vraiment int\u00e9ressantes : Vous n'avez pas besoin d'un implant dentaire pour chacune de vos dents manquantes. Il vous suffit de quatre implants plac\u00e9s avec pr\u00e9cision dans la partie sup\u00e9rieure de votre bouche, et de quatre implants dans la partie inf\u00e9rieure, pour retrouver un sourire complet. C'est l\u00e0 toute la beaut\u00e9 de la proth\u00e8se quatre \u00e0 quatre. Et comme l'implant est en titane, il a la capacit\u00e9 unique de fusionner avec l'os vivant et de fonctionner comme s'il en faisait partie. L'implant dentaire finit donc par s'int\u00e9grer \u00e0 l'os de la m\u00e2choire et sert de base solide et durable \u00e0 vos nouvelles dents.<\/p>\n<p>En plus de garantir la fixation permanente de vos implants, cette fusion osseuse pr\u00e9sente un autre avantage important : elle pr\u00e9vient la perte osseuse future au niveau de la m\u00e2choire. Cela permet de conserver une structure faciale plus jeune et une meilleure sant\u00e9 bucco-dentaire. Mais la plus grande surprise de cette intervention est sans doute la rapidit\u00e9 avec laquelle elle peut transformer votre vie.<\/p>\n<p>N'h\u00e9sitez pas \u00e0 nous contacter via le formulaire de la section droite afin d'obtenir des informations optimales.<\/p>\n\t\t<\/div>\n\t\t\t\t\t<\/div>\n\n\t\n\n\t<div id=\"col-687301189\" class=\"col medium-6 small-12 large-6\"  >\n\t\t\t\t<div class=\"col-inner\"  >\n\t\t\t\n\t\t\t\n\t<div class=\"img has-hover x md-x lg-x y md-y lg-y\" id=\"image_1574538624\">\n\t\t\t\t\t\t\t\t<div class=\"img-inner dark\" >\n\t\t\t<img loading=\"lazy\" decoding=\"async\" width=\"800\" height=\"800\" src=\"https:\/\/dis212dentalgroup.com\/wp-content\/uploads\/2019\/05\/dis212-estetik-dis-hekimligi.jpg\" class=\"attachment-large size-large\" alt=\"tous sur quatre\" srcset=\"https:\/\/dis212dentalgroup.com\/wp-content\/uploads\/2019\/05\/dis212-estetik-dis-hekimligi.jpg 800w, https:\/\/dis212dentalgroup.com\/wp-content\/uploads\/2019\/05\/dis212-estetik-dis-hekimligi-300x300.jpg 300w, https:\/\/dis212dentalgroup.com\/wp-content\/uploads\/2019\/05\/dis212-estetik-dis-hekimligi-100x100.jpg 100w, https:\/\/dis212dentalgroup.com\/wp-content\/uploads\/2019\/05\/dis212-estetik-dis-hekimligi-600x600.jpg 600w, https:\/\/dis212dentalgroup.com\/wp-content\/uploads\/2019\/05\/dis212-estetik-dis-hekimligi-150x150.jpg 150w, https:\/\/dis212dentalgroup.com\/wp-content\/uploads\/2019\/05\/dis212-estetik-dis-hekimligi-768x768.jpg 768w\" sizes=\"auto, (max-width: 800px) 100vw, 800px\" title=\"\">\t\t\t\t\t\t\n\t\t\t\t\t<\/div>\n\t\t\t\t\t\t\t\t\n<style>\n#image_1574538624 {\n  width: 100%;\n}\n<\/style>\n\t<\/div>\n\t\n<h2>Qu'est-ce que la m\u00e9thode \"All on four\" ?<\/h2>\n<p>All-on-4 est un concept innovant de Nobel Biocare : les dents fixes sont imm\u00e9diatement fix\u00e9es sur 4 implants en une seule s\u00e9ance.<\/p>\n<p>De nombreux dentistes utilisent d\u00e9j\u00e0 cette m\u00e9thode avec succ\u00e8s. Cela est possible gr\u00e2ce \u00e0 des implants sp\u00e9cialement con\u00e7us qui garantissent une grande stabilit\u00e9 dans toutes les structures osseuses.<\/p>\n<p>La pr\u00e9paration optimale de l'op\u00e9ration n\u00e9cessaire est tr\u00e8s importante. Gr\u00e2ce \u00e0 des rayons X tridimensionnels et \u00e0 de tr\u00e8s petites coupes, la pression exerc\u00e9e sur le corps est maintenue \u00e0 un niveau aussi bas que possible.<\/p>\n<p>Le m\u00eame jour, un bridge provisoire sera mis en place afin que vous puissiez manger avec pr\u00e9caution des repas l\u00e9gers le soir. Apr\u00e8s environ trois \u00e0 six mois, les nouvelles dents seront mises en place.<\/p>\n<p>Par rapport aux bridges dentaires conventionnels pour une m\u00e2choire \u00e9dent\u00e9e, seuls quatre implants sont n\u00e9cessaires au lieu de huit dans la m\u00e2choire sup\u00e9rieure et six dans la m\u00e2choire inf\u00e9rieure. Cela permet \u00e9galement de r\u00e9duire consid\u00e9rablement les co\u00fbts.<\/p>\n\t\t<\/div>\n\t\t\t\t\t<\/div>\n\n\t\n<\/div>","protected":false},"excerpt":{"rendered":"","protected":false},"author":1,"featured_media":487,"parent":0,"menu_order":0,"comment_status":"closed","ping_status":"closed","template":"page-transparent-header-light.php","meta":{"footnotes":""},"class_list":["post-3349","page","type-page","status-publish","has-post-thumbnail","hentry"],"_links":{"self":[{"href":"https:\/\/dis212dentalgroup.com\/fr\/wp-json\/wp\/v2\/pages\/3349","targetHints":{"allow":["GET"]}}],"collection":[{"href":"https:\/\/dis212dentalgroup.com\/fr\/wp-json\/wp\/v2\/pages"}],"about":[{"href":"https:\/\/dis212dentalgroup.com\/fr\/wp-json\/wp\/v2\/types\/page"}],"author":[{"embeddable":true,"href":"https:\/\/dis212dentalgroup.com\/fr\/wp-json\/wp\/v2\/users\/1"}],"replies":[{"embeddable":true,"href":"https:\/\/dis212dentalgroup.com\/fr\/wp-json\/wp\/v2\/comments?post=3349"}],"version-history":[{"count":1,"href":"https:\/\/dis212dentalgroup.com\/fr\/wp-json\/wp\/v2\/pages\/3349\/revisions"}],"predecessor-version":[{"id":4874,"href":"https:\/\/dis212dentalgroup.com\/fr\/wp-json\/wp\/v2\/pages\/3349\/revisions\/4874"}],"wp:featuredmedia":[{"embeddable":true,"href":"https:\/\/dis212dentalgroup.com\/fr\/wp-json\/wp\/v2\/media\/487"}],"wp:attachment":[{"href":"https:\/\/dis212dentalgroup.com\/fr\/wp-json\/wp\/v2\/media?parent=3349"}],"curies":[{"name":"wp","href":"https:\/\/api.w.org\/{rel}","templated":true}]}}