{"id":3348,"date":"2019-05-24T15:15:46","date_gmt":"2019-05-24T12:15:46","guid":{"rendered":"https:\/\/new.dis212.com.tr\/?page_id=3348"},"modified":"2022-07-06T22:51:20","modified_gmt":"2022-07-06T19:51:20","slug":"dental-radiological","status":"publish","type":"page","link":"https:\/\/dis212dentalgroup.com\/fr\/dental-radiological\/","title":{"rendered":"RADIOLOGIE DENTAIRE"},"content":{"rendered":"<div class=\"banner has-hover\" id=\"banner-557647520\">\n          <div class=\"banner-inner fill\">\n        <div class=\"banner-bg fill\" >\n            <img loading=\"lazy\" decoding=\"async\" width=\"1020\" height=\"361\" src=\"https:\/\/dis212dentalgroup.com\/wp-content\/uploads\/2019\/05\/page-header-1024x362.jpg\" class=\"bg attachment-large size-large\" alt=\"Implant dentaire en Turquie\" title=\"\">                        <div class=\"overlay\"><\/div>            \n                    <\/div>\n\t\t\n        <div class=\"banner-layers container\">\n            <div class=\"fill banner-link\"><\/div>            \n   <div id=\"text-box-458052933\" class=\"text-box banner-layer x50 md-x50 lg-x50 y50 md-y50 lg-y50 res-text\">\n                                <div class=\"text-box-content text dark\">\n              \n              <div class=\"text-inner text-center\">\n                  \n<h1>RADIOLOGIE DENTAIRE<\/h1>\n<p>Radiologie dentaire en Turquie<\/p>\n<a href=\"#get-a-free-quote\" class=\"button success is-shade is-large box-shadow-3 box-shadow-5-hover\"  style=\"border-radius:5px;\">\n\t<i class=\"icon-expand\" aria-hidden=\"true\" ><\/i>\t<span>OBTENIR UN DEVIS GRATUIT<\/span>\n\t<\/a>\n\n              <\/div>\n           <\/div>\n                            \n<style>\n#text-box-458052933 {\n  width: 86%;\n}\n#text-box-458052933 .text-box-content {\n  font-size: 100%;\n}\n@media (min-width:550px) {\n  #text-box-458052933 {\n    width: 60%;\n  }\n}\n<\/style>\n    <\/div>\n \n        <\/div>\n      <\/div>\n\n            \n<style>\n#banner-557647520 {\n  padding-top: 500px;\n}\n#banner-557647520 .overlay {\n  background-color: rgba(100, 202, 217, 0.5);\n}\n@media (min-width:550px) {\n  #banner-557647520 {\n    padding-top: 700px;\n  }\n}\n<\/style>\n  <\/div>\n\n\n<div class=\"row\"  id=\"row-1984219005\">\n\n\t<div id=\"col-577738574\" class=\"col small-12 large-12\"  >\n\t\t\t\t<div class=\"col-inner\"  >\n\t\t\t\n\t\t\t\n<p class=\"lead\">Les radiographies dentaires, \u00e0 savoir les films dentaires, sont les principaux outils de diagnostic des maladies intra-orales, en particulier celles associ\u00e9es aux tissus durs tels que les dents et les m\u00e2choires. Les radiographies dentaires, \u00e0 savoir les films dentaires, sont les principaux auxiliaires pour diagnostiquer les maladies intra-orales - en particulier celles associ\u00e9es aux tissus durs tels que les dents et les arcades maxillaires.<\/p>\n<p>Les cliniques d'Atakent et de Bayrampa\u015fa, qui disposent de syst\u00e8mes d'imagerie avanc\u00e9s, peuvent examiner en profondeur les probl\u00e8mes qui surviennent dans les dents de nos patients. Gr\u00e2ce aux appareils d'imagerie radiologique sp\u00e9ciaux que nous utilisons, nous pouvons facilement identifier les probl\u00e8mes de dents, de racines et de m\u00e2choires existants et nous pouvons trouver les probl\u00e8mes que le patient peut rencontrer \u00e0 des stades avanc\u00e9s avec l'aide de ces appareils. La sant\u00e9 n'est pas n\u00e9glig\u00e9e, vous pouvez nous choisir si vous voulez \u00eatre trait\u00e9 dans une clinique enti\u00e8rement \u00e9quip\u00e9e et ne pas \u00eatre expos\u00e9 \u00e0 diverses proc\u00e9dures li\u00e9es \u00e0 vos dents apr\u00e8s votre traitement.<\/p>\n\t\t<\/div>\n\t\t\t\t\t<\/div>\n\n\t\n<\/div>","protected":false},"excerpt":{"rendered":"","protected":false},"author":1,"featured_media":3157,"parent":0,"menu_order":0,"comment_status":"closed","ping_status":"closed","template":"page-transparent-header-light.php","meta":{"footnotes":""},"class_list":["post-3348","page","type-page","status-publish","has-post-thumbnail","hentry"],"_links":{"self":[{"href":"https:\/\/dis212dentalgroup.com\/fr\/wp-json\/wp\/v2\/pages\/3348","targetHints":{"allow":["GET"]}}],"collection":[{"href":"https:\/\/dis212dentalgroup.com\/fr\/wp-json\/wp\/v2\/pages"}],"about":[{"href":"https:\/\/dis212dentalgroup.com\/fr\/wp-json\/wp\/v2\/types\/page"}],"author":[{"embeddable":true,"href":"https:\/\/dis212dentalgroup.com\/fr\/wp-json\/wp\/v2\/users\/1"}],"replies":[{"embeddable":true,"href":"https:\/\/dis212dentalgroup.com\/fr\/wp-json\/wp\/v2\/comments?post=3348"}],"version-history":[{"count":0,"href":"https:\/\/dis212dentalgroup.com\/fr\/wp-json\/wp\/v2\/pages\/3348\/revisions"}],"wp:featuredmedia":[{"embeddable":true,"href":"https:\/\/dis212dentalgroup.com\/fr\/wp-json\/wp\/v2\/media\/3157"}],"wp:attachment":[{"href":"https:\/\/dis212dentalgroup.com\/fr\/wp-json\/wp\/v2\/media?parent=3348"}],"curies":[{"name":"wp","href":"https:\/\/api.w.org\/{rel}","templated":true}]}}