{"id":3347,"date":"2019-05-24T14:21:08","date_gmt":"2019-05-24T11:21:08","guid":{"rendered":"https:\/\/new.dis212.com.tr\/?page_id=3347"},"modified":"2022-07-06T22:56:58","modified_gmt":"2022-07-06T19:56:58","slug":"periodontology","status":"publish","type":"page","link":"https:\/\/dis212dentalgroup.com\/fr\/periodontology\/","title":{"rendered":"PERIODONTOLOGIE"},"content":{"rendered":"<div class=\"banner has-hover\" id=\"banner-849465898\">\n          <div class=\"banner-inner fill\">\n        <div class=\"banner-bg fill\" >\n            <img loading=\"lazy\" decoding=\"async\" width=\"1020\" height=\"361\" src=\"https:\/\/dis212dentalgroup.com\/wp-content\/uploads\/2019\/05\/page-header-1024x362.jpg\" class=\"bg attachment-large size-large\" alt=\"Implant dentaire en Turquie\" title=\"\">                        <div class=\"overlay\"><\/div>            \n                    <\/div>\n\t\t\n        <div class=\"banner-layers container\">\n            <div class=\"fill banner-link\"><\/div>            \n   <div id=\"text-box-2055237773\" class=\"text-box banner-layer x50 md-x50 lg-x50 y50 md-y50 lg-y50 res-text\">\n                                <div class=\"text-box-content text dark\">\n              \n              <div class=\"text-inner text-center\">\n                  \n<h1 class=\"uppercase\"><strong>Parodontologie <\/strong><\/h1>\n<p>Parodontologie en Turquie<\/p>\n<a href=\"#get-a-free-quote\" class=\"button success is-shade is-large box-shadow-3 box-shadow-5-hover\"  style=\"border-radius:5px;\">\n\t<i class=\"icon-expand\" aria-hidden=\"true\" ><\/i>\t<span>OBTENIR UN DEVIS GRATUIT<\/span>\n\t<\/a>\n\n              <\/div>\n           <\/div>\n                            \n<style>\n#text-box-2055237773 {\n  width: 60%;\n}\n#text-box-2055237773 .text-box-content {\n  font-size: 100%;\n}\n<\/style>\n    <\/div>\n \n        <\/div>\n      <\/div>\n\n            \n<style>\n#banner-849465898 {\n  padding-top: 700px;\n}\n#banner-849465898 .overlay {\n  background-color: rgba(64, 123, 205, 0.3);\n}\n<\/style>\n  <\/div>\n\n\n<div class=\"row\"  id=\"row-1979698863\">\n\n\t<div id=\"col-483236752\" class=\"col small-12 large-12\"  >\n\t\t\t\t<div class=\"col-inner\"  >\n\t\t\t\n\t\t\t\n<p><strong>Maladie parodontale (gingivale) : Causes, sympt\u00f4mes et traitements Parodontologie<\/strong>\n  <\/p>\n<p>\n  Si l'on vous a dit que vous souffriez d'une maladie parodontale (des gencives), vous n'\u00eates pas seul. De nombreux adultes dans le monde souffrent actuellement d'une forme ou d'une autre de cette maladie. Les maladies parodontales vont de la simple inflammation des gencives \u00e0 la maladie grave qui entra\u00eene des dommages importants aux tissus mous et aux os qui soutiennent les dents. Dans le pire des cas, les dents sont perdues.<\/p>\n<p>L'arr\u00eat, le ralentissement ou l'aggravation de la maladie des gencives d\u00e9pend en grande partie de la fa\u00e7on dont vous prenez soin de vos dents et de vos gencives chaque jour, \u00e0 partir d'aujourd'hui.<\/p>\n<p><strong>Quelles sont les causes des maladies des gencives ?<\/strong><\/p>\n<p>\n  Notre bouche est pleine de bact\u00e9ries. Ces bact\u00e9ries, ainsi que le mucus et d'autres particules, forment en permanence une \"plaque\" collante et incolore sur les dents. Le brossage des dents et l'utilisation du fil dentaire permettent de se d\u00e9barrasser de la plaque. La plaque qui n'est pas \u00e9limin\u00e9e peut durcir et former du \"tartre\" que le brossage ne permet pas de nettoyer. Seul un nettoyage professionnel par un dentiste ou un hygi\u00e9niste dentaire peut \u00e9liminer le tartre.<\/p>\n<p><strong>Gingivite<\/strong>  <\/p>\n<p>Plus la plaque et le tartre restent longtemps sur les dents, plus ils sont nocifs. Les bact\u00e9ries provoquent une inflammation des gencives appel\u00e9e \"gingivite\". En cas de gingivite, les gencives deviennent rouges, gonfl\u00e9es et peuvent saigner facilement. La gingivite est une forme b\u00e9nigne de maladie des gencives qui peut g\u00e9n\u00e9ralement \u00eatre enray\u00e9e par un brossage quotidien des dents, l'utilisation du fil dentaire et un nettoyage r\u00e9gulier par un dentiste ou un hygi\u00e9niste dentaire. Cette forme d'affection gingivale ne s'accompagne pas d'une perte des os et des tissus qui maintiennent les dents en place.  <\/p>\n<p><strong>Parodontite<\/strong><\/p>\n<p>Si la gingivite n'est pas trait\u00e9e, elle peut \u00e9voluer vers une \"parodontite\" (qui signifie \"inflammation autour de la dent\"). Dans le cas de la parodontite, les gencives se d\u00e9tachent des dents et forment des espaces (appel\u00e9s \"poches\") qui s'infectent. Le syst\u00e8me immunitaire combat les bact\u00e9ries \u00e0 mesure que la plaque s'\u00e9tend et se d\u00e9veloppe sous le rebord gingival. Les toxines bact\u00e9riennes et la r\u00e9action naturelle de l'organisme \u00e0 l'infection commencent \u00e0 d\u00e9grader l'os et le tissu conjonctif qui maintiennent les dents en place. En l'absence de traitement, les os, les gencives et les tissus qui soutiennent les dents sont d\u00e9truits. Les dents peuvent finir par se d\u00e9chausser et doivent \u00eatre retir\u00e9es.<\/p>\n<p> <strong>Facteurs de risque<\/strong><\/p>\n<p> Le tabagisme. Vous avez besoin d'une autre raison pour arr\u00eater de fumer ? Le tabagisme est l'un des facteurs de risque les plus importants associ\u00e9s au d\u00e9veloppement des maladies des gencives. En outre, le tabagisme peut r\u00e9duire les chances de r\u00e9ussite du traitement.  <\/p>\n<p>Les changements hormonaux chez les filles\/femmes. Ces changements peuvent rendre les gencives plus sensibles et faciliter le d\u00e9veloppement de la gingivite.  <\/p>\n<p>Le diab\u00e8te. Les personnes atteintes de diab\u00e8te pr\u00e9sentent un risque plus \u00e9lev\u00e9 de d\u00e9velopper des infections, y compris des maladies des gencives.  <\/p>\n<p>Autres maladies et leurs traitements. Des maladies telles que le sida et ses traitements peuvent \u00e9galement avoir un impact n\u00e9gatif sur la sant\u00e9 des gencives, tout comme les traitements contre le cancer.<br \/>\n  Les m\u00e9dicaments. Il existe des centaines de m\u00e9dicaments sur ordonnance ou en vente libre qui peuvent r\u00e9duire le flux de salive, qui a un effet protecteur sur la bouche. Sans salive en quantit\u00e9 suffisante, la bouche est vuln\u00e9rable aux infections telles que les maladies des gencives. De plus, certains m\u00e9dicaments peuvent provoquer une croissance anormale du tissu gingival, ce qui peut rendre difficile la propret\u00e9 des dents et des gencives.  <\/p>\n<p>La susceptibilit\u00e9 g\u00e9n\u00e9tique. Certaines personnes sont plus sujettes que d'autres aux maladies gingivales graves.<\/p>\n<p><strong>Qui est atteint d'une maladie des gencives ?  <\/strong><\/p>\n<p>En g\u00e9n\u00e9ral, les signes d'une maladie des gencives ne se manifestent pas avant la trentaine ou la quarantaine. Les hommes sont plus susceptibles de souffrir d'une maladie des gencives que les femmes. Bien que les adolescents d\u00e9veloppent rarement une parodontite, ils peuvent d\u00e9velopper une gingivite, la forme la plus b\u00e9nigne de l'affection gingivale. Le plus souvent, les maladies des gencives se d\u00e9veloppent lorsque la plaque dentaire s'accumule le long et sous la ligne des gencives.<\/p>\n<p> <strong>Comment savoir si je souffre d'une maladie des gencives ? <\/strong> <\/p>\n<p>Les sympt\u00f4mes de la maladie des gencives sont les suivants<br><br \/>\n  Une mauvaise haleine qui ne dispara\u00eet pas<\/p>\n<p>  Gencives rouges ou enfl\u00e9es<br \/>\n  Gencives sensibles ou saignantes<\/p>\n<p>  Mastication douloureuse<\/p>\n<p>  Dents d\u00e9chauss\u00e9es<\/p>\n<p>  Dents sensibles<\/p>\n<p>  D\u00e9chaussement des gencives ou allongement des dents\n  <\/p>\n<p>Chacun de ces sympt\u00f4mes peut \u00eatre le signe d'un probl\u00e8me grave, qui doit \u00eatre examin\u00e9 par un dentiste. Lors de votre visite chez le dentiste, le dentiste ou l'hygi\u00e9niste devrait :<\/p>\n<p>  Posez des questions sur vos ant\u00e9c\u00e9dents m\u00e9dicaux afin d'identifier les affections sous-jacentes ou les facteurs de risque (tels que le tabagisme) qui peuvent contribuer aux maladies des gencives.<br \/>\n  Examinez vos gencives et notez tout signe d'inflammation. Utilisez une minuscule r\u00e8gle appel\u00e9e \"sonde\" pour v\u00e9rifier et mesurer les \u00e9ventuelles poches. Dans une bouche saine, la profondeur de ces poches est g\u00e9n\u00e9ralement comprise entre 1 et 3 millim\u00e8tres. Cet examen de la profondeur des poches est g\u00e9n\u00e9ralement indolore.  <\/p>\n<p><strong>Traitements chirurgicaux  <\/strong><\/p>\n<p><strong>Chirurgie du lambeau<\/strong><\/p>\n<p>Une intervention chirurgicale peut s'av\u00e9rer n\u00e9cessaire si l'inflammation et les poches profondes persistent apr\u00e8s un nettoyage en profondeur et la prise de m\u00e9dicaments. Un dentiste ou un parodontiste peut pratiquer une chirurgie par lambeaux pour \u00e9liminer les d\u00e9p\u00f4ts de tartre dans les poches profondes ou pour r\u00e9duire la poche parodontale et faciliter le nettoyage de la zone par le patient, le dentiste et l'hygi\u00e9niste. Cette intervention courante consiste \u00e0 soulever les gencives et \u00e0 enlever le tartre. Les gencives sont ensuite sutur\u00e9es de mani\u00e8re \u00e0 ce que le tissu s'adapte parfaitement \u00e0 la dent. Apr\u00e8s l'intervention, les gencives cicatrisent et se resserrent autour de la dent. Les dents paraissent parfois plus longues.  <\/p>\n<p><strong>Greffes d'os et de tissus <\/strong><\/p>\n<p>En plus de la chirurgie des lambeaux, votre parodontiste ou votre dentiste peut sugg\u00e9rer des proc\u00e9dures pour aider \u00e0 r\u00e9g\u00e9n\u00e9rer l'os ou le tissu gingival perdu \u00e0 cause de la parodontite. La greffe osseuse, qui consiste \u00e0 placer de l'os naturel ou synth\u00e9tique dans la zone de perte osseuse, peut favoriser la croissance osseuse. Une technique qui peut \u00eatre utilis\u00e9e avec la greffe osseuse est appel\u00e9e r\u00e9g\u00e9n\u00e9ration tissulaire guid\u00e9e. Dans cette proc\u00e9dure, un petit morceau de mat\u00e9riau ressemblant \u00e0 un filet est ins\u00e9r\u00e9 entre l'os et le tissu gingival. Cela emp\u00eache le tissu gingival de se d\u00e9velopper dans la zone o\u00f9 l'os devrait se trouver, ce qui permet \u00e0 l'os et au tissu conjonctif de se r\u00e9g\u00e9n\u00e9rer. Des facteurs de croissance - des prot\u00e9ines qui peuvent aider votre corps \u00e0 repousser naturellement l'os - peuvent \u00e9galement \u00eatre utilis\u00e9s. En cas de perte de tissu gingival, le dentiste ou le parodontiste peut proposer une greffe de tissu mou, dans laquelle un mat\u00e9riau synth\u00e9tique ou un tissu pr\u00e9lev\u00e9 dans une autre zone de la bouche est utilis\u00e9 pour recouvrir les racines dentaires expos\u00e9es.  <\/p>\n<p>Chaque cas \u00e9tant diff\u00e9rent, il n'est pas possible de pr\u00e9dire avec certitude quelles greffes seront couronn\u00e9es de succ\u00e8s \u00e0 long terme. Les r\u00e9sultats du traitement d\u00e9pendent de nombreux facteurs, notamment du degr\u00e9 d'\u00e9volution de la maladie, de la qualit\u00e9 des soins bucco-dentaires \u00e0 domicile et de certains facteurs de risque, comme le tabagisme, qui peuvent r\u00e9duire les chances de r\u00e9ussite. Demandez \u00e0 votre parodontiste quel pourrait \u00eatre le niveau de r\u00e9ussite dans votre cas particulier.  <\/p>\n<p>N'h\u00e9sitez pas \u00e0 nous contacter via le formulaire de la section droite afin d'obtenir des informations optimales.<\/p>\n\t\t<\/div>\n\t\t\t\t\t<\/div>\n\n\t\n<\/div>","protected":false},"excerpt":{"rendered":"","protected":false},"author":1,"featured_media":3540,"parent":0,"menu_order":0,"comment_status":"closed","ping_status":"closed","template":"page-transparent-header-light.php","meta":{"footnotes":""},"class_list":["post-3347","page","type-page","status-publish","has-post-thumbnail","hentry"],"_links":{"self":[{"href":"https:\/\/dis212dentalgroup.com\/fr\/wp-json\/wp\/v2\/pages\/3347","targetHints":{"allow":["GET"]}}],"collection":[{"href":"https:\/\/dis212dentalgroup.com\/fr\/wp-json\/wp\/v2\/pages"}],"about":[{"href":"https:\/\/dis212dentalgroup.com\/fr\/wp-json\/wp\/v2\/types\/page"}],"author":[{"embeddable":true,"href":"https:\/\/dis212dentalgroup.com\/fr\/wp-json\/wp\/v2\/users\/1"}],"replies":[{"embeddable":true,"href":"https:\/\/dis212dentalgroup.com\/fr\/wp-json\/wp\/v2\/comments?post=3347"}],"version-history":[{"count":0,"href":"https:\/\/dis212dentalgroup.com\/fr\/wp-json\/wp\/v2\/pages\/3347\/revisions"}],"wp:featuredmedia":[{"embeddable":true,"href":"https:\/\/dis212dentalgroup.com\/fr\/wp-json\/wp\/v2\/media\/3540"}],"wp:attachment":[{"href":"https:\/\/dis212dentalgroup.com\/fr\/wp-json\/wp\/v2\/media?parent=3347"}],"curies":[{"name":"wp","href":"https:\/\/api.w.org\/{rel}","templated":true}]}}