{"id":3346,"date":"2019-05-24T14:11:11","date_gmt":"2019-05-24T11:11:11","guid":{"rendered":"https:\/\/new.dis212.com.tr\/?page_id=3346"},"modified":"2022-07-06T22:53:45","modified_gmt":"2022-07-06T19:53:45","slug":"incognito-lingual-orthodontics","status":"publish","type":"page","link":"https:\/\/dis212dentalgroup.com\/fr\/incognito-lingual-orthodontics\/","title":{"rendered":"ORTHODONTIE LINGUALE INCOGNITO"},"content":{"rendered":"<div class=\"banner has-hover\" id=\"banner-1827945764\">\n          <div class=\"banner-inner fill\">\n        <div class=\"banner-bg fill\" >\n            <img loading=\"lazy\" decoding=\"async\" width=\"1020\" height=\"361\" src=\"https:\/\/dis212dentalgroup.com\/wp-content\/uploads\/2019\/05\/page-header-1024x362.jpg\" class=\"bg attachment-large size-large\" alt=\"Implant dentaire en Turquie\" title=\"\">                        <div class=\"overlay\"><\/div>            \n                    <\/div>\n\t\t\n        <div class=\"banner-layers container\">\n            <div class=\"fill banner-link\"><\/div>            \n   <div id=\"text-box-1760536310\" class=\"text-box banner-layer x50 md-x50 lg-x50 y50 md-y50 lg-y50 res-text\">\n                                <div class=\"text-box-content text dark\">\n              \n              <div class=\"text-inner text-center\">\n                  \n<h1 class=\"uppercase\"><strong>ORTHODONTIE LINGUALE INCOGNITO<\/strong><\/h1>\n<p>Orthodontie linguale incognito en Turquie<\/p>\n<a href=\"#get-a-free-quote\" class=\"button success is-shade is-large box-shadow-3 box-shadow-5-hover\"  style=\"border-radius:5px;\">\n\t<i class=\"icon-expand\" aria-hidden=\"true\" ><\/i>\t<span>OBTENIR UN DEVIS GRATUIT<\/span>\n\t<\/a>\n\n              <\/div>\n           <\/div>\n                            \n<style>\n#text-box-1760536310 {\n  width: 98%;\n}\n#text-box-1760536310 .text-box-content {\n  font-size: 100%;\n}\n@media (min-width:550px) {\n  #text-box-1760536310 {\n    width: 60%;\n  }\n}\n<\/style>\n    <\/div>\n \n        <\/div>\n      <\/div>\n\n            \n<style>\n#banner-1827945764 {\n  padding-top: 500px;\n}\n#banner-1827945764 .overlay {\n  background-color: rgba(64, 123, 205, 0.3);\n}\n@media (min-width:550px) {\n  #banner-1827945764 {\n    padding-top: 700px;\n  }\n}\n<\/style>\n  <\/div>\n\n\n<div class=\"row\"  id=\"row-1328029918\">\n\n\t<div id=\"col-2047492714\" class=\"col medium-6 small-12 large-6\"  >\n\t\t\t\t<div class=\"col-inner\"  >\n\t\t\t\n\t\t\t\n<p>Incognito\u2122 Lingual practicing est une s\u00e9ance priv\u00e9e d'orthodontie qui pr\u00e9pare des brackets invisibles pour chaque dent de la personne. Cette m\u00e9thode est pr\u00e9f\u00e9r\u00e9e par les hommes d'affaires, les artisans, les mannequins et les sportifs qui accordent une importance particuli\u00e8re \u00e0 l'aspect esth\u00e9tique de leurs dents.\n<\/p>\n<p>Incognito\u2122 In Dis 212 Polyclinic ; les op\u00e9rations ont pu \u00eatre r\u00e9alis\u00e9es de mani\u00e8re fantastique par l'orthodontiste titulaire Dr. Abidin ACAR qui a officiellement inscrit la marque Incognito 3M.<\/p>\n<p><strong>Qu'est-ce qu'un appareil dentaire Incognito ?<br \/>\n<\/strong><\/p>\n<p>L'appareil dentaire Incognito est une g\u00e9n\u00e9ration avanc\u00e9e d'appareils qui se cachent discr\u00e8tement \u00e0 l'arri\u00e8re des dents, et non pas sur le devant comme les \"punaises\" conventionnelles. Cela permet aux personnes de vaquer \u00e0 leurs occupations quotidiennes sans se sentir g\u00ean\u00e9es car leur appareil est pratiquement invisible de l'ext\u00e9rieur.<\/p>\n<p>L'appareil dentaire Incognito convient \u00e0 tous les groupes d'\u00e2ge - enfants, adolescents et adultes - qui souhaitent corriger la position de leurs dents.<\/p>\n<p>L'orth\u00e8se est fabriqu\u00e9e sur mesure pour chaque patient afin de maximiser le confort et de garantir des r\u00e9sultats pr\u00e9cis, gr\u00e2ce \u00e0 l'utilisation des derni\u00e8res technologies informatiques lors de la cr\u00e9ation de l'orth\u00e8se.<\/p>\n<p>L'appareil dentaire Incognito Lite est discr\u00e8tement cach\u00e9 \u00e0 l'arri\u00e8re des dents.\n  <\/p>\n<p>L'appareil dentaire Incognito Lite convient \u00e0 tous les groupes d'\u00e2ge  <\/p>\n<p>Fabriqu\u00e9 sur mesure pour chaque patient afin de maximiser le confort et de garantir des r\u00e9sultats pr\u00e9cis.<\/p>\n<p><strong>Il y a de nombreuses raisons de choisir l'appareil dentaire Incognito :<br \/>\n <\/strong><\/p>\n<p> <strong>Personnalisation :<\/strong> ils sont con\u00e7us et produits individuellement pour vous  <\/p>\n<p><strong>Esth\u00e9tique :<\/strong> Comme ils sont plac\u00e9s \u00e0 l'arri\u00e8re des dents, ils sont pratiquement invisibles de l'ext\u00e9rieur.<\/p>\n<p><strong>Le temps :<\/strong> Un succ\u00e8s visible en peu de temps  <\/p>\n<p><strong>Confort : <\/strong>La plupart des patients ne ressentent qu'une g\u00eane minime et des difficult\u00e9s d'\u00e9locution. Apr\u00e8s une courte p\u00e9riode d'adaptation, vous pourrez manger et parler normalement.<\/p>\n<p> Correction fiable de tous les types de positions dentaires incorrectes  <\/p>\n<p>Convient \u00e0 tous les groupes d'\u00e2ge  <\/p>\n<p>Pas de risque de d\u00e9calcification de la surface des dents ant\u00e9rieures  <\/p>\n<p>Les brackets \u00e9tant en alliage d'or, les allergies au nickel ne posent pas de probl\u00e8me.<\/p>\n<p><strong> N'h\u00e9sitez pas \u00e0 nous contacter via le formulaire de la section droite afin d'obtenir des informations optimales.<\/strong><\/p>\n\t\t<\/div>\n\t\t\t\t\t<\/div>\n\n\t\n\n\t<div id=\"col-1448378493\" class=\"col medium-6 small-12 large-6\"  >\n\t\t\t\t<div class=\"col-inner\"  >\n\t\t\t\n\t\t\t\n\t<div class=\"img has-hover x md-x lg-x y md-y lg-y\" id=\"image_1143229351\">\n\t\t\t\t\t\t\t\t<div class=\"img-inner dark\" >\n\t\t\t<img loading=\"lazy\" decoding=\"async\" width=\"800\" height=\"800\" src=\"https:\/\/dis212dentalgroup.com\/wp-content\/uploads\/2019\/05\/dis212-estetik-dis-hekimligi.jpg\" class=\"attachment-large size-large\" alt=\"tous sur quatre\" srcset=\"https:\/\/dis212dentalgroup.com\/wp-content\/uploads\/2019\/05\/dis212-estetik-dis-hekimligi.jpg 800w, https:\/\/dis212dentalgroup.com\/wp-content\/uploads\/2019\/05\/dis212-estetik-dis-hekimligi-300x300.jpg 300w, https:\/\/dis212dentalgroup.com\/wp-content\/uploads\/2019\/05\/dis212-estetik-dis-hekimligi-100x100.jpg 100w, https:\/\/dis212dentalgroup.com\/wp-content\/uploads\/2019\/05\/dis212-estetik-dis-hekimligi-600x600.jpg 600w, https:\/\/dis212dentalgroup.com\/wp-content\/uploads\/2019\/05\/dis212-estetik-dis-hekimligi-150x150.jpg 150w, https:\/\/dis212dentalgroup.com\/wp-content\/uploads\/2019\/05\/dis212-estetik-dis-hekimligi-768x768.jpg 768w\" sizes=\"auto, (max-width: 800px) 100vw, 800px\" title=\"\">\t\t\t\t\t\t\n\t\t\t\t\t<\/div>\n\t\t\t\t\t\t\t\t\n<style>\n#image_1143229351 {\n  width: 100%;\n}\n<\/style>\n\t<\/div>\n\t\n\t\t<\/div>\n\t\t\t\t\t<\/div>\n\n\t\n<\/div>","protected":false},"excerpt":{"rendered":"","protected":false},"author":1,"featured_media":0,"parent":0,"menu_order":0,"comment_status":"closed","ping_status":"closed","template":"page-transparent-header-light.php","meta":{"footnotes":""},"class_list":["post-3346","page","type-page","status-publish","hentry"],"_links":{"self":[{"href":"https:\/\/dis212dentalgroup.com\/fr\/wp-json\/wp\/v2\/pages\/3346","targetHints":{"allow":["GET"]}}],"collection":[{"href":"https:\/\/dis212dentalgroup.com\/fr\/wp-json\/wp\/v2\/pages"}],"about":[{"href":"https:\/\/dis212dentalgroup.com\/fr\/wp-json\/wp\/v2\/types\/page"}],"author":[{"embeddable":true,"href":"https:\/\/dis212dentalgroup.com\/fr\/wp-json\/wp\/v2\/users\/1"}],"replies":[{"embeddable":true,"href":"https:\/\/dis212dentalgroup.com\/fr\/wp-json\/wp\/v2\/comments?post=3346"}],"version-history":[{"count":0,"href":"https:\/\/dis212dentalgroup.com\/fr\/wp-json\/wp\/v2\/pages\/3346\/revisions"}],"wp:attachment":[{"href":"https:\/\/dis212dentalgroup.com\/fr\/wp-json\/wp\/v2\/media?parent=3346"}],"curies":[{"name":"wp","href":"https:\/\/api.w.org\/{rel}","templated":true}]}}