{"id":3345,"date":"2019-05-24T14:10:00","date_gmt":"2019-05-24T11:10:00","guid":{"rendered":"https:\/\/new.dis212.com.tr\/?page_id=3345"},"modified":"2025-07-21T15:59:55","modified_gmt":"2025-07-21T12:59:55","slug":"services","status":"publish","type":"page","link":"https:\/\/dis212dentalgroup.com\/fr\/services\/","title":{"rendered":"Services"},"content":{"rendered":"<div class=\"banner has-hover has-parallax\" id=\"banner-1909191783\">\n          <div class=\"banner-inner fill\">\n        <div class=\"banner-bg fill\" data-parallax=\"-4\" data-parallax-container=\".banner\" data-parallax-background>\n            <img loading=\"lazy\" decoding=\"async\" width=\"1920\" height=\"1271\" src=\"https:\/\/dis212dentalgroup.com\/wp-content\/uploads\/2022\/07\/santelina-dentistry-bg.jpg\" class=\"bg attachment-original size-original\" alt=\"Services\" title=\"\">                        <div class=\"overlay\"><\/div>            \n                    <\/div>\n\t\t\n        <div class=\"banner-layers container\">\n            <div class=\"fill banner-link\"><\/div>            \n   <div id=\"text-box-1561390318\" class=\"text-box banner-layer x5 md-x5 lg-x5 y80 md-y80 lg-y80 res-text\">\n                                <div class=\"text-box-content text dark\">\n              \n              <div class=\"text-inner text-left\">\n                  \n<h2 class=\"uppercase\"><span style=\"font-size: 100%;\"><strong>Dentisterie <br \/><\/strong><\/span><\/h2>\n<p>Exp\u00e9rience, service de qualit\u00e9 et consultation gratuite<\/p>\n              <\/div>\n           <\/div>\n                            \n<style>\n#text-box-1561390318 {\n  width: 78%;\n}\n#text-box-1561390318 .text-box-content {\n  font-size: 125%;\n}\n@media (min-width:550px) {\n  #text-box-1561390318 {\n    width: 45%;\n  }\n  #text-box-1561390318 .text-box-content {\n    font-size: 100%;\n  }\n}\n<\/style>\n    <\/div>\n \n        <\/div>\n      <\/div>\n\n            \n<style>\n#banner-1909191783 {\n  padding-top: 650px;\n}\n#banner-1909191783 .overlay {\n  background-color: rgba(64, 123, 205, 0.3);\n}\n#banner-1909191783 .banner-bg img {\n  object-position: 25% 42%;\n}\n<\/style>\n  <\/div>\n\n\n<div class=\"row\" style=\"max-width:1365px\" id=\"row-306588120\">\n\n\t<div id=\"col-426162637\" class=\"col small-12 large-12\"  >\n\t\t\t\t<div class=\"col-inner text-left\"  >\n\t\t\t\n\t\t\t\n<p class=\"lead\">Votre sourire est le plus bel accessoire qui r\u00e9chauffe le c\u0153ur des gens qui vous entourent, construit le pont vital entre vous et les gens, les met \u00e0 l'aise et vous aide \u00e0 vous mettre en valeur. Par ailleurs, reflet le plus perceptible de votre personnalit\u00e9, votre sourire est directement li\u00e9 \u00e0 l'int\u00e9grit\u00e9 de votre personne. Un sourire Duchenne digne de ce nom repr\u00e9sente ce que vous \u00eates de mani\u00e8re agr\u00e9able et s\u00fbre de vous. Cependant, pr\u00e8s de 30 pour cent des gens ne signifient pas leur sourire parce qu'ils pensent que leurs dents ne sont pas charmantes.<\/p>\n<p>C'est pr\u00e9cis\u00e9ment pour cette raison que vous \u00eates au bon endroit si vous cherchez une profession qui vous permette d'avoir des dents brillantes et magnifiques. Nous aidons nos patients \u00e0 b\u00e9n\u00e9ficier d'une consultation et de soins professionnels et honn\u00eates. De <a href=\"https:\/\/dis212dentalgroup.com\/fr\/dental-implants-in-turkey\/\">implants dentaires<\/a> \u00e0 la chirurgie orale et maxillo-faciale, Santelina est l\u00e0 pour vous permettre de changer le monde avec votre sourire.<\/p>\n<p>La dentisterie est une branche de la m\u00e9decine qui s'occupe des probl\u00e8mes de dents. Les dents sont l'une des parties les plus importantes de l'\u00eatre humain. Les dents ont une grande importance en termes d'esth\u00e9tique et de sant\u00e9. La carie dentaire est l'un des premiers probl\u00e8mes qui viennent \u00e0 l'esprit lorsqu'il s'agit de dentisterie. Les caries dentaires ne sont pas le seul domaine d'int\u00e9r\u00eat de la dentisterie, bien que presque tous les probl\u00e8mes dentaires aient pour origine la carie dentaire. Toutes sortes de probl\u00e8mes et de corrections survenant au niveau du palais et des dents sont trait\u00e9s par la dentisterie. Quels sont donc les int\u00e9r\u00eats de la dentisterie ?<\/p>\n\t\t<\/div>\n\t\t\t\t\t<\/div>\n\n\t\n\n\t<div id=\"col-1654294432\" class=\"col small-12 large-12\"  >\n\t\t\t\t<div class=\"col-inner\"  >\n\t\t\t\n\t\t\t\n<h2 style=\"text-align: center;\">Responsabilit\u00e9s de l'odontologie<\/h2>\n<p style=\"text-align: center;\">Comme nous l'avons vu plus haut, le seul int\u00e9r\u00eat de la dentisterie n'est pas de nettoyer les cavit\u00e9s qui se forment dans les dents. Il est possible d'\u00e9num\u00e9rer les int\u00e9r\u00eats g\u00e9n\u00e9raux de l'odontologie comme suit.<\/p>\n\t\t<\/div>\n\t\t\t\t\t<\/div>\n\n\t\n\n\t<div id=\"col-1272545723\" class=\"col medium-6 small-12 large-6\"  >\n\t\t\t\t<div class=\"col-inner\"  >\n\t\t\t\n\t\t\t\n\t<div class=\"img has-hover x md-x lg-x y md-y lg-y\" id=\"image_1777066513\">\n\t\t\t\t\t\t\t\t<div class=\"img-inner dark\" >\n\t\t\t<img loading=\"lazy\" decoding=\"async\" width=\"800\" height=\"414\" src=\"https:\/\/dis212dentalgroup.com\/wp-content\/uploads\/2022\/07\/santelina-dentistry-11.jpg\" class=\"attachment-large size-large\" alt=\"Implant dentaire en Turquie\" srcset=\"https:\/\/dis212dentalgroup.com\/wp-content\/uploads\/2022\/07\/santelina-dentistry-11.jpg 800w, https:\/\/dis212dentalgroup.com\/wp-content\/uploads\/2022\/07\/santelina-dentistry-11-600x311.jpg 600w, https:\/\/dis212dentalgroup.com\/wp-content\/uploads\/2022\/07\/santelina-dentistry-11-300x155.jpg 300w, https:\/\/dis212dentalgroup.com\/wp-content\/uploads\/2022\/07\/santelina-dentistry-11-768x397.jpg 768w\" sizes=\"auto, (max-width: 800px) 100vw, 800px\" title=\"\">\t\t\t\t\t\t\n\t\t\t\t\t<\/div>\n\t\t\t\t\t\t\t\t\n<style>\n#image_1777066513 {\n  width: 100%;\n}\n<\/style>\n\t<\/div>\n\t\n\t\t<\/div>\n\t\t\t\t\t<\/div>\n\n\t\n\n\t<div id=\"col-901668979\" class=\"col medium-6 small-12 large-6\"  >\n\t\t\t\t<div class=\"col-inner\"  >\n\t\t\t\n\t\t\t\n\t<div id=\"gap-1181836477\" class=\"gap-element clearfix\" style=\"display:block; height:auto;\">\n\t\t\n<style>\n#gap-1181836477 {\n  padding-top: 46px;\n}\n<\/style>\n\t<\/div>\n\t\n\t<div id=\"text-2618742137\" class=\"text\">\n\t\t\n<ul>\n<li>D\u00e9tecter en premier lieu la douleur afin d'\u00e9tablir le meilleur plan de traitement<\/li>\n<li>Nettoyage oral des dents cass\u00e9es et pourries.<\/li>\n<li>Correction des dents de travers.<\/li>\n<li>Application d'un traitement de l'inflammation<\/li>\n<li>Pose de proth\u00e8ses dentaires.<\/li>\n<\/ul>\n\t\t\n<style>\n#text-2618742137 {\n  font-size: 1.25rem;\n}\n<\/style>\n\t<\/div>\n\t\n\t\t<\/div>\n\t\t\t\t\t<\/div>\n\n\t\n<\/div>\n\t<div id=\"gap-1601726783\" class=\"gap-element clearfix\" style=\"display:block; height:auto;\">\n\t\t\n<style>\n#gap-1601726783 {\n  padding-top: 30px;\n}\n<\/style>\n\t<\/div>\n\t\n<h2 style=\"text-align: center;\">Applications en dentisterie<br \/>\n<\/h2>\n<div class=\"row\" style=\"max-width:800px\" id=\"row-429365589\">\n\n\t<div id=\"col-2067772348\" class=\"col small-12 large-12\"  >\n\t\t\t\t<div class=\"col-inner text-center\"  >\n\t\t\t\n\t\t\t\n<p class=\"lead\">La dentisterie a diff\u00e9rents domaines d'application. <\/p>\n\t\t<\/div>\n\t\t\t\t\n<style>\n#col-2067772348 > .col-inner {\n  margin: 0px 0px -43px 0px;\n}\n<\/style>\n\t<\/div>\n\n\t\n<\/div>\n<div class=\"row align-center row-dashed\" style=\"max-width:1365px\" id=\"row-1058867131\">\n\n\t<div id=\"col-875294830\" class=\"col medium-4 small-12 large-4\"  >\n\t\t\t\t<div class=\"col-inner\"  >\n\t\t\t\n\t\t\t\n<h4 class=\"lead\">Implants dentaires<\/h4>\n<p>Les chirurgies d'implants dentaires offrent une alternative bienvenue aux proth\u00e8ses dentaires ou aux bridges qui ne s'adaptent pas bien, ou en cas d'absence de dents naturelles. Les implants dentaires sont le meilleur moyen d'avoir une m\u00e2choire saine, des dents \u00e9clatantes et un sourire charmant.<\/p>\n<a href=\"\/fr\/dental-implants-in-turkey\/\" class=\"button primary is-link lowercase\"  >\n\t\t<span>Plus d'informations<\/span>\n\t<i class=\"icon-angle-right\" aria-hidden=\"true\" ><\/i><\/a>\n\n\t<div id=\"text-2205564705\" class=\"text hidden\">\n\t\t\n<p class=\"lead\">Implant dentaire<\/p>\n<p>L'implant dentaire est une m\u00e9thode de traitement utilis\u00e9e en cas de dents manquantes. Un implant dentaire est ins\u00e9r\u00e9 dans la m\u00e2choire et est fix\u00e9 entre l'os de la m\u00e2choire et la dent. <\/p>\n\t\t\t<\/div>\n\t\n\t\t<\/div>\n\t\t\t\t\t<\/div>\n\n\t\n\n\t<div id=\"col-556227968\" class=\"col medium-4 small-12 large-4\"  >\n\t\t\t\t<div class=\"col-inner\"  >\n\t\t\t\n\t\t\t\n<h4 class=\"lead\">Design du sourire<\/h4>\n<p>La conception du sourire est une proc\u00e9dure esth\u00e9tique visant \u00e0 construire des sourires droits, sains et attrayants en tenant compte de votre visage, de votre bouche, de la forme de vos l\u00e8vres et, bien s\u00fbr, de vos attentes. Vous pouvez avoir un sourire charmant avec vos dents nacr\u00e9es. Le monde rayonnera de votre sourire lumineux.<\/p>\n<a href=\"\/fr\/smile-design\/\" class=\"button primary is-link lowercase\"  >\n\t\t<span>Plus d'informations<\/span>\n\t<i class=\"icon-angle-right\" aria-hidden=\"true\" ><\/i><\/a>\n\n\t\t<\/div>\n\t\t\t\t\t<\/div>\n\n\t\n\n\t<div id=\"col-733478130\" class=\"col medium-4 small-12 large-4\"  >\n\t\t\t\t<div class=\"col-inner\"  >\n\t\t\t\n\t\t\t\n<h4 class=\"lead\">Fast &#038; Aesthetic\u00ae<\/h4>\n<p>La diff\u00e9rence significative entre les implants all-on-4 et les implants standard est la technique astucieuse qui consiste \u00e0 n'utiliser que quatre implants par arcade. Les implants All-on-4 sont l'option la plus proche de la sensation, de l'apparence et de la fonction de vos dents naturelles.<\/p>\n<a href=\"\/fr\/all-on-four\/\" class=\"button primary is-link lowercase\"  >\n\t\t<span>Plus d'informations<\/span>\n\t<i class=\"icon-angle-right\" aria-hidden=\"true\" ><\/i><\/a>\n\n\t\t<\/div>\n\t\t\t\t\t<\/div>\n\n\t\n<\/div>\n<div class=\"row align-center row-dashed\" style=\"max-width:1365px\" id=\"row-1496543539\">\n\n\t<div id=\"col-2101538542\" class=\"col medium-4 small-12 large-4\"  >\n\t\t\t\t<div class=\"col-inner\"  >\n\t\t\t\n\t\t\t\n<h4 class=\"lead\">Porcelaine \u00e0 base de zirconium<\/h4>\n<p>Gr\u00e2ce \u00e0 notre technologie de pointe, vous pouvez avoir des dents qui sont exactement les m\u00eames que vos dents d'origine, qui ont l'air naturelles et qui sont difficiles \u00e0 distinguer des dents d'origine. Cette m\u00e9thode am\u00e9liore la vivacit\u00e9 de vos dents.<\/p>\n<a href=\"\/fr\/zirconium-porcelain-veneers\/\" class=\"button primary is-link lowercase\"  >\n\t\t<span>Plus d'informations<\/span>\n\t<i class=\"icon-angle-right\" aria-hidden=\"true\" ><\/i><\/a>\n\n\t\t<\/div>\n\t\t\t\t\t<\/div>\n\n\t\n\n\t<div id=\"col-322393681\" class=\"col medium-4 small-12 large-4\"  >\n\t\t\t\t<div class=\"col-inner\"  >\n\t\t\t\n\t\t\t\n<h4 class=\"lead\">Traitement du canal radiculaire<\/h4>\n<p>Le traitement de canal est une proc\u00e9dure dentaire utilis\u00e9e pour traiter l'infection au centre d'une dent en soulageant la douleur. Par ailleurs, nos endodontistes enl\u00e8vent la pulpe \u00e0 l'int\u00e9rieur de la dent. Le traitement de canal n'est pas une op\u00e9ration angoissante et effrayante ; nous le traitons sans douleur.<\/p>\n<a href=\"\/fr\/root-canal-treatment\/\" class=\"button primary is-link lowercase\"  >\n\t\t<span>Plus d'informations<\/span>\n\t<i class=\"icon-angle-right\" aria-hidden=\"true\" ><\/i><\/a>\n\n\t\t<\/div>\n\t\t\t\t\t<\/div>\n\n\t\n\n\t<div id=\"col-1756079397\" class=\"col medium-4 small-12 large-4\"  >\n\t\t\t\t<div class=\"col-inner\"  >\n\t\t\t\n\t\t\t\n<h4 class=\"lead\">Couronnes compl\u00e8tes en porcelaine (Empress)<\/h4>\n<p>Les couronnes Empress (couronnes enti\u00e8rement en c\u00e9ramique) donnent un aspect plus naturel aux dents gr\u00e2ce \u00e0 leur transparence. Elles pr\u00e9sentent des avantages remarquables en termes de naturel et de facilit\u00e9 d'alignement. Nous \u00e9vitons la perte de couleur avec les m\u00e9dicaments ou les op\u00e9rations.<\/p>\n<a href=\"\/fr\/porcelain-thinner-laminate-veneer-empress\/\" class=\"button primary is-link lowercase\"  >\n\t\t<span>Plus d'informations<\/span>\n\t<i class=\"icon-angle-right\" aria-hidden=\"true\" ><\/i><\/a>\n\n\t\t<\/div>\n\t\t\t\t\t<\/div>\n\n\t\n<\/div>\n<div class=\"row align-center row-dashed\" style=\"max-width:1365px\" id=\"row-646016210\">\n\n\t<div id=\"col-413056493\" class=\"col medium-4 small-12 large-4\"  >\n\t\t\t\t<div class=\"col-inner\"  >\n\t\t\t\n\t\t\t\n<h4 class=\"lead\">Parodontologie<\/h4>\n<p>Le tissu gingival et l'os qui soutiennent vos dents sont appel\u00e9s le parodonte. La sant\u00e9 du parodonte est essentielle \u00e0 la luminosit\u00e9 de votre sourire. Dans le cas contraire, vos dents risquent de se d\u00e9chausser, voire de tomber. C'est pourquoi notre \u00e9quipe de parodontistes professionnels vous examine pour la pr\u00e9vention, le diagnostic et le traitement des maladies parodontales. Du d\u00e9tartrage aux proc\u00e9dures r\u00e9g\u00e9n\u00e9ratives, bienvenue dans le lieu des solutions infinies : Santelina !<\/p>\n<a href=\"\/fr\/zirconium-porcelain-veneers\/\" class=\"button primary is-link lowercase\"  >\n\t\t<span>Plus d'informations<\/span>\n\t<i class=\"icon-angle-right\" aria-hidden=\"true\" ><\/i><\/a>\n\n\t\t<\/div>\n\t\t\t\t\t<\/div>\n\n\t\n\n\t<div id=\"col-1531606593\" class=\"col medium-4 small-12 large-4\"  >\n\t\t\t\t<div class=\"col-inner\"  >\n\t\t\t\n\t\t\t\n<h4 class=\"lead\">Stratifi\u00e9s et placages<\/h4>\n<p>Bien que les facettes en porcelaine soient plus persistantes et de forme plus naturelle que les composites, elles sont plus co\u00fbteuses. Elles n\u00e9cessitent \u00e9galement le grattage de l'\u00e9mail. Par cons\u00e9quent, la dent n'est prot\u00e9g\u00e9e que par la facette en porcelaine. Contrairement aux composites, les stratifi\u00e9s ne n\u00e9cessitent pas le retrait de l'\u00e9mail tout en offrant les m\u00eames avantages. En fait, elles compl\u00e8tent la structure g\u00e9n\u00e9rale de la dent. Faites briller le monde avec vos dents \u00e9clatantes !<\/p>\n<a href=\"\/fr\/zirconium-porcelain-veneers\/\" class=\"button primary is-link lowercase\"  >\n\t\t<span>Plus d'informations<\/span>\n\t<i class=\"icon-angle-right\" aria-hidden=\"true\" ><\/i><\/a>\n\n\t\t<\/div>\n\t\t\t\t\t<\/div>\n\n\t\n\n\t<div id=\"col-1719072237\" class=\"col medium-4 small-12 large-4\"  >\n\t\t\t\t<div class=\"col-inner\"  >\n\t\t\t\n\t\t\t\n<h4 class=\"lead\">Chirurgie orale et maxillo-faciale<\/h4>\n<p>Les gens sont souvent plus confiants et plus dynamiques lorsqu'ils sont satisfaits de leur apparence. Cela permet de mieux r\u00e9ussir dans la vie. Si la chirurgie buccale et maxillo-faciale joue un r\u00f4le important dans notre apparence, elle prot\u00e8ge \u00e9galement le cerveau et les fonctions essentielles telles que la vue, l'odorat, le go\u00fbt, la parole et la respiration. La chirurgie buccale et maxillo-faciale traite \u00e9galement les dysfonctionnements de la t\u00eate et du cou.<\/p>\n<a href=\"\/fr\/oral-and-maxillofacial-surgery\/\" class=\"button primary is-link lowercase\"  >\n\t\t<span>Plus d'informations<\/span>\n\t<i class=\"icon-angle-right\" aria-hidden=\"true\" ><\/i><\/a>\n\n\t\t<\/div>\n\t\t\t\t\t<\/div>\n\n\t\n<\/div>\n\t<div id=\"gap-2088956851\" class=\"gap-element clearfix\" style=\"display:block; height:auto;\">\n\t\t\n<style>\n#gap-2088956851 {\n  padding-top: 45px;\n}\n<\/style>\n\t<\/div>","protected":false},"excerpt":{"rendered":"<p>Applications en dentisterie<\/p>","protected":false},"author":1,"featured_media":4248,"parent":0,"menu_order":0,"comment_status":"closed","ping_status":"closed","template":"page-transparent-header-light.php","meta":{"footnotes":""},"class_list":["post-3345","page","type-page","status-publish","has-post-thumbnail","hentry"],"_links":{"self":[{"href":"https:\/\/dis212dentalgroup.com\/fr\/wp-json\/wp\/v2\/pages\/3345","targetHints":{"allow":["GET"]}}],"collection":[{"href":"https:\/\/dis212dentalgroup.com\/fr\/wp-json\/wp\/v2\/pages"}],"about":[{"href":"https:\/\/dis212dentalgroup.com\/fr\/wp-json\/wp\/v2\/types\/page"}],"author":[{"embeddable":true,"href":"https:\/\/dis212dentalgroup.com\/fr\/wp-json\/wp\/v2\/users\/1"}],"replies":[{"embeddable":true,"href":"https:\/\/dis212dentalgroup.com\/fr\/wp-json\/wp\/v2\/comments?post=3345"}],"version-history":[{"count":1,"href":"https:\/\/dis212dentalgroup.com\/fr\/wp-json\/wp\/v2\/pages\/3345\/revisions"}],"predecessor-version":[{"id":4873,"href":"https:\/\/dis212dentalgroup.com\/fr\/wp-json\/wp\/v2\/pages\/3345\/revisions\/4873"}],"wp:featuredmedia":[{"embeddable":true,"href":"https:\/\/dis212dentalgroup.com\/fr\/wp-json\/wp\/v2\/media\/4248"}],"wp:attachment":[{"href":"https:\/\/dis212dentalgroup.com\/fr\/wp-json\/wp\/v2\/media?parent=3345"}],"curies":[{"name":"wp","href":"https:\/\/api.w.org\/{rel}","templated":true}]}}