{"id":3341,"date":"2019-05-24T14:02:31","date_gmt":"2019-05-24T11:02:31","guid":{"rendered":"https:\/\/new.dis212.com.tr\/?page_id=3341"},"modified":"2025-07-21T15:58:02","modified_gmt":"2025-07-21T12:58:02","slug":"fast-and-fixed","status":"publish","type":"page","link":"https:\/\/dis212dentalgroup.com\/fr\/fast-and-fixed\/","title":{"rendered":"RAPIDE ET FIXE"},"content":{"rendered":"<div class=\"banner has-hover\" id=\"banner-801783459\">\n          <div class=\"banner-inner fill\">\n        <div class=\"banner-bg fill\" >\n            <img loading=\"lazy\" decoding=\"async\" width=\"2560\" height=\"1176\" src=\"https:\/\/dis212dentalgroup.com\/wp-content\/uploads\/2022\/01\/fast-and-fixed.jpg\" class=\"bg attachment-original size-original\" alt=\"rapide et fixe\" title=\"\">                        <div class=\"overlay\"><\/div>            \n                    <\/div>\n\t\t\n        <div class=\"banner-layers container\">\n            <div class=\"fill banner-link\"><\/div>            \n   <div id=\"text-box-905808463\" class=\"text-box banner-layer x50 md-x50 lg-x50 y50 md-y50 lg-y50 res-text\">\n                                <div class=\"text-box-content text dark\">\n              \n              <div class=\"text-inner text-center\">\n                  \n<h1 class=\"uppercase\">Fast &amp; Aesthetic\u00ae<\/h1>\n<p>Rapide et fixe en Turquie<\/p>\n<a href=\"#get-a-free-quote\" class=\"button success is-shade is-large box-shadow-3 box-shadow-5-hover\"  style=\"border-radius:5px;\">\n\t<i class=\"icon-expand\" aria-hidden=\"true\" ><\/i>\t<span>OBTENIR UN DEVIS GRATUIT<\/span>\n\t<\/a>\n\n              <\/div>\n           <\/div>\n                            \n<style>\n#text-box-905808463 {\n  width: 90%;\n}\n#text-box-905808463 .text-box-content {\n  font-size: 140%;\n}\n@media (min-width:550px) {\n  #text-box-905808463 .text-box-content {\n    font-size: 100%;\n  }\n}\n<\/style>\n    <\/div>\n \n        <\/div>\n      <\/div>\n\n            \n<style>\n#banner-801783459 {\n  padding-top: 500px;\n}\n#banner-801783459 .overlay {\n  background-color: rgba(64, 123, 205, 0.5);\n}\n#banner-801783459 .banner-bg img {\n  object-position: 84% 25%;\n}\n@media (min-width:550px) {\n  #banner-801783459 {\n    padding-top: 700px;\n  }\n}\n<\/style>\n  <\/div>\n\n\n<div class=\"row\"  id=\"row-466953958\">\n\n\t<div id=\"col-59091297\" class=\"col medium-6 small-12 large-6\"  >\n\t\t\t\t<div class=\"col-inner\"  >\n\t\t\t\n\t\t\t\n<p>Pour garantir le succ\u00e8s de la th\u00e9rapie SKY fast &amp; fixed, elle a \u00e9t\u00e9 d\u00e9velopp\u00e9e avec l'aide d'implantologues, de sp\u00e9cialistes de la proth\u00e8se et de techniciens dentaires exp\u00e9riment\u00e9s.<\/p>\n<p class=\"lead\">What are the benefits of Fast &amp; Aesthetic<strong><sup>\u00ae <\/sup><\/strong>?<\/p>\n<p>Elle est rapide - en g\u00e9n\u00e9ral, les patients b\u00e9n\u00e9ficient d'une solution implanto-port\u00e9e et fixe apr\u00e8s une seule intervention.<br \/>Elle est reproductible gr\u00e2ce \u00e0 un protocole standardis\u00e9<br \/>Il est abordable pour vos patients<br \/>Les r\u00e9sultats sont pr\u00e9visibles<br \/>Le positionnement angulaire des implants permet d'utiliser l'os local et d'obtenir un soutien biom\u00e9canique parfait de la restauration. La mise en charge imm\u00e9diate de la restauration est possible en combinaison avec la connexion du bridge. Les mat\u00e9riaux parfaitement adapt\u00e9s permettent la fabrication de la restauration temporaire en moins de deux heures.<\/p>\n<p>La proc\u00e9dure standardis\u00e9e permet une planification pr\u00e9cise du temps et des co\u00fbts. La restauration temporaire permet au patient de ne se rendre au cabinet qu'aux dates pr\u00e9vues et de disposer de suffisamment de temps pour r\u00e9aliser la restauration d\u00e9finitive.<\/p>\n<p>Le syst\u00e8me implantaire SKY est id\u00e9al pour les restaurations imm\u00e9diates utilisant SKY fast &amp; fixed. Les restaurations imm\u00e9diates SKY fast &amp; fixed pour les m\u00e2choires potentiellement \u00e9dent\u00e9es offrent :<\/p>\n<p>R\u00e9duction du nombre d'implants<br \/>Pas d'interventions chirurgicales lourdes telles que des augmentations<br \/>Des \u00e9tapes standardis\u00e9es qui facilitent le travail<br \/>R\u00e9duction et pr\u00e9vention des erreurs et des complications<br \/>Dans la majorit\u00e9 des cas, les bridges temporaires \u00e0 fixation imm\u00e9diate ne n\u00e9cessitent qu'une seule s\u00e9ance.<br \/>Un prix abordable pour le patient<\/p>\n<p>Fast &amp; Aesthetic<strong><sup>\u00ae<\/sup><\/strong> solutions are available for:<\/p>\n<p>Les cas de dentition d\u00e9faillante \u00e0 arcade compl\u00e8te et les m\u00e2choires \u00e9dent\u00e9es avec ou sans proth\u00e8se dentaire.<br \/>The use of Fast &amp; Aesthetic<strong><sup>\u00ae<\/sup><\/strong>enables you to offer your patients:<\/p>\n<p>Extraction (si n\u00e9cessaire)<br \/>Implantation, et<br \/>Restauration temporaire.<br \/>en une seule journ\u00e9e afin qu'ils puissent manger et profiter de leur vie sociale imm\u00e9diatement apr\u00e8s l'op\u00e9ration.<\/p>\n\t\t<\/div>\n\t\t\t\t\t<\/div>\n\n\t\n\n\t<div id=\"col-105824311\" class=\"col medium-6 small-12 large-6\"  >\n\t\t\t\t<div class=\"col-inner\"  >\n\t\t\t\n\t\t\t\n\t<div class=\"img has-hover x md-x lg-x y md-y lg-y\" id=\"image_837696796\">\n\t\t\t\t\t\t\t\t<div class=\"img-inner dark\" >\n\t\t\t<img loading=\"lazy\" decoding=\"async\" width=\"800\" height=\"800\" src=\"https:\/\/dis212dentalgroup.com\/wp-content\/uploads\/2019\/05\/dis212-estetik-dis-hekimligi.jpg\" class=\"attachment-large size-large\" alt=\"tous sur quatre\" srcset=\"https:\/\/dis212dentalgroup.com\/wp-content\/uploads\/2019\/05\/dis212-estetik-dis-hekimligi.jpg 800w, https:\/\/dis212dentalgroup.com\/wp-content\/uploads\/2019\/05\/dis212-estetik-dis-hekimligi-300x300.jpg 300w, https:\/\/dis212dentalgroup.com\/wp-content\/uploads\/2019\/05\/dis212-estetik-dis-hekimligi-100x100.jpg 100w, https:\/\/dis212dentalgroup.com\/wp-content\/uploads\/2019\/05\/dis212-estetik-dis-hekimligi-600x600.jpg 600w, https:\/\/dis212dentalgroup.com\/wp-content\/uploads\/2019\/05\/dis212-estetik-dis-hekimligi-150x150.jpg 150w, https:\/\/dis212dentalgroup.com\/wp-content\/uploads\/2019\/05\/dis212-estetik-dis-hekimligi-768x768.jpg 768w\" sizes=\"auto, (max-width: 800px) 100vw, 800px\" title=\"\">\t\t\t\t\t\t\n\t\t\t\t\t<\/div>\n\t\t\t\t\t\t\t\t\n<style>\n#image_837696796 {\n  width: 100%;\n}\n<\/style>\n\t<\/div>\n\t\n\t<div class=\"img has-hover x md-x lg-x y md-y lg-y\" id=\"image_1129553100\">\n\t\t\t\t\t\t\t\t<div class=\"img-inner dark\" >\n\t\t\t<img loading=\"lazy\" decoding=\"async\" width=\"300\" height=\"120\" src=\"https:\/\/dis212dentalgroup.com\/wp-content\/uploads\/2019\/05\/bredent-logo-300x120.png\" class=\"attachment-large size-large\" alt=\"Implant dentaire en Turquie\" title=\"\">\t\t\t\t\t\t\n\t\t\t\t\t<\/div>\n\t\t\t\t\t\t\t\t\n<style>\n#image_1129553100 {\n  width: 40%;\n}\n<\/style>\n\t<\/div>\n\t\n\t\t<\/div>\n\t\t\t\t\t<\/div>\n\n\t\n<\/div>","protected":false},"excerpt":{"rendered":"","protected":false},"author":1,"featured_media":4133,"parent":0,"menu_order":0,"comment_status":"closed","ping_status":"closed","template":"page-transparent-header-light.php","meta":{"footnotes":""},"class_list":["post-3341","page","type-page","status-publish","has-post-thumbnail","hentry"],"_links":{"self":[{"href":"https:\/\/dis212dentalgroup.com\/fr\/wp-json\/wp\/v2\/pages\/3341","targetHints":{"allow":["GET"]}}],"collection":[{"href":"https:\/\/dis212dentalgroup.com\/fr\/wp-json\/wp\/v2\/pages"}],"about":[{"href":"https:\/\/dis212dentalgroup.com\/fr\/wp-json\/wp\/v2\/types\/page"}],"author":[{"embeddable":true,"href":"https:\/\/dis212dentalgroup.com\/fr\/wp-json\/wp\/v2\/users\/1"}],"replies":[{"embeddable":true,"href":"https:\/\/dis212dentalgroup.com\/fr\/wp-json\/wp\/v2\/comments?post=3341"}],"version-history":[{"count":2,"href":"https:\/\/dis212dentalgroup.com\/fr\/wp-json\/wp\/v2\/pages\/3341\/revisions"}],"predecessor-version":[{"id":4872,"href":"https:\/\/dis212dentalgroup.com\/fr\/wp-json\/wp\/v2\/pages\/3341\/revisions\/4872"}],"wp:featuredmedia":[{"embeddable":true,"href":"https:\/\/dis212dentalgroup.com\/fr\/wp-json\/wp\/v2\/media\/4133"}],"wp:attachment":[{"href":"https:\/\/dis212dentalgroup.com\/fr\/wp-json\/wp\/v2\/media?parent=3341"}],"curies":[{"name":"wp","href":"https:\/\/api.w.org\/{rel}","templated":true}]}}