{"id":3340,"date":"2019-05-24T13:57:00","date_gmt":"2019-05-24T10:57:00","guid":{"rendered":"https:\/\/new.dis212.com.tr\/?page_id=3340"},"modified":"2022-07-06T22:41:08","modified_gmt":"2022-07-06T19:41:08","slug":"oral-and-maxillofacial-surgery","status":"publish","type":"page","link":"https:\/\/dis212dentalgroup.com\/fr\/oral-and-maxillofacial-surgery\/","title":{"rendered":"CHIRURGIE ORALE ET MAXILLO-FACIALE"},"content":{"rendered":"<div class=\"banner has-hover\" id=\"banner-1718547305\">\n          <div class=\"banner-inner fill\">\n        <div class=\"banner-bg fill\" >\n            <img loading=\"lazy\" decoding=\"async\" width=\"1020\" height=\"361\" src=\"https:\/\/dis212dentalgroup.com\/wp-content\/uploads\/2019\/05\/page-header-1024x362.jpg\" class=\"bg attachment-large size-large\" alt=\"Implant dentaire en Turquie\" title=\"\">                        <div class=\"overlay\"><\/div>            \n                    <\/div>\n\t\t\n        <div class=\"banner-layers container\">\n            <div class=\"fill banner-link\"><\/div>            \n   <div id=\"text-box-272666784\" class=\"text-box banner-layer x50 md-x50 lg-x50 y50 md-y50 lg-y50 res-text\">\n                                <div class=\"text-box-content text dark\">\n              \n              <div class=\"text-inner text-center\">\n                  \n<h1 class=\"uppercase\">CHIRURGIE ORALE ET MAXILLO-FACIALE<\/h1>\n<p>Chirurgie orale et maxillo-faciale en Turquie<\/p>\n<a href=\"#get-a-free-quote\" class=\"button success is-shade is-large box-shadow-3 box-shadow-5-hover\"  style=\"border-radius:5px;\">\n\t<i class=\"icon-expand\" aria-hidden=\"true\" ><\/i>\t<span>OBTENIR UN DEVIS GRATUIT<\/span>\n\t<\/a>\n\n              <\/div>\n           <\/div>\n                            \n<style>\n#text-box-272666784 {\n  width: 97%;\n}\n#text-box-272666784 .text-box-content {\n  font-size: 100%;\n}\n@media (min-width:550px) {\n  #text-box-272666784 {\n    width: 60%;\n  }\n}\n<\/style>\n    <\/div>\n \n        <\/div>\n      <\/div>\n\n            \n<style>\n#banner-1718547305 {\n  padding-top: 500px;\n}\n#banner-1718547305 .overlay {\n  background-color: rgba(64, 123, 205, 0.3);\n}\n@media (min-width:550px) {\n  #banner-1718547305 {\n    padding-top: 700px;\n  }\n}\n<\/style>\n  <\/div>\n\n\n<div class=\"row\"  id=\"row-1705066046\">\n\n\t<div id=\"col-204720969\" class=\"col medium-6 small-12 large-6\"  >\n\t\t\t\t<div class=\"col-inner\"  >\n\t\t\t\n\t\t\t\n<p class=\"lead\">Tissus mous et structures kystiques li\u00e9es aux dents, ablation chirurgicale de tumeurs et de proth\u00e8ses pour aider la proth\u00e8se est faite dans les tissus durs et mous de la bouche pour effectuer des corrections. comprend les corrections des tissus mous.<\/p>\n<p>La bouche, avec les dents et la chirurgie de la m\u00e2choire, les chirurgiens dentistes avec Atakent et qui servent \u00e0 Bayrampa\u015fa DENTAL \u00e0 l'\u00e9tranger ainsi que de la Turquie avec le succ\u00e8s dans 212 proc\u00e9dures chirurgicales beaucoup d'accepter le patient \u00e0 une clinique priv\u00e9e. Si vous voulez \u00eatre trait\u00e9 dans une clinique qui a la capacit\u00e9 de produire des solutions aux probl\u00e8mes de vos patients dans les proc\u00e9dures chirurgicales enti\u00e8rement \u00e9quip\u00e9es pour toutes vos proc\u00e9dures chirurgicales, vous pouvez nous contacter en nous appelant au 444 5 212. Vous pouvez prendre rendez-vous. Les examens bucco-dentaires et maxillo-faciaux sont effectu\u00e9s GRATUITEMENT dans notre clinique.<\/p>\n\t\t<\/div>\n\t\t\t\t\t<\/div>\n\n\t\n\n\t<div id=\"col-1509152662\" class=\"col medium-6 small-12 large-6\"  >\n\t\t\t\t<div class=\"col-inner\"  >\n\t\t\t\n\t\t\t\n\t<div class=\"img has-hover x md-x lg-x y md-y lg-y\" id=\"image_1173373561\">\n\t\t\t\t\t\t\t\t<div class=\"img-inner dark\" >\n\t\t\t<img loading=\"lazy\" decoding=\"async\" width=\"800\" height=\"800\" src=\"https:\/\/dis212dentalgroup.com\/wp-content\/uploads\/2019\/05\/dis212-estetik-dis-hekimligi.jpg\" class=\"attachment-large size-large\" alt=\"tous sur quatre\" srcset=\"https:\/\/dis212dentalgroup.com\/wp-content\/uploads\/2019\/05\/dis212-estetik-dis-hekimligi.jpg 800w, https:\/\/dis212dentalgroup.com\/wp-content\/uploads\/2019\/05\/dis212-estetik-dis-hekimligi-300x300.jpg 300w, https:\/\/dis212dentalgroup.com\/wp-content\/uploads\/2019\/05\/dis212-estetik-dis-hekimligi-100x100.jpg 100w, https:\/\/dis212dentalgroup.com\/wp-content\/uploads\/2019\/05\/dis212-estetik-dis-hekimligi-600x600.jpg 600w, https:\/\/dis212dentalgroup.com\/wp-content\/uploads\/2019\/05\/dis212-estetik-dis-hekimligi-150x150.jpg 150w, https:\/\/dis212dentalgroup.com\/wp-content\/uploads\/2019\/05\/dis212-estetik-dis-hekimligi-768x768.jpg 768w\" sizes=\"auto, (max-width: 800px) 100vw, 800px\" title=\"\">\t\t\t\t\t\t\n\t\t\t\t\t<\/div>\n\t\t\t\t\t\t\t\t\n<style>\n#image_1173373561 {\n  width: 100%;\n}\n<\/style>\n\t<\/div>\n\t\n\t\t<\/div>\n\t\t\t\t\t<\/div>\n\n\t\n<\/div>","protected":false},"excerpt":{"rendered":"","protected":false},"author":1,"featured_media":3156,"parent":0,"menu_order":0,"comment_status":"closed","ping_status":"closed","template":"page-transparent-header-light.php","meta":{"footnotes":""},"class_list":["post-3340","page","type-page","status-publish","has-post-thumbnail","hentry"],"_links":{"self":[{"href":"https:\/\/dis212dentalgroup.com\/fr\/wp-json\/wp\/v2\/pages\/3340","targetHints":{"allow":["GET"]}}],"collection":[{"href":"https:\/\/dis212dentalgroup.com\/fr\/wp-json\/wp\/v2\/pages"}],"about":[{"href":"https:\/\/dis212dentalgroup.com\/fr\/wp-json\/wp\/v2\/types\/page"}],"author":[{"embeddable":true,"href":"https:\/\/dis212dentalgroup.com\/fr\/wp-json\/wp\/v2\/users\/1"}],"replies":[{"embeddable":true,"href":"https:\/\/dis212dentalgroup.com\/fr\/wp-json\/wp\/v2\/comments?post=3340"}],"version-history":[{"count":0,"href":"https:\/\/dis212dentalgroup.com\/fr\/wp-json\/wp\/v2\/pages\/3340\/revisions"}],"wp:featuredmedia":[{"embeddable":true,"href":"https:\/\/dis212dentalgroup.com\/fr\/wp-json\/wp\/v2\/media\/3156"}],"wp:attachment":[{"href":"https:\/\/dis212dentalgroup.com\/fr\/wp-json\/wp\/v2\/media?parent=3340"}],"curies":[{"name":"wp","href":"https:\/\/api.w.org\/{rel}","templated":true}]}}