{"id":3339,"date":"2019-05-24T13:55:22","date_gmt":"2019-05-24T10:55:22","guid":{"rendered":"https:\/\/new.dis212.com.tr\/?page_id=3339"},"modified":"2022-07-06T22:30:35","modified_gmt":"2022-07-06T19:30:35","slug":"dental-implants-in-turkey","status":"publish","type":"page","link":"https:\/\/dis212dentalgroup.com\/fr\/dental-implants-in-turkey\/","title":{"rendered":"IMPLANTS DENTAIRES EN TURQUIE"},"content":{"rendered":"<div class=\"banner has-hover\" id=\"banner-1368682423\">\n          <div class=\"banner-inner fill\">\n        <div class=\"banner-bg fill\" >\n            <img loading=\"lazy\" decoding=\"async\" width=\"1920\" height=\"909\" src=\"https:\/\/dis212dentalgroup.com\/wp-content\/uploads\/2021\/12\/DENTAL-IMPLANTS.jpg\" class=\"bg attachment-original size-original\" alt=\"Implants dentaires Turquie\" title=\"\">                                    \n                    <\/div>\n\t\t\n        <div class=\"banner-layers container\">\n            <div class=\"fill banner-link\"><\/div>            \n   <div id=\"text-box-528435665\" class=\"text-box banner-layer x50 md-x50 lg-x50 y50 md-y50 lg-y50 res-text\">\n                                <div class=\"text-box-content text dark\">\n              \n              <div class=\"text-inner text-center\">\n                  \n<h1 class=\"uppercase\">DENTAIRE<strong> IMPLANTS<\/strong><\/h1>\n<p>Implants dentaires en Turquie<\/p>\n<a href=\"#get-a-free-quote\" class=\"button success is-shade is-large box-shadow-3 box-shadow-5-hover\"  style=\"border-radius:5px;\">\n\t<i class=\"icon-expand\" aria-hidden=\"true\" ><\/i>\t<span>OBTENIR UN DEVIS GRATUIT<\/span>\n\t<\/a>\n\n              <\/div>\n           <\/div>\n                            \n<style>\n#text-box-528435665 {\n  width: 81%;\n}\n#text-box-528435665 .text-box-content {\n  font-size: 126%;\n}\n@media (min-width:550px) {\n  #text-box-528435665 {\n    width: 60%;\n  }\n  #text-box-528435665 .text-box-content {\n    font-size: 100%;\n  }\n}\n<\/style>\n    <\/div>\n \n        <\/div>\n      <\/div>\n\n            \n<style>\n#banner-1368682423 {\n  padding-top: 500px;\n}\n@media (min-width:550px) {\n  #banner-1368682423 {\n    padding-top: 700px;\n  }\n}\n<\/style>\n  <\/div>\n\n\n<div class=\"row\"  id=\"row-324273147\">\n\n\t<div id=\"col-1312430482\" class=\"col small-12 large-12\"  >\n\t\t\t\t<div class=\"col-inner\"  >\n\t\t\t\n\t\t\t\n<h2>Qu'est-ce qu'un implant dentaire ?<\/h2>\n<p class=\"lead\">Un implant dentaire est une racine dentaire artificielle qui est plac\u00e9e dans votre m\u00e2choire pour accueillir une dent de remplacement (couronne), un pont ou m\u00eame une proth\u00e8se dentaire. Les implants dentaires sont fabriqu\u00e9s en titane pur, un mat\u00e9riau totalement biocompatible (compatible avec les tissus du corps) qui s'int\u00e8gre \u00e0 l'os environnant et devient partie int\u00e9grante du corps. Les implants dentaires constituent une solution efficace, s\u00fbre et pr\u00e9visible aux probl\u00e8mes li\u00e9s \u00e0 l'absence de dents.<\/p>\n<div class=\"row\"  id=\"row-1012733042\">\n\n\t<div id=\"col-1665626733\" class=\"col medium-6 small-12 large-6\"  >\n\t\t\t\t<div class=\"col-inner\"  >\n\t\t\t\n\t\t\t\n\t<div class=\"img has-hover x md-x lg-x y md-y lg-y\" id=\"image_545561582\">\n\t\t\t\t\t\t\t\t<div class=\"img-inner dark\" >\n\t\t\t<img loading=\"lazy\" decoding=\"async\" width=\"1000\" height=\"667\" src=\"https:\/\/dis212dentalgroup.com\/wp-content\/uploads\/2019\/05\/dis212-atakent-1-1.jpg\" class=\"attachment-large size-large\" alt=\"Implant dentaire en Turquie\" srcset=\"https:\/\/dis212dentalgroup.com\/wp-content\/uploads\/2019\/05\/dis212-atakent-1-1.jpg 1000w, https:\/\/dis212dentalgroup.com\/wp-content\/uploads\/2019\/05\/dis212-atakent-1-1-600x400.jpg 600w, https:\/\/dis212dentalgroup.com\/wp-content\/uploads\/2019\/05\/dis212-atakent-1-1-300x200.jpg 300w, https:\/\/dis212dentalgroup.com\/wp-content\/uploads\/2019\/05\/dis212-atakent-1-1-768x512.jpg 768w\" sizes=\"auto, (max-width: 1000px) 100vw, 1000px\" title=\"\">\t\t\t\t\t\t\n\t\t\t\t\t<\/div>\n\t\t\t\t\t\t\t\t\n<style>\n#image_545561582 {\n  width: 100%;\n}\n<\/style>\n\t<\/div>\n\t\n\t\t<\/div>\n\t\t\t\t\t<\/div>\n\n\t\n\n\t<div id=\"col-1061662329\" class=\"col medium-6 small-12 large-6\"  >\n\t\t\t\t<div class=\"col-inner\"  >\n\t\t\t\n\t\t\t\n<p style=\"font-size:25px\"><strong>Pourquoi choisir la clinique Dis 212 ?<\/strong><\/p>\n<p style=\"font-size:20px\">Le traitement par implants dentaires est un domaine d'exp\u00e9rience particulier \u00e0 la Clinique Dis 212. Nos sp\u00e9cialistes dentaires ont r\u00e9alis\u00e9 des milliers de traitements implantaires avec succ\u00e8s. Nous sommes l'une des rares cliniques dentaires \u00e0 disposer d'un scanner dentaire. Cela nous permet d'\u00e9viter d'endommager les nerfs importants des m\u00e2choires et des sinus. Le scanner nous permet de diagnostiquer avec pr\u00e9cision si votre os est apte \u00e0 recevoir des implants.<\/p>\n\t\t<\/div>\n\t\t\t\t\t<\/div>\n\n\t\n<\/div>\n<div class=\"row\"  id=\"row-384878107\">\n\n\t<div id=\"col-826036040\" class=\"col small-12 large-12\"  >\n\t\t\t\t<div class=\"col-inner\"  >\n\t\t\t\n\t\t\t\n<h3>Pourquoi faut-il remplacer les dents ?<\/h3>\n<p>Outre le fait de pouvoir mieux sourire, manger et parler, les implants dentaires pr\u00e9viennent l'apparition d'un profil facial m\u00e9diocre d\u00fb \u00e0 la perte de masse osseuse dans l'os de la m\u00e2choire. Les implants dentaires pr\u00e9viennent la perte osseuse en transmettant \u00e0 l'os de la m\u00e2choire les forces de charge exerc\u00e9es lors de la mastication. L'os de la m\u00e2choire r\u00e9agit \u00e0 cette charge en augmentant la densit\u00e9 osseuse. Les implants dentaires sont bien connus pour leur capacit\u00e9 \u00e0 stopper la perte osseuse et \u00e0 restaurer la structure squelettique du visage tout en am\u00e9liorant de mani\u00e8re significative la digestion.<\/p>\n\t\t<\/div>\n\t\t\t\t\t<\/div>\n\n\t\n\n\t<div id=\"col-1058087365\" class=\"col small-12 large-12\"  >\n\t\t\t\t<div class=\"col-inner\"  >\n\t\t\t\n\t\t\t\n<p style=\"font-size: 1.25em;\"><strong>La perte de dents sans remplacement a de nombreuses cons\u00e9quences d\u00e9favorables<\/strong><\/p>\n<p>Migration des dents adjacentes : lorsqu'il y a un espace, les dents oppos\u00e9es peuvent faire une \u00e9ruption excessive. Les dents adjacentes migrent vers les espaces vides, ce qui a pour effet d'emprisonner les aliments et de provoquer des caries.<br \/><strong>Difficult\u00e9 \u00e0 m\u00e2cher :<\/strong> les dents manquantes peuvent entra\u00eener une fonction de mastication insuffisante qui peut \u00e9ventuellement provoquer une indigestion<br \/><strong>Mauvaise apparence et perte osseuse :<\/strong> perte de l'apparence de jeunesse et de la structure du visage en raison de la r\u00e9sorption osseuse, perte du soutien des l\u00e8vres<br \/><strong>Mauvais discours :<\/strong> Difficult\u00e9 \u00e0 parler, surtout s'il manque des dents de devant<\/p>\n<h3>Suis-je un candidat aux implants dentaires ?<\/h3>\n<p>Les implants dentaires sont la meilleure solution pour les personnes de tout \u00e2ge en bonne sant\u00e9 bucco-dentaire qui ont perdu une ou plusieurs dents \u00e0 la suite d'un accident, d'une maladie des gencives, d'une blessure ou pour toute autre raison. Il est important que vous ayez suffisamment d'os dentaire pour supporter l'implant. Certains \u00e9tats de sant\u00e9 m\u00e9ritent une attention particuli\u00e8re. Certaines maladies chroniques, un tabagisme important ou l'abus d'alcool peuvent contre-indiquer le traitement par implant. Apr\u00e8s une \u00e9valuation minutieuse de vos ant\u00e9c\u00e9dents m\u00e9dicaux, nos dentistes vous informeront de toute condition susceptible d'affecter votre traitement. N'oubliez pas que l'\u00e2ge n'est pas un facteur.<\/p>\n<h3>Ai-je assez d'os ?<\/h3>\n<p>Il est important pour un patient d'avoir suffisamment d'os pour supporter un implant. Si vous n'avez pas assez d'os, il existe de nombreux moyens s\u00fbrs et efficaces de corriger l'insuffisance osseuse. Notre implantologue vous \u00e9valuera et vous indiquera si une masse osseuse suppl\u00e9mentaire est n\u00e9cessaire. Il peut \u00eatre n\u00e9cessaire de proc\u00e9der \u00e0 un remplacement osseux artificiel ou \u00e0 un soul\u00e8vement des sinus pour que l'implant puisse \u00eatre pos\u00e9.<\/p>\n\t\t<\/div>\n\t\t\t\t\t<\/div>\n\n\t\n<\/div>\n<p  style=\"font-size: 1.25em;\"><strong>Quels sont les avantages des implants dentaires ?<\/strong><\/p>\n<div class=\"row\"  id=\"row-868060524\">\n\n\t<div id=\"col-2108653068\" class=\"col medium-6 small-12 large-6\"  >\n\t\t\t\t<div class=\"col-inner\"  >\n\t\t\t\n\t\t\t\n<p>Les implants dentaires peuvent offrir une sensation et une apparence naturelles, de sorte que vous pouvez oublier que vous avez perdu une dent. Peut-\u00eatre cachez-vous votre sourire parce que vous \u00eates g\u00ean\u00e9 par vos dents manquantes. Peut-\u00eatre que vos proth\u00e8ses dentaires ne sont pas s\u00fbres. Vous avez peut-\u00eatre des difficult\u00e9s \u00e0 m\u00e2cher. S'il vous manque une ou plusieurs dents et que vous souhaitez sourire, parler et manger \u00e0 nouveau avec confort et confiance, les implants pourraient \u00eatre la solution. Les implants dentaires sont particuli\u00e8rement pratiques pour les patients qui ne peuvent plus porter de proth\u00e8ses amovibles.<\/p>\n\t\t<\/div>\n\t\t\t\t\t<\/div>\n\n\t\n\n\t<div id=\"col-2139102709\" class=\"col medium-6 small-12 large-6\"  >\n\t\t\t\t<div class=\"col-inner\"  >\n\t\t\t\n\t\t\t\n<p>Capacit\u00e9 renouvel\u00e9e de m\u00e2cher et de parler correctement<br \/>Restauration de l'esth\u00e9tique faciale<br \/>Pr\u00e9servation de la structure osseuse restante de la m\u00e2choire<br \/>R\u00e9tablissement de l'aspect et de la fonction naturels des dents<br \/>Am\u00e9lioration de la confiance et de l'estime de soi<\/p>\n\t\t<\/div>\n\t\t\t\t\t<\/div>\n\n\t\n<\/div>\n<p style=\"font-size: 1.25em;\"><strong>Proc\u00e9dure de pose d'implants dentaires ?<\/strong><\/p>\n<div class=\"row\"  id=\"row-1439219673\">\n\n\t<div id=\"col-801467364\" class=\"col medium-6 small-12 large-6\"  >\n\t\t\t\t<div class=\"col-inner\"  >\n\t\t\t\n\t\t\t\n<p><strong>Le traitement des implants dentaires se d\u00e9roule selon les \u00e9tapes suivantes :<\/strong><\/p>\n<ul>\n<li>Insertion de l'implant<\/li>\n<li>Cicatrisation de la gencive<\/li>\n<li>Exposition du site de l'implant<\/li>\n<li>Prendre l'empreinte<\/li>\n<li>Insertion d'une couronne et d'un bridge ou d'une surdenture<\/li>\n<\/ul>\n\t\t<\/div>\n\t\t\t\t\t<\/div>\n\n\t\n\n\t<div id=\"col-1823126916\" class=\"col medium-6 small-12 large-6\"  >\n\t\t\t\t<div class=\"col-inner\"  >\n\t\t\t\n\t\t\t\n<p>La pose de l'implant est suivie d'une p\u00e9riode de cicatrisation de 2 \u00e0 4 mois pendant laquelle l'os se lie \u00e0 l'implant. Si un soul\u00e8vement des sinus ou un remplacement de l'os artificiel est n\u00e9cessaire, la p\u00e9riode de cicatrisation sera probablement plus longue.<\/p>\n<p>\u00c0 la fin de la p\u00e9riode de cicatrisation, une nouvelle visite de 5 \u00e0 15 jours est n\u00e9cessaire pour la pose de couronnes en porcelaine ou en zirconium. De nombreux patients peuvent diviser la deuxi\u00e8me \u00e9tape en deux parties, avec une pause de 1 \u00e0 2 semaines entre les deux.<\/p>\n\t\t<\/div>\n\t\t\t\t\t<\/div>\n\n\t\n<\/div>\n<p style=\"font-size: 1.25em;\"><strong>Y a-t-il une douleur ou une g\u00eane ?<\/strong><\/p>\n<p>Les implants dentaires sont pos\u00e9s \u00e0 l'aide d'une simple anesth\u00e9sie locale. La plupart des patients d\u00e9clarent qu'ils se sont sentis beaucoup plus \u00e0 l'aise apr\u00e8s l'intervention qu'ils ne l'avaient imagin\u00e9 jusqu'\u00e0 pr\u00e9sent.<\/p>\n<p style=\"font-size: 1.25em;\"><strong>Serai-je \u00e0 tout moment priv\u00e9 de dents de remplacement ?<\/strong><\/p>\n<p>Il existe plusieurs fa\u00e7ons d'obtenir des dents temporaires pendant la p\u00e9riode de cicatrisation. La plupart des gens portent simplement leur proth\u00e8se existante pendant cette p\u00e9riode. Certaines personnes ont \u00e9t\u00e9 priv\u00e9es de dents pendant une longue p\u00e9riode et peuvent donc se passer de proth\u00e8ses temporaires pendant quelques mois. Pour les autres, il est g\u00e9n\u00e9ralement possible d'obtenir des dents temporaires fixes ou amovibles. Les proth\u00e8ses temporaires fixes sont plus co\u00fbteuses, car il s'agit de bridges dentaires coll\u00e9s aux dents adjacentes. Les proth\u00e8ses temporaires amovibles peuvent \u00eatre fabriqu\u00e9es par notre laboratoire st\u00e9rile et bien form\u00e9 ou vous pouvez utiliser vos proth\u00e8ses existantes moyennant quelques ajustements pendant la phase de cicatrisation.<\/p>\n<p style=\"font-size: 1.25em;\"><strong>Combien de temps dure le traitement ?<\/strong><\/p>\n<p>Pour la pose d'un seul implant, nous avons normalement besoin d'un rendez-vous d'environ 15 minutes. Si le patient a besoin de plusieurs implants, nous avons normalement besoin de plusieurs rendez-vous sur quelques jours.<\/p>\n<p style=\"font-size: 1.25em;\"><strong>Quelle est la dur\u00e9e de vie de mes implants ?<\/strong><\/p>\n<p>Dans des conditions appropri\u00e9es et avec une hygi\u00e8ne bucco-dentaire rigoureuse, les implants dentaires peuvent durer toute une vie.<\/p>\n<p style=\"font-size: 1.25em;\"><strong>Co\u00fbt des implants dentaires ?<\/strong><\/p>\n<p>Les prix de nos implants sont g\u00e9n\u00e9ralement inf\u00e9rieurs de 40-70% \u00e0 ceux pratiqu\u00e9s dans le pays du patient. Les patients se rendent r\u00e9guli\u00e8rement \u00e0 la clinique Dis 212 en Turquie pour profiter des \u00e9normes \u00e9conomies r\u00e9alis\u00e9es.<\/p>\n<p><strong>Mots-cl\u00e9s li\u00e9s au sujet<\/strong><\/p>\n<div class=\"row\"  id=\"row-1704932086\">\n\n\t<div id=\"col-1373831566\" class=\"col medium-4 small-12 large-4\"  >\n\t\t\t\t<div class=\"col-inner\"  >\n\t\t\t\n\t\t\t\n<ul>\n<li>Types d'implants dentaires<\/li>\n<li>Mini implants dentaires<\/li>\n<li>Proc\u00e9dures d'implants dentaires<\/li>\n<li>Mini-implants dentaires<\/li>\n<li>Co\u00fbt des implants dentaires complets<\/li>\n<li>Proc\u00e9dure d'implants dentaires<\/li>\n<\/ul>\n\t\t<\/div>\n\t\t\t\t\t<\/div>\n\n\t\n\n\t<div id=\"col-2093216223\" class=\"col medium-4 small-12 large-4\"  >\n\t\t\t\t<div class=\"col-inner\"  >\n\t\t\t\n\t\t\t\n<ul>\n<li>La v\u00e9rit\u00e9 sur les implants dentaires<\/li>\n<li>Implants dentaires en Turquie<\/li>\n<li>Chirurgie dentaire<\/li>\n<li>Implants dentaires : qu'est-ce que c'est ?<\/li>\n<li>Avantages des implants dentaires<\/li>\n<\/ul>\n\t\t<\/div>\n\t\t\t\t\t<\/div>\n\n\t\n\n\t<div id=\"col-546827360\" class=\"col medium-4 small-12 large-4\"  >\n\t\t\t\t<div class=\"col-inner\"  >\n\t\t\t\n\t\t\t\n<ul>\n<li>Quel est le co\u00fbt moyen des implants dentaires ?<\/li>\n<li>Quels sont les inconv\u00e9nients des implants dentaires ?<\/li>\n<li>Quelle est la dur\u00e9e de vie d'un implant dentaire ?<\/li>\n<li>Quel est l'\u00e2ge id\u00e9al pour poser des implants dentaires ?<\/li>\n<\/ul>\n\t\t<\/div>\n\t\t\t\t\t<\/div>\n\n\t\n<\/div>\n\t\t<\/div>\n\t\t\t\t\t<\/div>\n\n\t\n<\/div>\n\n\t<section class=\"section\" id=\"section_2135216297\">\n\t\t<div class=\"section-bg fill\" >\n\t\t\t\t\t\t\t\t\t\n\t\t\t\n\n\t\t<\/div>\n\n\t\t\n\n\t\t<div class=\"section-content relative\">\n\t\t\t\n<div class=\"row align-center\"  id=\"row-1766427540\">\n\n\t<div id=\"col-1574170108\" class=\"col small-12 large-12\"  >\n\t\t\t\t<div class=\"col-inner text-center\"  >\n\t\t\t\n\t\t\t\n\t<div id=\"gap-72330504\" class=\"gap-element clearfix\" style=\"display:block; height:auto;\">\n\t\t\n<style>\n#gap-72330504 {\n  padding-top: 40px;\n}\n<\/style>\n\t<\/div>\n\t\n\n<div class=\"row\"  id=\"row-365171713\">\n\n\n\t<div id=\"col-286065616\" class=\"col medium-6 small-12 large-6\"  >\n\t\t\t\t<div class=\"col-inner text-center\"  >\n\t\t\t\n\t\t\t\n\n<p class=\"lead\">Photos et vid\u00e9os avant et apr\u00e8s<\/p>\n\t<div class=\"img has-hover x md-x lg-x y md-y lg-y\" id=\"image_1249063088\">\n\t\t<a class=\"\" href=\"https:\/\/www.instagram.com\/dis212international\/\" target=\"_blank\" rel=\"noopener nofollow\">\t\t\t\t\t\t<div class=\"img-inner image-zoom dark\" >\n\t\t\t<img loading=\"lazy\" decoding=\"async\" width=\"971\" height=\"1024\" src=\"https:\/\/dis212dentalgroup.com\/wp-content\/uploads\/2021\/05\/dental-turkey-before-and-after-971x1024.jpg\" class=\"attachment-large size-large\" alt=\"Traitements dentaires avant et apr\u00e8s\" srcset=\"https:\/\/dis212dentalgroup.com\/wp-content\/uploads\/2021\/05\/dental-turkey-before-and-after-971x1024.jpg 971w, https:\/\/dis212dentalgroup.com\/wp-content\/uploads\/2021\/05\/dental-turkey-before-and-after-600x633.jpg 600w, https:\/\/dis212dentalgroup.com\/wp-content\/uploads\/2021\/05\/dental-turkey-before-and-after-284x300.jpg 284w, https:\/\/dis212dentalgroup.com\/wp-content\/uploads\/2021\/05\/dental-turkey-before-and-after-768x810.jpg 768w, https:\/\/dis212dentalgroup.com\/wp-content\/uploads\/2021\/05\/dental-turkey-before-and-after.jpg 1095w\" sizes=\"auto, (max-width: 971px) 100vw, 971px\" title=\"\">\t\t\t\t\t\t\n\t\t\t\t\t<\/div>\n\t\t\t\t\t\t<\/a>\t\t\n<style>\n#image_1249063088 {\n  width: 100%;\n}\n<\/style>\n\t<\/div>\n\t\n\n<a href=\"https:\/\/www.instagram.com\/dis212international\/\" target=\"_blank\" class=\"button primary is-small\" rel=\"noopener nofollow\">\n\t\t<span>VOIR PLUS<\/span>\n\t<i class=\"icon-angle-right\" aria-hidden=\"true\" ><\/i><\/a>\n\n\n\n\t\t<\/div>\n\t\t\t\t\t<\/div>\n\n\t\n\n\t<div id=\"col-1625826166\" class=\"col medium-6 small-12 large-6\"  >\n\t\t\t\t<div class=\"col-inner text-center\"  >\n\t\t\t\n\t\t\t\n\n<p class=\"lead\">Partagez vos informations, nous vous contacterons<\/p>\n\n<div class=\"wpcf7 no-js\" id=\"wpcf7-f3277-o1\" lang=\"tr-TR\" dir=\"ltr\" data-wpcf7-id=\"3277\">\n<div class=\"screen-reader-response\"><p role=\"status\" aria-live=\"polite\" aria-atomic=\"true\"><\/p> <ul><\/ul><\/div>\n<form action=\"\/fr\/wp-json\/wp\/v2\/pages\/3339#wpcf7-f3277-o1\" method=\"post\" class=\"wpcf7-form init\" aria-label=\"Formulaire de demande d&#039;information\" novalidate=\"novalidate\" data-status=\"init\" data-trp-original-action=\"\/fr\/wp-json\/wp\/v2\/pages\/3339#wpcf7-f3277-o1\">\n<fieldset class=\"hidden-fields-container\"><input type=\"hidden\" name=\"_wpcf7\" value=\"3277\" \/><input type=\"hidden\" name=\"_wpcf7_version\" value=\"6.1.5\" \/><input type=\"hidden\" name=\"_wpcf7_locale\" value=\"tr_TR\" \/><input type=\"hidden\" name=\"_wpcf7_unit_tag\" value=\"wpcf7-f3277-o1\" \/><input type=\"hidden\" name=\"_wpcf7_container_post\" value=\"0\" \/><input type=\"hidden\" name=\"_wpcf7_posted_data_hash\" value=\"\" \/><input type=\"hidden\" name=\"_cf_logic\" value=\"\" \/><input type=\"hidden\" name=\"_wpcf7_recaptcha_response\" value=\"\" \/>\n<\/fieldset>\n<div class=\"uacf7-form-wrapper-container uacf7-form-3277\"><div class=\"uacf7-row\"><div class=\"uacf7-col-6\">\n<label> Votre nom*\n<span class=\"wpcf7-form-control-wrap\" data-name=\"your-name\"><input size=\"40\" maxlength=\"400\" class=\"wpcf7-form-control wpcf7-text wpcf7-validates-as-required\" aria-required=\"true\" aria-invalid=\"false\" value=\"\" type=\"text\" name=\"your-name\" \/><\/span> <\/label> <\/div><div class=\"uacf7-col-6\"> <label> Votre nom de famille*\n<span class=\"wpcf7-form-control-wrap\" data-name=\"your-surname\"><input size=\"40\" maxlength=\"400\" class=\"wpcf7-form-control wpcf7-text wpcf7-validates-as-required\" aria-required=\"true\" aria-invalid=\"false\" value=\"\" type=\"text\" name=\"your-surname\" \/><\/span> <\/label><\/div><\/div>\n\n\n<div class=\"uacf7-row\"><div class=\"uacf7-col-6\"> <label> Votre e-mail*\n<span class=\"wpcf7-form-control-wrap\" data-name=\"your-email\"><input size=\"40\" maxlength=\"400\" class=\"wpcf7-form-control wpcf7-email wpcf7-validates-as-required wpcf7-text wpcf7-validates-as-email\" aria-required=\"true\" aria-invalid=\"false\" value=\"\" type=\"email\" name=\"your-email\" \/><\/span> <\/label> \n\n<\/div><div class=\"uacf7-col-6\"> <label> Votre num\u00e9ro de t\u00e9l\u00e9phone*\n <span class=\"wpcf7-form-control-wrap your-phone\"><input type=\"hidden\" value=\"false\" class=\"check_validate\" name=\"your-phone_check\" \/><input class=\"wpcf7-form-control wpcf7-tel wpcf7-validates-as-required wpcf7-validates-as-tel light\" aria-required=\"true\" aria-invalid=\"false\" value=\"\" type=\"tel\" name=\"your-phone_hide\" data-name=\"your-phone\"  data-pre=\"\" data-excludecountries=\"af\" data-onlyct=\"\" data-defcountry=\"\" data-auto=\"1\" data-validation=\"1\" \/><\/span><\/label><\/div><\/div>\n<label> Votre message\n    <span class=\"wpcf7-form-control-wrap\" data-name=\"your-message\"><textarea cols=\"40\" rows=\"10\" maxlength=\"2000\" class=\"wpcf7-form-control wpcf7-textarea\" aria-invalid=\"false\" name=\"your-message\"><\/textarea><\/span> <\/label>\n\n<input class=\"wpcf7-form-control wpcf7-submit has-spinner\" type=\"submit\" value=\"SOUMETTRE\" \/><\/div><div class=\"wpcf7-response-output\" aria-hidden=\"true\"><\/div><input type=\"hidden\" value=\"0\" class=\"cf7-droptype\" >\n<input type=\"hidden\" name=\"trp-form-language\" value=\"fr\"\/><\/form>\n<\/div>\n\n\n\n\t\t<\/div>\n\t\t\t\t\t<\/div>\n\n\t\n\n<\/div>\n\t<div id=\"gap-421361533\" class=\"gap-element clearfix\" style=\"display:block; height:auto;\">\n\t\t\n<style>\n#gap-421361533 {\n  padding-top: 40px;\n}\n<\/style>\n\t<\/div>\n\t\n\t\t<\/div>\n\t\t\t\t\n<style>\n#col-1574170108 > .col-inner {\n  margin: 0px 0px -30px 0px;\n}\n<\/style>\n\t<\/div>\n\n\t\n<\/div>\n\t\t<\/div>\n\n\t\t\n<style>\n#section_2135216297 {\n  padding-top: 0px;\n  padding-bottom: 0px;\n  min-height: 300px;\n  background-color: rgb(245, 245, 245);\n}\n<\/style>\n\t<\/section>","protected":false},"excerpt":{"rendered":"","protected":false},"author":1,"featured_media":3823,"parent":0,"menu_order":0,"comment_status":"closed","ping_status":"closed","template":"page-transparent-header-light.php","meta":{"footnotes":""},"class_list":["post-3339","page","type-page","status-publish","has-post-thumbnail","hentry"],"_links":{"self":[{"href":"https:\/\/dis212dentalgroup.com\/fr\/wp-json\/wp\/v2\/pages\/3339","targetHints":{"allow":["GET"]}}],"collection":[{"href":"https:\/\/dis212dentalgroup.com\/fr\/wp-json\/wp\/v2\/pages"}],"about":[{"href":"https:\/\/dis212dentalgroup.com\/fr\/wp-json\/wp\/v2\/types\/page"}],"author":[{"embeddable":true,"href":"https:\/\/dis212dentalgroup.com\/fr\/wp-json\/wp\/v2\/users\/1"}],"replies":[{"embeddable":true,"href":"https:\/\/dis212dentalgroup.com\/fr\/wp-json\/wp\/v2\/comments?post=3339"}],"version-history":[{"count":0,"href":"https:\/\/dis212dentalgroup.com\/fr\/wp-json\/wp\/v2\/pages\/3339\/revisions"}],"wp:featuredmedia":[{"embeddable":true,"href":"https:\/\/dis212dentalgroup.com\/fr\/wp-json\/wp\/v2\/media\/3823"}],"wp:attachment":[{"href":"https:\/\/dis212dentalgroup.com\/fr\/wp-json\/wp\/v2\/media?parent=3339"}],"curies":[{"name":"wp","href":"https:\/\/api.w.org\/{rel}","templated":true}]}}