{"id":3331,"date":"2019-05-24T12:34:41","date_gmt":"2019-05-24T09:34:41","guid":{"rendered":"https:\/\/new.dis212.com.tr\/?page_id=3331"},"modified":"2023-03-26T00:31:23","modified_gmt":"2023-03-25T21:31:23","slug":"about-us-dental-treatments-turkey","status":"publish","type":"page","link":"https:\/\/dis212dentalgroup.com\/fr\/about-us-dental-treatments-turkey\/","title":{"rendered":"\u00c0 PROPOS DE NOUS - Traitements dentaires Turquie"},"content":{"rendered":"<div class=\"banner has-hover\" id=\"banner-1146285214\">\n          <div class=\"banner-inner fill\">\n        <div class=\"banner-bg fill\" >\n            <img loading=\"lazy\" decoding=\"async\" width=\"1600\" height=\"565\" src=\"https:\/\/dis212dentalgroup.com\/wp-content\/uploads\/2019\/05\/dis-212-atakent.jpg\" class=\"bg attachment-original size-original\" alt=\"BLOG DENTAIRE\" title=\"\">                        <div class=\"overlay\"><\/div>            \n                    <\/div>\n\t\t\n        <div class=\"banner-layers container\">\n            <div class=\"fill banner-link\"><\/div>            \n   <div id=\"text-box-2026004331\" class=\"text-box banner-layer x50 md-x50 lg-x50 y50 md-y50 lg-y50 res-text\">\n                                <div class=\"text-box-content text dark\">\n              \n              <div class=\"text-inner text-center\">\n                  \n\t<div id=\"gap-1571235585\" class=\"gap-element clearfix\" style=\"display:block; height:auto;\">\n\t\t\n<style>\n#gap-1571235585 {\n  padding-top: 30px;\n}\n<\/style>\n\t<\/div>\n\t\n\t<div id=\"gap-1452789152\" class=\"gap-element clearfix\" style=\"display:block; height:auto;\">\n\t\t\n<style>\n#gap-1452789152 {\n  padding-top: 30px;\n}\n<\/style>\n\t<\/div>\n\t\n<h1 class=\"uppercase\">\u00c0 PROPOS DE NOUS<\/h1>\n<p>Traitements dentaires en Turquie<\/p>\n              <\/div>\n           <\/div>\n                            \n<style>\n#text-box-2026004331 {\n  width: 100%;\n}\n#text-box-2026004331 .text-box-content {\n  font-size: 100%;\n}\n<\/style>\n    <\/div>\n \n        <\/div>\n      <\/div>\n\n            \n<style>\n#banner-1146285214 {\n  padding-top: 300px;\n}\n#banner-1146285214 .overlay {\n  background-color: rgba(64, 123, 205, 0.7);\n}\n@media (min-width:550px) {\n  #banner-1146285214 {\n    padding-top: 400px;\n  }\n}\n<\/style>\n  <\/div>\n\n\n<div class=\"row\"  id=\"row-522828454\">\n\n\t<div id=\"col-1123386650\" class=\"col small-12 large-12\"  >\n\t\t\t\t<div class=\"col-inner\"  >\n\t\t\t\n\t\t\t\n<p class=\"lead\">Bienvenue dans notre clinique dentaire en Turquie ! Nous nous engageons \u00e0 fournir des soins dentaires de haute qualit\u00e9 \u00e0 nos patients dans un environnement confortable et accueillant. Notre \u00e9quipe de dentistes exp\u00e9riment\u00e9s et sympathiques et notre personnel s'engagent \u00e0 vous aider \u00e0 obtenir un sourire sain et beau.<\/p>\n<p>Nous offrons une large gamme de services dentaires, y compris, <a href=\"https:\/\/dis212dentalgroup.com\/fr\/dental-implants-in-turkey\/\">implants dentaires<\/a>Nous proposons des soins dentaires complets, des facettes dentaires, de la dentisterie g\u00e9n\u00e9rale, de la dentisterie cosm\u00e9tique, de l'orthodontie et bien plus encore. Nos installations de pointe et notre technologie avanc\u00e9e nous permettent d'offrir des traitements pr\u00e9cis et efficaces qui r\u00e9pondent \u00e0 vos besoins individuels.<\/p>\n<p>Dans notre clinique, nous accordons la priorit\u00e9 \u00e0 la satisfaction des patients et nous nous effor\u00e7ons de rendre votre exp\u00e9rience dentaire la plus agr\u00e9able et la moins stressante possible. Nous comprenons que les visites chez le dentiste peuvent \u00eatre intimidantes, c'est pourquoi nous prenons le temps d'\u00e9couter vos pr\u00e9occupations et de r\u00e9pondre \u00e0 toutes vos questions.<\/p>\n<p>Contactez-nous d\u00e8s aujourd'hui pour prendre rendez-vous ou en savoir plus sur nos services. Nous sommes impatients de vous rencontrer et de vous aider \u00e0 atteindre une sant\u00e9 dentaire optimale !<\/p>\n\t\t<\/div>\n\t\t\t\t\t<\/div>\n\n\t\n\n\t<div id=\"col-2022047410\" class=\"col medium-6 small-12 large-6\"  >\n\t\t\t\t<div class=\"col-inner\"  >\n\t\t\t\n\t\t\t\n<p>Dis 212 est une polyclinique dentaire priv\u00e9e qui fournit des services de traitement dentaire complets depuis 2011 dans divers locaux exceptionnels \u00e0 Istanbul, en Turquie. <\/p>\n<p>\nLes principaux objectifs de la polyclinique Dis 212 sont les suivants : r\u00e9pondre aux besoins et aux demandes de nos patients le plus rapidement possible, \u00e9tablir un v\u00e9ritable diagnostic pour r\u00e9soudre les complications dentaires, suivre les innovations sectorielles mondiales et locales et agir en tenant compte des besoins des patients.<\/p>\n<p>\nDis 212, en tant que soci\u00e9t\u00e9 de dentisterie, a d\u00e9j\u00e0 gagn\u00e9 la faveur, principalement de ses patients et de ses partenaires commerciaux tels que les patients internationaux, les associ\u00e9s commerciaux multinationaux et les fournisseurs du r\u00e9seau par le biais d'un service \u00e9quitable, rapide et organis\u00e9.<\/p>\n\t\t<\/div>\n\t\t\t\t\t<\/div>\n\n\t\n\n\t<div id=\"col-1395886283\" class=\"col medium-6 small-12 large-6\"  >\n\t\t\t\t<div class=\"col-inner\"  >\n\t\t\t\n\t\t\t\n<p><strong>La mission<\/strong><\/p>\n<p>Fournir des \"soins dentaires supr\u00eames\" \u00e0 nos patients gr\u00e2ce \u00e0 des dentistes exp\u00e9riment\u00e9s, des installations st\u00e9rilis\u00e9es de haute qualit\u00e9, des \u00e9quipements et des appareils de technologie r\u00e9cente.\n<\/p>\n<p><strong>Vision<\/strong><\/p>\n<p>Fournir une capacit\u00e9 de \"soins dentaires supr\u00eames\" \u00e0 l'\u00e9chelle mondiale en cr\u00e9ant une prise de conscience par l'utilisation d'outils de communication et de diff\u00e9renciation au sein de la communaut\u00e9 dentaire.<\/p>\n\t\t<\/div>\n\t\t\t\t\t<\/div>\n\n\t\n\n\t<div id=\"col-48978149\" class=\"col small-12 large-12\"  >\n\t\t\t\t<div class=\"col-inner\"  >\n\t\t\t\n\t\t\t\n<p>Traitements dentaires Turquie<br \/>\nNous offrons le meilleur rapport qualit\u00e9-prix pour les traitements dentaires en Turquie. Nous sommes l'une des meilleures cliniques d'Istanbul et proposons des services de dentisterie esth\u00e9tique, d'implantation chirurgicale, d'endodontie maxillo-faciale et de dentisterie p\u00e9diatrique, <a href=\"https:\/\/dis212dentalgroup.com\/fr\/periodontology\/\">parodontologie<\/a>blanchiment.<\/p>\n<p>La satisfaction du patient est au centre de nos priorit\u00e9s. Professionnelle, \u00e0 l'\u00e9coute de ses patients, l'\u00e9quipe de Dis 212 offre des services d'une qualit\u00e9 irr\u00e9prochable. Gr\u00e2ce \u00e0 des avanc\u00e9es techniques sans cesse renouvel\u00e9es, notre clinique dentaire atteint un niveau de qualit\u00e9 optimal qui offre \u00e0 nos patients le meilleur de la technologie.<br \/>\nNotre personnel a des ann\u00e9es d'exp\u00e9rience dans le secteur du tourisme m\u00e9dical. Dis 212 est actif dans ce domaine depuis 2011. Dans notre clinique partenaire, plus de 25 000 implants ont d\u00e9j\u00e0 \u00e9t\u00e9 pos\u00e9s avec succ\u00e8s et des milliers de sourires hollywoodiens ont \u00e9t\u00e9 cr\u00e9\u00e9s.<\/p>\n<p>Traitement dentaire bon march\u00e9 en Turquie. Contactez-nous pour une consultation gratuite et sans engagement afin de tout savoir sur le d\u00e9roulement du traitement et les options th\u00e9rapeutiques.<\/p>\n\t\t<\/div>\n\t\t\t\t\t<\/div>\n\n\t\n<\/div>\n\n\t<section class=\"section\" id=\"section_1756720982\">\n\t\t<div class=\"section-bg fill\" >\n\t\t\t\t\t\t\t\t\t\n\t\t\t\n\n\t\t<\/div>\n\n\t\t\n\n\t\t<div class=\"section-content relative\">\n\t\t\t\n<h2 style=\"text-align: center;\">\u00c9quipe fondatrice<\/h2>\n<div class=\"text-center\"><div class=\"is-divider divider clearfix\" ><\/div><\/div>\n<div class=\"row row-large row-full-width\"  id=\"row-426166009\">\n\n\t<div id=\"col-2119812209\" class=\"col medium-3 small-6 large-3\"  >\n\t\t\t\t<div class=\"col-inner\"  >\n\t\t\t\n\t\t\t\n    <div class=\"box has-hover has-hover box-default box-text-bottom\" >\n\n                  <div class=\"box-image\" style=\"width:80%;\">\n           <div class=\"box-image-inner image-cover\" style=\"padding-top:121%;\">\n              <img loading=\"lazy\" decoding=\"async\" width=\"600\" height=\"710\" src=\"https:\/\/dis212dentalgroup.com\/wp-content\/uploads\/2021\/09\/dt-abidin-acar-invisalign-platinium-provider-.jpg\" class=\"attachment- size-\" alt=\"Dds. Phd. Abidin Acar\" srcset=\"https:\/\/dis212dentalgroup.com\/wp-content\/uploads\/2021\/09\/dt-abidin-acar-invisalign-platinium-provider-.jpg 600w, https:\/\/dis212dentalgroup.com\/wp-content\/uploads\/2021\/09\/dt-abidin-acar-invisalign-platinium-provider--254x300.jpg 254w\" sizes=\"auto, (max-width: 600px) 100vw, 600px\" title=\"\">                         <\/div>\n          <\/div>\n         \n          <div class=\"box-text text-center\" >\n                <div class=\"box-text-inner\">\n                  <h4 class=\"uppercase\">\n                    <span class=\"person-name\">Dds. Phd. Abidin ACAR<\/span><br\/>\n                    <span class=\"person-title is-small thin-font op-7\">\n                      Orthodontie                    <\/span>\n                  <\/h4>\n\t\t\t\t\t\n<a class=\"button primary is-underline hidden\"  >\n\t\t<span>Randevu<\/span>\n\t<i class=\"icon-clock\" aria-hidden=\"true\" ><\/i><\/a>\n\n                <\/div>\n          <\/div>\n    <\/div>\n\n\t\n    \n\t\t<\/div>\n\t\t\t\t\t<\/div>\n\n\t\n\n\t<div id=\"col-2117244245\" class=\"col medium-3 small-6 large-3\"  >\n\t\t\t\t<div class=\"col-inner\"  >\n\t\t\t\n\t\t\t\n    <div class=\"box has-hover has-hover box-default box-text-bottom\" >\n\n                  <div class=\"box-image\" style=\"width:80%;\">\n           <div class=\"box-image-inner image-cover\" style=\"padding-top:121%;\">\n              <img loading=\"lazy\" decoding=\"async\" width=\"600\" height=\"710\" src=\"https:\/\/dis212dentalgroup.com\/wp-content\/uploads\/2021\/08\/aykut1.jpg\" class=\"attachment- size-\" alt=\"MSC. DT. AYKUT KO\u015eUN\" srcset=\"https:\/\/dis212dentalgroup.com\/wp-content\/uploads\/2021\/08\/aykut1.jpg 600w, https:\/\/dis212dentalgroup.com\/wp-content\/uploads\/2021\/08\/aykut1-254x300.jpg 254w\" sizes=\"auto, (max-width: 600px) 100vw, 600px\" title=\"\">                         <\/div>\n          <\/div>\n         \n          <div class=\"box-text text-center\" >\n                <div class=\"box-text-inner\">\n                  <h4 class=\"uppercase\">\n                    <span class=\"person-name\">MSC. DT. Aykut Ko\u015fun<\/span><br\/>\n                    <span class=\"person-title is-small thin-font op-7\">\n                      Implantologie orale                    <\/span>\n                  <\/h4>\n\t\t\t\t\t\n<a class=\"button primary is-underline hidden\"  >\n\t\t<span>Randevu<\/span>\n\t<i class=\"icon-clock\" aria-hidden=\"true\" ><\/i><\/a>\n\n                <\/div>\n          <\/div>\n    <\/div>\n\n\t\n    \n\t\t<\/div>\n\t\t\t\t\t<\/div>\n\n\t\n\n\t<div id=\"col-1003963621\" class=\"col medium-3 small-6 large-3\"  >\n\t\t\t\t<div class=\"col-inner\"  >\n\t\t\t\n\t\t\t\n    <div class=\"box has-hover has-hover box-default box-text-bottom\" >\n\n                  <div class=\"box-image\" style=\"width:80%;\">\n           <div class=\"box-image-inner image-cover\" style=\"padding-top:121%;\">\n              <img loading=\"lazy\" decoding=\"async\" width=\"250\" height=\"250\" src=\"https:\/\/dis212dentalgroup.com\/wp-content\/uploads\/2019\/05\/nalan-kosun.jpg\" class=\"attachment- size-\" alt=\"Dt. Nalan Vardar KO\u015eUN\" srcset=\"https:\/\/dis212dentalgroup.com\/wp-content\/uploads\/2019\/05\/nalan-kosun.jpg 250w, https:\/\/dis212dentalgroup.com\/wp-content\/uploads\/2019\/05\/nalan-kosun-100x100.jpg 100w, https:\/\/dis212dentalgroup.com\/wp-content\/uploads\/2019\/05\/nalan-kosun-150x150.jpg 150w\" sizes=\"auto, (max-width: 250px) 100vw, 250px\" title=\"\">                         <\/div>\n          <\/div>\n         \n          <div class=\"box-text text-center\" >\n                <div class=\"box-text-inner\">\n                  <h4 class=\"uppercase\">\n                    <span class=\"person-name\">Dt. Nalan Vardar Ko\u015fun<\/span><br\/>\n                    <span class=\"person-title is-small thin-font op-7\">\n                      Proth\u00e8se                    <\/span>\n                  <\/h4>\n\t\t\t\t\t\n<a class=\"button primary is-underline hidden\"  >\n\t\t<span>Randevu<\/span>\n\t<i class=\"icon-clock\" aria-hidden=\"true\" ><\/i><\/a>\n\n                <\/div>\n          <\/div>\n    <\/div>\n\n\t\n    \n\t\t<\/div>\n\t\t\t\t\t<\/div>\n\n\t\n\n\t<div id=\"col-985201975\" class=\"col medium-3 small-6 large-3\"  >\n\t\t\t\t<div class=\"col-inner\"  >\n\t\t\t\n\t\t\t\n    <div class=\"box has-hover has-hover box-default box-text-bottom\" >\n\n                  <div class=\"box-image\" style=\"width:80%;\">\n           <div class=\"box-image-inner image-cover\" style=\"padding-top:121%;\">\n              <img loading=\"lazy\" decoding=\"async\" width=\"600\" height=\"710\" src=\"https:\/\/dis212dentalgroup.com\/wp-content\/uploads\/2021\/08\/alper-boz1.jpg\" class=\"attachment- size-\" alt=\"MSC. DT. ALPER BOZ\" srcset=\"https:\/\/dis212dentalgroup.com\/wp-content\/uploads\/2021\/08\/alper-boz1.jpg 600w, https:\/\/dis212dentalgroup.com\/wp-content\/uploads\/2021\/08\/alper-boz1-254x300.jpg 254w\" sizes=\"auto, (max-width: 600px) 100vw, 600px\" title=\"\">                         <\/div>\n          <\/div>\n         \n          <div class=\"box-text text-center\" >\n                <div class=\"box-text-inner\">\n                  <h4 class=\"uppercase\">\n                    <span class=\"person-name\">MSC. Dt. Alper BOZ<\/span><br\/>\n                    <span class=\"person-title is-small thin-font op-7\">\n                      Implantologie orale                    <\/span>\n                  <\/h4>\n\t\t\t\t\t\n<a class=\"button primary is-underline hidden\"  >\n\t\t<span>Randevu<\/span>\n\t<i class=\"icon-clock\" aria-hidden=\"true\" ><\/i><\/a>\n\n                <\/div>\n          <\/div>\n    <\/div>\n\n\t\n    \n\t\t<\/div>\n\t\t\t\t\t<\/div>\n\n\t\n\n<style>\n#row-426166009 > .col > .col-inner {\n  padding: 0px 0px 0px 0px;\n}\n<\/style>\n<\/div>\n\t<div id=\"gap-1910396150\" class=\"gap-element clearfix\" style=\"display:block; height:auto;\">\n\t\t\n<style>\n#gap-1910396150 {\n  padding-top: 50px;\n}\n<\/style>\n\t<\/div>\n\t\n\t\t<\/div>\n\n\t\t\n<style>\n#section_1756720982 {\n  padding-top: 15px;\n  padding-bottom: 15px;\n  background-color: rgb(242, 242, 242);\n}\n<\/style>\n\t<\/section>","protected":false},"excerpt":{"rendered":"","protected":false},"author":1,"featured_media":0,"parent":0,"menu_order":0,"comment_status":"closed","ping_status":"closed","template":"page-transparent-header-light.php","meta":{"footnotes":""},"class_list":["post-3331","page","type-page","status-publish","hentry"],"_links":{"self":[{"href":"https:\/\/dis212dentalgroup.com\/fr\/wp-json\/wp\/v2\/pages\/3331","targetHints":{"allow":["GET"]}}],"collection":[{"href":"https:\/\/dis212dentalgroup.com\/fr\/wp-json\/wp\/v2\/pages"}],"about":[{"href":"https:\/\/dis212dentalgroup.com\/fr\/wp-json\/wp\/v2\/types\/page"}],"author":[{"embeddable":true,"href":"https:\/\/dis212dentalgroup.com\/fr\/wp-json\/wp\/v2\/users\/1"}],"replies":[{"embeddable":true,"href":"https:\/\/dis212dentalgroup.com\/fr\/wp-json\/wp\/v2\/comments?post=3331"}],"version-history":[{"count":0,"href":"https:\/\/dis212dentalgroup.com\/fr\/wp-json\/wp\/v2\/pages\/3331\/revisions"}],"wp:attachment":[{"href":"https:\/\/dis212dentalgroup.com\/fr\/wp-json\/wp\/v2\/media?parent=3331"}],"curies":[{"name":"wp","href":"https:\/\/api.w.org\/{rel}","templated":true}]}}