{"id":3843,"date":"2021-08-16T19:31:03","date_gmt":"2021-08-16T16:31:03","guid":{"rendered":"https:\/\/dis212dentalgroup.com\/?page_id=3843"},"modified":"2025-05-21T04:46:03","modified_gmt":"2025-05-21T01:46:03","slug":"doctors","status":"publish","type":"page","link":"https:\/\/dis212dentalgroup.com\/en_gb\/doctors\/","title":{"rendered":"Doctors"},"content":{"rendered":"  <div id=\"page-header-140907982\" class=\"page-header-wrapper\">\n  <div class=\"page-title dark featured-title\">\n\n        <div class=\"page-title-bg\">\n      <div class=\"title-bg fill bg-fill\"\n        data-parallax-container=\".page-title\"\n        data-parallax-background\n        data-parallax=\"-\">\n      <\/div>\n      <div class=\"title-overlay fill\"><\/div>\n    <\/div>\n    \n    <div class=\"page-title-inner container align-center flex-row medium-flex-wrap\" >\n              <div class=\"title-wrapper flex-col text-left medium-text-center\">\n          <h1 class=\"entry-title mb-0\">\n            Doctors          <\/h1>\n        <\/div>\n                    <div class=\"title-content flex-col flex-right text-right medium-text-center\">\n        <div class=\"title-breadcrumbs pb-half pt-half\"><nav class=\"woocommerce-breadcrumb breadcrumbs uppercase\">Home<\/nav><\/div>      <\/div>\n    <\/div>\n\n     \n<style>\n#page-header-140907982 .title-bg {\n  background-image: url(https:\/\/dis212dentalgroup.com\/wp-content\/uploads\/2019\/05\/dis212-atakent-6.jpg);\n}\n<\/style>\n  <\/div>\n    <\/div>\n  \n\t<div id=\"gap-1991643051\" class=\"gap-element clearfix\" style=\"display:block; height:auto;\">\n\t\t\n<style>\n#gap-1991643051 {\n  padding-top: 30px;\n}\n<\/style>\n\t<\/div>\n\t\n\t<div id=\"text-884343153\" class=\"text\">\n\t\t\n<p>All of our dentists are trained and experienced in their field.<br \/>You can reach our dentists.<\/p>\n\t\t\n<style>\n#text-884343153 {\n  text-align: center;\n}\n<\/style>\n\t<\/div>\n\t\n\t<div id=\"gap-227742379\" class=\"gap-element clearfix\" style=\"display:block; height:auto;\">\n\t\t\n<style>\n#gap-227742379 {\n  padding-top: 30px;\n}\n<\/style>\n\t<\/div>\n\t\n<div class=\"row row-small\" style=\"max-width:1370px\" id=\"row-1165797543\">\n\n\t<div id=\"col-1533704167\" class=\"col medium-3 small-12 large-3\"  >\n\t\t\t\t<div class=\"col-inner\"  >\n\t\t\t\n\t\t\t\n\t<div class=\"box has-hover   has-hover box-text-bottom\" >\n\n\t\t<div class=\"box-image\" >\n\t\t\t<a href=\"\/dds-phd-dr-abidin-acar\/\" >\t\t\t<div class=\"\" >\n\t\t\t\t<img loading=\"lazy\" decoding=\"async\" width=\"600\" height=\"710\" src=\"https:\/\/dis212dentalgroup.com\/wp-content\/uploads\/2024\/06\/Abiddin-Hoca.jpg\" class=\"attachment- size-\" alt=\"Dental Implant in Turkey\" srcset=\"https:\/\/dis212dentalgroup.com\/wp-content\/uploads\/2024\/06\/Abiddin-Hoca.jpg 600w, https:\/\/dis212dentalgroup.com\/wp-content\/uploads\/2024\/06\/Abiddin-Hoca-254x300.jpg 254w, https:\/\/dis212dentalgroup.com\/wp-content\/uploads\/2024\/06\/Abiddin-Hoca-10x12.jpg 10w\" sizes=\"auto, (max-width: 600px) 100vw, 600px\" title=\"\">\t\t\t\t\t\t\t\t\t\t\t<\/div>\n\t\t\t<\/a>\t\t<\/div>\n\n\t\t<div class=\"box-text text-center\" >\n\t\t\t<div class=\"box-text-inner\">\n\t\t\t\t\n<h4>Dds. Phd. Dr. Abidin Acar<\/h4>\n<p>Expert Orthodontist<\/p>\n<a href=\"\/dds-phd-dr-abidin-acar\/\" class=\"button primary is-underline\"  >\n\t\t<span>More Info<\/span>\n\t<i class=\"icon-angle-right\" aria-hidden=\"true\" ><\/i><\/a>\n\n\t\t\t<\/div>\n\t\t<\/div>\n\t<\/div>\n\t\n\t\t<\/div>\n\t\t\t\t\t<\/div>\n\n\t\n\n\t<div id=\"col-1829584250\" class=\"col medium-3 small-12 large-3\"  >\n\t\t\t\t<div class=\"col-inner\"  >\n\t\t\t\n\t\t\t\n\t<div class=\"box has-hover   has-hover box-text-bottom\" >\n\n\t\t<div class=\"box-image\" >\n\t\t\t<a href=\"\/msc-dt-alper-boz\/\" >\t\t\t<div class=\"\" >\n\t\t\t\t<img loading=\"lazy\" decoding=\"async\" width=\"600\" height=\"710\" src=\"https:\/\/dis212dentalgroup.com\/wp-content\/uploads\/2021\/08\/alper-boz1.jpg\" class=\"attachment- size-\" alt=\"MSC. DT. ALPER BOZ\" srcset=\"https:\/\/dis212dentalgroup.com\/wp-content\/uploads\/2021\/08\/alper-boz1.jpg 600w, https:\/\/dis212dentalgroup.com\/wp-content\/uploads\/2021\/08\/alper-boz1-254x300.jpg 254w\" sizes=\"auto, (max-width: 600px) 100vw, 600px\" title=\"\">\t\t\t\t\t\t\t\t\t\t\t<\/div>\n\t\t\t<\/a>\t\t<\/div>\n\n\t\t<div class=\"box-text text-center\" >\n\t\t\t<div class=\"box-text-inner\">\n\t\t\t\t\n<h4 class=\"team-member-name\">Msc. Dt. Alper Boz<\/h4>\n<p>Implant &#038; Oral SUrgery<\/p>\n<a href=\"\/msc-dt-alper-boz\" class=\"button primary is-underline\"  >\n\t\t<span>More Info<\/span>\n\t<i class=\"icon-angle-right\" aria-hidden=\"true\" ><\/i><\/a>\n\n\t\t\t<\/div>\n\t\t<\/div>\n\t<\/div>\n\t\n\t\t<\/div>\n\t\t\t\t\t<\/div>\n\n\t\n\n\t<div id=\"col-1373930806\" class=\"col medium-3 small-12 large-3\"  >\n\t\t\t\t<div class=\"col-inner\"  >\n\t\t\t\n\t\t\t\n\t<div class=\"box has-hover   has-hover box-text-bottom\" >\n\n\t\t<div class=\"box-image\" >\n\t\t\t<a href=\"\/msc-dt-aykut-kosun\/\" >\t\t\t<div class=\"\" >\n\t\t\t\t<img loading=\"lazy\" decoding=\"async\" width=\"600\" height=\"710\" src=\"https:\/\/dis212dentalgroup.com\/wp-content\/uploads\/2024\/01\/aykut.png\" class=\"attachment- size-\" alt=\"Dental Implant in Turkey\" srcset=\"https:\/\/dis212dentalgroup.com\/wp-content\/uploads\/2024\/01\/aykut.png 600w, https:\/\/dis212dentalgroup.com\/wp-content\/uploads\/2024\/01\/aykut-254x300.png 254w\" sizes=\"auto, (max-width: 600px) 100vw, 600px\" title=\"\">\t\t\t\t\t\t\t\t\t\t\t<\/div>\n\t\t\t<\/a>\t\t<\/div>\n\n\t\t<div class=\"box-text text-center\" >\n\t\t\t<div class=\"box-text-inner\">\n\t\t\t\t\n<h4>Msc. Dt. Aykut Ko\u015fun<\/h4>\n<p>Implant &#038; Cosmetic Dentistry<\/p>\n<a href=\"\/msc-dt-aykut-kosun\/\" class=\"button primary is-underline\"  >\n\t\t<span>More Info<\/span>\n\t<i class=\"icon-angle-right\" aria-hidden=\"true\" ><\/i><\/a>\n\n\t\t\t<\/div>\n\t\t<\/div>\n\t<\/div>\n\t\n\t\t<\/div>\n\t\t\t\t\t<\/div>\n\n\t\n\n\t<div id=\"col-21622324\" class=\"col medium-3 small-12 large-3\"  >\n\t\t\t\t<div class=\"col-inner\"  >\n\t\t\t\n\t\t\t\n\t<div class=\"box has-hover   has-hover box-text-bottom\" >\n\n\t\t<div class=\"box-image\" >\n\t\t\t<a href=\"\/dt-nalan-vardar-kosun\/\" >\t\t\t<div class=\"\" >\n\t\t\t\t<img loading=\"lazy\" decoding=\"async\" width=\"600\" height=\"710\" src=\"https:\/\/dis212dentalgroup.com\/wp-content\/uploads\/2024\/01\/dt-nalan-kosun-2-1.jpg\" class=\"attachment- size-\" alt=\"Dental Implant in Turkey\" srcset=\"https:\/\/dis212dentalgroup.com\/wp-content\/uploads\/2024\/01\/dt-nalan-kosun-2-1.jpg 600w, https:\/\/dis212dentalgroup.com\/wp-content\/uploads\/2024\/01\/dt-nalan-kosun-2-1-254x300.jpg 254w\" sizes=\"auto, (max-width: 600px) 100vw, 600px\" title=\"\">\t\t\t\t\t\t\t\t\t\t\t<\/div>\n\t\t\t<\/a>\t\t<\/div>\n\n\t\t<div class=\"box-text text-center\" >\n\t\t\t<div class=\"box-text-inner\">\n\t\t\t\t\n<h4>Dr. Nalan Vardar KO\u015eUN<\/h4>\n<p>Prosthodontist<\/p>\n<a href=\"\/dt-nalan-vardar-kosun\/\" class=\"button primary is-underline\"  >\n\t\t<span>More Info<\/span>\n\t<i class=\"icon-angle-right\" aria-hidden=\"true\" ><\/i><\/a>\n\n\t\t\t<\/div>\n\t\t<\/div>\n\t<\/div>\n\t\n\t\t<\/div>\n\t\t\t\t\t<\/div>\n\n\t\n<\/div>\n<div class=\"row\"  id=\"row-1387043318\">\n\n\t<div id=\"col-965720389\" class=\"col small-12 large-12\"  >\n\t\t\t\t<div class=\"col-inner\"  >\n\t\t\t\n\t\t\t\n\t<div id=\"stack-2602003412\" class=\"stack stack-row justify-start items-stretch sm:stack-col sm:justify-center sm:items-center\">\n\t\t\n\t<div class=\"box has-hover   has-hover box-text-bottom\" >\n\n\t\t<div class=\"box-image\" >\n\t\t\t\t\t\t<div class=\"\" >\n\t\t\t\t<img loading=\"lazy\" decoding=\"async\" width=\"600\" height=\"710\" src=\"https:\/\/dis212dentalgroup.com\/wp-content\/uploads\/2021\/08\/ceyda1.jpg\" class=\"attachment- size-\" alt=\"Dental Implant in Turkey\" srcset=\"https:\/\/dis212dentalgroup.com\/wp-content\/uploads\/2021\/08\/ceyda1.jpg 600w, https:\/\/dis212dentalgroup.com\/wp-content\/uploads\/2021\/08\/ceyda1-254x300.jpg 254w\" sizes=\"auto, (max-width: 600px) 100vw, 600px\" title=\"\">\t\t\t\t\t\t\t\t\t\t\t<\/div>\n\t\t\t\t\t<\/div>\n\n\t\t<div class=\"box-text text-center\" >\n\t\t\t<div class=\"box-text-inner\">\n\t\t\t\t\n<h4>Dt. Ceyda Ayran<\/h4>\n<p>Pedodontist<\/p>\n<a href=\"https:\/\/web.whatsapp.com\/send?phone=908508885212\" class=\"button primary is-underline\" rel=\"nofollow noopener\" target=\"_blank\">\n\t\t<span>More Info<\/span>\n\t<i class=\"icon-angle-right\" aria-hidden=\"true\" ><\/i><\/a>\n\n\t\t\t<\/div>\n\t\t<\/div>\n\t<\/div>\n\t\n\t<div class=\"box has-hover   has-hover box-text-bottom\" >\n\n\t\t<div class=\"box-image\" >\n\t\t\t\t\t\t<div class=\"\" >\n\t\t\t\t<img loading=\"lazy\" decoding=\"async\" width=\"600\" height=\"710\" src=\"https:\/\/dis212dentalgroup.com\/wp-content\/uploads\/2021\/08\/gokce11.jpg\" class=\"attachment- size-\" alt=\"Dental Implant in Turkey\" srcset=\"https:\/\/dis212dentalgroup.com\/wp-content\/uploads\/2021\/08\/gokce11.jpg 600w, https:\/\/dis212dentalgroup.com\/wp-content\/uploads\/2021\/08\/gokce11-254x300.jpg 254w\" sizes=\"auto, (max-width: 600px) 100vw, 600px\" title=\"\">\t\t\t\t\t\t\t\t\t\t\t<\/div>\n\t\t\t\t\t<\/div>\n\n\t\t<div class=\"box-text text-center\" >\n\t\t\t<div class=\"box-text-inner\">\n\t\t\t\t\n<h4>Uzm. Dr. G\u00f6k\u00e7e D\u00f6nmez<\/h4>\n<p>Prosthodontist<\/p>\n<a href=\"https:\/\/web.whatsapp.com\/send?phone=908508885212\" class=\"button primary is-underline\" rel=\"nofollow noopener\" target=\"_blank\">\n\t\t<span>More Info<\/span>\n\t<i class=\"icon-angle-right\" aria-hidden=\"true\" ><\/i><\/a>\n\n\t\t\t<\/div>\n\t\t<\/div>\n\t<\/div>\n\t\n\t<div class=\"box has-hover   has-hover box-text-bottom\" >\n\n\t\t<div class=\"box-image\" >\n\t\t\t\t\t\t<div class=\"\" >\n\t\t\t\t<img loading=\"lazy\" decoding=\"async\" width=\"600\" height=\"710\" src=\"https:\/\/dis212dentalgroup.com\/wp-content\/uploads\/2021\/08\/DT-NALAN-HANKULU1.jpg\" class=\"attachment- size-\" alt=\"Dental Implant in Turkey\" srcset=\"https:\/\/dis212dentalgroup.com\/wp-content\/uploads\/2021\/08\/DT-NALAN-HANKULU1.jpg 600w, https:\/\/dis212dentalgroup.com\/wp-content\/uploads\/2021\/08\/DT-NALAN-HANKULU1-254x300.jpg 254w\" sizes=\"auto, (max-width: 600px) 100vw, 600px\" title=\"\">\t\t\t\t\t\t\t\t\t\t\t<\/div>\n\t\t\t\t\t<\/div>\n\n\t\t<div class=\"box-text text-center\" >\n\t\t\t<div class=\"box-text-inner\">\n\t\t\t\t\n<h4>Dt. Nalan Hankulu<\/h4>\n<p>Cosmetic Dentistry<\/p>\n<a href=\"https:\/\/web.whatsapp.com\/send?phone=908508885212\" class=\"button primary is-underline\" rel=\"nofollow noopener\" target=\"_blank\">\n\t\t<span>More Info<\/span>\n\t<i class=\"icon-angle-right\" aria-hidden=\"true\" ><\/i><\/a>\n\n\t\t\t<\/div>\n\t\t<\/div>\n\t<\/div>\n\t\n\t<div class=\"box has-hover   has-hover box-text-bottom\" >\n\n\t\t<div class=\"box-image\" >\n\t\t\t\t\t\t<div class=\"\" >\n\t\t\t\t<img loading=\"lazy\" decoding=\"async\" width=\"600\" height=\"710\" src=\"https:\/\/dis212dentalgroup.com\/wp-content\/uploads\/2021\/08\/dis212-dentist1.jpg\" class=\"attachment- size-\" alt=\"Dt. Emre \u00c7aml\u0131\u00f6z\" srcset=\"https:\/\/dis212dentalgroup.com\/wp-content\/uploads\/2021\/08\/dis212-dentist1.jpg 600w, https:\/\/dis212dentalgroup.com\/wp-content\/uploads\/2021\/08\/dis212-dentist1-254x300.jpg 254w\" sizes=\"auto, (max-width: 600px) 100vw, 600px\" title=\"\">\t\t\t\t\t\t\t\t\t\t\t<\/div>\n\t\t\t\t\t<\/div>\n\n\t\t<div class=\"box-text text-center\" >\n\t\t\t<div class=\"box-text-inner\">\n\t\t\t\t\n<h4>Dt. Emre \u00c7aml\u0131\u00f6z<\/h4>\n<p>Cosmetic Dentistry<\/p>\n<a href=\"\/dt-emre-camlioz\/\" class=\"button primary is-underline\"  >\n\t\t<span>More Info<\/span>\n\t<i class=\"icon-angle-right\" aria-hidden=\"true\" ><\/i><\/a>\n\n\t\t\t<\/div>\n\t\t<\/div>\n\t<\/div>\n\t\n\t\t\n<style>\n#stack-2602003412 > * {\n  --stack-gap: 1rem;\n}\n<\/style>\n\t<\/div>\n\t\n\t\t<\/div>\n\t\t\t\t\t<\/div>\n\n\t\n<\/div>\n<div class=\"row\"  id=\"row-402939148\">\n\n\t<div id=\"col-456739532\" class=\"col small-12 large-12\"  >\n\t\t\t\t<div class=\"col-inner\"  >\n\t\t\t\n\t\t\t\n\t<div id=\"stack-3086621871\" class=\"stack stack-row justify-start items-stretch sm:stack-col sm:justify-center sm:items-center\">\n\t\t\n\t<div class=\"box has-hover   has-hover box-text-bottom\" >\n\n\t\t<div class=\"box-image\" >\n\t\t\t\t\t\t<div class=\"\" >\n\t\t\t\t<img loading=\"lazy\" decoding=\"async\" width=\"600\" height=\"700\" src=\"https:\/\/dis212dentalgroup.com\/wp-content\/uploads\/2025\/05\/Ayse-Nur-Caca51.jpg\" class=\"attachment- size-\" alt=\"Dental Implant in Turkey\" srcset=\"https:\/\/dis212dentalgroup.com\/wp-content\/uploads\/2025\/05\/Ayse-Nur-Caca51.jpg 600w, https:\/\/dis212dentalgroup.com\/wp-content\/uploads\/2025\/05\/Ayse-Nur-Caca51-257x300.jpg 257w, https:\/\/dis212dentalgroup.com\/wp-content\/uploads\/2025\/05\/Ayse-Nur-Caca51-10x12.jpg 10w\" sizes=\"auto, (max-width: 600px) 100vw, 600px\" title=\"\">\t\t\t\t\t\t\t\t\t\t\t<\/div>\n\t\t\t\t\t<\/div>\n\n\t\t<div class=\"box-text text-center\" >\n\t\t\t<div class=\"box-text-inner\">\n\t\t\t\t\n<h4>Dt. Ay\u015fe Nur \u00c7a\u00e7a<\/h4>\n<p>Cosmetic Dentistry<\/p>\n<a href=\"\/dt-ayse-nur-caca-2\/\" class=\"button primary is-underline\"  >\n\t\t<span>More Info<\/span>\n\t<i class=\"icon-angle-right\" aria-hidden=\"true\" ><\/i><\/a>\n\n\t\t\t<\/div>\n\t\t<\/div>\n\t<\/div>\n\t\n\t<div class=\"box has-hover   has-hover box-text-bottom\" >\n\n\t\t<div class=\"box-image\" >\n\t\t\t\t\t\t<div class=\"\" >\n\t\t\t\t<img loading=\"lazy\" decoding=\"async\" width=\"600\" height=\"710\" src=\"https:\/\/dis212dentalgroup.com\/wp-content\/uploads\/2025\/05\/gulsen-aydin1.jpg\" class=\"attachment- size-\" alt=\"Dental Implant in Turkey\" srcset=\"https:\/\/dis212dentalgroup.com\/wp-content\/uploads\/2025\/05\/gulsen-aydin1.jpg 600w, https:\/\/dis212dentalgroup.com\/wp-content\/uploads\/2025\/05\/gulsen-aydin1-254x300.jpg 254w, https:\/\/dis212dentalgroup.com\/wp-content\/uploads\/2025\/05\/gulsen-aydin1-10x12.jpg 10w\" sizes=\"auto, (max-width: 600px) 100vw, 600px\" title=\"\">\t\t\t\t\t\t\t\t\t\t\t<\/div>\n\t\t\t\t\t<\/div>\n\n\t\t<div class=\"box-text text-center\" >\n\t\t\t<div class=\"box-text-inner\">\n\t\t\t\t\n<h4>Uzm. Dt. G\u00fcl\u015fen Ayd\u0131n<\/h4>\n<p>Pedodontist<\/p>\n<a href=\"\/uzm-dt-gulsen-aydin\/\" class=\"button primary is-underline\"  >\n\t\t<span>More Info<\/span>\n\t<i class=\"icon-angle-right\" aria-hidden=\"true\" ><\/i><\/a>\n\n\t\t\t<\/div>\n\t\t<\/div>\n\t<\/div>\n\t\n\t<div class=\"box has-hover   has-hover box-text-bottom\" >\n\n\t\t<div class=\"box-image\" >\n\t\t\t\t\t\t<div class=\"\" >\n\t\t\t\t<img loading=\"lazy\" decoding=\"async\" width=\"600\" height=\"710\" src=\"https:\/\/dis212dentalgroup.com\/wp-content\/uploads\/2025\/05\/gamzegul1.jpg\" class=\"attachment- size-\" alt=\"Dental Implant in Turkey\" srcset=\"https:\/\/dis212dentalgroup.com\/wp-content\/uploads\/2025\/05\/gamzegul1.jpg 600w, https:\/\/dis212dentalgroup.com\/wp-content\/uploads\/2025\/05\/gamzegul1-254x300.jpg 254w, https:\/\/dis212dentalgroup.com\/wp-content\/uploads\/2025\/05\/gamzegul1-10x12.jpg 10w\" sizes=\"auto, (max-width: 600px) 100vw, 600px\" title=\"\">\t\t\t\t\t\t\t\t\t\t\t<\/div>\n\t\t\t\t\t<\/div>\n\n\t\t<div class=\"box-text text-center\" >\n\t\t\t<div class=\"box-text-inner\">\n\t\t\t\t\n<h4>Dt. Gamzeg\u00fcl G\u00f6kta\u015f<\/h4>\n<p>Cosmetic Dentistry<\/p>\n<a href=\"\/dt-gamzegul-goktas\/\" class=\"button primary is-underline\"  >\n\t\t<span>More Info<\/span>\n\t<i class=\"icon-angle-right\" aria-hidden=\"true\" ><\/i><\/a>\n\n\t\t\t<\/div>\n\t\t<\/div>\n\t<\/div>\n\t\n\t<div class=\"box has-hover   has-hover box-text-bottom\" >\n\n\t\t<div class=\"box-image\" >\n\t\t\t\t\t\t<div class=\"\" >\n\t\t\t\t<img loading=\"lazy\" decoding=\"async\" width=\"600\" height=\"710\" src=\"https:\/\/dis212dentalgroup.com\/wp-content\/uploads\/2025\/05\/buse1.jpg\" class=\"attachment- size-\" alt=\"Dental Implant in Turkey\" srcset=\"https:\/\/dis212dentalgroup.com\/wp-content\/uploads\/2025\/05\/buse1.jpg 600w, https:\/\/dis212dentalgroup.com\/wp-content\/uploads\/2025\/05\/buse1-254x300.jpg 254w, https:\/\/dis212dentalgroup.com\/wp-content\/uploads\/2025\/05\/buse1-10x12.jpg 10w\" sizes=\"auto, (max-width: 600px) 100vw, 600px\" title=\"\">\t\t\t\t\t\t\t\t\t\t\t<\/div>\n\t\t\t\t\t<\/div>\n\n\t\t<div class=\"box-text text-center\" >\n\t\t\t<div class=\"box-text-inner\">\n\t\t\t\t\n<h4>Uzm. Dt. Buse Ba\u015fak Feyizoglu<\/h4>\n<p>Periodontist<\/p>\n<a href=\"\/dt-emre-camlioz\/\" class=\"button primary is-underline\"  >\n\t\t<span>More Info<\/span>\n\t<i class=\"icon-angle-right\" aria-hidden=\"true\" ><\/i><\/a>\n\n\t\t\t<\/div>\n\t\t<\/div>\n\t<\/div>\n\t\n\t\t\n<style>\n#stack-3086621871 > * {\n  --stack-gap: 1rem;\n}\n<\/style>\n\t<\/div>\n\t\n\t\t<\/div>\n\t\t\t\t\t<\/div>\n\n\t\n<\/div>\n","protected":false},"excerpt":{"rendered":"","protected":false},"author":1,"featured_media":3320,"parent":0,"menu_order":0,"comment_status":"closed","ping_status":"closed","template":"page-blank.php","meta":{"footnotes":""},"class_list":["post-3843","page","type-page","status-publish","has-post-thumbnail","hentry"],"_links":{"self":[{"href":"https:\/\/dis212dentalgroup.com\/en_gb\/wp-json\/wp\/v2\/pages\/3843","targetHints":{"allow":["GET"]}}],"collection":[{"href":"https:\/\/dis212dentalgroup.com\/en_gb\/wp-json\/wp\/v2\/pages"}],"about":[{"href":"https:\/\/dis212dentalgroup.com\/en_gb\/wp-json\/wp\/v2\/types\/page"}],"author":[{"embeddable":true,"href":"https:\/\/dis212dentalgroup.com\/en_gb\/wp-json\/wp\/v2\/users\/1"}],"replies":[{"embeddable":true,"href":"https:\/\/dis212dentalgroup.com\/en_gb\/wp-json\/wp\/v2\/comments?post=3843"}],"version-history":[{"count":0,"href":"https:\/\/dis212dentalgroup.com\/en_gb\/wp-json\/wp\/v2\/pages\/3843\/revisions"}],"wp:featuredmedia":[{"embeddable":true,"href":"https:\/\/dis212dentalgroup.com\/en_gb\/wp-json\/wp\/v2\/media\/3320"}],"wp:attachment":[{"href":"https:\/\/dis212dentalgroup.com\/en_gb\/wp-json\/wp\/v2\/media?parent=3843"}],"curies":[{"name":"wp","href":"https:\/\/api.w.org\/{rel}","templated":true}]}}