{"id":3628,"date":"2020-10-17T23:48:59","date_gmt":"2020-10-17T20:48:59","guid":{"rendered":"https:\/\/dis212dentalgroup.com\/?page_id=3628"},"modified":"2024-06-14T20:38:50","modified_gmt":"2024-06-14T17:38:50","slug":"dds-phd-dr-abidin-acar","status":"publish","type":"page","link":"https:\/\/dis212dentalgroup.com\/en_gb\/dds-phd-dr-abidin-acar\/","title":{"rendered":"Dds. Phd. Dr. Abidin Acar"},"content":{"rendered":"<div class=\"row align-middle\"  id=\"row-892051253\">\n\n\t<div id=\"col-2118615343\" class=\"col medium-6 small-12 large-6\"  >\n\t\t\t\t<div class=\"col-inner\"  >\n\t\t\t\n\t\t\t\n\t<div class=\"img has-hover x md-x lg-x y md-y lg-y\" id=\"image_1712065493\">\n\t\t\t\t\t\t\t\t<div class=\"img-inner dark\" >\n\t\t\t<img loading=\"lazy\" decoding=\"async\" width=\"600\" height=\"710\" src=\"https:\/\/dis212dentalgroup.com\/wp-content\/uploads\/2024\/06\/Abiddin-Hoca.jpg\" class=\"attachment-original size-original\" alt=\"Dental Implant in Turkey\" srcset=\"https:\/\/dis212dentalgroup.com\/wp-content\/uploads\/2024\/06\/Abiddin-Hoca.jpg 600w, https:\/\/dis212dentalgroup.com\/wp-content\/uploads\/2024\/06\/Abiddin-Hoca-254x300.jpg 254w, https:\/\/dis212dentalgroup.com\/wp-content\/uploads\/2024\/06\/Abiddin-Hoca-10x12.jpg 10w\" sizes=\"auto, (max-width: 600px) 100vw, 600px\" title=\"\">\t\t\t\t\t\t\n\t\t\t\t\t<\/div>\n\t\t\t\t\t\t\t\t\n<style>\n#image_1712065493 {\n  width: 100%;\n}\n<\/style>\n\t<\/div>\n\t\n\t\t<\/div>\n\t\t\t\t\t<\/div>\n\n\t\n\n\t<div id=\"col-901642959\" class=\"col medium-6 small-12 large-6\"  >\n\t\t\t\t<div class=\"col-inner\"  >\n\t\t\t\n\t\t\t\n<h3><span style=\"font-size: 10px;\">EXPERT ORTHODONTIST<\/span><br \/>Dds. Phd. Dr. Abidin Acar<\/h3>\n<p>Abidin Acar was born in Siirt in 1985. After completing his primary and secondary education at Nesli\u015fah Primary School, he graduated from \u015eehremini High School in 2003, won Yeditepe University Faculty of Dentistry in the same year and graduated in 2009. He started his doctorate education in Yeditepe University Faculty of Dentistry, Department of Orthodontics, without interruption, and was entitled to become an orthodontist after successfully presenting his doctoral thesis titled &#8220;EFFECT OF MINI-IMPLANT RING APPARATUS ON MINIVIDA STABILITY IN BONES OF DIFFERENT DENSITY&#8221;.<\/p>\n<p>One of the partners of D\u0130\u015e 212, Dr. Abiddin ACAR has been working as an orthodontist in D\u0130\u015e 212 family since 2011. Abiddin ACAR, a member of the European Orthodontic Society (EOS), the Turkish Orthodontic Society (TOD) and the Turkish Dental Association (TDB), speaks advanced English and Arabic.<\/p>\n<p class=\"lead\" style=\"color: #00aeef; font-weight: 900;\">Dr.Abidin Acar has been provided invisalign orthodontic treatment since 2013 year. He remains Diamond provider of INVISALIGN.<\/p>\n<a data-animate=\"fadeInUp\" href=\"https:\/\/web.whatsapp.com\/send?phone=908508885212\" class=\"button primary is-large lowercase expand\" rel=\"nofollow noopener\" target=\"_blank\">\n\t\t<span>For Appointment and Consultation<\/span>\n\t<i class=\"icon-angle-right\" aria-hidden=\"true\" ><\/i><\/a>\n\n\t\t<\/div>\n\t\t\t\t\t<\/div>\n\n\t\n<\/div>\n<div class=\"video video-fit mb\" style=\"padding-top:56.25%;\"><p><iframe loading=\"lazy\" title=\"Ortodontik Tedaviler Hakk\u0131nda T\u00fcm Cevaplar.\" width=\"1020\" height=\"574\" src=\"https:\/\/www.youtube.com\/embed\/TERk_FB-9og?feature=oembed\" frameborder=\"0\" allow=\"accelerometer; autoplay; clipboard-write; encrypted-media; gyroscope; picture-in-picture\" allowfullscreen><\/iframe><\/p>\n<\/div>\n","protected":false},"excerpt":{"rendered":"","protected":false},"author":1,"featured_media":3906,"parent":0,"menu_order":0,"comment_status":"closed","ping_status":"closed","template":"","meta":{"footnotes":""},"class_list":["post-3628","page","type-page","status-publish","has-post-thumbnail","hentry"],"_links":{"self":[{"href":"https:\/\/dis212dentalgroup.com\/en_gb\/wp-json\/wp\/v2\/pages\/3628","targetHints":{"allow":["GET"]}}],"collection":[{"href":"https:\/\/dis212dentalgroup.com\/en_gb\/wp-json\/wp\/v2\/pages"}],"about":[{"href":"https:\/\/dis212dentalgroup.com\/en_gb\/wp-json\/wp\/v2\/types\/page"}],"author":[{"embeddable":true,"href":"https:\/\/dis212dentalgroup.com\/en_gb\/wp-json\/wp\/v2\/users\/1"}],"replies":[{"embeddable":true,"href":"https:\/\/dis212dentalgroup.com\/en_gb\/wp-json\/wp\/v2\/comments?post=3628"}],"version-history":[{"count":0,"href":"https:\/\/dis212dentalgroup.com\/en_gb\/wp-json\/wp\/v2\/pages\/3628\/revisions"}],"wp:featuredmedia":[{"embeddable":true,"href":"https:\/\/dis212dentalgroup.com\/en_gb\/wp-json\/wp\/v2\/media\/3906"}],"wp:attachment":[{"href":"https:\/\/dis212dentalgroup.com\/en_gb\/wp-json\/wp\/v2\/media?parent=3628"}],"curies":[{"name":"wp","href":"https:\/\/api.w.org\/{rel}","templated":true}]}}