{"id":4825,"date":"2025-05-21T04:11:09","date_gmt":"2025-05-21T01:11:09","guid":{"rendered":"https:\/\/dis212dentalgroup.com\/?page_id=4825"},"modified":"2025-05-21T04:35:33","modified_gmt":"2025-05-21T01:35:33","slug":"dt-ayse-nur-caca-2","status":"publish","type":"page","link":"https:\/\/dis212dentalgroup.com\/ar\/dt-ayse-nur-caca-2\/","title":{"rendered":"Dt. Ay\u015fe Nur \u00c7a\u00e7a"},"content":{"rendered":"<div class=\"row align-middle\"  id=\"row-532312413\">\n\n\t<div id=\"col-2046803557\" class=\"col medium-6 small-12 large-6\"  >\n\t\t\t\t<div class=\"col-inner\"  >\n\t\t\t\n\t\t\t\n\t<div class=\"img has-hover x md-x lg-x y md-y lg-y\" id=\"image_204209384\">\n\t\t\t\t\t\t\t\t<div class=\"img-inner dark\" >\n\t\t\t<img loading=\"lazy\" decoding=\"async\" width=\"600\" height=\"700\" src=\"https:\/\/dis212dentalgroup.com\/wp-content\/uploads\/2025\/05\/Ayse-Nur-Caca51.jpg\" class=\"attachment-large size-large\" alt=\"\u0632\u0631\u0627\u0639\u0629 \u0627\u0644\u0623\u0633\u0646\u0627\u0646 \u0641\u064a \u062a\u0631\u0643\u064a\u0627\" srcset=\"https:\/\/dis212dentalgroup.com\/wp-content\/uploads\/2025\/05\/Ayse-Nur-Caca51.jpg 600w, https:\/\/dis212dentalgroup.com\/wp-content\/uploads\/2025\/05\/Ayse-Nur-Caca51-257x300.jpg 257w, https:\/\/dis212dentalgroup.com\/wp-content\/uploads\/2025\/05\/Ayse-Nur-Caca51-10x12.jpg 10w\" sizes=\"auto, (max-width: 600px) 100vw, 600px\" title=\"\">\t\t\t\t\t\t\n\t\t\t\t\t<\/div>\n\t\t\t\t\t\t\t\t\n<style>\n#image_204209384 {\n  width: 100%;\n}\n<\/style>\n\t<\/div>\n\t\n\t\t<\/div>\n\t\t\t\t\t<\/div>\n\n\t\n\n\t<div id=\"col-1410978211\" class=\"col medium-6 small-12 large-6\"  >\n\t\t\t\t<div class=\"col-inner\"  >\n\t\t\t\n\t\t\t\n<div class=\"container section-title-container\" ><h3 class=\"section-title section-title-normal\"><b><\/b><span class=\"section-title-main\" >Dt. Ay\u015fe Nur \u00c7a\u00e7a<\/span><b><\/b><\/h3><\/div>\n<p>She was born in 1997 in Istanbul. In 2021, he graduated from Bezmialem Foundation University. On the same date, he started his medical career within Di\u015f212.<\/p>\n<div class=\"row\"  id=\"row-222971499\">\n\n\t<div id=\"col-1006654632\" class=\"col small-12 large-12\"  >\n\t\t\t\t<div class=\"col-inner text-center\"  >\n\t\t\t\n\t\t\t\n<p>&nbsp;<\/p>\n<a data-animate=\"fadeInUp\" href=\"https:\/\/web.whatsapp.com\/send?phone=908508885212\" class=\"button primary is-large lowercase expand\" rel=\"nofollow noopener\" target=\"_blank\">\n\t\t<span>\u0644\u0644\u062a\u0639\u064a\u064a\u0646 \u0648\u0627\u0644\u0627\u0633\u062a\u0634\u0627\u0631\u0629<\/span>\n\t<i class=\"icon-angle-right\" aria-hidden=\"true\" ><\/i><\/a>\n\n\t\t<\/div>\n\t\t\t\t\t<\/div>\n\n\t\n<\/div>\n\t\t<\/div>\n\t\t\t\t\t<\/div>\n\n\t\n<\/div>","protected":false},"excerpt":{"rendered":"","protected":false},"author":1,"featured_media":0,"parent":0,"menu_order":0,"comment_status":"closed","ping_status":"closed","template":"","meta":{"footnotes":""},"class_list":["post-4825","page","type-page","status-publish","hentry"],"_links":{"self":[{"href":"https:\/\/dis212dentalgroup.com\/ar\/wp-json\/wp\/v2\/pages\/4825","targetHints":{"allow":["GET"]}}],"collection":[{"href":"https:\/\/dis212dentalgroup.com\/ar\/wp-json\/wp\/v2\/pages"}],"about":[{"href":"https:\/\/dis212dentalgroup.com\/ar\/wp-json\/wp\/v2\/types\/page"}],"author":[{"embeddable":true,"href":"https:\/\/dis212dentalgroup.com\/ar\/wp-json\/wp\/v2\/users\/1"}],"replies":[{"embeddable":true,"href":"https:\/\/dis212dentalgroup.com\/ar\/wp-json\/wp\/v2\/comments?post=4825"}],"version-history":[{"count":0,"href":"https:\/\/dis212dentalgroup.com\/ar\/wp-json\/wp\/v2\/pages\/4825\/revisions"}],"wp:attachment":[{"href":"https:\/\/dis212dentalgroup.com\/ar\/wp-json\/wp\/v2\/media?parent=4825"}],"curies":[{"name":"wp","href":"https:\/\/api.w.org\/{rel}","templated":true}]}}