{"id":3843,"date":"2021-08-16T19:31:03","date_gmt":"2021-08-16T16:31:03","guid":{"rendered":"https:\/\/dis212dentalgroup.com\/?page_id=3843"},"modified":"2025-05-21T04:46:03","modified_gmt":"2025-05-21T01:46:03","slug":"doctors","status":"publish","type":"page","link":"https:\/\/dis212dentalgroup.com\/ar\/doctors\/","title":{"rendered":"\u0627\u0644\u0623\u0637\u0628\u0627\u0621"},"content":{"rendered":"<div id=\"page-header-1278129565\" class=\"page-header-wrapper\">\n  <div class=\"page-title dark featured-title\">\n\n        <div class=\"page-title-bg\">\n      <div class=\"title-bg fill bg-fill\"\n        data-parallax-container=\".page-title\"\n        data-parallax-background\n data-parallax=\"-\">\n      <\/div>\n      <div class=\"title-overlay fill\"><\/div>\n    <\/div>\n    \n    <div class=\"page-title-inner container align-center flex-row medium-flex-wrap\" >\n              <div class=\"title-wrapper flex-col text-left medium-text-center\">\n          <h1 class=\"entry-title mb-0\">\n            \u0627\u0644\u0623\u0637\u0628\u0627\u0621          <\/h1>\n        <\/div>\n                    <div class=\"title-content flex-col flex-right text-right medium-text-center\">\n        <div class=\"title-breadcrumbs pb-half pt-half\"><nav class=\"woocommerce-breadcrumb breadcrumbs uppercase\" data-no-translation=\"\" data-trp-gettext=\"\">\u0627\u0644\u0631\u0626\u064a\u0633\u064a\u0629<\/nav><\/div>      <\/div>\n    <\/div>\n\n     \n<style>\n#page-header-1278129565 .title-bg {\n  background-image: url(https:\/\/dis212dentalgroup.com\/wp-content\/uploads\/2019\/05\/dis212-atakent-6.jpg);\n}\n<\/style>\n  <\/div>\n    <\/div>\n  \n\t<div id=\"gap-2108819375\" class=\"gap-element clearfix\" style=\"display:block; height:auto;\">\n\t\t\n<style>\n#gap-2108819375 {\n  padding-top: 30px;\n}\n<\/style>\n\t<\/div>\n\t\n\t<div id=\"text-3287886426\" class=\"text\">\n\t\t\n<p>\u062c\u0645\u064a\u0639 \u0623\u0637\u0628\u0627\u0621 \u0627\u0644\u0623\u0633\u0646\u0627\u0646 \u0644\u062f\u064a\u0646\u0627 \u0645\u062f\u0631\u0628\u0648\u0646 \u0648\u0645\u062a\u0645\u0631\u0633\u0648\u0646 \u0641\u064a \u0645\u062c\u0627\u0644 \u0639\u0645\u0644\u0647\u0645.<br \/>\u064a\u0645\u0643\u0646\u0643 \u0627\u0644\u0648\u0635\u0648\u0644 \u0625\u0644\u0649 \u0623\u0637\u0628\u0627\u0621 \u0627\u0644\u0623\u0633\u0646\u0627\u0646 \u0644\u062f\u064a\u0646\u0627<\/p>\n\t\t\n<style>\n#text-3287886426 {\n  text-align: center;\n}\n<\/style>\n\t<\/div>\n\t\n\t<div id=\"gap-1012158181\" class=\"gap-element clearfix\" style=\"display:block; height:auto;\">\n\t\t\n<style>\n#gap-1012158181 {\n  padding-top: 30px;\n}\n<\/style>\n\t<\/div>\n\t\n<div class=\"row row-small\" style=\"max-width:1370px\" id=\"row-1269303285\">\n\n\t<div id=\"col-1011262046\" class=\"col medium-3 small-12 large-3\"  >\n\t\t\t\t<div class=\"col-inner\"  >\n\t\t\t\n\t\t\t\n\t<div class=\"box has-hover   has-hover box-text-bottom\" >\n\n\t\t<div class=\"box-image\" >\n\t\t\t<a href=\"\/ar\/dds-phd-dr-abidin-acar\/\" >\t\t\t<div class=\"\" >\n\t\t\t\t<img loading=\"lazy\" decoding=\"async\" width=\"600\" height=\"710\" src=\"https:\/\/dis212dentalgroup.com\/wp-content\/uploads\/2024\/06\/Abiddin-Hoca.jpg\" class=\"attachment- size-\" alt=\"\u0632\u0631\u0627\u0639\u0629 \u0627\u0644\u0623\u0633\u0646\u0627\u0646 \u0641\u064a \u062a\u0631\u0643\u064a\u0627\" srcset=\"https:\/\/dis212dentalgroup.com\/wp-content\/uploads\/2024\/06\/Abiddin-Hoca.jpg 600w, https:\/\/dis212dentalgroup.com\/wp-content\/uploads\/2024\/06\/Abiddin-Hoca-254x300.jpg 254w, https:\/\/dis212dentalgroup.com\/wp-content\/uploads\/2024\/06\/Abiddin-Hoca-10x12.jpg 10w\" sizes=\"auto, (max-width: 600px) 100vw, 600px\" title=\"\">\t\t\t\t\t\t\t\t\t\t\t<\/div>\n\t\t\t<\/a>\t\t<\/div>\n\n\t\t<div class=\"box-text text-center\" >\n\t\t\t<div class=\"box-text-inner\">\n\t\t\t\t\n<h4>\u062f\u0643\u062a\u0648\u0631\u0627\u0647 \u0641\u064a \u0627\u0644\u0637\u0628. \u062f\u0643\u062a\u0648\u0631\u0627\u0647. \u062f. \u0639\u0627\u0628\u062f\u064a\u0646 \u0623\u0643\u0627\u0631<\/h4>\n<p>Expert Orthodontist<\/p>\n<a href=\"\/ar\/dds-phd-dr-abidin-acar\/\" class=\"button primary is-underline\"  >\n\t\t<span>\u0627\u0644\u0645\u0632\u064a\u062f \u0645\u0646 \u0627\u0644\u0645\u0639\u0644\u0648\u0645\u0627\u062a<\/span>\n\t<i class=\"icon-angle-right\" aria-hidden=\"true\" ><\/i><\/a>\n\n\t\t\t<\/div>\n\t\t<\/div>\n\t<\/div>\n\t\n\t\t<\/div>\n\t\t\t\t\t<\/div>\n\n\t\n\n\t<div id=\"col-1276219181\" class=\"col medium-3 small-12 large-3\"  >\n\t\t\t\t<div class=\"col-inner\"  >\n\t\t\t\n\t\t\t\n\t<div class=\"box has-hover   has-hover box-text-bottom\" >\n\n\t\t<div class=\"box-image\" >\n\t\t\t<a href=\"\/ar\/msc-dt-alper-boz\/\" >\t\t\t<div class=\"\" >\n\t\t\t\t<img loading=\"lazy\" decoding=\"async\" width=\"600\" height=\"710\" src=\"https:\/\/dis212dentalgroup.com\/wp-content\/uploads\/2021\/08\/alper-boz1.jpg\" class=\"attachment- size-\" alt=\"MSC. \u062f\u062a. \u062f\u062a. \u0623\u0644\u0628\u0631 \u0628\u0648\u0632\" srcset=\"https:\/\/dis212dentalgroup.com\/wp-content\/uploads\/2021\/08\/alper-boz1.jpg 600w, https:\/\/dis212dentalgroup.com\/wp-content\/uploads\/2021\/08\/alper-boz1-254x300.jpg 254w\" sizes=\"auto, (max-width: 600px) 100vw, 600px\" title=\"\">\t\t\t\t\t\t\t\t\t\t\t<\/div>\n\t\t\t<\/a>\t\t<\/div>\n\n\t\t<div class=\"box-text text-center\" >\n\t\t\t<div class=\"box-text-inner\">\n\t\t\t\t\n<h4 class=\"team-member-name\">\u0645\u0627\u062c\u0633\u062a\u064a\u0631. \u062f\u0643\u062a\u0648\u0631\u0627\u0647. \u0623\u0644\u0628\u0631 \u0628\u0648\u0632<\/h4>\n<p>Implant &#038; Oral SUrgery<\/p>\n<a href=\"\/ar\/msc-dt-alper-boz\/\" class=\"button primary is-underline\"  >\n\t\t<span>\u0627\u0644\u0645\u0632\u064a\u062f \u0645\u0646 \u0627\u0644\u0645\u0639\u0644\u0648\u0645\u0627\u062a<\/span>\n\t<i class=\"icon-angle-right\" aria-hidden=\"true\" ><\/i><\/a>\n\n\t\t\t<\/div>\n\t\t<\/div>\n\t<\/div>\n\t\n\t\t<\/div>\n\t\t\t\t\t<\/div>\n\n\t\n\n\t<div id=\"col-901691748\" class=\"col medium-3 small-12 large-3\"  >\n\t\t\t\t<div class=\"col-inner\"  >\n\t\t\t\n\t\t\t\n\t<div class=\"box has-hover   has-hover box-text-bottom\" >\n\n\t\t<div class=\"box-image\" >\n\t\t\t<a href=\"\/ar\/msc-dt-aykut-kosun\/\" >\t\t\t<div class=\"\" >\n\t\t\t\t<img loading=\"lazy\" decoding=\"async\" width=\"600\" height=\"710\" src=\"https:\/\/dis212dentalgroup.com\/wp-content\/uploads\/2024\/01\/aykut.png\" class=\"attachment- size-\" alt=\"\u0632\u0631\u0627\u0639\u0629 \u0627\u0644\u0623\u0633\u0646\u0627\u0646 \u0641\u064a \u062a\u0631\u0643\u064a\u0627\" srcset=\"https:\/\/dis212dentalgroup.com\/wp-content\/uploads\/2024\/01\/aykut.png 600w, https:\/\/dis212dentalgroup.com\/wp-content\/uploads\/2024\/01\/aykut-254x300.png 254w\" sizes=\"auto, (max-width: 600px) 100vw, 600px\" title=\"\">\t\t\t\t\t\t\t\t\t\t\t<\/div>\n\t\t\t<\/a>\t\t<\/div>\n\n\t\t<div class=\"box-text text-center\" >\n\t\t\t<div class=\"box-text-inner\">\n\t\t\t\t\n<h4>\u0645\u0627\u062c\u0633\u062a\u064a\u0631. \u062f\u062a. \u0623\u064a\u0643\u0648\u062a \u0643\u0648\u0634\u0648\u0646<\/h4>\n<p>Implant &#038; Cosmetic Dentistry<\/p>\n<a href=\"\/ar\/msc-dt-aykut-kosun\/\" class=\"button primary is-underline\"  >\n\t\t<span>\u0627\u0644\u0645\u0632\u064a\u062f \u0645\u0646 \u0627\u0644\u0645\u0639\u0644\u0648\u0645\u0627\u062a<\/span>\n\t<i class=\"icon-angle-right\" aria-hidden=\"true\" ><\/i><\/a>\n\n\t\t\t<\/div>\n\t\t<\/div>\n\t<\/div>\n\t\n\t\t<\/div>\n\t\t\t\t\t<\/div>\n\n\t\n\n\t<div id=\"col-1746379717\" class=\"col medium-3 small-12 large-3\"  >\n\t\t\t\t<div class=\"col-inner\"  >\n\t\t\t\n\t\t\t\n\t<div class=\"box has-hover   has-hover box-text-bottom\" >\n\n\t\t<div class=\"box-image\" >\n\t\t\t<a href=\"\/ar\/dt-nalan-vardar-kosun\/\" >\t\t\t<div class=\"\" >\n\t\t\t\t<img loading=\"lazy\" decoding=\"async\" width=\"600\" height=\"710\" src=\"https:\/\/dis212dentalgroup.com\/wp-content\/uploads\/2024\/01\/dt-nalan-kosun-2-1.jpg\" class=\"attachment- size-\" alt=\"\u0632\u0631\u0627\u0639\u0629 \u0627\u0644\u0623\u0633\u0646\u0627\u0646 \u0641\u064a \u062a\u0631\u0643\u064a\u0627\" srcset=\"https:\/\/dis212dentalgroup.com\/wp-content\/uploads\/2024\/01\/dt-nalan-kosun-2-1.jpg 600w, https:\/\/dis212dentalgroup.com\/wp-content\/uploads\/2024\/01\/dt-nalan-kosun-2-1-254x300.jpg 254w\" sizes=\"auto, (max-width: 600px) 100vw, 600px\" title=\"\">\t\t\t\t\t\t\t\t\t\t\t<\/div>\n\t\t\t<\/a>\t\t<\/div>\n\n\t\t<div class=\"box-text text-center\" >\n\t\t\t<div class=\"box-text-inner\">\n\t\t\t\t\n<h4>Dr. Nalan Vardar KO\u015eUN<\/h4>\n<p>Prosthodontist<\/p>\n<a href=\"\/ar\/dt-nalan-vardar-kosun\/\" class=\"button primary is-underline\"  >\n\t\t<span>\u0627\u0644\u0645\u0632\u064a\u062f \u0645\u0646 \u0627\u0644\u0645\u0639\u0644\u0648\u0645\u0627\u062a<\/span>\n\t<i class=\"icon-angle-right\" aria-hidden=\"true\" ><\/i><\/a>\n\n\t\t\t<\/div>\n\t\t<\/div>\n\t<\/div>\n\t\n\t\t<\/div>\n\t\t\t\t\t<\/div>\n\n\t\n<\/div>\n<div class=\"row\"  id=\"row-657971743\">\n\n\t<div id=\"col-1544023100\" class=\"col small-12 large-12\"  >\n\t\t\t\t<div class=\"col-inner\"  >\n\t\t\t\n\t\t\t\n\t<div id=\"stack-3973193174\" class=\"stack stack-row justify-start items-stretch sm:stack-col sm:justify-center sm:items-center\">\n\t\t\n\t<div class=\"box has-hover   has-hover box-text-bottom\" >\n\n\t\t<div class=\"box-image\" >\n\t\t\t\t\t\t<div class=\"\" >\n\t\t\t\t<img loading=\"lazy\" decoding=\"async\" width=\"600\" height=\"710\" src=\"https:\/\/dis212dentalgroup.com\/wp-content\/uploads\/2021\/08\/ceyda1.jpg\" class=\"attachment- size-\" alt=\"\u0632\u0631\u0627\u0639\u0629 \u0627\u0644\u0623\u0633\u0646\u0627\u0646 \u0641\u064a \u062a\u0631\u0643\u064a\u0627\" srcset=\"https:\/\/dis212dentalgroup.com\/wp-content\/uploads\/2021\/08\/ceyda1.jpg 600w, https:\/\/dis212dentalgroup.com\/wp-content\/uploads\/2021\/08\/ceyda1-254x300.jpg 254w\" sizes=\"auto, (max-width: 600px) 100vw, 600px\" title=\"\">\t\t\t\t\t\t\t\t\t\t\t<\/div>\n\t\t\t\t\t<\/div>\n\n\t\t<div class=\"box-text text-center\" >\n\t\t\t<div class=\"box-text-inner\">\n\t\t\t\t\n<h4>\u062f\u062a. \u0633\u064a\u062f\u0627 \u0639\u064a\u0631\u0627\u0646<\/h4>\n<p>Pedodontist<\/p>\n<a href=\"https:\/\/web.whatsapp.com\/send?phone=908508885212\" class=\"button primary is-underline\" rel=\"nofollow noopener\" target=\"_blank\">\n\t\t<span>\u0627\u0644\u0645\u0632\u064a\u062f \u0645\u0646 \u0627\u0644\u0645\u0639\u0644\u0648\u0645\u0627\u062a<\/span>\n\t<i class=\"icon-angle-right\" aria-hidden=\"true\" ><\/i><\/a>\n\n\t\t\t<\/div>\n\t\t<\/div>\n\t<\/div>\n\t\n\t<div class=\"box has-hover   has-hover box-text-bottom\" >\n\n\t\t<div class=\"box-image\" >\n\t\t\t\t\t\t<div class=\"\" >\n\t\t\t\t<img loading=\"lazy\" decoding=\"async\" width=\"600\" height=\"710\" src=\"https:\/\/dis212dentalgroup.com\/wp-content\/uploads\/2021\/08\/gokce11.jpg\" class=\"attachment- size-\" alt=\"\u0632\u0631\u0627\u0639\u0629 \u0627\u0644\u0623\u0633\u0646\u0627\u0646 \u0641\u064a \u062a\u0631\u0643\u064a\u0627\" srcset=\"https:\/\/dis212dentalgroup.com\/wp-content\/uploads\/2021\/08\/gokce11.jpg 600w, https:\/\/dis212dentalgroup.com\/wp-content\/uploads\/2021\/08\/gokce11-254x300.jpg 254w\" sizes=\"auto, (max-width: 600px) 100vw, 600px\" title=\"\">\t\t\t\t\t\t\t\t\t\t\t<\/div>\n\t\t\t\t\t<\/div>\n\n\t\t<div class=\"box-text text-center\" >\n\t\t\t<div class=\"box-text-inner\">\n\t\t\t\t\n<h4>\u0623\u0648\u0632\u0645. \u062f. \u063a\u0648\u0643\u0634\u064a \u062f\u0648\u0646\u0645\u064a\u0632<\/h4>\n<p>Prosthodontist<\/p>\n<a href=\"https:\/\/web.whatsapp.com\/send?phone=908508885212\" class=\"button primary is-underline\" rel=\"nofollow noopener\" target=\"_blank\">\n\t\t<span>\u0627\u0644\u0645\u0632\u064a\u062f \u0645\u0646 \u0627\u0644\u0645\u0639\u0644\u0648\u0645\u0627\u062a<\/span>\n\t<i class=\"icon-angle-right\" aria-hidden=\"true\" ><\/i><\/a>\n\n\t\t\t<\/div>\n\t\t<\/div>\n\t<\/div>\n\t\n\t<div class=\"box has-hover   has-hover box-text-bottom\" >\n\n\t\t<div class=\"box-image\" >\n\t\t\t\t\t\t<div class=\"\" >\n\t\t\t\t<img loading=\"lazy\" decoding=\"async\" width=\"600\" height=\"710\" src=\"https:\/\/dis212dentalgroup.com\/wp-content\/uploads\/2021\/08\/DT-NALAN-HANKULU1.jpg\" class=\"attachment- size-\" alt=\"\u0632\u0631\u0627\u0639\u0629 \u0627\u0644\u0623\u0633\u0646\u0627\u0646 \u0641\u064a \u062a\u0631\u0643\u064a\u0627\" srcset=\"https:\/\/dis212dentalgroup.com\/wp-content\/uploads\/2021\/08\/DT-NALAN-HANKULU1.jpg 600w, https:\/\/dis212dentalgroup.com\/wp-content\/uploads\/2021\/08\/DT-NALAN-HANKULU1-254x300.jpg 254w\" sizes=\"auto, (max-width: 600px) 100vw, 600px\" title=\"\">\t\t\t\t\t\t\t\t\t\t\t<\/div>\n\t\t\t\t\t<\/div>\n\n\t\t<div class=\"box-text text-center\" >\n\t\t\t<div class=\"box-text-inner\">\n\t\t\t\t\n<h4>\u062f\u062a. \u0646\u0627\u0644\u0627\u0646 \u0647\u0627\u0646\u0643\u0648\u0644\u0648<\/h4>\n<p>Cosmetic Dentistry<\/p>\n<a href=\"https:\/\/web.whatsapp.com\/send?phone=908508885212\" class=\"button primary is-underline\" rel=\"nofollow noopener\" target=\"_blank\">\n\t\t<span>\u0627\u0644\u0645\u0632\u064a\u062f \u0645\u0646 \u0627\u0644\u0645\u0639\u0644\u0648\u0645\u0627\u062a<\/span>\n\t<i class=\"icon-angle-right\" aria-hidden=\"true\" ><\/i><\/a>\n\n\t\t\t<\/div>\n\t\t<\/div>\n\t<\/div>\n\t\n\t<div class=\"box has-hover   has-hover box-text-bottom\" >\n\n\t\t<div class=\"box-image\" >\n\t\t\t\t\t\t<div class=\"\" >\n\t\t\t\t<img loading=\"lazy\" decoding=\"async\" width=\"600\" height=\"710\" src=\"https:\/\/dis212dentalgroup.com\/wp-content\/uploads\/2021\/08\/dis212-dentist1.jpg\" class=\"attachment- size-\" alt=\"\u062f\u062a. \u0625\u0645\u0631\u064a \u062a\u0634\u0627\u0645\u0644\u064a\u0648\u0632\" srcset=\"https:\/\/dis212dentalgroup.com\/wp-content\/uploads\/2021\/08\/dis212-dentist1.jpg 600w, https:\/\/dis212dentalgroup.com\/wp-content\/uploads\/2021\/08\/dis212-dentist1-254x300.jpg 254w\" sizes=\"auto, (max-width: 600px) 100vw, 600px\" title=\"\">\t\t\t\t\t\t\t\t\t\t\t<\/div>\n\t\t\t\t\t<\/div>\n\n\t\t<div class=\"box-text text-center\" >\n\t\t\t<div class=\"box-text-inner\">\n\t\t\t\t\n<h4>\u062f\u062a. \u0625\u0645\u0631\u064a \u062a\u0634\u0627\u0645\u0644\u064a\u0648\u0632<\/h4>\n<p>Cosmetic Dentistry<\/p>\n<a href=\"\/ar\/dt-emre-camlioz\/\" class=\"button primary is-underline\"  >\n\t\t<span>\u0627\u0644\u0645\u0632\u064a\u062f \u0645\u0646 \u0627\u0644\u0645\u0639\u0644\u0648\u0645\u0627\u062a<\/span>\n\t<i class=\"icon-angle-right\" aria-hidden=\"true\" ><\/i><\/a>\n\n\t\t\t<\/div>\n\t\t<\/div>\n\t<\/div>\n\t\n\t\t\n<style>\n#stack-3973193174 > * {\n  --stack-gap: 1rem;\n}\n<\/style>\n\t<\/div>\n\t\n\t\t<\/div>\n\t\t\t\t\t<\/div>\n\n\t\n<\/div>\n<div class=\"row\"  id=\"row-1761406328\">\n\n\t<div id=\"col-1734806938\" class=\"col small-12 large-12\"  >\n\t\t\t\t<div class=\"col-inner\"  >\n\t\t\t\n\t\t\t\n\t<div id=\"stack-3396531390\" class=\"stack stack-row justify-start items-stretch sm:stack-col sm:justify-center sm:items-center\">\n\t\t\n\t<div class=\"box has-hover   has-hover box-text-bottom\" >\n\n\t\t<div class=\"box-image\" >\n\t\t\t\t\t\t<div class=\"\" >\n\t\t\t\t<img loading=\"lazy\" decoding=\"async\" width=\"600\" height=\"700\" src=\"https:\/\/dis212dentalgroup.com\/wp-content\/uploads\/2025\/05\/Ayse-Nur-Caca51.jpg\" class=\"attachment- size-\" alt=\"\u0632\u0631\u0627\u0639\u0629 \u0627\u0644\u0623\u0633\u0646\u0627\u0646 \u0641\u064a \u062a\u0631\u0643\u064a\u0627\" srcset=\"https:\/\/dis212dentalgroup.com\/wp-content\/uploads\/2025\/05\/Ayse-Nur-Caca51.jpg 600w, https:\/\/dis212dentalgroup.com\/wp-content\/uploads\/2025\/05\/Ayse-Nur-Caca51-257x300.jpg 257w, https:\/\/dis212dentalgroup.com\/wp-content\/uploads\/2025\/05\/Ayse-Nur-Caca51-10x12.jpg 10w\" sizes=\"auto, (max-width: 600px) 100vw, 600px\" title=\"\">\t\t\t\t\t\t\t\t\t\t\t<\/div>\n\t\t\t\t\t<\/div>\n\n\t\t<div class=\"box-text text-center\" >\n\t\t\t<div class=\"box-text-inner\">\n\t\t\t\t\n<h4>Dt. Ay\u015fe Nur \u00c7a\u00e7a<\/h4>\n<p>Cosmetic Dentistry<\/p>\n<a href=\"\/ar\/dt-ayse-nur-caca-2\/\" class=\"button primary is-underline\"  >\n\t\t<span>\u0627\u0644\u0645\u0632\u064a\u062f \u0645\u0646 \u0627\u0644\u0645\u0639\u0644\u0648\u0645\u0627\u062a<\/span>\n\t<i class=\"icon-angle-right\" aria-hidden=\"true\" ><\/i><\/a>\n\n\t\t\t<\/div>\n\t\t<\/div>\n\t<\/div>\n\t\n\t<div class=\"box has-hover   has-hover box-text-bottom\" >\n\n\t\t<div class=\"box-image\" >\n\t\t\t\t\t\t<div class=\"\" >\n\t\t\t\t<img loading=\"lazy\" decoding=\"async\" width=\"600\" height=\"710\" src=\"https:\/\/dis212dentalgroup.com\/wp-content\/uploads\/2025\/05\/gulsen-aydin1.jpg\" class=\"attachment- size-\" alt=\"\u0632\u0631\u0627\u0639\u0629 \u0627\u0644\u0623\u0633\u0646\u0627\u0646 \u0641\u064a \u062a\u0631\u0643\u064a\u0627\" srcset=\"https:\/\/dis212dentalgroup.com\/wp-content\/uploads\/2025\/05\/gulsen-aydin1.jpg 600w, https:\/\/dis212dentalgroup.com\/wp-content\/uploads\/2025\/05\/gulsen-aydin1-254x300.jpg 254w, https:\/\/dis212dentalgroup.com\/wp-content\/uploads\/2025\/05\/gulsen-aydin1-10x12.jpg 10w\" sizes=\"auto, (max-width: 600px) 100vw, 600px\" title=\"\">\t\t\t\t\t\t\t\t\t\t\t<\/div>\n\t\t\t\t\t<\/div>\n\n\t\t<div class=\"box-text text-center\" >\n\t\t\t<div class=\"box-text-inner\">\n\t\t\t\t\n<h4>Uzm. Dt. G\u00fcl\u015fen Ayd\u0131n<\/h4>\n<p>Pedodontist<\/p>\n<a href=\"\/ar\/uzm-dt-gulsen-aydin\/\" class=\"button primary is-underline\"  >\n\t\t<span>\u0627\u0644\u0645\u0632\u064a\u062f \u0645\u0646 \u0627\u0644\u0645\u0639\u0644\u0648\u0645\u0627\u062a<\/span>\n\t<i class=\"icon-angle-right\" aria-hidden=\"true\" ><\/i><\/a>\n\n\t\t\t<\/div>\n\t\t<\/div>\n\t<\/div>\n\t\n\t<div class=\"box has-hover   has-hover box-text-bottom\" >\n\n\t\t<div class=\"box-image\" >\n\t\t\t\t\t\t<div class=\"\" >\n\t\t\t\t<img loading=\"lazy\" decoding=\"async\" width=\"600\" height=\"710\" src=\"https:\/\/dis212dentalgroup.com\/wp-content\/uploads\/2025\/05\/gamzegul1.jpg\" class=\"attachment- size-\" alt=\"\u0632\u0631\u0627\u0639\u0629 \u0627\u0644\u0623\u0633\u0646\u0627\u0646 \u0641\u064a \u062a\u0631\u0643\u064a\u0627\" srcset=\"https:\/\/dis212dentalgroup.com\/wp-content\/uploads\/2025\/05\/gamzegul1.jpg 600w, https:\/\/dis212dentalgroup.com\/wp-content\/uploads\/2025\/05\/gamzegul1-254x300.jpg 254w, https:\/\/dis212dentalgroup.com\/wp-content\/uploads\/2025\/05\/gamzegul1-10x12.jpg 10w\" sizes=\"auto, (max-width: 600px) 100vw, 600px\" title=\"\">\t\t\t\t\t\t\t\t\t\t\t<\/div>\n\t\t\t\t\t<\/div>\n\n\t\t<div class=\"box-text text-center\" >\n\t\t\t<div class=\"box-text-inner\">\n\t\t\t\t\n<h4>Dt. Gamzeg\u00fcl G\u00f6kta\u015f<\/h4>\n<p>Cosmetic Dentistry<\/p>\n<a href=\"\/ar\/dt-gamzegul-goktas\/\" class=\"button primary is-underline\"  >\n\t\t<span>\u0627\u0644\u0645\u0632\u064a\u062f \u0645\u0646 \u0627\u0644\u0645\u0639\u0644\u0648\u0645\u0627\u062a<\/span>\n\t<i class=\"icon-angle-right\" aria-hidden=\"true\" ><\/i><\/a>\n\n\t\t\t<\/div>\n\t\t<\/div>\n\t<\/div>\n\t\n\t<div class=\"box has-hover   has-hover box-text-bottom\" >\n\n\t\t<div class=\"box-image\" >\n\t\t\t\t\t\t<div class=\"\" >\n\t\t\t\t<img loading=\"lazy\" decoding=\"async\" width=\"600\" height=\"710\" src=\"https:\/\/dis212dentalgroup.com\/wp-content\/uploads\/2025\/05\/buse1.jpg\" class=\"attachment- size-\" alt=\"\u0632\u0631\u0627\u0639\u0629 \u0627\u0644\u0623\u0633\u0646\u0627\u0646 \u0641\u064a \u062a\u0631\u0643\u064a\u0627\" srcset=\"https:\/\/dis212dentalgroup.com\/wp-content\/uploads\/2025\/05\/buse1.jpg 600w, https:\/\/dis212dentalgroup.com\/wp-content\/uploads\/2025\/05\/buse1-254x300.jpg 254w, https:\/\/dis212dentalgroup.com\/wp-content\/uploads\/2025\/05\/buse1-10x12.jpg 10w\" sizes=\"auto, (max-width: 600px) 100vw, 600px\" title=\"\">\t\t\t\t\t\t\t\t\t\t\t<\/div>\n\t\t\t\t\t<\/div>\n\n\t\t<div class=\"box-text text-center\" >\n\t\t\t<div class=\"box-text-inner\">\n\t\t\t\t\n<h4>Uzm. Dt. Buse Ba\u015fak Feyizoglu<\/h4>\n<p>Periodontist<\/p>\n<a href=\"\/ar\/dt-emre-camlioz\/\" class=\"button primary is-underline\"  >\n\t\t<span>\u0627\u0644\u0645\u0632\u064a\u062f \u0645\u0646 \u0627\u0644\u0645\u0639\u0644\u0648\u0645\u0627\u062a<\/span>\n\t<i class=\"icon-angle-right\" aria-hidden=\"true\" ><\/i><\/a>\n\n\t\t\t<\/div>\n\t\t<\/div>\n\t<\/div>\n\t\n\t\t\n<style>\n#stack-3396531390 > * {\n  --stack-gap: 1rem;\n}\n<\/style>\n\t<\/div>\n\t\n\t\t<\/div>\n\t\t\t\t\t<\/div>\n\n\t\n<\/div>","protected":false},"excerpt":{"rendered":"","protected":false},"author":1,"featured_media":3320,"parent":0,"menu_order":0,"comment_status":"closed","ping_status":"closed","template":"page-blank.php","meta":{"footnotes":""},"class_list":["post-3843","page","type-page","status-publish","has-post-thumbnail","hentry"],"_links":{"self":[{"href":"https:\/\/dis212dentalgroup.com\/ar\/wp-json\/wp\/v2\/pages\/3843","targetHints":{"allow":["GET"]}}],"collection":[{"href":"https:\/\/dis212dentalgroup.com\/ar\/wp-json\/wp\/v2\/pages"}],"about":[{"href":"https:\/\/dis212dentalgroup.com\/ar\/wp-json\/wp\/v2\/types\/page"}],"author":[{"embeddable":true,"href":"https:\/\/dis212dentalgroup.com\/ar\/wp-json\/wp\/v2\/users\/1"}],"replies":[{"embeddable":true,"href":"https:\/\/dis212dentalgroup.com\/ar\/wp-json\/wp\/v2\/comments?post=3843"}],"version-history":[{"count":0,"href":"https:\/\/dis212dentalgroup.com\/ar\/wp-json\/wp\/v2\/pages\/3843\/revisions"}],"wp:featuredmedia":[{"embeddable":true,"href":"https:\/\/dis212dentalgroup.com\/ar\/wp-json\/wp\/v2\/media\/3320"}],"wp:attachment":[{"href":"https:\/\/dis212dentalgroup.com\/ar\/wp-json\/wp\/v2\/media?parent=3843"}],"curies":[{"name":"wp","href":"https:\/\/api.w.org\/{rel}","templated":true}]}}