{"id":3462,"date":"2019-07-25T01:42:32","date_gmt":"2019-07-24T22:42:32","guid":{"rendered":"https:\/\/dis212dentalgroup.com\/?page_id=3462"},"modified":"2022-07-06T18:45:34","modified_gmt":"2022-07-06T15:45:34","slug":"privacy-policy","status":"publish","type":"page","link":"https:\/\/dis212dentalgroup.com\/ar\/privacy-policy\/","title":{"rendered":"\u0633\u064a\u0627\u0633\u0629 \u0627\u0644\u062e\u0635\u0648\u0635\u064a\u0629"},"content":{"rendered":"<h2 class=\"lead\" style=\"text-align: center;\"><strong>\u0627\u0644\u0634\u0631\u0648\u0637 \u0648\u0627\u0644\u0623\u062d\u0643\u0627\u0645 \u0648\u0633\u064a\u0627\u0633\u0629 \u0627\u0644\u062e\u0635\u0648\u0635\u064a\u0629<\/strong><\/h2>\n<h3>1. \u0627\u0644\u0634\u0631\u0648\u0637<\/h3>\n<p>\u0628\u062f\u062e\u0648\u0644\u0643 \u0625\u0644\u0649 \u0647\u0630\u0627 \u0627\u0644\u0645\u0648\u0642\u0639 \u0627\u0644\u0625\u0644\u0643\u062a\u0631\u0648\u0646\u064a\u060c \u0641\u0625\u0646\u0643 \u062a\u0648\u0627\u0641\u0642 \u0639\u0644\u0649 \u0627\u0644\u0627\u0644\u062a\u0632\u0627\u0645 \u0628\u0634\u0631\u0648\u0637 \u0648\u0623\u062d\u0643\u0627\u0645 \u0627\u0633\u062a\u062e\u062f\u0627\u0645 \u0647\u0630\u0627 \u0627\u0644\u0645\u0648\u0642\u0639 \u0627\u0644\u0625\u0644\u0643\u062a\u0631\u0648\u0646\u064a \u0648\u0627\u0644\u0642\u0648\u0627\u0646\u064a\u0646 \u0648\u0627\u0644\u0644\u0648\u0627\u0626\u062d \u0627\u0644\u0645\u0639\u0645\u0648\u0644 \u0628\u0647\u0627 \u0648\u0627\u0644\u0627\u0645\u062a\u062b\u0627\u0644 \u0644\u0647\u0627. \u0648\u0641\u064a \u062d\u0627\u0644 \u0639\u062f\u0645 \u0645\u0648\u0627\u0641\u0642\u062a\u0643 \u0639\u0644\u0649 \u0623\u064a \u0645\u0646 \u0627\u0644\u0634\u0631\u0648\u0637 \u0648\u0627\u0644\u0623\u062d\u0643\u0627\u0645 \u0627\u0644\u0645\u0630\u0643\u0648\u0631\u0629\u060c \u064a\u062d\u0638\u0631 \u0639\u0644\u064a\u0643 \u0627\u0633\u062a\u062e\u062f\u0627\u0645 \u0647\u0630\u0627 \u0627\u0644\u0645\u0648\u0642\u0639 \u0623\u0648 \u0627\u0644\u062f\u062e\u0648\u0644 \u0625\u0644\u064a\u0647. \u0627\u0644\u0645\u0648\u0627\u062f \u0627\u0644\u0648\u0627\u0631\u062f\u0629 \u0641\u064a \u0647\u0630\u0627 \u0627\u0644\u0645\u0648\u0642\u0639 \u0645\u062d\u0645\u064a\u0629 \u0628\u0645\u0648\u062c\u0628 \u0642\u0627\u0646\u0648\u0646 \u062d\u0642\u0648\u0642 \u0627\u0644\u0646\u0634\u0631 \u0648\u0627\u0644\u0639\u0644\u0627\u0645\u0627\u062a \u0627\u0644\u062a\u062c\u0627\u0631\u064a\u0629 \u0630\u0627\u062a \u0627\u0644\u0635\u0644\u0629.<\/p>\n<h3>2. \u0627\u0633\u062a\u062e\u062f\u0627\u0645 \u0627\u0644\u062a\u0631\u062e\u064a\u0635<\/h3>\n<ol type=\"a\">\n<li>Permission is allowed to temporarily download one duplicate of the materials (data or programming) on D\u0130\u015e 212 Di\u015f Sa\u011fl\u0131\u011f\u0131 H\u0130zmetleri Sanayi ve Ticaret Limited \u015eirketi&#8217;s site for individual and non-business use only. This is the just a permit of license and not an exchange of title, and under this permit you may not:\n<ol type=\"i\">\n<li>\u062a\u0639\u062f\u064a\u0644 \u0627\u0644\u0645\u0648\u0627\u062f \u0623\u0648 \u0646\u0633\u062e\u0647\u0627;<\/li>\n<li>\u0627\u0633\u062a\u062e\u062f\u0627\u0645 \u0627\u0644\u0645\u0648\u0627\u062f \u0644\u0623\u064a \u0627\u0633\u062a\u062e\u062f\u0627\u0645 \u062a\u062c\u0627\u0631\u064a\u060c \u0623\u0648 \u0644\u0623\u064a \u0639\u0631\u0636 \u0639\u0627\u0645 (\u062a\u062c\u0627\u0631\u064a \u0623\u0648 \u063a\u064a\u0631 \u062a\u062c\u0627\u0631\u064a);<\/li>\n<li>attempt to decompile or rebuild any product or material contained on D\u0130\u015e 212 Di\u015f Sa\u011fl\u0131\u011f\u0131 H\u0130zmetleri Sanayi ve Ticaret Limited \u015eirketi&#8217;s site;<\/li>\n<li>\u0625\u0632\u0627\u0644\u0629 \u0623\u064a \u062d\u0642\u0648\u0642 \u0646\u0634\u0631 \u0623\u0648 \u0648\u062b\u0627\u0626\u0642 \u0645\u0642\u064a\u062f\u0629 \u0623\u062e\u0631\u0649 \u0645\u0646 \u0627\u0644\u0645\u0648\u0627\u062f\u061b \u0623\u0648<\/li>\n<li>transfer the materials to someone else or even &#8220;mirror&#8221; the materials on other server.<\/li>\n<\/ol>\n<\/li>\n<li>This permit might consequently be terminated if you disregard any of these confinements and may be ended by D\u0130\u015e 212 Di\u015f Sa\u011fl\u0131\u011f\u0131 H\u0130zmetleri Sanayi ve Ticaret Limited \u015eirketi whenever deemed. After permit termination or when your viewing permit is terminated, you must destroy any downloaded materials in your ownership whether in electronic or printed form.<\/li>\n<\/ol>\n<h3>3. \u0625\u062e\u0644\u0627\u0621 \u0627\u0644\u0645\u0633\u0624\u0648\u0644\u064a\u0629<\/h3>\n<ol type=\"a\">\n<li>The materials on D\u0130\u015e 212 Di\u015f Sa\u011fl\u0131\u011f\u0131 H\u0130zmetleri Sanayi ve Ticaret Limited \u015eirketi&#8217;s site are given &#8220;as is&#8221;. D\u0130\u015e 212 Di\u015f Sa\u011fl\u0131\u011f\u0131 H\u0130zmetleri Sanayi ve Ticaret Limited \u015eirketi makes no guarantees, communicated or suggested, and thus renounces and nullifies every single other warranties, including without impediment, inferred guarantees or states of merchantability, fitness for a specific reason, or non-encroachment of licensed property or other infringement of rights. Further, D\u0130\u015e 212 Di\u015f Sa\u011fl\u0131\u011f\u0131 H\u0130zmetleri Sanayi ve Ticaret Limited \u015eirketi does not warrant or make any representations concerning the precision, likely results, or unwavering quality of the utilization of the materials on its Internet site or generally identifying with such materials or on any destinations connected to this website.<\/li>\n<\/ol>\n<h3>4. \u0627\u0644\u0642\u064a\u0648\u062f<\/h3>\n<p>In no occasion should D\u0130\u015e 212 Di\u015f Sa\u011fl\u0131\u011f\u0131 H\u0130zmetleri Sanayi ve Ticaret Limited \u015eirketi or its suppliers subject for any harms (counting, without constraint, harms for loss of information or benefit, or because of business interference,) emerging out of the utilization or powerlessness to utilize the materials on D\u0130\u015e 212 Di\u015f Sa\u011fl\u0131\u011f\u0131 H\u0130zmetleri Sanayi ve Ticaret Limited \u015eirketi&#8217;s Internet webpage, regardless of the possibility that D\u0130\u015e 212 Di\u015f Sa\u011fl\u0131\u011f\u0131 H\u0130zmetleri Sanayi ve Ticaret Limited \u015eirketi or a D\u0130\u015e 212 Di\u015f Sa\u011fl\u0131\u011f\u0131 H\u0130zmetleri Sanayi ve Ticaret Limited \u015eirketi approved agent has been told orally or in written of the likelihood of such harm. Since a few purviews don&#8217;t permit constraints on inferred guarantees, or impediments of obligation for weighty or coincidental harms, these confinements may not make a difference to you.<\/p>\n<h3>5. \u0627\u0644\u062a\u0639\u062f\u064a\u0644\u0627\u062a \u0648\u0627\u0644\u0623\u062e\u0637\u0627\u0621<\/h3>\n<p>The materials showing up on D\u0130\u015e 212 Di\u015f Sa\u011fl\u0131\u011f\u0131 H\u0130zmetleri Sanayi ve Ticaret Limited \u015eirketi&#8217;s site could incorporate typographical, or photographic mistakes. D\u0130\u015e 212 Di\u015f Sa\u011fl\u0131\u011f\u0131 H\u0130zmetleri Sanayi ve Ticaret Limited \u015eirketi does not warrant that any of the materials on its site are exact, finished, or current. D\u0130\u015e 212 Di\u015f Sa\u011fl\u0131\u011f\u0131 H\u0130zmetleri Sanayi ve Ticaret Limited \u015eirketi may roll out improvements to the materials contained on its site whenever without notification. D\u0130\u015e 212 Di\u015f Sa\u011fl\u0131\u011f\u0131 H\u0130zmetleri Sanayi ve Ticaret Limited \u015eirketi does not, then again, make any dedication to update the materials.<\/p>\n<h3>6. \u0627\u0644\u0631\u0648\u0627\u0628\u0637<\/h3>\n<p>D\u0130\u015e 212 Di\u015f Sa\u011fl\u0131\u011f\u0131 H\u0130zmetleri Sanayi ve Ticaret Limited \u015eirketi has not checked on the majority of the websites or links connected to its website and is not in charge of the substance of any such connected webpage. The incorporation of any connection does not infer support by D\u0130\u015e 212 Di\u015f Sa\u011fl\u0131\u011f\u0131 H\u0130zmetleri Sanayi ve Ticaret Limited \u015eirketi of the site. Utilization of any such connected site is at the user&#8217;s own risk.<\/p>\n<h3>7. \u062a\u0639\u062f\u064a\u0644\u0627\u062a \u0634\u0631\u0648\u0637 \u0627\u0633\u062a\u062e\u062f\u0627\u0645 \u0627\u0644\u0645\u0648\u0642\u0639<\/h3>\n<p>D\u0130\u015e 212 Di\u015f Sa\u011fl\u0131\u011f\u0131 H\u0130zmetleri Sanayi ve Ticaret Limited \u015eirketi may update these terms of utilization for its website whenever without notification. By utilizing this site you are consenting to be bound by the then current form of these Terms and Conditions of Use.<\/p>\n<h3>8. \u0627\u0644\u0642\u0627\u0646\u0648\u0646 \u0627\u0644\u0646\u0627\u0638\u0645<\/h3>\n<p>Any case identifying with D\u0130\u015e 212 Di\u015f Sa\u011fl\u0131\u011f\u0131 H\u0130zmetleri Sanayi ve Ticaret Limited \u015eirketi&#8217;s site should be administered by the laws of the country of Turkey D\u0130\u015e 212 Di\u015f Sa\u011fl\u0131\u011f\u0131 H\u0130zmetleri Sanayi ve Ticaret Limited \u015eirketi State without respect to its contention of law provisions.<\/p>\n<p>\u0627\u0644\u0634\u0631\u0648\u0637 \u0648\u0627\u0644\u0623\u062d\u0643\u0627\u0645 \u0627\u0644\u0639\u0627\u0645\u0629 \u0627\u0644\u0645\u0637\u0628\u0642\u0629 \u0639\u0644\u0649 \u0627\u0633\u062a\u062e\u062f\u0627\u0645 \u0627\u0644\u0645\u0648\u0642\u0639 \u0627\u0644\u0625\u0644\u0643\u062a\u0631\u0648\u0646\u064a.<\/p>\n<h2>\u0633\u064a\u0627\u0633\u0629 \u0627\u0644\u062e\u0635\u0648\u0635\u064a\u0629<\/h2>\n<p>\u062e\u0635\u0648\u0635\u064a\u062a\u0643 \u0623\u0645\u0631 \u0628\u0627\u0644\u063a \u0627\u0644\u0623\u0647\u0645\u064a\u0629 \u0628\u0627\u0644\u0646\u0633\u0628\u0629 \u0644\u0646\u0627. \u0648\u0628\u0627\u0644\u0645\u062b\u0644\u060c \u0642\u0645\u0646\u0627 \u0628\u0628\u0646\u0627\u0621 \u0647\u0630\u0647 \u0627\u0644\u0633\u064a\u0627\u0633\u0629 \u0628\u0647\u062f\u0641 \u0623\u0646 \u062a\u0631\u0649 \u0643\u064a\u0641 \u0646\u062c\u0645\u0639 \u0627\u0644\u0628\u064a\u0627\u0646\u0627\u062a \u0627\u0644\u0641\u0631\u062f\u064a\u0629 \u0648\u0646\u0633\u062a\u062e\u062f\u0645\u0647\u0627 \u0648\u0646\u0646\u0642\u0644\u0647\u0627 \u0648\u0646\u0643\u0634\u0641 \u0639\u0646\u0647\u0627 \u0648\u0646\u0633\u062a\u0641\u064a\u062f \u0645\u0646\u0647\u0627. \u062a\u0648\u0636\u062d \u0627\u0644\u0645\u062e\u0637\u0637\u0627\u062a \u0627\u0644\u062a\u0627\u0644\u064a\u0629 \u0633\u064a\u0627\u0633\u0629 \u0627\u0644\u062e\u0635\u0648\u0635\u064a\u0629 \u0627\u0644\u062e\u0627\u0635\u0629 \u0628\u0646\u0627.<\/p>\n<ul>\n<li>\u0642\u0628\u0644 \u0623\u0648 \u0641\u064a \u0648\u0642\u062a \u062c\u0645\u0639 \u0627\u0644\u0645\u0639\u0644\u0648\u0645\u0627\u062a \u0627\u0644\u0634\u062e\u0635\u064a\u0629\u060c \u0633\u0646\u062d\u062f\u062f \u0627\u0644\u0623\u063a\u0631\u0627\u0636 \u0627\u0644\u062a\u064a \u064a\u062a\u0645 \u062c\u0645\u0639 \u0627\u0644\u0645\u0639\u0644\u0648\u0645\u0627\u062a \u0645\u0646 \u0623\u062c\u0644\u0647\u0627.<\/li>\n<li>\u0633\u0646\u0642\u0648\u0645 \u0628\u062c\u0645\u0639 \u0627\u0644\u0628\u064a\u0627\u0646\u0627\u062a \u0627\u0644\u0641\u0631\u062f\u064a\u0629 \u0648\u0627\u0633\u062a\u062e\u062f\u0627\u0645\u0647\u0627 \u0628\u0634\u0643\u0644 \u0645\u0646\u0641\u0631\u062f \u0628\u0647\u062f\u0641 \u062a\u0644\u0628\u064a\u0629 \u062a\u0644\u0643 \u0627\u0644\u0623\u0633\u0628\u0627\u0628 \u0627\u0644\u062a\u064a \u0623\u0634\u0631\u0646\u0627 \u0625\u0644\u064a\u0647\u0627 \u0648\u0644\u0623\u063a\u0631\u0627\u0636 \u0623\u062e\u0631\u0649 \u0648\u062c\u064a\u0647\u0629\u060c \u0645\u0627 \u0644\u0645 \u0646\u062d\u0635\u0644 \u0639\u0644\u0649 \u0645\u0648\u0627\u0641\u0642\u0629 \u0627\u0644\u0641\u0631\u062f \u0627\u0644\u0645\u0639\u0646\u064a \u0623\u0648 \u0648\u0641\u0642\u064b\u0627 \u0644\u0645\u0627 \u064a\u0642\u062a\u0636\u064a\u0647 \u0627\u0644\u0642\u0627\u0646\u0648\u0646.<\/li>\n<li>\u0633\u0646\u0642\u0648\u0645 \u0641\u0642\u0637 \u0628\u0627\u0644\u0627\u062d\u062a\u0641\u0627\u0638 \u0628\u0627\u0644\u0628\u064a\u0627\u0646\u0627\u062a \u0627\u0644\u0641\u0631\u062f\u064a\u0629 \u0637\u0648\u0644 \u0627\u0644\u0645\u062f\u0629 \u0627\u0644\u0644\u0627\u0632\u0645\u0629 \u0644\u062a\u0644\u0628\u064a\u0629 \u062a\u0644\u0643 \u0627\u0644\u0623\u0633\u0628\u0627\u0628.<\/li>\n<li>\u0633\u0646\u0642\u0648\u0645 \u0628\u062c\u0645\u0639 \u0627\u0644\u0628\u064a\u0627\u0646\u0627\u062a \u0627\u0644\u0641\u0631\u062f\u064a\u0629 \u0628\u0627\u0644\u0648\u0633\u0627\u0626\u0644 \u0627\u0644\u0642\u0627\u0646\u0648\u0646\u064a\u0629 \u0648\u0627\u0644\u0645\u0639\u0642\u0648\u0644\u0629\u060c \u0648\u062d\u064a\u062b\u0645\u0627 \u0643\u0627\u0646 \u0630\u0644\u0643 \u0645\u0646\u0627\u0633\u0628\u064b\u0627\u060c \u0628\u0645\u0639\u0644\u0648\u0645\u0627\u062a \u0623\u0648 \u0645\u0648\u0627\u0641\u0642\u0629 \u0627\u0644\u0641\u0631\u062f \u0627\u0644\u0645\u0639\u0646\u064a.<\/li>\n<li>\u064a\u062c\u0628 \u0623\u0646 \u062a\u0643\u0648\u0646 \u0627\u0644\u0645\u0639\u0644\u0648\u0645\u0627\u062a \u0627\u0644\u0634\u062e\u0635\u064a\u0629 \u0645\u0647\u0645\u0629 \u0644\u0644\u0623\u0633\u0628\u0627\u0628 \u0627\u0644\u062a\u064a \u0633\u062a\u064f\u0633\u062a\u062e\u062f\u0645 \u0645\u0646 \u0623\u062c\u0644\u0647\u0627\u060c \u0648\u064a\u062c\u0628 \u0623\u0646 \u062a\u0643\u0648\u0646 \u062f\u0642\u064a\u0642\u0629 \u0648\u0645\u0643\u062a\u0645\u0644\u0629 \u0648\u0645\u062d\u062f\u062b\u0629 \u0628\u0627\u0644\u062f\u0631\u062c\u0629 \u0627\u0644\u0644\u0627\u0632\u0645\u0629 \u0644\u062a\u0644\u0643 \u0627\u0644\u0623\u0633\u0628\u0627\u0628.<\/li>\n<li>\u0633\u0646\u0642\u0648\u0645 \u0628\u062d\u0645\u0627\u064a\u0629 \u0627\u0644\u0628\u064a\u0627\u0646\u0627\u062a \u0627\u0644\u0641\u0631\u062f\u064a\u0629 \u0645\u0646 \u062e\u0644\u0627\u0644 \u062f\u0631\u0648\u0639 \u0623\u0645\u0646\u064a\u0629 \u0636\u062f \u0633\u0648\u0621 \u0627\u0644\u0627\u0633\u062a\u062e\u062f\u0627\u0645 \u0623\u0648 \u0627\u0644\u0633\u0637\u0648\u060c \u0648\u0643\u0630\u0644\u0643 \u0627\u0644\u0648\u0635\u0648\u0644 \u063a\u064a\u0631 \u0627\u0644\u0645\u0635\u0631\u062d \u0628\u0647 \u0623\u0648 \u0625\u0641\u0634\u0627\u0621 \u0623\u0648 \u0646\u0633\u062e \u0623\u0648 \u0627\u0633\u062a\u062e\u062f\u0627\u0645 \u0623\u0648 \u062a\u063a\u064a\u064a\u0631 \u063a\u064a\u0631 \u0645\u0635\u0631\u062d \u0628\u0647.<\/li>\n<li>\u0633\u0646\u0648\u0641\u0631 \u0644\u0644\u0639\u0645\u0644\u0627\u0621 \u0639\u0644\u0649 \u0627\u0644\u0641\u0648\u0631 \u0625\u0645\u0643\u0627\u0646\u064a\u0629 \u0627\u0644\u0648\u0635\u0648\u0644 \u0625\u0644\u0649 \u0633\u064a\u0627\u0633\u0627\u062a\u0646\u0627 \u0648\u0625\u062c\u0631\u0627\u0621\u0627\u062a\u0646\u0627 \u0644\u0625\u062f\u0627\u0631\u0629 \u0627\u0644\u0628\u064a\u0627\u0646\u0627\u062a \u0627\u0644\u0641\u0631\u062f\u064a\u0629.<\/li>\n<\/ul>\n<p>\u0646\u062d\u0646 \u0646\u0631\u0643\u0632 \u0639\u0644\u0649 \u0642\u064a\u0627\u062f\u0629 \u0623\u0639\u0645\u0627\u0644\u0646\u0627 \u0648\u0641\u0642\u064b\u0627 \u0644\u0647\u0630\u0647 \u0627\u0644\u0645\u0639\u0627\u064a\u064a\u0631 \u0645\u0639 \u0647\u062f\u0641 \u0646\u0647\u0627\u0626\u064a \u0645\u062d\u062f\u062f \u0644\u0636\u0645\u0627\u0646 \u0627\u0644\u062d\u0641\u0627\u0638 \u0639\u0644\u0649 \u062e\u0635\u0648\u0635\u064a\u0629 \u0627\u0644\u0628\u064a\u0627\u0646\u0627\u062a \u0627\u0644\u0641\u0631\u062f\u064a\u0629 \u0648\u0627\u0644\u062d\u0641\u0627\u0638 \u0639\u0644\u064a\u0647\u0627.<\/p>","protected":false},"excerpt":{"rendered":"<p>Terms and Conditions &amp; Privacy Policy 1. Terms By accessing this web site, you are agreeing to be bound by these web site Terms and Conditions of Use, applicable laws and regulations and their compliance. If you disagree with any of the stated terms and conditions, you are prohibited from using or accessing this site. [&#8230;]\n","protected":false},"author":1,"featured_media":0,"parent":0,"menu_order":0,"comment_status":"closed","ping_status":"closed","template":"","meta":{"footnotes":""},"class_list":["post-3462","page","type-page","status-publish","hentry"],"_links":{"self":[{"href":"https:\/\/dis212dentalgroup.com\/ar\/wp-json\/wp\/v2\/pages\/3462","targetHints":{"allow":["GET"]}}],"collection":[{"href":"https:\/\/dis212dentalgroup.com\/ar\/wp-json\/wp\/v2\/pages"}],"about":[{"href":"https:\/\/dis212dentalgroup.com\/ar\/wp-json\/wp\/v2\/types\/page"}],"author":[{"embeddable":true,"href":"https:\/\/dis212dentalgroup.com\/ar\/wp-json\/wp\/v2\/users\/1"}],"replies":[{"embeddable":true,"href":"https:\/\/dis212dentalgroup.com\/ar\/wp-json\/wp\/v2\/comments?post=3462"}],"version-history":[{"count":0,"href":"https:\/\/dis212dentalgroup.com\/ar\/wp-json\/wp\/v2\/pages\/3462\/revisions"}],"wp:attachment":[{"href":"https:\/\/dis212dentalgroup.com\/ar\/wp-json\/wp\/v2\/media?parent=3462"}],"curies":[{"name":"wp","href":"https:\/\/api.w.org\/{rel}","templated":true}]}}